{"id":326,"date":"2016-04-05T14:42:14","date_gmt":"2016-04-05T14:42:14","guid":{"rendered":"https:\/\/www.critical-stages.org\/9\/?page_id=326"},"modified":"2021-07-27T10:16:42","modified_gmt":"2021-07-27T10:16:42","slug":"contents","status":"publish","type":"page","link":"https:\/\/www.critical-stages.org\/9\/","title":{"rendered":"Contents"},"content":{"rendered":"<h1>Table of Contents<\/h1>\n<p><a href=\"https:\/\/www.critical-stages.org\/9\/editorial\/\">Editorial<\/a>&nbsp;| <a href=\"https:\/\/www.critical-stages.org\/9\/editorial-2\/\">\u00c9ditorial<\/a><br \/>\nYun-Cheol Kim<\/p>\n<hr>\n<h5><span style=\"color: #ff9933;\">Special Contribution by Georges Banu<\/span><\/h5>\n<p><a href=\"https:\/\/www.critical-stages.org\/9\/hommage-a-georges-banu-en-roumanie\/\">Hommage \u00e0 Georges Banu en Roumanie<\/a><br \/>\nGeorges Banu<\/p>\n<hr>\n<h5><span style=\"color: #ff9933;\"><a style=\"color: #ff9933;\" href=\"https:\/\/www.critical-stages.org\/9\/editorial-comment\/\">Special Topic: Alternative Criticism?: Blogging, Tweeting, Facebook<\/a><\/span><\/h5>\n<p>Section Editor: <strong>Andrea Tompa<\/strong><\/p>\n<p><a href=\"https:\/\/www.critical-stages.org\/9\/editorial-comment\/\">Editorial Note<\/a><br \/>\nAndrea Tompa<\/p>\n<p><a href=\"https:\/\/www.critical-stages.org\/9\/two-cheers-for-the-internet\/\">Two Cheers for the Internet<\/a><br \/>\nJohn Elsom<\/p>\n<p><a href=\"https:\/\/www.critical-stages.org\/9\/re-negotiating-professional-criticism\/\">Re-negotiating Professional Criticism<\/a><br \/>\nOtt Karulin<\/p>\n<p><a href=\"https:\/\/www.critical-stages.org\/9\/the-new-economy-of-theatrical-expertise\/\">The New Economy of Theatrical Expertise<\/a><br \/>\nlulia Popovici<\/p>\n<p><a href=\"https:\/\/www.critical-stages.org\/9\/the-theatrical-blogosphere-in-russia\/\">The Theatrical Blogosphere in Russia<\/a><br \/>\nPavel Rudnev<\/p>\n<p><a href=\"https:\/\/www.critical-stages.org\/9\/british-theatre-criticism-the-end-of-the-road\/\">British Theatre Criticism: The End of the Road?<\/a><br \/>\nAleks Sierz<\/p>\n<p><a href=\"https:\/\/www.critical-stages.org\/9\/oncoming-traffic-theatre-criticism-online-the-german-internet-platform-nachtkritik-de\/\">Oncoming Traffic! \u2014 Theatre Criticism Online: The German Internet Platform nachtkritik.de<\/a><br \/>\nEsther Slevogt<\/p>\n<p><a href=\"https:\/\/www.critical-stages.org\/9\/criticizing-the-end-of-criticism\/\">Criticizing the End of Criticism: The Critical Genre and the Internet<\/a><br \/>\nMih\u00e1ly Szil\u00e1gyi-G\u00e1l<\/p>\n<p><a href=\"https:\/\/www.critical-stages.org\/9\/mere-opinion-and-considered-judgment-amateur-and-professional-criticism-today\/\">Mere Opinion and Considered Judgment: Amateur and Professional Criticism Today \u2014 Interview with Alisa Solomon<\/a><br \/>\nAndrea Tompa<\/p>\n<p><a href=\"https:\/\/www.critical-stages.org\/9\/criticism-2-0-benefits-and-challenges-of-theatre-criticism-web-sites\/\">Criticism 2.0: Benefits and Challenges of Theatre Criticism Web Sites<\/a><br \/>\nRussell T. Warne<\/p>\n<hr>\n<h5><span style=\"color: #ff9933;\"><a style=\"color: #ff9933;\" href=\"https:\/\/www.critical-stages.org\/9\/editorial-comment-2\/\">Interviews<\/a><\/span><\/h5>\n<p>Section Editor: <strong>Randy Gener<\/strong><\/p>\n<p><a href=\"https:\/\/www.critical-stages.org\/9\/editorial-comment-2\/\">Editorial Comment<\/a><br \/>\nRandy Gener<\/p>\n<p><a href=\"https:\/\/www.critical-stages.org\/9\/comment-obtenir-une-piece-a-la-fois-realiste-et-stylisee-cest-la-question-que-je-me-pose-chaque-fois-interview-with-suzie-bastien-quebec-playwright-from-canada\/\">\u00ab Comment obtenir une pi\u00e8ce \u00e0 la fois r\u00e9aliste et stylis\u00e9e, c\u2019est la question que je me pose chaque fois \u00bb&nbsp;\u2014 Interview with Suzie Bastien, Quebec Playwright from Canada<\/a><br \/>\nRandy Gener<\/p>\n<p><a href=\"https:\/\/www.critical-stages.org\/9\/parce-que-je-ne-voulais-pas-obeir-a-une-dictature-ideologique-entretien-avec-shabman-tolouei-comedienne-auteure-et-metteure-en-scene-iranienne\/\">\u00ab Parce que je ne voulais pas ob\u00e9ir \u00e0 une dictature id\u00e9ologique \u00bb&nbsp;\u2014 Entretien avec Shabman Tolouei, com\u00e9dienne, auteure et metteure en sc\u00e8ne iranienne<\/a><br \/>\nIr\u00e8ne Sadowska-Guillon<\/p>\n<p><a href=\"https:\/\/www.critical-stages.org\/9\/rooting-for-indie-theatre-wherever-indie-theatre-exists-interview-with-leonard-jacobs-u-s-journalist-critic-and-founder-of-clyde-fitch-report\/\">Rooting for Indie Theatre Wherever Indie Theatre Exists&nbsp;\u2014 Interview with Leonard Jacobs, U.S. Journalist, Critic and Founder of Clyde Fitch Report<\/a><br \/>\nRandy Gener<\/p>\n<p><a href=\"https:\/\/www.critical-stages.org\/9\/a-space-that-moves-beyond-gallery-or-even-installation-interview-with-wingspace-theatrical-design-members-caite-hevner-dylan-mccullo\/\">\u201cA Space That Moves Beyond \u2018Gallery\u2019 or Even \u2018Installation\u2019 \u201d&nbsp;\u2014 Interview with Wingspace Theatrical Design (USA)<\/a><br \/>\nRandy Gener<\/p>\n<p><a href=\"https:\/\/www.critical-stages.org\/9\/the-hub-for-the-next-generation-of-morbidly-gifted-asian-american-talent-interview-with-victor-maog-u-s-director\/\">\u201cThe Hub for the Next Generation of Morbidly-Gifted Asian American Talent\u201d&nbsp;\u2014 Interview with Victor Maog, U.S. Director<\/a><br \/>\nRandy Gener<\/p>\n<p><a href=\"https:\/\/www.critical-stages.org\/9\/theatre-was-at-the-avant-garde-of-perestroika-interview-with-valery-shadrin-general-director-of-the-chekhov-international-theatre-festival-in-russia\/\">\u201cTheatre Was at the Avant-Garde of Perestroika\u201d&nbsp;\u2014 Interview with Val\u00e9ry Shadrin, General Director of the Chekhov International Theatre Festival in Russia<\/a><br \/>\nTiago Bartolomeu Costa<\/p>\n<p><a href=\"https:\/\/www.critical-stages.org\/9\/to-capture-something-out-of-the-air-original-live-theatre-in-los-angeles-interview-with-alicia-hoge-adams-u-s-producer-writer-designer-and-actress\/\">\u201cTo Capture Something Out of the Air\u201d: Original Live Theatre in Los Angeles&nbsp;\u2014 Interview with Alicia Hoge Adams, U.S. Producer, Writer, Designer and Actress<\/a><br \/>\nLissa Tyler Renaud<\/p>\n<p><a href=\"https:\/\/www.critical-stages.org\/9\/we-grow-like-rings-on-a-tree-outward-but-not-radically-changing-shape-interview-with-christine-evans-u-s-based-u-k-australian-playwright\/\">\u201cWe Grow Like Rings on a Tree\u2014Outward, But Not Radically Changing Shape\u201d&nbsp;\u2014 Interview with Christine Evans, U.S.-based, U.K.-Australian Playwright<\/a><br \/>\nRandy Gener<\/p>\n<hr>\n<h5><span style=\"color: #ff9933;\"><a style=\"color: #ff9933;\" href=\"https:\/\/www.critical-stages.org\/9\/editorial-note\/\">Essays<\/a><\/span><\/h5>\n<p>Section Editor: <strong>Ivan Medenica<\/strong><\/p>\n<p><a href=\"https:\/\/www.critical-stages.org\/9\/editorial-note\/\">Editorial Note<\/a><br \/>\nIvan Medenica<\/p>\n<p><a href=\"https:\/\/www.critical-stages.org\/9\/the-seagull-directed-by-oskaras-korsunovas\/\">The Seagull, directed by Oskaras Korsunovas<\/a><br \/>\nMaria Shevtsova<\/p>\n<p><a href=\"https:\/\/www.critical-stages.org\/9\/dramaturgie-et-postdramaturgie\/\">Dramaturgie et Postdramaturgie<\/a><br \/>\nPatrice Pavis<\/p>\n<hr>\n<h5><span style=\"color: #ff9933;\"><a style=\"color: #ff9933;\" href=\"https:\/\/www.critical-stages.org\/9\/editorial-battles-are-lost-but-not-the-war\/\">Conference Papers<\/a><\/span><\/h5>\n<p>Section Editor: <strong>Savas Patsalidis<\/strong><\/p>\n<p><a href=\"https:\/\/www.critical-stages.org\/9\/editorial-battles-are-lost-but-not-the-war\/\">Editorial: Battles are Lost but Not the War<\/a><br \/>\nSavas Patsalidis<\/p>\n<p><a href=\"https:\/\/www.critical-stages.org\/9\/%cf%84he-role-of-the-critic-in-the-transmission-and-creation-of-theatre-barbados\/\">The Role of the Critic in the Transmission and Creation of Theatre (Barbados)<\/a><br \/>\nIcil Philips<\/p>\n<p><a href=\"https:\/\/www.critical-stages.org\/9\/la-vie-le-sens-et-la-parade-quebec\/\">La vie, le sens et la parade (Quebec)<\/a><br \/>\nMichel Va\u00efs<\/p>\n<p><a href=\"https:\/\/www.critical-stages.org\/9\/can-theatre-criticism-hit-by-the-crisis-of-printed-media-respond-to-the-complex-artistic-expressions-of-contemporary-theatre-sweden\/\">Can Theatre Criticism, Hit by the Crisis of Printed Media, Respond to the Complex Artistic Expressions of Contemporary Theatre? (Sweden)<\/a><br \/>\nTheresa Bener<\/p>\n<p><a href=\"https:\/\/www.critical-stages.org\/9\/audience-participation-and-the-theatres-role-in-the-age-of-post-postmodernity-greece\/\">Audience Participation and the Theatre\u2019s Role in the Age of Post-Postmodernity (Greece)<\/a><br \/>\nSavas Patsalidis<\/p>\n<hr>\n<h5><span style=\"color: #ff9933;\"><a style=\"color: #ff9933;\" href=\"https:\/\/www.critical-stages.org\/9\/editorial-note-visits-to-a-festival-near-you\/\">Performance Reviews<\/a><\/span><\/h5>\n<p>Section Editor: <strong>Matti Linnavuori<\/strong><\/p>\n<p><a href=\"https:\/\/www.critical-stages.org\/9\/editorial-note-visits-to-a-festival-near-you\/\">Editorial Note: Visits to a Festival near You<\/a><br \/>\nMatti Linnavuori<\/p>\n<p><a href=\"https:\/\/www.critical-stages.org\/9\/decisive-chekhovian-encounters-in-timisoara\/\">Decisive Chekhovian Encounters in Timi\u015foara<\/a><br \/>\nMaria Zarnescu<\/p>\n<p><a href=\"https:\/\/www.critical-stages.org\/9\/whistles-and-shouts-in-berlin\/\">Whistles and Shouts in Berlin<\/a><br \/>\nIsabella Rothberg<\/p>\n<p><a href=\"https:\/\/www.critical-stages.org\/9\/ptite-souillure-comedie-sacree\/\">P\u2019tite Souillure, com\u00e9die sacr\u00e9e<\/a><br \/>\nSelim Lander<\/p>\n<p><a href=\"https:\/\/www.critical-stages.org\/9\/la-bolivie-theatrale-entre-table-et-plateau-bolivian-origins-on-the-table-and-on-the-stage\/\">La Bolivie th\u00e9\u00e2trale entre table et plateau \/ Bolivian origins on the table and on the stage<\/a><br \/>\nJean-Pierre Han and Matti Linnavuori<\/p>\n<p><a href=\"https:\/\/www.critical-stages.org\/9\/labyrinth-of-illusions-in-the-city-beyond-boundaries\/\">Labyrinth of Illusions in the City Beyond Boundaries<\/a><br \/>\nAkiko Tachiki<\/p>\n<p><a href=\"https:\/\/www.critical-stages.org\/9\/cette-barbarie-qui-nous-guette\/\">Cette barbarie qui nous guette<\/a><br \/>\nIr\u00e8ne Sadowska-Guillon<\/p>\n<p><a href=\"https:\/\/www.critical-stages.org\/9\/nora-as-a-corporate-trophy\/\">Nora as a Corporate Trophy<\/a><br \/>\nMihail Baykov<\/p>\n<p><a href=\"https:\/\/www.critical-stages.org\/9\/everything-and-the-kitchen-sink\/\">Everything and the Kitchen Sink: The Divadlo Festival in Plzen, Czech Republic, September 2013<\/a><br \/>\nIan Herbert<\/p>\n<hr>\n<h5><span style=\"color: #ff9933;\"><a style=\"color: #ff9933;\" href=\"https:\/\/www.critical-stages.org\/9\/book-reviews\/\">Book Reviews<\/a><\/span><\/h5>\n<p>Section Editor: <strong>Don Rubin<\/strong><\/p>\n<p><a href=\"https:\/\/www.critical-stages.org\/9\/shakespeare-beyond-doubt-evidence-argument-controversy-shakespeare-beyond-doubt-exposing-an-industry-in-denial\/\">Shakespeare Beyond Doubt: Evidence, Argument, Controversy, edited by Paul Edmondson and Stanley Wells, 284 pp. Cambridge: Cambridge University Press | Shakespeare Beyond Doubt? Exposing An Industry in Denial, edited by John M. Shahan and Alexander Waugh, 254 pp. Florida: Llumina Press<\/a><br \/>\nDon Rubin (Canada)<\/p>\n<p><a href=\"https:\/\/www.critical-stages.org\/9\/the-cambridge-introduction-to-theatre-directing\/\">The Cambridge Introduction to Theatre Directing, by Christopher Innes and Maria Shevtsova, 284 pp. Cambridge: Cambridge University Press<\/a><br \/>\nJ. Herbert Close (UK)<\/p>\n<p><a href=\"https:\/\/www.critical-stages.org\/9\/albert-camus-michel-vinaver-sengager\/\">Albert Camus-Michel Vinaver : S\u2019engager ? Correspondance (1946 \u2013 1957), \u00c9dition \u00e9tablie, pr\u00e9sent\u00e9e et annot\u00e9e par Simon Chemama, 170 pp. Paris: l\u2019Arche, 2012<\/a><br \/>\nIr\u00e8ne Sadowska-Guillon (France)<\/p>\n","protected":false},"excerpt":{"rendered":"<p>Table of Contents Editorial&nbsp;| \u00c9ditorial Yun-Cheol Kim Special Contribution by Georges Banu Hommage \u00e0 Georges Banu en Roumanie Georges Banu Special Topic: Alternative Criticism?: Blogging, Tweeting, Facebook Section Editor: Andrea Tompa Editorial Note Andrea Tompa Two Cheers for the Internet<\/p>\n","protected":false},"author":1,"featured_media":0,"parent":0,"menu_order":0,"comment_status":"closed","ping_status":"closed","template":"","meta":{"jetpack_post_was_ever_published":false,"footnotes":""},"class_list":["post-326","page","type-page","status-publish","hentry","","tg-column-two"],"jetpack_sharing_enabled":true,"jetpack_shortlink":"https:\/\/wp.me\/P7qGXm-5g","_links":{"self":[{"href":"https:\/\/www.critical-stages.org\/9\/wp-json\/wp\/v2\/pages\/326","targetHints":{"allow":["GET"]}}],"collection":[{"href":"https:\/\/www.critical-stages.org\/9\/wp-json\/wp\/v2\/pages"}],"about":[{"href":"https:\/\/www.critical-stages.org\/9\/wp-json\/wp\/v2\/types\/page"}],"author":[{"embeddable":true,"href":"https:\/\/www.critical-stages.org\/9\/wp-json\/wp\/v2\/users\/1"}],"replies":[{"embeddable":true,"href":"https:\/\/www.critical-stages.org\/9\/wp-json\/wp\/v2\/comments?post=326"}],"version-history":[{"count":3,"href":"https:\/\/www.critical-stages.org\/9\/wp-json\/wp\/v2\/pages\/326\/revisions"}],"predecessor-version":[{"id":607,"href":"https:\/\/www.critical-stages.org\/9\/wp-json\/wp\/v2\/pages\/326\/revisions\/607"}],"wp:attachment":[{"href":"https:\/\/www.critical-stages.org\/9\/wp-json\/wp\/v2\/media?parent=326"}],"curies":[{"name":"wp","href":"https:\/\/api.w.org\/{rel}","templated":true}]}}