{"id":32,"date":"2016-04-02T12:22:15","date_gmt":"2016-04-02T12:22:15","guid":{"rendered":"https:\/\/www.critical-stages.org\/9\/?page_id=32"},"modified":"2016-04-02T12:23:21","modified_gmt":"2016-04-02T12:23:21","slug":"editorial-2","status":"publish","type":"page","link":"https:\/\/www.critical-stages.org\/9\/editorial-2\/","title":{"rendered":"\u00c9ditorial"},"content":{"rendered":"<p><strong>Yun-Cheol Kim<\/strong> (Pr\u00e9sident, AICT)<a href=\"#end1\"><sup>[1]<\/sup><\/a><\/p>\n<p><img loading=\"lazy\" decoding=\"async\" data-attachment-id=\"30\" data-permalink=\"https:\/\/www.critical-stages.org\/9\/editorial\/yun-cheol\/\" data-orig-file=\"https:\/\/www.critical-stages.org\/9\/wp-content\/uploads\/sites\/11\/2016\/04\/Yun-Cheol.jpg\" data-orig-size=\"591,800\" data-comments-opened=\"1\" data-image-meta=\"{&quot;aperture&quot;:&quot;0&quot;,&quot;credit&quot;:&quot;&quot;,&quot;camera&quot;:&quot;&quot;,&quot;caption&quot;:&quot;&quot;,&quot;created_timestamp&quot;:&quot;0&quot;,&quot;copyright&quot;:&quot;&quot;,&quot;focal_length&quot;:&quot;0&quot;,&quot;iso&quot;:&quot;0&quot;,&quot;shutter_speed&quot;:&quot;0&quot;,&quot;title&quot;:&quot;&quot;,&quot;orientation&quot;:&quot;0&quot;}\" data-image-title=\"Yun-Cheol\" data-image-description=\"\" data-image-caption=\"\" data-medium-file=\"https:\/\/www.critical-stages.org\/9\/wp-content\/uploads\/sites\/11\/2016\/04\/Yun-Cheol-222x300.jpg\" data-large-file=\"https:\/\/www.critical-stages.org\/9\/wp-content\/uploads\/sites\/11\/2016\/04\/Yun-Cheol.jpg\" class=\"alignnone size-medium wp-image-30\" src=\"https:\/\/www.critical-stages.org\/9\/wp-content\/uploads\/sites\/11\/2016\/04\/Yun-Cheol-222x300.jpg\" alt=\"Yun-Cheol\" width=\"222\" height=\"300\" srcset=\"https:\/\/www.critical-stages.org\/9\/wp-content\/uploads\/sites\/11\/2016\/04\/Yun-Cheol-222x300.jpg 222w, https:\/\/www.critical-stages.org\/9\/wp-content\/uploads\/sites\/11\/2016\/04\/Yun-Cheol.jpg 591w\" sizes=\"auto, (max-width: 222px) 100vw, 222px\" \/><\/p>\n<p>\u00c0 l\u2019\u00e9vidence, en tant que critiques, nous nous int\u00e9ressons depuis longtemps aux moyens de survivre au nouvel environnement des cyberm\u00e9dias. \u00c0 l\u2019occasion de plusieurs rencontres et colloques de l\u2019AICT, on nous demande de traiter de cette crise, voire, de la mort de la critique conventionnelle, ou des mani\u00e8res d\u2019absorber la culture du blogue dans notre profession. J\u2019ai d\u00e9j\u00e0 pris part \u00e0 de nombreuses discussions sur le sujet, tout r\u00e9cemment \u00e0 Melbourne et \u00e0 Bucarest, respectivement en octobre et en novembre derniers. Souvent, je trouve que les critiques chevronn\u00e9s sont pr\u00e9occup\u00e9s par la faiblesse et le style d\u2019\u00e9criture des blogues, et que les jeunes sont plus ouverts aux nouveaux technologiques. Ainsi, ce 9<sup>e<\/sup> num\u00e9ro de <i>Sc\u00e8nes critiques<\/i> offre un dossier de neuf articles sur la critique dans les blogues. Gr\u00e2ce \u00e0 la brillante direction \u00e9ditoriale d\u2019Andrea Tompa, cette section repr\u00e9sente, de loin, l\u2019effort le plus achev\u00e9 de s\u2019attaquer \u00e0 ce nouveau ph\u00e9nom\u00e8ne et d\u2019en rendre compte. Il est exact que plusieurs de nos coll\u00e8gues perdent leur emploi de critiques de th\u00e9\u00e2tre dans les m\u00e9dias \u00e9crits, mais ils se battent pour trouver de nouvelles formes de critiques, qui conviennent \u00e0 la technologie d\u2019aujourd\u2019hui sans faire de compromis sur l\u2019excellence. D\u2019autres trouvent d\u00e9j\u00e0 des moyens de tirer le meilleur parti de ce nouveau m\u00e9dia, tout comme l\u2019ont fait les critiques qui ont cr\u00e9\u00e9 la <i>nachtkritik<\/i>, un blogue de langue allemande, pour en faire une <i>success story<\/i>, attirant suffisamment de lecteurs et de publicit\u00e9 pour devenir rentable \u2013 pas encore assez, mais c\u2019est tout de m\u00eame impressionnant. Je crois fermement que cette section de la revue constitue actuellement le point culminant le plus positif dans cette offensive.<\/p>\n<p>La section des expos\u00e9s de colloques revient sur nos rencontres de J\u00f6nk\u00f6ping, en Su\u00e8de, et de Santa Cruz, en Bolivie. Je suis particuli\u00e8rement fier d\u2019avoir inclus cette rencontre d\u2019Am\u00e9rique du Sud. De m\u00eame, nos comptes rendus de spectacles proviennent d\u2019un peu partout : d\u2019Asie, d\u2019Am\u00e9rique du Sud, d\u2019Europe. Notre caract\u00e8re international est notre plus grand atout et nous continuerons de miser sur cette tradition. Nous publions deux essais de coll\u00e8gues europ\u00e9ens : l\u2019article de Patrice Pavis sur \u00ab Dramaturgie et postdramaturgie \u00bb est p\u00e9n\u00e9trant et inspirant tandis que celui de Maria Shevtsova sur <i>La Mouette<\/i>d\u2019Oskaras Korsunovas est magnifique, \u00e0 la fois sur les plans journalistique et acad\u00e9mique. On trouvera dans ce num\u00e9ro une contribution sp\u00e9ciale : le texte du discours que Georges Banu a livr\u00e9 \u00e0 l\u2019\u00e9v\u00e9nement organis\u00e9 en son honneur \u00e0 Cluj, en Roumanie. Banu, pr\u00e9sident honoraire de l\u2019AICT, a publi\u00e9 de nombreux ouvrages sur des sujets fascinants et rendu le discours sur le th\u00e9\u00e2tre aussi attrayant qu\u2019int\u00e9ressant et pertinent. Je suis tr\u00e8s fier de ses r\u00e9alisations. Nous publions aussi des entrevues int\u00e9ressantes, cette fois surtout avec des artistes am\u00e9ricains, et des comptes rendus de lectures qu\u2019il ne faut pas manquer.<\/p>\n<p>Le premier objectif de <i>Critical Stages\/Sc\u00e8nes critiques<\/i> est de traiter du th\u00e9\u00e2tre et de la critique sur le plan international. Nous pr\u00e9parons d\u00e8s maintenant des entrevues avec des artistes du th\u00e9\u00e2tre sur la critique pour notre 10<sup>e<\/sup> num\u00e9ro, qui \u00e0 coup s\u00fbr suscitera l\u2019int\u00e9r\u00eat de coll\u00e8gues du monde entier. Alors, profitez bien du pr\u00e9sent num\u00e9ro, dans l\u2019attente du prochain.<\/p>\n<hr \/>\n<p><img loading=\"lazy\" decoding=\"async\" data-attachment-id=\"30\" data-permalink=\"https:\/\/www.critical-stages.org\/9\/editorial\/yun-cheol\/\" data-orig-file=\"https:\/\/www.critical-stages.org\/9\/wp-content\/uploads\/sites\/11\/2016\/04\/Yun-Cheol.jpg\" data-orig-size=\"591,800\" data-comments-opened=\"1\" data-image-meta=\"{&quot;aperture&quot;:&quot;0&quot;,&quot;credit&quot;:&quot;&quot;,&quot;camera&quot;:&quot;&quot;,&quot;caption&quot;:&quot;&quot;,&quot;created_timestamp&quot;:&quot;0&quot;,&quot;copyright&quot;:&quot;&quot;,&quot;focal_length&quot;:&quot;0&quot;,&quot;iso&quot;:&quot;0&quot;,&quot;shutter_speed&quot;:&quot;0&quot;,&quot;title&quot;:&quot;&quot;,&quot;orientation&quot;:&quot;0&quot;}\" data-image-title=\"Yun-Cheol\" data-image-description=\"\" data-image-caption=\"\" data-medium-file=\"https:\/\/www.critical-stages.org\/9\/wp-content\/uploads\/sites\/11\/2016\/04\/Yun-Cheol-222x300.jpg\" data-large-file=\"https:\/\/www.critical-stages.org\/9\/wp-content\/uploads\/sites\/11\/2016\/04\/Yun-Cheol.jpg\" class=\"alignnone size-thumbnail wp-image-30\" src=\"https:\/\/www.critical-stages.org\/9\/wp-content\/uploads\/sites\/11\/2016\/04\/Yun-Cheol-150x150.jpg\" alt=\"Yun-Cheol\" width=\"150\" height=\"150\" srcset=\"https:\/\/www.critical-stages.org\/9\/wp-content\/uploads\/sites\/11\/2016\/04\/Yun-Cheol-150x150.jpg 150w, https:\/\/www.critical-stages.org\/9\/wp-content\/uploads\/sites\/11\/2016\/04\/Yun-Cheol-270x270.jpg 270w, https:\/\/www.critical-stages.org\/9\/wp-content\/uploads\/sites\/11\/2016\/04\/Yun-Cheol-230x230.jpg 230w\" sizes=\"auto, (max-width: 150px) 100vw, 150px\" \/><\/p>\n<p><a name=\"end1\">[1]<\/a> <strong>Yun-Cheol Kim<\/strong> is President of IATC; recipient of the Cultural Order of Korea; Professor at the School of Drama, Korea National University of Arts; editor-in-chief of Critical Stages. Two-time winner of the \u201cCritic of the Year Award,\u201d he has published ten books so far, two of which are anthologies of theatre reviews.<\/p>\n","protected":false},"excerpt":{"rendered":"<p>Yun-Cheol Kim (Pr\u00e9sident, AICT)[1] \u00c0 l\u2019\u00e9vidence, en tant que critiques, nous nous int\u00e9ressons depuis longtemps aux moyens de survivre au nouvel environnement des cyberm\u00e9dias. \u00c0 l\u2019occasion de plusieurs rencontres et colloques de l\u2019AICT, on nous demande de traiter de cette<\/p>\n","protected":false},"author":1,"featured_media":30,"parent":0,"menu_order":0,"comment_status":"closed","ping_status":"closed","template":"","meta":{"jetpack_post_was_ever_published":false,"footnotes":""},"class_list":["post-32","page","type-page","status-publish","has-post-thumbnail","hentry","","tg-column-two"],"jetpack_sharing_enabled":true,"jetpack_shortlink":"https:\/\/wp.me\/P7qGXm-w","_links":{"self":[{"href":"https:\/\/www.critical-stages.org\/9\/wp-json\/wp\/v2\/pages\/32","targetHints":{"allow":["GET"]}}],"collection":[{"href":"https:\/\/www.critical-stages.org\/9\/wp-json\/wp\/v2\/pages"}],"about":[{"href":"https:\/\/www.critical-stages.org\/9\/wp-json\/wp\/v2\/types\/page"}],"author":[{"embeddable":true,"href":"https:\/\/www.critical-stages.org\/9\/wp-json\/wp\/v2\/users\/1"}],"replies":[{"embeddable":true,"href":"https:\/\/www.critical-stages.org\/9\/wp-json\/wp\/v2\/comments?post=32"}],"version-history":[{"count":0,"href":"https:\/\/www.critical-stages.org\/9\/wp-json\/wp\/v2\/pages\/32\/revisions"}],"wp:featuredmedia":[{"embeddable":true,"href":"https:\/\/www.critical-stages.org\/9\/wp-json\/wp\/v2\/media\/30"}],"wp:attachment":[{"href":"https:\/\/www.critical-stages.org\/9\/wp-json\/wp\/v2\/media?parent=32"}],"curies":[{"name":"wp","href":"https:\/\/api.w.org\/{rel}","templated":true}]}}