{"id":181,"date":"2016-03-23T17:07:21","date_gmt":"2016-03-23T17:07:21","guid":{"rendered":"https:\/\/www.critical-stages.org\/8\/?page_id=181"},"modified":"2016-03-29T19:05:08","modified_gmt":"2016-03-29T19:05:08","slug":"editorial-note-following-major-directors-long-term","status":"publish","type":"page","link":"https:\/\/www.critical-stages.org\/8\/editorial-note-following-major-directors-long-term\/","title":{"rendered":"Editorial Note: Following Major Directors Long-Term"},"content":{"rendered":"<p><strong>Matti Linnavuori<\/strong><a href=\"#end1\"><sup>[1]<\/sup><\/a><\/p>\n<p><img loading=\"lazy\" decoding=\"async\" data-attachment-id=\"21\" data-permalink=\"https:\/\/www.critical-stages.org\/8\/editorial-8\/livanuori\/\" data-orig-file=\"https:\/\/www.critical-stages.org\/8\/wp-content\/uploads\/sites\/10\/2016\/03\/Livanuori.jpg\" data-orig-size=\"600,800\" data-comments-opened=\"1\" data-image-meta=\"{&quot;aperture&quot;:&quot;0&quot;,&quot;credit&quot;:&quot;&quot;,&quot;camera&quot;:&quot;&quot;,&quot;caption&quot;:&quot;&quot;,&quot;created_timestamp&quot;:&quot;0&quot;,&quot;copyright&quot;:&quot;&quot;,&quot;focal_length&quot;:&quot;0&quot;,&quot;iso&quot;:&quot;0&quot;,&quot;shutter_speed&quot;:&quot;0&quot;,&quot;title&quot;:&quot;&quot;,&quot;orientation&quot;:&quot;0&quot;}\" data-image-title=\"Livanuori\" data-image-description=\"\" data-image-caption=\"\" data-large-file=\"https:\/\/www.critical-stages.org\/8\/wp-content\/uploads\/sites\/10\/2016\/03\/Livanuori.jpg\" class=\"alignnone size-medium wp-image-21\" src=\"https:\/\/www.critical-stages.org\/8\/wp-content\/uploads\/sites\/10\/2016\/03\/Livanuori-225x300.jpg\" alt=\"Livanuori\" width=\"225\" height=\"300\" srcset=\"https:\/\/www.critical-stages.org\/8\/wp-content\/uploads\/sites\/10\/2016\/03\/Livanuori-225x300.jpg 225w, https:\/\/www.critical-stages.org\/8\/wp-content\/uploads\/sites\/10\/2016\/03\/Livanuori.jpg 600w\" sizes=\"auto, (max-width: 225px) 100vw, 225px\" \/><\/p>\n<p>The Performance Reviews section continues to fulfill the two basic tasks that international criticism sets for itself.<\/p>\n<p>On the one hand, critics report from performances and festivals in their home countries. Since <em>Critical Stages<\/em> has already reached its 8<sup>th<\/sup> issue, it means that the journal has been steadily following some major directors, playwrights and festivals for some time now. It is a pleasure to read critics who, over the years, have fine-tuned their tools of receptivity toward these theatre-makers. Also, I invite you to take a look at earlier issues and compare how certain directors have been understood or misunderstood by different critics.<\/p>\n<p>On the other hand, critics continue to report from visits to foreign festivals. The journalistic novelty in this issue is a correspondence about the Sarajevo festival, where the dialogue alternates between English and French, the two languages of IATC.<\/p>\n<p>It would seem that festivals manage to produce a spirit of artistic survival against declining funding in times of economic difficulties. It is invigorating to enjoy that atmosphere, critically of course.<\/p>\n<hr \/>\n<p><a name=\"end1\">[1]<\/a> <strong>Matti Linnavuori<\/strong> (born 1955) edits the Performance Reviews Section for Critical Stages. He is a freelance theatre critic for Finnish newspaper, <em>Satakunnan Kansa. He has also written and directed radio plays for YLE Finnish Broadcasting Company.<\/em><\/p>\n<hr \/>\n<div class=\"pt-cv-wrapper\"><div class=\"pt-cv-view pt-cv-grid pt-cv-colsys\" id=\"pt-cv-view-e43ae8d8e7\"><div data-id=\"pt-cv-page-1\" class=\"pt-cv-page\" data-cvc=\"2\"><div class=\"col-md-6 col-sm-6 col-xs-12 pt-cv-content-item pt-cv-1-col\" ><div class='pt-cv-ifield'><a href=\"https:\/\/www.critical-stages.org\/8\/disaster-market-the-srilankan-experience\/\" class=\"_self pt-cv-href-thumbnail pt-cv-thumb-default\" target=\"_self\" ><img loading=\"lazy\" decoding=\"async\" width=\"150\" height=\"150\" src=\"https:\/\/www.critical-stages.org\/8\/wp-content\/uploads\/sites\/10\/2016\/03\/1049003362-150x150.jpg\" class=\"pt-cv-thumbnail\" alt=\"\" srcset=\"https:\/\/www.critical-stages.org\/8\/wp-content\/uploads\/sites\/10\/2016\/03\/1049003362-150x150.jpg 150w, https:\/\/www.critical-stages.org\/8\/wp-content\/uploads\/sites\/10\/2016\/03\/1049003362-270x270.jpg 270w, https:\/\/www.critical-stages.org\/8\/wp-content\/uploads\/sites\/10\/2016\/03\/1049003362-230x230.jpg 230w\" sizes=\"auto, (max-width: 150px) 100vw, 150px\" data-attachment-id=\"186\" data-permalink=\"https:\/\/www.critical-stages.org\/8\/disaster-market-the-srilankan-experience\/attachment\/1049003362\/\" data-orig-file=\"https:\/\/www.critical-stages.org\/8\/wp-content\/uploads\/sites\/10\/2016\/03\/1049003362.jpg\" data-orig-size=\"531,800\" data-comments-opened=\"1\" data-image-meta=\"{&quot;aperture&quot;:&quot;0&quot;,&quot;credit&quot;:&quot;&quot;,&quot;camera&quot;:&quot;&quot;,&quot;caption&quot;:&quot;&quot;,&quot;created_timestamp&quot;:&quot;0&quot;,&quot;copyright&quot;:&quot;&quot;,&quot;focal_length&quot;:&quot;0&quot;,&quot;iso&quot;:&quot;0&quot;,&quot;shutter_speed&quot;:&quot;0&quot;,&quot;title&quot;:&quot;&quot;,&quot;orientation&quot;:&quot;0&quot;}\" data-image-title=\"1049003362\" data-image-description=\"\" data-image-caption=\"\" data-large-file=\"https:\/\/www.critical-stages.org\/8\/wp-content\/uploads\/sites\/10\/2016\/03\/1049003362.jpg\" \/><\/a>\n<h4 class=\"pt-cv-title\"><a href=\"https:\/\/www.critical-stages.org\/8\/disaster-market-the-srilankan-experience\/\" class=\"_self\" target=\"_self\" >Disaster Market: the Srilankan Experience<\/a><\/h4><\/div><\/div>\n<div class=\"col-md-6 col-sm-6 col-xs-12 pt-cv-content-item pt-cv-1-col\" ><div class='pt-cv-ifield'><a href=\"https:\/\/www.critical-stages.org\/8\/french-images-from-caen-theatres\/\" class=\"_self pt-cv-href-thumbnail pt-cv-thumb-default\" target=\"_self\" ><img loading=\"lazy\" decoding=\"async\" width=\"150\" height=\"150\" src=\"https:\/\/www.critical-stages.org\/8\/wp-content\/uploads\/sites\/10\/2016\/03\/Sorenson-150x150.jpg\" class=\"pt-cv-thumbnail\" alt=\"\" srcset=\"https:\/\/www.critical-stages.org\/8\/wp-content\/uploads\/sites\/10\/2016\/03\/Sorenson-150x150.jpg 150w, https:\/\/www.critical-stages.org\/8\/wp-content\/uploads\/sites\/10\/2016\/03\/Sorenson-270x270.jpg 270w, https:\/\/www.critical-stages.org\/8\/wp-content\/uploads\/sites\/10\/2016\/03\/Sorenson-230x230.jpg 230w\" sizes=\"auto, (max-width: 150px) 100vw, 150px\" data-attachment-id=\"20\" data-permalink=\"https:\/\/www.critical-stages.org\/8\/editorial-8\/sorenson\/\" data-orig-file=\"https:\/\/www.critical-stages.org\/8\/wp-content\/uploads\/sites\/10\/2016\/03\/Sorenson.jpg\" data-orig-size=\"800,747\" data-comments-opened=\"1\" data-image-meta=\"{&quot;aperture&quot;:&quot;0&quot;,&quot;credit&quot;:&quot;&quot;,&quot;camera&quot;:&quot;&quot;,&quot;caption&quot;:&quot;&quot;,&quot;created_timestamp&quot;:&quot;0&quot;,&quot;copyright&quot;:&quot;&quot;,&quot;focal_length&quot;:&quot;0&quot;,&quot;iso&quot;:&quot;0&quot;,&quot;shutter_speed&quot;:&quot;0&quot;,&quot;title&quot;:&quot;&quot;,&quot;orientation&quot;:&quot;0&quot;}\" data-image-title=\"Sorenson\" data-image-description=\"\" data-image-caption=\"\" data-large-file=\"https:\/\/www.critical-stages.org\/8\/wp-content\/uploads\/sites\/10\/2016\/03\/Sorenson.jpg\" \/><\/a>\n<h4 class=\"pt-cv-title\"><a href=\"https:\/\/www.critical-stages.org\/8\/french-images-from-caen-theatres\/\" class=\"_self\" target=\"_self\" >French Images from Caen Theatres<\/a><\/h4><\/div><\/div>\n<div class=\"col-md-6 col-sm-6 col-xs-12 pt-cv-content-item pt-cv-1-col\" ><div class='pt-cv-ifield'><a href=\"https:\/\/www.critical-stages.org\/8\/scenes-de-la-vie-de-famille-suedoise-lars-noren-et-le-theatre-post-bergmanien\/\" class=\"_self pt-cv-href-thumbnail pt-cv-thumb-default\" target=\"_self\" ><img loading=\"lazy\" decoding=\"async\" width=\"150\" height=\"150\" src=\"https:\/\/www.critical-stages.org\/8\/wp-content\/uploads\/sites\/10\/2016\/03\/1206560971-150x150.jpg\" class=\"pt-cv-thumbnail\" alt=\"\" srcset=\"https:\/\/www.critical-stages.org\/8\/wp-content\/uploads\/sites\/10\/2016\/03\/1206560971-150x150.jpg 150w, https:\/\/www.critical-stages.org\/8\/wp-content\/uploads\/sites\/10\/2016\/03\/1206560971-270x270.jpg 270w, https:\/\/www.critical-stages.org\/8\/wp-content\/uploads\/sites\/10\/2016\/03\/1206560971-230x230.jpg 230w\" sizes=\"auto, (max-width: 150px) 100vw, 150px\" data-attachment-id=\"9\" data-permalink=\"https:\/\/www.critical-stages.org\/8\/editorial-8\/attachment\/1206560971\/\" data-orig-file=\"https:\/\/www.critical-stages.org\/8\/wp-content\/uploads\/sites\/10\/2016\/03\/1206560971.jpg\" data-orig-size=\"800,532\" data-comments-opened=\"1\" data-image-meta=\"{&quot;aperture&quot;:&quot;0&quot;,&quot;credit&quot;:&quot;&quot;,&quot;camera&quot;:&quot;&quot;,&quot;caption&quot;:&quot;&quot;,&quot;created_timestamp&quot;:&quot;0&quot;,&quot;copyright&quot;:&quot;&quot;,&quot;focal_length&quot;:&quot;0&quot;,&quot;iso&quot;:&quot;0&quot;,&quot;shutter_speed&quot;:&quot;0&quot;,&quot;title&quot;:&quot;&quot;,&quot;orientation&quot;:&quot;0&quot;}\" data-image-title=\"1206560971\" data-image-description=\"\" data-image-caption=\"\" data-large-file=\"https:\/\/www.critical-stages.org\/8\/wp-content\/uploads\/sites\/10\/2016\/03\/1206560971.jpg\" \/><\/a>\n<h4 class=\"pt-cv-title\"><a href=\"https:\/\/www.critical-stages.org\/8\/scenes-de-la-vie-de-famille-suedoise-lars-noren-et-le-theatre-post-bergmanien\/\" class=\"_self\" target=\"_self\" >Sc\u00e8nes de la vie de famille su\u00e9doise:  Lars Nor\u00e9n et le th\u00e9\u00e2tre post-bergmanien<\/a><\/h4><\/div><\/div>\n<div class=\"col-md-6 col-sm-6 col-xs-12 pt-cv-content-item pt-cv-1-col\" ><div class='pt-cv-ifield'><a href=\"https:\/\/www.critical-stages.org\/8\/torontos-tristan-glitters-through-the-canadian-opera-companys-winter-season\/\" class=\"_self pt-cv-href-thumbnail pt-cv-thumb-default\" target=\"_self\" ><img loading=\"lazy\" decoding=\"async\" width=\"150\" height=\"150\" src=\"https:\/\/www.critical-stages.org\/8\/wp-content\/uploads\/sites\/10\/2016\/03\/1258983570-150x150.jpg\" class=\"pt-cv-thumbnail\" alt=\"\" srcset=\"https:\/\/www.critical-stages.org\/8\/wp-content\/uploads\/sites\/10\/2016\/03\/1258983570-150x150.jpg 150w, https:\/\/www.critical-stages.org\/8\/wp-content\/uploads\/sites\/10\/2016\/03\/1258983570-230x230.jpg 230w\" sizes=\"auto, (max-width: 150px) 100vw, 150px\" data-attachment-id=\"7\" data-permalink=\"https:\/\/www.critical-stages.org\/8\/editorial-8\/attachment\/1258983570\/\" data-orig-file=\"https:\/\/www.critical-stages.org\/8\/wp-content\/uploads\/sites\/10\/2016\/03\/1258983570.jpg\" data-orig-size=\"266,377\" data-comments-opened=\"1\" data-image-meta=\"{&quot;aperture&quot;:&quot;0&quot;,&quot;credit&quot;:&quot;&quot;,&quot;camera&quot;:&quot;&quot;,&quot;caption&quot;:&quot;&quot;,&quot;created_timestamp&quot;:&quot;0&quot;,&quot;copyright&quot;:&quot;&quot;,&quot;focal_length&quot;:&quot;0&quot;,&quot;iso&quot;:&quot;0&quot;,&quot;shutter_speed&quot;:&quot;0&quot;,&quot;title&quot;:&quot;&quot;,&quot;orientation&quot;:&quot;0&quot;}\" data-image-title=\"1258983570\" data-image-description=\"\" data-image-caption=\"\" data-large-file=\"https:\/\/www.critical-stages.org\/8\/wp-content\/uploads\/sites\/10\/2016\/03\/1258983570.jpg\" \/><\/a>\n<h4 class=\"pt-cv-title\"><a href=\"https:\/\/www.critical-stages.org\/8\/torontos-tristan-glitters-through-the-canadian-opera-companys-winter-season\/\" class=\"_self\" target=\"_self\" >Toronto\u2019s Tristan Glitters through the Canadian Opera Company\u2019s Winter Season<\/a><\/h4><\/div><\/div>\n<div class=\"col-md-6 col-sm-6 col-xs-12 pt-cv-content-item pt-cv-1-col\" ><div class='pt-cv-ifield'><a href=\"https:\/\/www.critical-stages.org\/8\/andrei-serbans-triumph-and-the-power-of-love\/\" class=\"_self pt-cv-href-thumbnail pt-cv-thumb-default\" target=\"_self\" ><img loading=\"lazy\" decoding=\"async\" width=\"150\" height=\"150\" src=\"https:\/\/www.critical-stages.org\/8\/wp-content\/uploads\/sites\/10\/2016\/03\/1125619336-150x150.jpg\" class=\"pt-cv-thumbnail\" alt=\"\" srcset=\"https:\/\/www.critical-stages.org\/8\/wp-content\/uploads\/sites\/10\/2016\/03\/1125619336-150x150.jpg 150w, https:\/\/www.critical-stages.org\/8\/wp-content\/uploads\/sites\/10\/2016\/03\/1125619336-270x270.jpg 270w, https:\/\/www.critical-stages.org\/8\/wp-content\/uploads\/sites\/10\/2016\/03\/1125619336-230x230.jpg 230w\" sizes=\"auto, (max-width: 150px) 100vw, 150px\" data-attachment-id=\"171\" data-permalink=\"https:\/\/www.critical-stages.org\/8\/the-crisis-syndrome-and-dr-chekhov-a-masterpiece-triptych-by-andrei-serban\/attachment\/1125619336\/\" data-orig-file=\"https:\/\/www.critical-stages.org\/8\/wp-content\/uploads\/sites\/10\/2016\/03\/1125619336.jpg\" data-orig-size=\"543,800\" data-comments-opened=\"1\" data-image-meta=\"{&quot;aperture&quot;:&quot;0&quot;,&quot;credit&quot;:&quot;&quot;,&quot;camera&quot;:&quot;&quot;,&quot;caption&quot;:&quot;&quot;,&quot;created_timestamp&quot;:&quot;0&quot;,&quot;copyright&quot;:&quot;&quot;,&quot;focal_length&quot;:&quot;0&quot;,&quot;iso&quot;:&quot;0&quot;,&quot;shutter_speed&quot;:&quot;0&quot;,&quot;title&quot;:&quot;&quot;,&quot;orientation&quot;:&quot;0&quot;}\" data-image-title=\"1125619336\" data-image-description=\"\" data-image-caption=\"\" data-large-file=\"https:\/\/www.critical-stages.org\/8\/wp-content\/uploads\/sites\/10\/2016\/03\/1125619336.jpg\" \/><\/a>\n<h4 class=\"pt-cv-title\"><a href=\"https:\/\/www.critical-stages.org\/8\/andrei-serbans-triumph-and-the-power-of-love\/\" class=\"_self\" target=\"_self\" >Andrei \u015eerban\u2019s Triumph and the Power of Love<\/a><\/h4><\/div><\/div>\n<div class=\"col-md-6 col-sm-6 col-xs-12 pt-cv-content-item pt-cv-1-col\" ><div class='pt-cv-ifield'><a href=\"https:\/\/www.critical-stages.org\/8\/cluj-plays-a-dialogue-with-music\/\" class=\"_self pt-cv-href-thumbnail pt-cv-thumb-default\" target=\"_self\" ><img loading=\"lazy\" decoding=\"async\" width=\"150\" height=\"150\" src=\"https:\/\/www.critical-stages.org\/8\/wp-content\/uploads\/sites\/10\/2016\/03\/1089850230-150x150.jpg\" class=\"pt-cv-thumbnail\" alt=\"\" srcset=\"https:\/\/www.critical-stages.org\/8\/wp-content\/uploads\/sites\/10\/2016\/03\/1089850230-150x150.jpg 150w, https:\/\/www.critical-stages.org\/8\/wp-content\/uploads\/sites\/10\/2016\/03\/1089850230-270x270.jpg 270w, https:\/\/www.critical-stages.org\/8\/wp-content\/uploads\/sites\/10\/2016\/03\/1089850230-230x230.jpg 230w\" sizes=\"auto, (max-width: 150px) 100vw, 150px\" data-attachment-id=\"217\" data-permalink=\"https:\/\/www.critical-stages.org\/8\/cluj-plays-a-dialogue-with-music\/attachment\/1089850230\/\" data-orig-file=\"https:\/\/www.critical-stages.org\/8\/wp-content\/uploads\/sites\/10\/2016\/03\/1089850230.jpg\" data-orig-size=\"600,800\" data-comments-opened=\"1\" data-image-meta=\"{&quot;aperture&quot;:&quot;0&quot;,&quot;credit&quot;:&quot;&quot;,&quot;camera&quot;:&quot;&quot;,&quot;caption&quot;:&quot;&quot;,&quot;created_timestamp&quot;:&quot;0&quot;,&quot;copyright&quot;:&quot;&quot;,&quot;focal_length&quot;:&quot;0&quot;,&quot;iso&quot;:&quot;0&quot;,&quot;shutter_speed&quot;:&quot;0&quot;,&quot;title&quot;:&quot;&quot;,&quot;orientation&quot;:&quot;0&quot;}\" data-image-title=\"1089850230\" data-image-description=\"\" data-image-caption=\"\" data-large-file=\"https:\/\/www.critical-stages.org\/8\/wp-content\/uploads\/sites\/10\/2016\/03\/1089850230.jpg\" \/><\/a>\n<h4 class=\"pt-cv-title\"><a href=\"https:\/\/www.critical-stages.org\/8\/cluj-plays-a-dialogue-with-music\/\" class=\"_self\" target=\"_self\" >Cluj Plays a Dialogue with Music<\/a><\/h4><\/div><\/div>\n<div class=\"col-md-6 col-sm-6 col-xs-12 pt-cv-content-item pt-cv-1-col\" ><div class='pt-cv-ifield'><a href=\"https:\/\/www.critical-stages.org\/8\/no-exit-no-explanation-no-exit\/\" class=\"_self pt-cv-href-thumbnail pt-cv-thumb-default\" target=\"_self\" ><img loading=\"lazy\" decoding=\"async\" width=\"150\" height=\"150\" src=\"https:\/\/www.critical-stages.org\/8\/wp-content\/uploads\/sites\/10\/2016\/03\/1046940936-150x150.jpg\" class=\"pt-cv-thumbnail\" alt=\"\" srcset=\"https:\/\/www.critical-stages.org\/8\/wp-content\/uploads\/sites\/10\/2016\/03\/1046940936-150x150.jpg 150w, https:\/\/www.critical-stages.org\/8\/wp-content\/uploads\/sites\/10\/2016\/03\/1046940936-270x270.jpg 270w, https:\/\/www.critical-stages.org\/8\/wp-content\/uploads\/sites\/10\/2016\/03\/1046940936-230x230.jpg 230w\" sizes=\"auto, (max-width: 150px) 100vw, 150px\" data-attachment-id=\"234\" data-permalink=\"https:\/\/www.critical-stages.org\/8\/no-exit-no-explanation-no-exit\/attachment\/1046940936\/\" data-orig-file=\"https:\/\/www.critical-stages.org\/8\/wp-content\/uploads\/sites\/10\/2016\/03\/1046940936.jpg\" data-orig-size=\"275,347\" data-comments-opened=\"1\" data-image-meta=\"{&quot;aperture&quot;:&quot;0&quot;,&quot;credit&quot;:&quot;&quot;,&quot;camera&quot;:&quot;&quot;,&quot;caption&quot;:&quot;&quot;,&quot;created_timestamp&quot;:&quot;0&quot;,&quot;copyright&quot;:&quot;&quot;,&quot;focal_length&quot;:&quot;0&quot;,&quot;iso&quot;:&quot;0&quot;,&quot;shutter_speed&quot;:&quot;0&quot;,&quot;title&quot;:&quot;&quot;,&quot;orientation&quot;:&quot;0&quot;}\" data-image-title=\"1046940936\" data-image-description=\"\" data-image-caption=\"\" data-large-file=\"https:\/\/www.critical-stages.org\/8\/wp-content\/uploads\/sites\/10\/2016\/03\/1046940936.jpg\" \/><\/a>\n<h4 class=\"pt-cv-title\"><a href=\"https:\/\/www.critical-stages.org\/8\/no-exit-no-explanation-no-exit\/\" class=\"_self\" target=\"_self\" >No Exit, no Explanation, no Exit<\/a><\/h4><\/div><\/div>\n<div class=\"col-md-6 col-sm-6 col-xs-12 pt-cv-content-item pt-cv-1-col\" ><div class='pt-cv-ifield'><a href=\"https:\/\/www.critical-stages.org\/8\/the-beauty-of-musical-eclecticism\/\" class=\"_self pt-cv-href-thumbnail pt-cv-thumb-default\" target=\"_self\" ><img loading=\"lazy\" decoding=\"async\" width=\"150\" height=\"150\" src=\"https:\/\/www.critical-stages.org\/8\/wp-content\/uploads\/sites\/10\/2016\/03\/1353953882-150x150.jpg\" class=\"pt-cv-thumbnail\" alt=\"\" srcset=\"https:\/\/www.critical-stages.org\/8\/wp-content\/uploads\/sites\/10\/2016\/03\/1353953882-150x150.jpg 150w, https:\/\/www.critical-stages.org\/8\/wp-content\/uploads\/sites\/10\/2016\/03\/1353953882-270x270.jpg 270w, https:\/\/www.critical-stages.org\/8\/wp-content\/uploads\/sites\/10\/2016\/03\/1353953882-230x230.jpg 230w\" sizes=\"auto, (max-width: 150px) 100vw, 150px\" data-attachment-id=\"246\" data-permalink=\"https:\/\/www.critical-stages.org\/8\/the-beauty-of-musical-eclecticism\/attachment\/1353953882\/\" data-orig-file=\"https:\/\/www.critical-stages.org\/8\/wp-content\/uploads\/sites\/10\/2016\/03\/1353953882.jpg\" data-orig-size=\"573,800\" data-comments-opened=\"1\" data-image-meta=\"{&quot;aperture&quot;:&quot;0&quot;,&quot;credit&quot;:&quot;&quot;,&quot;camera&quot;:&quot;&quot;,&quot;caption&quot;:&quot;&quot;,&quot;created_timestamp&quot;:&quot;0&quot;,&quot;copyright&quot;:&quot;&quot;,&quot;focal_length&quot;:&quot;0&quot;,&quot;iso&quot;:&quot;0&quot;,&quot;shutter_speed&quot;:&quot;0&quot;,&quot;title&quot;:&quot;&quot;,&quot;orientation&quot;:&quot;0&quot;}\" data-image-title=\"1353953882\" data-image-description=\"\" data-image-caption=\"\" data-large-file=\"https:\/\/www.critical-stages.org\/8\/wp-content\/uploads\/sites\/10\/2016\/03\/1353953882.jpg\" \/><\/a>\n<h4 class=\"pt-cv-title\"><a href=\"https:\/\/www.critical-stages.org\/8\/the-beauty-of-musical-eclecticism\/\" class=\"_self\" target=\"_self\" >The Beauty of Musical Eclecticism<\/a><\/h4><\/div><\/div>\n<div class=\"col-md-6 col-sm-6 col-xs-12 pt-cv-content-item pt-cv-1-col\" ><div class='pt-cv-ifield'><a href=\"https:\/\/www.critical-stages.org\/8\/feeling-the-fire-of-flamencos-in-cape-town\/\" class=\"_self pt-cv-href-thumbnail pt-cv-thumb-default\" target=\"_self\" ><img loading=\"lazy\" decoding=\"async\" width=\"150\" height=\"150\" src=\"https:\/\/www.critical-stages.org\/8\/wp-content\/uploads\/sites\/10\/2016\/03\/1028302205-150x150.jpg\" class=\"pt-cv-thumbnail\" alt=\"\" data-attachment-id=\"255\" data-permalink=\"https:\/\/www.critical-stages.org\/8\/feeling-the-fire-of-flamencos-in-cape-town\/attachment\/1028302205\/\" data-orig-file=\"https:\/\/www.critical-stages.org\/8\/wp-content\/uploads\/sites\/10\/2016\/03\/1028302205.jpg\" data-orig-size=\"300,200\" data-comments-opened=\"1\" data-image-meta=\"{&quot;aperture&quot;:&quot;0&quot;,&quot;credit&quot;:&quot;&quot;,&quot;camera&quot;:&quot;&quot;,&quot;caption&quot;:&quot;&quot;,&quot;created_timestamp&quot;:&quot;0&quot;,&quot;copyright&quot;:&quot;&quot;,&quot;focal_length&quot;:&quot;0&quot;,&quot;iso&quot;:&quot;0&quot;,&quot;shutter_speed&quot;:&quot;0&quot;,&quot;title&quot;:&quot;&quot;,&quot;orientation&quot;:&quot;0&quot;}\" data-image-title=\"1028302205\" data-image-description=\"\" data-image-caption=\"\" data-large-file=\"https:\/\/www.critical-stages.org\/8\/wp-content\/uploads\/sites\/10\/2016\/03\/1028302205.jpg\" \/><\/a>\n<h4 class=\"pt-cv-title\"><a href=\"https:\/\/www.critical-stages.org\/8\/feeling-the-fire-of-flamencos-in-cape-town\/\" class=\"_self\" target=\"_self\" >Feeling the Fire of Flamencos in Cape Town<\/a><\/h4><\/div><\/div>\n<div class=\"col-md-6 col-sm-6 col-xs-12 pt-cv-content-item pt-cv-1-col\" ><div class='pt-cv-ifield'><a href=\"https:\/\/www.critical-stages.org\/8\/theatre-occupies-ljubljana-with-longing\/\" class=\"_self pt-cv-href-thumbnail pt-cv-thumb-default\" target=\"_self\" ><img loading=\"lazy\" decoding=\"async\" width=\"150\" height=\"150\" src=\"https:\/\/www.critical-stages.org\/8\/wp-content\/uploads\/sites\/10\/2016\/03\/1069150642-150x150.jpg\" class=\"pt-cv-thumbnail\" alt=\"\" srcset=\"https:\/\/www.critical-stages.org\/8\/wp-content\/uploads\/sites\/10\/2016\/03\/1069150642-150x150.jpg 150w, https:\/\/www.critical-stages.org\/8\/wp-content\/uploads\/sites\/10\/2016\/03\/1069150642-270x270.jpg 270w, https:\/\/www.critical-stages.org\/8\/wp-content\/uploads\/sites\/10\/2016\/03\/1069150642-230x230.jpg 230w\" sizes=\"auto, (max-width: 150px) 100vw, 150px\" data-attachment-id=\"263\" data-permalink=\"https:\/\/www.critical-stages.org\/8\/theatre-occupies-ljubljana-with-longing\/attachment\/1069150642\/\" data-orig-file=\"https:\/\/www.critical-stages.org\/8\/wp-content\/uploads\/sites\/10\/2016\/03\/1069150642.jpg\" data-orig-size=\"800,600\" data-comments-opened=\"1\" data-image-meta=\"{&quot;aperture&quot;:&quot;0&quot;,&quot;credit&quot;:&quot;&quot;,&quot;camera&quot;:&quot;&quot;,&quot;caption&quot;:&quot;&quot;,&quot;created_timestamp&quot;:&quot;0&quot;,&quot;copyright&quot;:&quot;&quot;,&quot;focal_length&quot;:&quot;0&quot;,&quot;iso&quot;:&quot;0&quot;,&quot;shutter_speed&quot;:&quot;0&quot;,&quot;title&quot;:&quot;&quot;,&quot;orientation&quot;:&quot;0&quot;}\" data-image-title=\"1069150642\" data-image-description=\"\" data-image-caption=\"\" data-large-file=\"https:\/\/www.critical-stages.org\/8\/wp-content\/uploads\/sites\/10\/2016\/03\/1069150642.jpg\" \/><\/a>\n<h4 class=\"pt-cv-title\"><a href=\"https:\/\/www.critical-stages.org\/8\/theatre-occupies-ljubljana-with-longing\/\" class=\"_self\" target=\"_self\" >Theatre Occupies Ljubljana with Longing<\/a><\/h4><\/div><\/div><\/div><\/div><\/div>\n","protected":false},"excerpt":{"rendered":"<p>Matti Linnavuori[1] The Performance Reviews section continues to fulfill the two basic tasks that international criticism sets for itself. On the one hand, critics report from performances and festivals in their home countries. Since Critical Stages has already reached its<\/p>\n","protected":false},"author":1,"featured_media":0,"parent":0,"menu_order":0,"comment_status":"closed","ping_status":"closed","template":"","meta":{"jetpack_post_was_ever_published":false,"footnotes":""},"class_list":["post-181","page","type-page","status-publish","hentry","","tg-column-two"],"jetpack_sharing_enabled":true,"jetpack_shortlink":"https:\/\/wp.me\/P7ojFg-2V","_links":{"self":[{"href":"https:\/\/www.critical-stages.org\/8\/wp-json\/wp\/v2\/pages\/181","targetHints":{"allow":["GET"]}}],"collection":[{"href":"https:\/\/www.critical-stages.org\/8\/wp-json\/wp\/v2\/pages"}],"about":[{"href":"https:\/\/www.critical-stages.org\/8\/wp-json\/wp\/v2\/types\/page"}],"author":[{"embeddable":true,"href":"https:\/\/www.critical-stages.org\/8\/wp-json\/wp\/v2\/users\/1"}],"replies":[{"embeddable":true,"href":"https:\/\/www.critical-stages.org\/8\/wp-json\/wp\/v2\/comments?post=181"}],"version-history":[{"count":0,"href":"https:\/\/www.critical-stages.org\/8\/wp-json\/wp\/v2\/pages\/181\/revisions"}],"wp:attachment":[{"href":"https:\/\/www.critical-stages.org\/8\/wp-json\/wp\/v2\/media?parent=181"}],"curies":[{"name":"wp","href":"https:\/\/api.w.org\/{rel}","templated":true}]}}