{"id":487,"date":"2016-03-19T13:01:12","date_gmt":"2016-03-19T13:01:12","guid":{"rendered":"https:\/\/www.critical-stages.org\/7\/?page_id=487"},"modified":"2021-02-16T15:13:30","modified_gmt":"2021-02-16T15:13:30","slug":"contents","status":"publish","type":"page","link":"https:\/\/www.critical-stages.org\/7\/","title":{"rendered":"Contents"},"content":{"rendered":"<h1>Table of Contents<\/h1>\n<p><a href=\"https:\/\/www.critical-stages.org\/7\/editorial\/\">Editorial<\/a> | <a href=\"https:\/\/www.critical-stages.org\/7\/editorial-2\/\">\u00c9ditorial<\/a><br \/>\nYun-Cheol Kim<\/p>\n<hr \/>\n<h5><span style=\"color: #ff9933;\"><a style=\"color: #ff9933;\" href=\"https:\/\/www.critical-stages.org\/7\/editorial-comment\/\">Special Topic: The Spectator<\/a><\/span><\/h5>\n<p>Section Editor: <strong>Patrice Pavis<\/strong><\/p>\n<p><a href=\"https:\/\/www.critical-stages.org\/7\/editorial-comment\/\">Editorial Comment<\/a><br \/>\nPatrice Pavis<\/p>\n<p><a href=\"https:\/\/www.critical-stages.org\/7\/writing-the-embodied-experience-ekphrastic-and-creative-writing-as-audience-research\/\">Writing the Embodied Experience: Ekphrastic and Creative Writing as Audience Research<\/a><br \/>\nMatthew Reason<\/p>\n<p><a href=\"https:\/\/www.critical-stages.org\/7\/acts-of-spectating-the-dramaturgy-of-the-audiences-experience-in-contemporary-theatre\/\">Acts of Spectating: The Dramaturgy of the Audience\u2019s Experience in Contemporary Theatre<\/a><br \/>\nPeter M. Boenisch<\/p>\n<p><a href=\"https:\/\/www.critical-stages.org\/7\/public-sphere-and-contemporary-performance\/\">Public Sphere and Contemporary Performance<\/a><br \/>\nChristopher Balme<\/p>\n<p><a href=\"https:\/\/www.critical-stages.org\/7\/postdramatic-spectatorship-participate-or-else\/\">Postdramatic Spectatorship: Participate or Else<\/a><br \/>\nRachel Fensham<\/p>\n<p><a href=\"https:\/\/www.critical-stages.org\/7\/reflexions-sur-le-spectateur-dans-le-theatre-pre-et-postdramatique\/\">R\u00e9flexions sur le spectateur dans le th\u00e9\u00e2tre pr\u00e9- et postdramatique<\/a><br \/>\nHans Thies Lehmann<\/p>\n<p><a href=\"https:\/\/www.critical-stages.org\/7\/le-point-de-vue-du-spectateur\/\">Le point de vue du spectateur<\/a><br \/>\nPatrice Pavis<\/p>\n<hr \/>\n<h5><span style=\"color: #ff9933;\"><a style=\"color: #ff9933;\" href=\"https:\/\/www.critical-stages.org\/7\/interviews\/\">Interviews<\/a><\/span><\/h5>\n<p>Section Editor: <strong>Randy Gener<\/strong><\/p>\n<p><a href=\"https:\/\/www.critical-stages.org\/7\/brave-decisions-must-develop-the-artist-interview-with-bulgarian-scenic-and-costume-designer-nikola-toromanov\/\">\u201cBrave Decisions Must Develop the Artist\u201d \u2014 Interview with Bulgarian Scenic and Costume Designer Nikola Toromanov<\/a><br \/>\nEmil Iliev<\/p>\n<p><a href=\"https:\/\/www.critical-stages.org\/7\/the-balkans-are-full-of-drama-interview-with-macedonian-playwright-dejan-dukovski\/\">\u201cThe Balkans are Full of Drama\u201d \u2014 Interview with Macedonian Playwright Dejan Dukovski<\/a><br \/>\nNelko Nelkovski<\/p>\n<p><a href=\"https:\/\/www.critical-stages.org\/7\/a-gleam-in-her-eye-language-theatre-in-the-visual-age-interview-with-u-s-actor-and-director-barbara-oliver\/\">\u201cA Gleam in Her Eye: Language Theatre in the Visual Age\u201d \u2014 Interview with U.S. Actor and Director Barbara Oliver<\/a><br \/>\nLissa Tyler Renaud<\/p>\n<p><a href=\"https:\/\/www.critical-stages.org\/7\/lacteur-et-la-forme-marionnettique-dans-le-theatre-polyphonique-interview-avec-lacteur-francais-marionnettiste-et-metteur-en-scene-johanny-bert\/\">\u00abL&#8217;acteur et la forme marionnettique dans le th\u00e9\u00e2tre polyphonique\u00bb \u2014 Interview avec l&#8217;acteur fran\u00e7ais, marionnettiste et metteur en sc\u00e8ne Johanny Bert<\/a><br \/>\nIr\u00e8ne Sadowska Guillon<\/p>\n<p><a href=\"https:\/\/www.critical-stages.org\/7\/the-playwright-must-be-relevant-proactive-and-at-times-pre-empt-society-interview-with-nigerian-playwright-director-and-actor-ahmed-yerima\/\">\u201cThe Playwright Must be Relevant, Proactive, and at Times Pre-empt Society\u201d \u2014 Interview with Nigerian Playwright, Director and Actor Ahmed Yerima<\/a><br \/>\nDr. Ngozi Udengwu<\/p>\n<p><a href=\"https:\/\/www.critical-stages.org\/7\/underneath-all-plays-are-questions-about-memory-and-identity-interview-with-u-s-playwright-chiori-miyagawa\/\">\u201cUnderneath All Plays are Questions about Memory and Identity\u201d \u2014 Interview with Playwright Chiori Miyagawa<\/a><br \/>\nRandy Gener<\/p>\n<p><a href=\"https:\/\/www.critical-stages.org\/7\/writing-can-be-torn-up-strange-misfit-interview-with-u-s-playwright-erik-ehn\/\">\u201cWriting Can Be Torn Up, Strange, Misfit\u201d \u2014 Interview with U.S. Playwright Erik Ehn<\/a><br \/>\nRandy Gener<\/p>\n<hr \/>\n<h5><span style=\"color: #ff9933;\"><a style=\"color: #ff9933;\" href=\"https:\/\/www.critical-stages.org\/7\/essays-celebrating-theatre\/\">Essays<\/a><\/span><\/h5>\n<p>Section Editor: <strong>Maria Helena Ser\u00f4dio<\/strong><\/p>\n<p><a href=\"https:\/\/www.critical-stages.org\/7\/essays-celebrating-theatre\/\">Essays: Celebrating Theatre<\/a><br \/>\nMaria Helena Ser\u00f4dio<\/p>\n<p><a href=\"https:\/\/www.critical-stages.org\/7\/an-overview-of-theatertreffen-in-berlin-2012\/\">An Overview of Theatertreffen in Berlin 2012<\/a><br \/>\nMaria Shevtsova<\/p>\n<p><a href=\"https:\/\/www.critical-stages.org\/7\/les-fleurs-et-les-pleurs-a-propos-de-linstallation-et-du-theatre-multimedia-de-park-eunyoung\/\">Les fleurs et les pleurs: A propos de l\u2019installation et du th\u00e9\u00e2tre multim\u00e9dia de Park Eunyoung<\/a><br \/>\nPatrice Pavis<\/p>\n<p><a href=\"https:\/\/www.critical-stages.org\/7\/the-shadow-of-august-strindberg\/\">The Shadow of August Strindberg<\/a><br \/>\nMargareta S\u00f6renson<\/p>\n<p><a href=\"https:\/\/www.critical-stages.org\/7\/the-fabric-of-traditional-theatre-archived-memories-and-the-question-of-cultural-ownership\/\">The Fabric of Traditional Theatre: Archived Memories and the Question of Cultural Ownership<\/a><br \/>\nManabu Noda<\/p>\n<hr \/>\n<h5><span style=\"color: #ff9933;\"><a style=\"color: #ff9933;\" href=\"https:\/\/www.critical-stages.org\/7\/editorial-commentary-theatre-beyond-the-theatre\/\">Conference Papers<\/a><\/span><\/h5>\n<p>Section Editors: <strong>Mark Brown<\/strong> &amp; <strong>Savas Patsalidis<\/strong><\/p>\n<p><a href=\"https:\/\/www.critical-stages.org\/7\/editorial-commentary-theatre-beyond-the-theatre\/\">Editorial Commentary: Theatre Beyond the Theatre<\/a><br \/>\nSavas Patsalidis<\/p>\n<p><a href=\"https:\/\/www.critical-stages.org\/7\/stepping-off-the-stage-luis-castros-concept-of-perfinst-and-his-theatre-project-karnart\/\">Stepping off the Stage: Lu\u00eds Castro\u2019s Concept of \u201cPerfinst\u201d and his Theatre Project Karnart<\/a><br \/>\nMaria Helena Ser\u00f4dio (Portugal)<\/p>\n<p><a href=\"https:\/\/www.critical-stages.org\/7\/the-local-theatre-in-ruins\/\">The Local Theatre \u201cin Ruins\u201d<\/a><br \/>\nMagdalena Go\u0142aczy\u0144ska (Poland)<\/p>\n<p><a href=\"https:\/\/www.critical-stages.org\/7\/en-dehors-du-theatre-au-coeur-du-theatre\/\">En dehors du th\u00e9\u00e2tre, au c\u0153ur du th\u00e9\u00e2tre<\/a><br \/>\nMichel Va\u00efs (Quebec\/Canada)<\/p>\n<p><a href=\"https:\/\/www.critical-stages.org\/7\/theatre-beyond-the-theatre-the-south-african-case\/\">Theatre Beyond the Theatre: The South African Case<\/a><br \/>\nBrent Meersman (South Africa)<\/p>\n<p><a href=\"https:\/\/www.critical-stages.org\/7\/re-visiting-the-community-the-politics-of-theatre-beyond-the-theatre\/\">Re-visiting the Community: The Politics of Theatre Beyond the Theatre<\/a><br \/>\nSavas Patsalidis (Greece)<\/p>\n<hr \/>\n<h5><span style=\"color: #ff9933;\"><a style=\"color: #ff9933;\" href=\"https:\/\/www.critical-stages.org\/7\/editorial-notice-record-number-of-reviews\/\">Performance Reviews<\/a><\/span><\/h5>\n<p>Section Editor: <strong>Matti Linnavuori<\/strong><\/p>\n<p><a href=\"https:\/\/www.critical-stages.org\/7\/editorial-notice-record-number-of-reviews\/\">Editorial Notice<\/a><br \/>\nMatti Linnavuori<\/p>\n<p><a href=\"https:\/\/www.critical-stages.org\/7\/estonian-theatre-shiny-classics-and-some-shaky-modernism\/\">Estonian Theatre: Shiny Classics and Some Shaky Modernism<\/a><br \/>\nIan Herbert<\/p>\n<p><a href=\"https:\/\/www.critical-stages.org\/7\/verbal-vs-physical-theatre-on-stage-helsinki-2012\/\">Verbal vs. Physical Theatre on Stage Helsinki 2012<\/a><br \/>\nYun-Cheol Kim<\/p>\n<p><a href=\"https:\/\/www.critical-stages.org\/7\/beyond-the-cliches-of-miss-julie\/\">Beyond the Clich\u00e9s of Miss Julie<\/a><br \/>\nMihail Baykov<\/p>\n<p><a href=\"https:\/\/www.critical-stages.org\/7\/bela-pinter-rewrites-the-battles-of-1848\/\">B\u00e9la Pint\u00e9r Rewrites the Battles of 1848<\/a><br \/>\nJudit Cs\u00e1ki<\/p>\n<p><a href=\"https:\/\/www.critical-stages.org\/7\/la-traversee-de-lesprit\/\">La travers\u00e9e de l\u2019Esprit<\/a><br \/>\nDaria Dimiu<\/p>\n<p><a href=\"https:\/\/www.critical-stages.org\/7\/kukura-sets-his-artistic-credo-against-soap-operas\/\">Kukura Sets his Artistic Credo against Soap Operas<\/a><br \/>\nTomasz Milkowski<\/p>\n<p><a href=\"https:\/\/www.critical-stages.org\/7\/a-secret-encounter-at-the-shakespeare-festival-in-craiova\/\">A Secret Encounter at The Shakespeare Festival in Craiova<\/a><br \/>\nMaria Z\u0103rnescu<\/p>\n<p><a href=\"https:\/\/www.critical-stages.org\/7\/sibiu-stuns-with-purcarete\/\">Sibiu Stuns with Purc\u0103rete<\/a><br \/>\nMatti Linnavuori and Lissa Tyler Renaud<\/p>\n<p><a href=\"https:\/\/www.critical-stages.org\/7\/the-live-digitizing-of-the-actor\/\">The Live Digitizing of the Actor<\/a><br \/>\nPrimo\u017e Jesenko<\/p>\n<p><a href=\"https:\/\/www.critical-stages.org\/7\/the-fashion-for-policy\/\">The Fashion for Policy<\/a><br \/>\nChristine Matvienko<\/p>\n<p><a href=\"https:\/\/www.critical-stages.org\/7\/in-the-shadow-of-cate-blanchett\/\">In the Shadow of Cate Blanchett<\/a><br \/>\nKalina Stefanova<\/p>\n<p><a href=\"https:\/\/www.critical-stages.org\/7\/shakespeare-on-the-saint-lawrence-a-summer-romp-on-the-us-canadian-border\/\">Shakespeare on the Saint Lawrence: A Summer Romp on the US-Canadian Border<\/a><br \/>\nAlvina Ruprecht<\/p>\n<p><a href=\"https:\/\/www.critical-stages.org\/7\/le-theatre-de-la-cruaute-comique\/\">Le th\u00e9\u00e2tre de la cruaut\u00e9 comique<\/a><br \/>\nIr\u00e8ne Sadowska-Guillon<\/p>\n<p><a href=\"https:\/\/www.critical-stages.org\/7\/laying-bridges-in-the-gulf\/\">Laying Bridges in the Gulf<\/a><br \/>\nSavas Patsalidis<\/p>\n<p><a href=\"https:\/\/www.critical-stages.org\/7\/guru-grabbles-with-global-concerns\/\">Guru Grapples with Global Concerns<\/a><br \/>\nAjay Joshi<\/p>\n<p><a href=\"https:\/\/www.critical-stages.org\/7\/between-holograms-and-special-effects-richard-maxwell-and-philippe-quesne-challenge-the-audience\/\">Between Holograms and Special Effects, Richard Maxwell and Philippe Quesne Challenge the Audience<\/a><br \/>\nSergio Lo Gatto<\/p>\n<p><a href=\"https:\/\/www.critical-stages.org\/7\/avignon-mi-figue-mi-raisin\/\">Avignon: mi-figue, mi-raisin<\/a><br \/>\nJean-Pierre Han<\/p>\n<hr \/>\n<h5><span style=\"color: #ff9933;\"><a style=\"color: #ff9933;\" href=\"https:\/\/www.critical-stages.org\/7\/book-reviews\/\">Book Reviews<\/a><\/span><\/h5>\n<p>Section Editor: <strong>Don Rubin<\/strong><\/p>\n<p><a href=\"https:\/\/www.critical-stages.org\/7\/strindberg-a-life\/\">Strindberg: A Life, By Sue Prideaux, 371 pp. New Haven: Yale University Press, 2012.<\/a><br \/>\nPatricia Keeney (Canada)<\/p>\n<p><a href=\"https:\/\/www.critical-stages.org\/7\/exorcism\/\">Exorcism, A play in one-act by Eugene O\u2019Neill with a Foreword by Edward Albee and an Introduction by Louise Bernard, 85 pp. New Haven: Yale University Press, 2012.<\/a><br \/>\nTemple Hauptfleisch (South Africa)<\/p>\n<p><a href=\"https:\/\/www.critical-stages.org\/7\/intolerable-a-memoir-of-extremes\/\">Intolerable: A Memoir of Extremes, By Kamal Al-Solaylee, 205 pp. Toronto: HarperCollins, 2012.<\/a><br \/>\nDon Rubin (Canada)<\/p>\n<p><a href=\"https:\/\/www.critical-stages.org\/7\/transperforming-nina-arsenault-an-unreasonable-body-of-work\/\">Trans(per)Forming Nina Arsenault: An Unreasonable Body of Work, Edited by Judith Rudakoff, 264 pp. Chicago: Intellect, 2012.<\/a><br \/>\nDon Rubin (Canada)<\/p>\n<hr \/>\n<h5><span style=\"color: #ff9933;\"><a style=\"color: #ff9933;\" href=\"https:\/\/www.critical-stages.org\/7\/critics-on-criticism\/\">Critics on Criticism<\/a><\/span><\/h5>\n<p>Section Editor: <strong>Yun-Cheol Kim<\/strong><\/p>\n<p><a href=\"https:\/\/www.critical-stages.org\/7\/the-critic-is-not-an-artist\/\">The Critic is Not an Artist<\/a><br \/>\nMark Brown<\/p>\n<p><a href=\"https:\/\/www.critical-stages.org\/7\/i-am-not-going-to-say-what-i-think-criticism-and-censorship-a-case-study-of-romanian-criticism-in-the-ceausescu-period\/\">\u201cI am not going to say what I think\u201d Criticism and censorship. A case-study of Romanian criticism in the Ceausescu period<\/a><br \/>\nAndrea Tompa<\/p>\n","protected":false},"excerpt":{"rendered":"<p>Table of Contents Editorial | \u00c9ditorial Yun-Cheol Kim Special Topic: The Spectator Section Editor: Patrice Pavis Editorial Comment Patrice Pavis Writing the Embodied Experience: Ekphrastic and Creative Writing as Audience Research Matthew Reason Acts of Spectating: The Dramaturgy of the<\/p>\n","protected":false},"author":1,"featured_media":0,"parent":0,"menu_order":0,"comment_status":"closed","ping_status":"closed","template":"","meta":{"jetpack_post_was_ever_published":false,"footnotes":""},"class_list":["post-487","page","type-page","status-publish","hentry","","tg-column-two"],"jetpack_sharing_enabled":true,"jetpack_shortlink":"https:\/\/wp.me\/P7moa7-7R","_links":{"self":[{"href":"https:\/\/www.critical-stages.org\/7\/wp-json\/wp\/v2\/pages\/487","targetHints":{"allow":["GET"]}}],"collection":[{"href":"https:\/\/www.critical-stages.org\/7\/wp-json\/wp\/v2\/pages"}],"about":[{"href":"https:\/\/www.critical-stages.org\/7\/wp-json\/wp\/v2\/types\/page"}],"author":[{"embeddable":true,"href":"https:\/\/www.critical-stages.org\/7\/wp-json\/wp\/v2\/users\/1"}],"replies":[{"embeddable":true,"href":"https:\/\/www.critical-stages.org\/7\/wp-json\/wp\/v2\/comments?post=487"}],"version-history":[{"count":2,"href":"https:\/\/www.critical-stages.org\/7\/wp-json\/wp\/v2\/pages\/487\/revisions"}],"predecessor-version":[{"id":728,"href":"https:\/\/www.critical-stages.org\/7\/wp-json\/wp\/v2\/pages\/487\/revisions\/728"}],"wp:attachment":[{"href":"https:\/\/www.critical-stages.org\/7\/wp-json\/wp\/v2\/media?parent=487"}],"curies":[{"name":"wp","href":"https:\/\/api.w.org\/{rel}","templated":true}]}}