{"id":17,"date":"2016-03-15T14:30:10","date_gmt":"2016-03-15T14:30:10","guid":{"rendered":"https:\/\/www.critical-stages.org\/7\/?page_id=17"},"modified":"2016-03-19T13:22:21","modified_gmt":"2016-03-19T13:22:21","slug":"editorial-comment","status":"publish","type":"page","link":"https:\/\/www.critical-stages.org\/7\/editorial-comment\/","title":{"rendered":"Editorial Comment"},"content":{"rendered":"<p><strong>Patrice Pavis<\/strong><a href=\"#end1\"><sup>[1]<\/sup><\/a><\/p>\n<p><img loading=\"lazy\" decoding=\"async\" class=\"alignnone size-medium wp-image-18\" src=\"https:\/\/www.critical-stages.org\/7\/wp-content\/uploads\/sites\/9\/2016\/03\/Pavis-199x300.jpg\" alt=\"Pavis\" width=\"199\" height=\"300\" srcset=\"https:\/\/www.critical-stages.org\/7\/wp-content\/uploads\/sites\/9\/2016\/03\/Pavis-199x300.jpg 199w, https:\/\/www.critical-stages.org\/7\/wp-content\/uploads\/sites\/9\/2016\/03\/Pavis.jpg 531w\" sizes=\"auto, (max-width: 199px) 100vw, 199px\" \/><\/p>\n<p>We are all spectators. Granted! But do we know exactly what we are doing when we \u201cwatch theatre\u201d? Is there a new, postmodern or postdramatic \u201cspectator\u201d? Is s\/he smarter than we used to be? Is there an ideal spectator, or should we rather just enjoy the event, sit back, not thinking of anything but our own pleasure? Are we content to experience an immersive piece and to be called &#8220;witness,\u201d &#8220;voyeur,&#8221; \u201cparticipant observer,&#8221; &#8220;participant,\u201d or &#8220;accomplice&#8221;?<\/p>\n<p>These are a few questions which <em>Critical Stages<\/em> did not ask the authors of this Special Topics section, but which they have nevertheless answered, each of them from a different perspective.<br \/>\nAt a time when the spectator has become an object of our concern and inquiry around the world, let us hope that <em>Critical Stages<\/em> can offer an initial orientation and incite all of us to rethink the position of the spectator. For better or worse.<\/p>\n<hr \/>\n<p><a name=\"end1\">[1]<\/a> <strong>Patrice Pavis<\/strong> was professor of theatre studies at the University of Paris (1976-2007) and the University of Kent at Canterbury. Educated in the Ecole normale sup\u00e9rieure de Saint-Cloud (1968-1972), where he studied German and French literature, he has published a <em>Dictionary of theatre<\/em> (translated into thirty languages), and books on Performance analysis, Contemporary French dramatists and Contemporary mise-en-sc\u00e8ne. He is an Honorary Fellow at the University of London (Queen Mary) and <em>Honoris Causa<\/em> <em>Doctor<\/em> at the University of Bratislava. His most recent publication is <em>La Mise en sc\u00e8ne contemporaine<\/em>, Armand Colin, 2007; English translation by Routledge, 2012. In 2011-2012, he is a visiting professor at the Korea National University of the Arts, Seoul.<\/p>\n<hr \/>\n<div class=\"pt-cv-wrapper\"><div class=\"pt-cv-view pt-cv-grid pt-cv-colsys\" id=\"pt-cv-view-701633dfb7\"><div data-id=\"pt-cv-page-1\" class=\"pt-cv-page\" data-cvc=\"2\"><div class=\"col-md-6 col-sm-6 col-xs-12 pt-cv-content-item pt-cv-1-col\" ><div class='pt-cv-ifield'><a href=\"https:\/\/www.critical-stages.org\/7\/writing-the-embodied-experience-ekphrastic-and-creative-writing-as-audience-research\/\" class=\"_self pt-cv-href-thumbnail pt-cv-thumb-default\" target=\"_self\" ><img loading=\"lazy\" decoding=\"async\" width=\"120\" height=\"150\" src=\"https:\/\/www.critical-stages.org\/7\/wp-content\/uploads\/sites\/9\/2016\/03\/1331790067-120x150.jpg\" class=\"pt-cv-thumbnail\" alt=\"\" \/><\/a>\n<h4 class=\"pt-cv-title\"><a href=\"https:\/\/www.critical-stages.org\/7\/writing-the-embodied-experience-ekphrastic-and-creative-writing-as-audience-research\/\" class=\"_self\" target=\"_self\" >Writing the Embodied Experience: Ekphrastic and Creative Writing as Audience Research<\/a><\/h4><\/div><\/div>\n<div class=\"col-md-6 col-sm-6 col-xs-12 pt-cv-content-item pt-cv-1-col\" ><div class='pt-cv-ifield'><a href=\"https:\/\/www.critical-stages.org\/7\/acts-of-spectating-the-dramaturgy-of-the-audiences-experience-in-contemporary-theatre\/\" class=\"_self pt-cv-href-thumbnail pt-cv-thumb-default\" target=\"_self\" ><img loading=\"lazy\" decoding=\"async\" width=\"150\" height=\"150\" src=\"https:\/\/www.critical-stages.org\/7\/wp-content\/uploads\/sites\/9\/2016\/03\/1235905783-150x150.jpg\" class=\"pt-cv-thumbnail\" alt=\"\" srcset=\"https:\/\/www.critical-stages.org\/7\/wp-content\/uploads\/sites\/9\/2016\/03\/1235905783-150x150.jpg 150w, https:\/\/www.critical-stages.org\/7\/wp-content\/uploads\/sites\/9\/2016\/03\/1235905783-270x270.jpg 270w, https:\/\/www.critical-stages.org\/7\/wp-content\/uploads\/sites\/9\/2016\/03\/1235905783-230x230.jpg 230w\" sizes=\"auto, (max-width: 150px) 100vw, 150px\" \/><\/a>\n<h4 class=\"pt-cv-title\"><a href=\"https:\/\/www.critical-stages.org\/7\/acts-of-spectating-the-dramaturgy-of-the-audiences-experience-in-contemporary-theatre\/\" class=\"_self\" target=\"_self\" >Acts of Spectating:  The Dramaturgy of the Audience\u2019s Experience in Contemporary Theatre<\/a><\/h4><\/div><\/div>\n<div class=\"col-md-6 col-sm-6 col-xs-12 pt-cv-content-item pt-cv-1-col\" ><div class='pt-cv-ifield'><a href=\"https:\/\/www.critical-stages.org\/7\/public-sphere-and-contemporary-performance\/\" class=\"_self pt-cv-href-thumbnail pt-cv-thumb-default\" target=\"_self\" ><img loading=\"lazy\" decoding=\"async\" width=\"150\" height=\"150\" src=\"https:\/\/www.critical-stages.org\/7\/wp-content\/uploads\/sites\/9\/2016\/03\/1013152906-150x150.jpg\" class=\"pt-cv-thumbnail\" alt=\"\" srcset=\"https:\/\/www.critical-stages.org\/7\/wp-content\/uploads\/sites\/9\/2016\/03\/1013152906-150x150.jpg 150w, https:\/\/www.critical-stages.org\/7\/wp-content\/uploads\/sites\/9\/2016\/03\/1013152906-270x270.jpg 270w, https:\/\/www.critical-stages.org\/7\/wp-content\/uploads\/sites\/9\/2016\/03\/1013152906-230x230.jpg 230w\" sizes=\"auto, (max-width: 150px) 100vw, 150px\" \/><\/a>\n<h4 class=\"pt-cv-title\"><a href=\"https:\/\/www.critical-stages.org\/7\/public-sphere-and-contemporary-performance\/\" class=\"_self\" target=\"_self\" >Public Sphere and Contemporary Performance<\/a><\/h4><\/div><\/div>\n<div class=\"col-md-6 col-sm-6 col-xs-12 pt-cv-content-item pt-cv-1-col\" ><div class='pt-cv-ifield'><a href=\"https:\/\/www.critical-stages.org\/7\/postdramatic-spectatorship-participate-or-else\/\" class=\"_self pt-cv-href-thumbnail pt-cv-thumb-default\" target=\"_self\" ><img loading=\"lazy\" decoding=\"async\" width=\"150\" height=\"150\" src=\"https:\/\/www.critical-stages.org\/7\/wp-content\/uploads\/sites\/9\/2016\/03\/1052160028-150x150.png\" class=\"pt-cv-thumbnail\" alt=\"\" srcset=\"https:\/\/www.critical-stages.org\/7\/wp-content\/uploads\/sites\/9\/2016\/03\/1052160028-150x150.png 150w, https:\/\/www.critical-stages.org\/7\/wp-content\/uploads\/sites\/9\/2016\/03\/1052160028-270x270.png 270w, https:\/\/www.critical-stages.org\/7\/wp-content\/uploads\/sites\/9\/2016\/03\/1052160028-230x230.png 230w\" sizes=\"auto, (max-width: 150px) 100vw, 150px\" \/><\/a>\n<h4 class=\"pt-cv-title\"><a href=\"https:\/\/www.critical-stages.org\/7\/postdramatic-spectatorship-participate-or-else\/\" class=\"_self\" target=\"_self\" >Postdramatic Spectatorship:  Participate or Else<\/a><\/h4><\/div><\/div>\n<div class=\"col-md-6 col-sm-6 col-xs-12 pt-cv-content-item pt-cv-1-col\" ><div class='pt-cv-ifield'><a href=\"https:\/\/www.critical-stages.org\/7\/reflexions-sur-le-spectateur-dans-le-theatre-pre-et-postdramatique\/\" class=\"_self pt-cv-href-thumbnail pt-cv-thumb-default\" target=\"_self\" ><img loading=\"lazy\" decoding=\"async\" width=\"150\" height=\"150\" src=\"https:\/\/www.critical-stages.org\/7\/wp-content\/uploads\/sites\/9\/2016\/03\/1335091269-150x150.jpg\" class=\"pt-cv-thumbnail\" alt=\"\" srcset=\"https:\/\/www.critical-stages.org\/7\/wp-content\/uploads\/sites\/9\/2016\/03\/1335091269-150x150.jpg 150w, https:\/\/www.critical-stages.org\/7\/wp-content\/uploads\/sites\/9\/2016\/03\/1335091269-270x270.jpg 270w, https:\/\/www.critical-stages.org\/7\/wp-content\/uploads\/sites\/9\/2016\/03\/1335091269-230x230.jpg 230w\" sizes=\"auto, (max-width: 150px) 100vw, 150px\" \/><\/a>\n<h4 class=\"pt-cv-title\"><a href=\"https:\/\/www.critical-stages.org\/7\/reflexions-sur-le-spectateur-dans-le-theatre-pre-et-postdramatique\/\" class=\"_self\" target=\"_self\" >R\u00e9flexions sur le spectateur dans le th\u00e9\u00e2tre pr\u00e9- et postdramatique<\/a><\/h4><\/div><\/div>\n<div class=\"col-md-6 col-sm-6 col-xs-12 pt-cv-content-item pt-cv-1-col\" ><div class='pt-cv-ifield'><a href=\"https:\/\/www.critical-stages.org\/7\/le-point-de-vue-du-spectateur\/\" class=\"_self pt-cv-href-thumbnail pt-cv-thumb-default\" target=\"_self\" ><img loading=\"lazy\" decoding=\"async\" width=\"150\" height=\"150\" src=\"https:\/\/www.critical-stages.org\/7\/wp-content\/uploads\/sites\/9\/2016\/03\/Pavis-150x150.jpg\" class=\"pt-cv-thumbnail\" alt=\"\" srcset=\"https:\/\/www.critical-stages.org\/7\/wp-content\/uploads\/sites\/9\/2016\/03\/Pavis-150x150.jpg 150w, https:\/\/www.critical-stages.org\/7\/wp-content\/uploads\/sites\/9\/2016\/03\/Pavis-270x270.jpg 270w, https:\/\/www.critical-stages.org\/7\/wp-content\/uploads\/sites\/9\/2016\/03\/Pavis-230x230.jpg 230w\" sizes=\"auto, (max-width: 150px) 100vw, 150px\" \/><\/a>\n<h4 class=\"pt-cv-title\"><a href=\"https:\/\/www.critical-stages.org\/7\/le-point-de-vue-du-spectateur\/\" class=\"_self\" target=\"_self\" >Le point de vue du spectateur<\/a><\/h4><\/div><\/div><\/div><\/div><\/div>\n","protected":false},"excerpt":{"rendered":"<p>Patrice Pavis[1] We are all spectators. Granted! But do we know exactly what we are doing when we \u201cwatch theatre\u201d? Is there a new, postmodern or postdramatic \u201cspectator\u201d? Is s\/he smarter than we used to be? Is there an ideal<\/p>\n","protected":false},"author":1,"featured_media":18,"parent":0,"menu_order":0,"comment_status":"closed","ping_status":"closed","template":"","meta":{"jetpack_post_was_ever_published":false,"footnotes":""},"class_list":["post-17","page","type-page","status-publish","has-post-thumbnail","hentry","","tg-column-two"],"jetpack_sharing_enabled":true,"jetpack_shortlink":"https:\/\/wp.me\/P7moa7-h","_links":{"self":[{"href":"https:\/\/www.critical-stages.org\/7\/wp-json\/wp\/v2\/pages\/17","targetHints":{"allow":["GET"]}}],"collection":[{"href":"https:\/\/www.critical-stages.org\/7\/wp-json\/wp\/v2\/pages"}],"about":[{"href":"https:\/\/www.critical-stages.org\/7\/wp-json\/wp\/v2\/types\/page"}],"author":[{"embeddable":true,"href":"https:\/\/www.critical-stages.org\/7\/wp-json\/wp\/v2\/users\/1"}],"replies":[{"embeddable":true,"href":"https:\/\/www.critical-stages.org\/7\/wp-json\/wp\/v2\/comments?post=17"}],"version-history":[{"count":0,"href":"https:\/\/www.critical-stages.org\/7\/wp-json\/wp\/v2\/pages\/17\/revisions"}],"wp:featuredmedia":[{"embeddable":true,"href":"https:\/\/www.critical-stages.org\/7\/wp-json\/wp\/v2\/media\/18"}],"wp:attachment":[{"href":"https:\/\/www.critical-stages.org\/7\/wp-json\/wp\/v2\/media?parent=17"}],"curies":[{"name":"wp","href":"https:\/\/api.w.org\/{rel}","templated":true}]}}