{"id":288,"date":"2016-03-13T17:08:13","date_gmt":"2016-03-13T17:08:13","guid":{"rendered":"https:\/\/www.critical-stages.org\/6\/?page_id=288"},"modified":"2021-02-16T15:16:50","modified_gmt":"2021-02-16T15:16:50","slug":"contents","status":"publish","type":"page","link":"https:\/\/www.critical-stages.org\/6\/","title":{"rendered":"Contents"},"content":{"rendered":"<h1>Table of Contents<\/h1>\n<p><a href=\"https:\/\/www.critical-stages.org\/6\/editorial\/\">Editorial<\/a>\u00a0| <a href=\"https:\/\/www.critical-stages.org\/6\/editorial-2\/\">\u00c9ditorial<\/a><br \/>\nYun-Cheol Kim<\/p>\n<hr \/>\n<h5><span style=\"color: #ff9933;\">Thalia Prize<\/span><\/h5>\n<p><a href=\"https:\/\/www.critical-stages.org\/6\/citation-kapila-vatsyayan\/\">Citation: Kapila Vatsyayan<\/a><br \/>\nMargareta S\u00f6renson (Sweden)<\/p>\n<p><a href=\"https:\/\/www.critical-stages.org\/6\/acceptance-speech-dr-kapila-vatsyayans-response-to-the-citation-awarding-her-the-fourth-thalia-prize\/\">Acceptance Speech<\/a><br \/>\nKapila Vatsyayan (India)<\/p>\n<hr \/>\n<h5><span style=\"color: #ff9933;\"><a style=\"color: #ff9933;\" href=\"https:\/\/www.critical-stages.org\/6\/editorial-comment-theatre-and-disaster\/\">Special Topic: Theatre and Disaster<\/a><\/span><\/h5>\n<p>Section Editor: <strong>Manabu Noda<\/strong><\/p>\n<p><a href=\"https:\/\/www.critical-stages.org\/6\/editorial-comment-theatre-and-disaster\/\">Editorial Comment | Theatre and Disaster<\/a><br \/>\nManabu Noda (Japan)<\/p>\n<p><a href=\"https:\/\/www.critical-stages.org\/6\/a-message-from-iatc-japan-on-the-311-earthquake\/\">A Message from IATC Japan on the 3\/11 Earthquake<\/a><br \/>\nKojin Nishido (Japan)<\/p>\n<p><a href=\"https:\/\/www.critical-stages.org\/6\/theatres-shaken-by-the-311-quake-in-japan\/\">Theatres Shaken by the 3\/11 Quake in Japan<\/a><br \/>\nHiroyuki Masaki (Japan)<\/p>\n<p><a href=\"https:\/\/www.critical-stages.org\/6\/trying-to-give-shape-to-an-unending-end-post-311-theatre-in-tokyo\/\">Trying to Give Shape to an Unending End: Post-3\/11 Theatre in Tokyo<\/a><br \/>\nManabu Noda (Japan)<\/p>\n<p><a href=\"https:\/\/www.critical-stages.org\/6\/caught-between-solidarity-and-hesitation-the-311-earthquake-and-theatre-in-japan\/\">Caught between Solidarity and Hesitation: The 3\/11 Earthquake and Theatre in Japan<\/a><br \/>\nMorihiro Niino (Japan)<\/p>\n<p><a href=\"https:\/\/www.critical-stages.org\/6\/theatre-in-a-time-of-war\/\">Theatre in a Time of War<\/a><br \/>\nZain Ahmed &amp; Hajirah Mumtaz (Pakistan)<\/p>\n<hr \/>\n<h5><span style=\"color: #ff9933;\"><a style=\"color: #ff9933;\" href=\"https:\/\/www.critical-stages.org\/6\/editorial-comment\/\">Interviews<\/a><\/span><\/h5>\n<p>Section Editor: <strong>Randy Gener<\/strong><\/p>\n<p><a href=\"https:\/\/www.critical-stages.org\/6\/editorial-comment\/\">Editorial Comment<\/a><br \/>\nRandy Gener (U.S.)<\/p>\n<p><a href=\"https:\/\/www.critical-stages.org\/6\/un-theatre-briseur-des-tabous-entretien-avec-remi-de-vos-dramaturge-francais\/\">Un th\u00e9\u00e2tre briseur des tabous \u2014 Entretien avec R\u00e9mi De Vos, dramaturge fran\u00e7ais<\/a><br \/>\nIr\u00e8ne Sadowska-Guillon (France)<\/p>\n<p><a href=\"https:\/\/www.critical-stages.org\/6\/old-souls-into-new-souls-interview-with-robert-goldsby-u-s-director\/\">\u201cOld Souls into New Souls\u201d \u2014 Interview with Robert Goldsby, U.S. Director<\/a><br \/>\nLissa Tyler Renaud (U.S.)<\/p>\n<p><a href=\"https:\/\/www.critical-stages.org\/6\/when-hamlet-is-in-charge-an-interview-with-ion-caramitru-romanian-actor-director-and-general-manager-of-the-national-theater-in-bucharest\/\">When Hamlet Is in Charge \u2014 Interview with Ion Caramitru, Romanian Actor, Director and General Manager of the National Theater in Bucharest<\/a><br \/>\nIoana Moldovan (Romania)<\/p>\n<p><a href=\"https:\/\/www.critical-stages.org\/6\/le-theatre-comme-lieu-de-reconnaissance-et-de-resistance-entretien-avec-fausto-paravidino-dramaturge-italien\/\">Le th\u00e9\u00e2tre comme lieu de reconnaissance et de r\u00e9sistance \u2014 Entretien avec Fausto Paravidino<\/a><br \/>\nIr\u00e8ne Sadowska-Guillon (France)<\/p>\n<p><a href=\"https:\/\/www.critical-stages.org\/6\/you-can-twist-time-and-space-and-find-yourself-somewhere-else-javor-gurdev-bulgarian-director\/\">\u201cYou Can Twist Time And Space And Find Yourself Somewhere Else\u201d \u2014 Interview with Javor Gurdev, Bulgarian Director<\/a><br \/>\nEmil Iliev (Bulgaria)<\/p>\n<hr \/>\n<h5><span style=\"color: #ff9933;\"><a style=\"color: #ff9933;\" href=\"https:\/\/www.critical-stages.org\/6\/essays\/\">Essays<\/a><\/span><\/h5>\n<p>Section Editor: <strong>Maria Helena Ser\u00f4dio<\/strong><\/p>\n<p><a href=\"https:\/\/www.critical-stages.org\/6\/le-theatre-de-shiro-maeda-le-reel-mis-en-pieces-ou-laventure-de-linconscient\/\">Le th\u00e9\u00e2tre de Shiro Maeda : Le r\u00e9el mis en pi\u00e8ces ou l&#8217;aventure de l&#8217;inconscient<\/a><br \/>\nIr\u00e8ne Sadowska-Guillon (France)<\/p>\n<p><a href=\"https:\/\/www.critical-stages.org\/6\/la-parodie-dans-le-k-pop-une-analyse-de-nobody-clip-de-jyp-avec-les-wonder-girls\/\">La parodie dans le K-POP: Une analyse de \u00ab NOBODY \u00bb, clip de JYP avec les WONDER GIRLS<\/a><br \/>\nPatrice Pavis<\/p>\n<hr \/>\n<h5><span style=\"color: #ff9933;\"><a style=\"color: #ff9933;\" href=\"https:\/\/www.critical-stages.org\/6\/editorial-conference-papers-section\/\">Conference Papers<\/a><\/span><\/h5>\n<p>Section Editors: <strong>Mark Brown<\/strong> &amp; <strong>Savas Patsalidis<\/strong><\/p>\n<p><a href=\"https:\/\/www.critical-stages.org\/6\/editorial-conference-papers-section\/\">Editorial Comment<\/a><br \/>\nSavas Patsalidis (Greece)<\/p>\n<p><a href=\"https:\/\/www.critical-stages.org\/6\/an-introduction-to-contemporary-korean-theatre\/\">An Introduction to Contemporary Korean Theatre<\/a><br \/>\nYun-Cheol Kim (Korea)<\/p>\n<p><a href=\"https:\/\/www.critical-stages.org\/6\/a-westerner-looks-east\/\">A Westerner Looks East<\/a><br \/>\nIan Herbert (UK)<\/p>\n<p><a href=\"https:\/\/www.critical-stages.org\/6\/multicultural-shakespeare-on-the-contemporary-stage\/\">Multicultural Shakespeare on the Contemporary Stage<\/a><br \/>\nAndrzej \u017burowski (Poland)<\/p>\n<hr \/>\n<h5><span style=\"color: #ff9933;\"><a style=\"color: #ff9933;\" href=\"https:\/\/www.critical-stages.org\/6\/editorial-comment-reviews-not-only-of-shakespeare-or-europe\/\">Performance Reviews<\/a><\/span><\/h5>\n<p>Section Editor: <strong>Matti Linnavuori<\/strong><\/p>\n<p><a href=\"https:\/\/www.critical-stages.org\/6\/editorial-comment-reviews-not-only-of-shakespeare-or-europe\/\">Editorial Comment<\/a><br \/>\nMatti Linnavuori (Finland)<\/p>\n<p><a href=\"https:\/\/www.critical-stages.org\/6\/folk-tales-and-puppetry-techniques-mingle-in-baku\/\">Folk Tales and Puppetry Techniques Mingle in Baku<\/a><br \/>\nAydin Talibzadeh (Azerbaijan)<\/p>\n<p><a href=\"https:\/\/www.critical-stages.org\/6\/madeleine-et-la-chine\/\">Madeleine et la Chine<\/a><br \/>\nHerv\u00e9 Guay (Canada)<\/p>\n<p><a href=\"https:\/\/www.critical-stages.org\/6\/a-hungarian-hamlet-of-what-ifs\/\">A Hungarian Hamlet of What ifs<\/a><br \/>\nJudit Cs\u00e1ki (Hungary)<\/p>\n<p><a href=\"https:\/\/www.critical-stages.org\/6\/baltic-theatre-seeks-to-define-rather-than-depict-history\/\">Baltic Theatre Seeks to Define Rather than Depict History<\/a><br \/>\nMark Brown (UK) &amp; Matti Linnavuori (Finland)<\/p>\n<p><a href=\"https:\/\/www.critical-stages.org\/6\/andrei-serban-is-reshaping-the-classics\/\">Andrei Serban is Reshaping the Classics<\/a><br \/>\nOltita Cintec (Romania)<\/p>\n<p><a href=\"https:\/\/www.critical-stages.org\/6\/congre-et-homard-de-gael-octavia-un-exercice-de-haute-ecole\/\">Congre et homard de Ga\u00ebl Octavia : un exercice de haute-\u00e9cole<\/a><br \/>\nSelim Lander (France)<\/p>\n<p><a href=\"https:\/\/www.critical-stages.org\/6\/fragments-of-a-revolutionary-discourse\/\">Fragments of a Revolutionary Discourse<\/a><br \/>\nSergio Lo Gatto (Italy)<\/p>\n<p><a href=\"https:\/\/www.critical-stages.org\/6\/la-tempete-un-dialogue-interculturel-entre-shakespeare-et-oh-tae-suk\/\">La Temp\u00eate, un dialogue interculturel entre Shakespeare et Oh Tae-Suk<\/a><br \/>\nHyun-Sook Shin (Korea)<\/p>\n<p><a href=\"https:\/\/www.critical-stages.org\/6\/homo-a-gay-fantasy-on-national-themes\/\">HOMO! A Gay Fantasy on National Themes<\/a><br \/>\nSoila Lehtonen (Finland)<\/p>\n<hr \/>\n<h5><span style=\"color: #ff9933;\"><a style=\"color: #ff9933;\" href=\"https:\/\/www.critical-stages.org\/6\/book-reviews\/\">Book Reviews<\/a><\/span><\/h5>\n<p>Section Editor: <strong>Don Rubin<\/strong><\/p>\n<p><a href=\"https:\/\/www.critical-stages.org\/6\/world-scenography-1975-1990\/\">World Scenography: 1975-1990, Edited by Peter McKinnon and Eric Fielding, 430 pp. Taiwan: OISTAT, 2012.<\/a><br \/>\nDon Rubin (Canada)<\/p>\n<p><a href=\"https:\/\/www.critical-stages.org\/6\/eroticism-and-death-in-theatre-and-performance\/\">Eroticism and Death in Theatre and Performance, Edited by Karoline Gritzner, 267 pp. Hatfield: University of Hertfordshire Press, 2010.<\/a><br \/>\nMark Brown (UK)<\/p>\n<p><a href=\"https:\/\/www.critical-stages.org\/6\/howard-barker-interviews-1980-2010-conversations-in-catastrophe\/\">Howard Barker Interviews 1980-2010: Conversations in Catastrophe, Edited and introduced by Mark Brown, 214 pp. Bristol and Chicago: intellectbooks, 2011.<\/a><br \/>\nPhilippe Rouyer (France)<\/p>\n<hr \/>\n<h5><span style=\"color: #ff9933;\"><a style=\"color: #ff9933;\" href=\"https:\/\/www.critical-stages.org\/6\/criticism-beyond-criticism\/\">Critics on Criticism<\/a><\/span><\/h5>\n<p>Section Editor: <strong>Yun-Cheol Kim<\/strong><\/p>\n<p><a href=\"https:\/\/www.critical-stages.org\/6\/criticism-beyond-criticism\/\">Criticism Beyond Criticism<\/a><br \/>\nYun-Cheol Kim (Korea)<\/p>\n","protected":false},"excerpt":{"rendered":"<p>Table of Contents Editorial\u00a0| \u00c9ditorial Yun-Cheol Kim Thalia Prize Citation: Kapila Vatsyayan Margareta S\u00f6renson (Sweden) Acceptance Speech Kapila Vatsyayan (India) Special Topic: Theatre and Disaster Section Editor: Manabu Noda Editorial Comment | Theatre and Disaster Manabu Noda (Japan) A Message<\/p>\n","protected":false},"author":1,"featured_media":0,"parent":0,"menu_order":0,"comment_status":"closed","ping_status":"closed","template":"","meta":{"jetpack_post_was_ever_published":false,"footnotes":""},"class_list":["post-288","page","type-page","status-publish","hentry","","tg-column-two"],"jetpack_sharing_enabled":true,"jetpack_shortlink":"https:\/\/wp.me\/P7kGC0-4E","_links":{"self":[{"href":"https:\/\/www.critical-stages.org\/6\/wp-json\/wp\/v2\/pages\/288","targetHints":{"allow":["GET"]}}],"collection":[{"href":"https:\/\/www.critical-stages.org\/6\/wp-json\/wp\/v2\/pages"}],"about":[{"href":"https:\/\/www.critical-stages.org\/6\/wp-json\/wp\/v2\/types\/page"}],"author":[{"embeddable":true,"href":"https:\/\/www.critical-stages.org\/6\/wp-json\/wp\/v2\/users\/1"}],"replies":[{"embeddable":true,"href":"https:\/\/www.critical-stages.org\/6\/wp-json\/wp\/v2\/comments?post=288"}],"version-history":[{"count":2,"href":"https:\/\/www.critical-stages.org\/6\/wp-json\/wp\/v2\/pages\/288\/revisions"}],"predecessor-version":[{"id":515,"href":"https:\/\/www.critical-stages.org\/6\/wp-json\/wp\/v2\/pages\/288\/revisions\/515"}],"wp:attachment":[{"href":"https:\/\/www.critical-stages.org\/6\/wp-json\/wp\/v2\/media?parent=288"}],"curies":[{"name":"wp","href":"https:\/\/api.w.org\/{rel}","templated":true}]}}