{"id":282,"date":"2016-03-13T17:03:40","date_gmt":"2016-03-13T17:03:40","guid":{"rendered":"https:\/\/www.critical-stages.org\/6\/?page_id=282"},"modified":"2016-03-13T17:03:40","modified_gmt":"2016-03-13T17:03:40","slug":"essays","status":"publish","type":"page","link":"https:\/\/www.critical-stages.org\/6\/essays\/","title":{"rendered":"Essays"},"content":{"rendered":"<div class=\"pt-cv-wrapper\"><div class=\"pt-cv-view pt-cv-grid pt-cv-colsys\" id=\"pt-cv-view-ef842657b3\"><div data-id=\"pt-cv-page-1\" class=\"pt-cv-page\" data-cvc=\"2\"><div class=\"col-md-6 col-sm-6 col-xs-12 pt-cv-content-item pt-cv-1-col\" ><div class='pt-cv-ifield'><a href=\"https:\/\/www.critical-stages.org\/6\/le-theatre-de-shiro-maeda-le-reel-mis-en-pieces-ou-laventure-de-linconscient\/\" class=\"_self pt-cv-href-thumbnail pt-cv-thumb-default\" target=\"_self\" ><img loading=\"lazy\" decoding=\"async\" width=\"150\" height=\"150\" src=\"https:\/\/www.critical-stages.org\/6\/wp-content\/uploads\/sites\/8\/2016\/03\/Guillon-150x150.jpg\" class=\"pt-cv-thumbnail\" alt=\"\" srcset=\"https:\/\/www.critical-stages.org\/6\/wp-content\/uploads\/sites\/8\/2016\/03\/Guillon-150x150.jpg 150w, https:\/\/www.critical-stages.org\/6\/wp-content\/uploads\/sites\/8\/2016\/03\/Guillon-270x270.jpg 270w, https:\/\/www.critical-stages.org\/6\/wp-content\/uploads\/sites\/8\/2016\/03\/Guillon-230x230.jpg 230w\" sizes=\"auto, (max-width: 150px) 100vw, 150px\" \/><\/a>\n<h4 class=\"pt-cv-title\"><a href=\"https:\/\/www.critical-stages.org\/6\/le-theatre-de-shiro-maeda-le-reel-mis-en-pieces-ou-laventure-de-linconscient\/\" class=\"_self\" target=\"_self\" >Le th\u00e9\u00e2tre de Shiro Maeda: Le r\u00e9el mis en pi\u00e8ces ou l&#8217;aventure de l&#8217;inconscient<\/a><\/h4><\/div><\/div>\n<div class=\"col-md-6 col-sm-6 col-xs-12 pt-cv-content-item pt-cv-1-col\" ><div class='pt-cv-ifield'><a href=\"https:\/\/www.critical-stages.org\/6\/la-parodie-dans-le-k-pop-une-analyse-de-nobody-clip-de-jyp-avec-les-wonder-girls\/\" class=\"_self pt-cv-href-thumbnail pt-cv-thumb-default\" target=\"_self\" ><img loading=\"lazy\" decoding=\"async\" width=\"150\" height=\"150\" src=\"https:\/\/www.critical-stages.org\/6\/wp-content\/uploads\/sites\/8\/2016\/03\/1261050696-150x150.jpg\" class=\"pt-cv-thumbnail\" alt=\"\" srcset=\"https:\/\/www.critical-stages.org\/6\/wp-content\/uploads\/sites\/8\/2016\/03\/1261050696-150x150.jpg 150w, https:\/\/www.critical-stages.org\/6\/wp-content\/uploads\/sites\/8\/2016\/03\/1261050696-270x270.jpg 270w, https:\/\/www.critical-stages.org\/6\/wp-content\/uploads\/sites\/8\/2016\/03\/1261050696-230x230.jpg 230w\" sizes=\"auto, (max-width: 150px) 100vw, 150px\" \/><\/a>\n<h4 class=\"pt-cv-title\"><a href=\"https:\/\/www.critical-stages.org\/6\/la-parodie-dans-le-k-pop-une-analyse-de-nobody-clip-de-jyp-avec-les-wonder-girls\/\" class=\"_self\" target=\"_self\" >La parodie dans le K-POP : Une analyse de \u00ab NOBODY \u00bb, clip de JYP avec les WONDER GIRLS<\/a><\/h4><\/div><\/div><\/div><\/div><\/div>\n","protected":false},"excerpt":{"rendered":"","protected":false},"author":1,"featured_media":0,"parent":0,"menu_order":0,"comment_status":"closed","ping_status":"closed","template":"","meta":{"footnotes":""},"class_list":["post-282","page","type-page","status-publish","hentry","","tg-column-two"],"jetpack_sharing_enabled":true,"jetpack_shortlink":"https:\/\/wp.me\/P7kGC0-4y","_links":{"self":[{"href":"https:\/\/www.critical-stages.org\/6\/wp-json\/wp\/v2\/pages\/282","targetHints":{"allow":["GET"]}}],"collection":[{"href":"https:\/\/www.critical-stages.org\/6\/wp-json\/wp\/v2\/pages"}],"about":[{"href":"https:\/\/www.critical-stages.org\/6\/wp-json\/wp\/v2\/types\/page"}],"author":[{"embeddable":true,"href":"https:\/\/www.critical-stages.org\/6\/wp-json\/wp\/v2\/users\/1"}],"replies":[{"embeddable":true,"href":"https:\/\/www.critical-stages.org\/6\/wp-json\/wp\/v2\/comments?post=282"}],"version-history":[{"count":0,"href":"https:\/\/www.critical-stages.org\/6\/wp-json\/wp\/v2\/pages\/282\/revisions"}],"wp:attachment":[{"href":"https:\/\/www.critical-stages.org\/6\/wp-json\/wp\/v2\/media?parent=282"}],"curies":[{"name":"wp","href":"https:\/\/api.w.org\/{rel}","templated":true}]}}