{"id":8,"date":"2016-02-29T15:19:24","date_gmt":"2016-02-29T15:19:24","guid":{"rendered":"https:\/\/www.critical-stages.org\/5\/?page_id=8"},"modified":"2016-02-29T15:19:24","modified_gmt":"2016-02-29T15:19:24","slug":"editorial-2","status":"publish","type":"page","link":"https:\/\/www.critical-stages.org\/5\/editorial-2\/","title":{"rendered":"\u00c9ditorial"},"content":{"rendered":"<p><strong>Yun-Cheol Kim<\/strong><\/p>\n<p><img loading=\"lazy\" decoding=\"async\" class=\"alignnone size-medium wp-image-6\" src=\"https:\/\/www.critical-stages.org\/5\/wp-content\/uploads\/sites\/7\/2016\/02\/1248106982-222x300.jpg\" alt=\"1248106982\" width=\"222\" height=\"300\" srcset=\"https:\/\/www.critical-stages.org\/5\/wp-content\/uploads\/sites\/7\/2016\/02\/1248106982-222x300.jpg 222w, https:\/\/www.critical-stages.org\/5\/wp-content\/uploads\/sites\/7\/2016\/02\/1248106982.jpg 591w\" sizes=\"auto, (max-width: 222px) 100vw, 222px\" \/><\/p>\n<p>Gr\u00e2ce aux immenses efforts des membres de notre comit\u00e9 de r\u00e9daction, ce cinqui\u00e8me num\u00e9ro de <em>Sc\u00e8nes critiques<\/em> est riche d\u2019articles int\u00e9ressants sign\u00e9s par d\u2019excellents collaborateurs du monde entier. Cette fois, chaque responsable pr\u00e9sente ou commente le contenu des articles de sa section. J\u2019ai l\u2019intention de continuer de recourir \u00e0 cette formule pour les prochains num\u00e9ros. Par ailleurs, je suis tr\u00e8s heureux et reconnaissant de voir dans le pr\u00e9sent num\u00e9ro que 34 auteurs de 20 pays diff\u00e9rents ont \u00e9crit 45 articles, sur l\u2019Afrique, l\u2019Asie, l\u2019ensemble de l\u2019Europe et l\u2019Am\u00e9rique du Nord. Je constate surtout qu\u2019il y a cette fois davantage de comptes rendus de spectacles, ce qui en tant que critiques nous int\u00e9resse particuli\u00e8rement. Je d\u00e9sire exprimer ma reconnaissance \u00e0 Maria Shevtsova qui, pour la section Sujets sp\u00e9ciaux, a r\u00e9ussi \u00e0 soumettre au dernier moment son entrevue avec le metteur en sc\u00e8ne russe Iouri Lioubimov, un des exil\u00e9s les plus c\u00e9l\u00e8bres du monde du th\u00e9\u00e2tre, faisant de cette section quelque chose d\u2019encore plus sp\u00e9cial.<\/p>\n<p>\u00c0 titre de directeur et de r\u00e9dacteur en chef de <em>Sc\u00e8nes critiques<\/em>, j\u2019aimerais beaucoup que cette revue contribue \u00e0 faire entendre notre discours critique, avant tout dans la communaut\u00e9 th\u00e9\u00e2trale mondiale. Mon second souhait, mais non le moindre, consiste \u00e0 exploiter cet espace en ligne afin de lutter contre l\u2019amenuisement de la critique culturelle en espace et en impact. Je demanderai aux responsables de sections leur avis sur le moyen de mener \u00e0 bien cette mission importante que nous avons entreprise, afin de la r\u00e9aliser dans la revue. Ces id\u00e9es constitueront une bonne part de nos prochains Sujets sp\u00e9ciaux. Nous devons nous battre pour retrouver, voire renforcer, l\u2019envergure de la critique th\u00e9\u00e2trale \u00e0 une \u00e9poque que l\u2019on peut qualifier d\u2019anti-intellectuelle et de post-dramatique. Malheureusement, nous ne sommes pas \u00e0 l\u2019abri de l\u2019accusation \u2013 ou d\u2019auto-accusation \u2013 voulant que les critiques n\u2019ont fait que regarder passer le train tandis que la dimension et l\u2019influence de la critique diminuaient comme peau de chagrin, plut\u00f4t que de riposter avec force et imagination pour prot\u00e9ger notre profession et valoriser les crit\u00e8res artistiques dans l\u2019appr\u00e9ciation des spectacles de th\u00e9\u00e2tre. Pour traverser cette p\u00e9riode difficile, il nous faut de nouveaux moyens de communiquer avec nos contemporains : de nouvelles perceptions, de nouveaux vocabulaires et de nouvelles formes qui refl\u00e9teront mieux notre temps. Il nous faut aussi trouver des fa\u00e7ons plus modernes d\u2019int\u00e9resser des jeunes qui ont du talent pour la critique. Il y a peut-\u00eatre d\u00e9j\u00e0 eu de nombreuses exp\u00e9riences en ce sens, auquel cas il nous faut les partager dans la revue, les r\u00e9ussites comme les \u00e9checs, afin que notre sagesse et notre intelligence collectives puissent en profiter.<\/p>\n<p>Je remercie tous les collaborateurs et les membres du comit\u00e9 de r\u00e9daction de ce num\u00e9ro pour leur importante contribution qui permet la poursuite d\u2019une publication aussi incroyable. Sans leur passion et leurs efforts, <em>Sc\u00e8nes critiques<\/em> n\u2019existerait tout simplement pas. Je veux aussi remercier Andrew Yim, Yoonji Choi et Yujin Kim, qui constituent ma valeureuse \u00e9quipe Web cor\u00e9enne, et qui ont travaill\u00e9 tr\u00e8s fort pour satisfaire aux exigences et r\u00e9pondre aux instructions des responsables et des collaborateurs. Et je vous demanderai de montrer de la consid\u00e9ration pour mon \u00e9quipe : je prends la responsabilit\u00e9 de toute erreur dans ce num\u00e9ro. Merci.<\/p>\n","protected":false},"excerpt":{"rendered":"<p>Yun-Cheol Kim Gr\u00e2ce aux immenses efforts des membres de notre comit\u00e9 de r\u00e9daction, ce cinqui\u00e8me num\u00e9ro de Sc\u00e8nes critiques est riche d\u2019articles int\u00e9ressants sign\u00e9s par d\u2019excellents collaborateurs du monde entier. Cette fois, chaque responsable pr\u00e9sente ou commente le contenu des<\/p>\n","protected":false},"author":1,"featured_media":0,"parent":0,"menu_order":0,"comment_status":"closed","ping_status":"closed","template":"","meta":{"jetpack_post_was_ever_published":false,"footnotes":""},"class_list":["post-8","page","type-page","status-publish","hentry","","tg-column-two"],"jetpack_sharing_enabled":true,"jetpack_shortlink":"https:\/\/wp.me\/P7j4p8-8","_links":{"self":[{"href":"https:\/\/www.critical-stages.org\/5\/wp-json\/wp\/v2\/pages\/8","targetHints":{"allow":["GET"]}}],"collection":[{"href":"https:\/\/www.critical-stages.org\/5\/wp-json\/wp\/v2\/pages"}],"about":[{"href":"https:\/\/www.critical-stages.org\/5\/wp-json\/wp\/v2\/types\/page"}],"author":[{"embeddable":true,"href":"https:\/\/www.critical-stages.org\/5\/wp-json\/wp\/v2\/users\/1"}],"replies":[{"embeddable":true,"href":"https:\/\/www.critical-stages.org\/5\/wp-json\/wp\/v2\/comments?post=8"}],"version-history":[{"count":0,"href":"https:\/\/www.critical-stages.org\/5\/wp-json\/wp\/v2\/pages\/8\/revisions"}],"wp:attachment":[{"href":"https:\/\/www.critical-stages.org\/5\/wp-json\/wp\/v2\/media?parent=8"}],"curies":[{"name":"wp","href":"https:\/\/api.w.org\/{rel}","templated":true}]}}