{"id":212,"date":"2016-03-01T18:47:04","date_gmt":"2016-03-01T18:47:04","guid":{"rendered":"https:\/\/www.critical-stages.org\/5\/?page_id=212"},"modified":"2016-03-05T17:36:25","modified_gmt":"2016-03-05T17:36:25","slug":"editorial-comment-2","status":"publish","type":"page","link":"https:\/\/www.critical-stages.org\/5\/editorial-comment-2\/","title":{"rendered":"Editorial Comment"},"content":{"rendered":"<p><strong>Mark Brown<\/strong><a href=\"#end1\"><sup>[1]<\/sup><\/a><\/p>\n<p><img loading=\"lazy\" decoding=\"async\" class=\"alignnone size-full wp-image-213\" src=\"https:\/\/www.critical-stages.org\/5\/wp-content\/uploads\/sites\/7\/2016\/03\/Brown.png\" alt=\"Brown\" width=\"130\" height=\"202\" \/><\/p>\n<p>In this edition of <em>Critical Stages <\/em>we conclude our publication of papers from the conference on the timely subject of<em>Intercriticism<\/em> which was held in Maribor, Slovenia in October 2010.<\/p>\n<p>Theatre criticism around the world is, arguably, currently undergoing a greater period of turbulence than it has experienced since the invention of the printing press (in the 15<sup>th<\/sup>-century) and the consequent arrival of mass-published newspapers (in the 17<sup>th<\/sup>-century). The economic and professional position of critics is increasingly endangered, by economic, cultural and technological factors (from the growth of the internet and of online theatre reviewing of varying kinds; to the decline in the circulation, and sometimes closure, of printed newspapers and magazines; to the perceived reduction of the \u2018cultural capital\u2019 of theatre critics in cultures which are, it is argued, increasingly anti-intellectual).<\/p>\n<p>The economic vulnerability of professional theatre critics is reflected in the realities of employment for young people who are currently embarking upon careers in criticism. I had the honour and privilege of monitoring the IATC\u2019s young critics\u2019 seminar in Riga, Latvia in November of this year (2011), and of the 11 participants from around Europe (including myself), not a single critic made a living wage from criticism alone. The remunerative work done by members of the group ranged from commercial copywriting to theatre administration, teaching, editing, personnel management and singing in an acapella group! Increasingly, the rise of the boundary-defying \u2018intercritic\u2019 &#8211; who moves onto territory which, in some cultures at least, was forbidden to critics in the past \u2013 is a matter of simple economic necessity.<\/p>\n<p>As so often, however, when the conditions of life for a group of intellectuals change, we have to analyse not only the economic realities, but also the intellectual implications. So it is, in his paper entitled \u2018Whose Performance Is It Anyway?\u2019, that Finnish critic Matti Linnavuori turns his analytical and witty attention to trying to define an \u2018intercritic\u2019 from a cultural, intellectual (and footballing!) perspective.<\/p>\n<p>In his paper, entitled \u2018(Un)Critical (Re)positionings\u2019, the co-editor of this section, Savas Patsalidis from Greece, places the \u2018intercritic\u2019, tantalisingly, alongside the ill-fated character of Pentheus from Euripides\u2019s great tragedy <em>The Bacchae<\/em>. Where, Patsalidis asks, does the \u2018intercritic\u2019 sit in relation to Pentheus\u2019s tragic shift from observer to participant?<\/p>\n<p>Finally, Slovenian critic and academic Toma\u017e Topori\u0161i\u010d focuses upon the immense implications of a fast-changing economic, cultural and technological landscape, asking: \u2018Critique and criticism? Can they survive in a time of intertextuality, intermediality and corporate capitalism?\u2019<\/p>\n<p>The changing landscape of theatre criticism has created a startling array of questions. A fact which is reflected in the breadth of subjects and perspectives contained within the three papers we are proud to publish here.<\/p>\n<hr \/>\n<p><img loading=\"lazy\" decoding=\"async\" class=\"alignnone size-thumbnail wp-image-213\" src=\"https:\/\/www.critical-stages.org\/5\/wp-content\/uploads\/sites\/7\/2016\/03\/Brown-130x150.png\" alt=\"Brown\" width=\"130\" height=\"150\" \/><\/p>\n<p><a name=\"end1\">[1]<\/a> <strong>Mark Brown<\/strong> is theatre critic of the Scottish national newspaper the <em>Sunday Herald<\/em> and a theatre and performing arts critic for the UK newspaper the <em>Daily Telegraph<\/em>. He teaches in theatre studies and theatre criticism at the Royal Conservatoire of Scotland. He is a member of the executive committee of the International Association of Theatre Critics, for which he is also adjunct director of young critics\u2019 seminars. He is a member of the editorial board of <em>Critical Stages<\/em> and English-language supervisor for the webjournal <em>Prospero European Review<\/em>. He is editor of the book <em>Howard Barker interviews 1980-2010: Conversations in Catastrophe<\/em> (published by Intellect Books). In 1999 he received the Edinburgh Festival Fringe Society\u2019s \u2018Allen Wright Award\u2019 for \u201coutstanding arts journalism\u201d by a young writer.<\/p>\n<hr \/>\n<div class=\"pt-cv-wrapper\"><div class=\"pt-cv-view pt-cv-grid pt-cv-colsys\" id=\"pt-cv-view-ba6bd7ec11\"><div data-id=\"pt-cv-page-1\" class=\"pt-cv-page\" data-cvc=\"2\"><div class=\"col-md-6 col-sm-6 col-xs-12 pt-cv-content-item pt-cv-1-col\" ><div class='pt-cv-ifield'><a href=\"https:\/\/www.critical-stages.org\/5\/uncritical-repositionings\/\" class=\"_self pt-cv-href-thumbnail pt-cv-thumb-default\" target=\"_self\" ><img loading=\"lazy\" decoding=\"async\" width=\"150\" height=\"150\" src=\"https:\/\/www.critical-stages.org\/5\/wp-content\/uploads\/sites\/7\/2016\/02\/1292929777-150x150.jpg\" class=\"pt-cv-thumbnail\" alt=\"\" srcset=\"https:\/\/www.critical-stages.org\/5\/wp-content\/uploads\/sites\/7\/2016\/02\/1292929777-150x150.jpg 150w, https:\/\/www.critical-stages.org\/5\/wp-content\/uploads\/sites\/7\/2016\/02\/1292929777-270x270.jpg 270w, https:\/\/www.critical-stages.org\/5\/wp-content\/uploads\/sites\/7\/2016\/02\/1292929777-230x230.jpg 230w\" sizes=\"auto, (max-width: 150px) 100vw, 150px\" \/><\/a>\n<h4 class=\"pt-cv-title\"><a href=\"https:\/\/www.critical-stages.org\/5\/uncritical-repositionings\/\" class=\"_self\" target=\"_self\" >(Un)Critical (Re)positionings<\/a><\/h4><\/div><\/div>\n<div class=\"col-md-6 col-sm-6 col-xs-12 pt-cv-content-item pt-cv-1-col\" ><div class='pt-cv-ifield'><a href=\"https:\/\/www.critical-stages.org\/5\/whose-performance-is-it-anyway\/\" class=\"_self pt-cv-href-thumbnail pt-cv-thumb-default\" target=\"_self\" ><img loading=\"lazy\" decoding=\"async\" width=\"150\" height=\"150\" src=\"https:\/\/www.critical-stages.org\/5\/wp-content\/uploads\/sites\/7\/2016\/03\/1197651882-150x150.jpg\" class=\"pt-cv-thumbnail\" alt=\"\" srcset=\"https:\/\/www.critical-stages.org\/5\/wp-content\/uploads\/sites\/7\/2016\/03\/1197651882-150x150.jpg 150w, https:\/\/www.critical-stages.org\/5\/wp-content\/uploads\/sites\/7\/2016\/03\/1197651882-270x270.jpg 270w, https:\/\/www.critical-stages.org\/5\/wp-content\/uploads\/sites\/7\/2016\/03\/1197651882-230x230.jpg 230w\" sizes=\"auto, (max-width: 150px) 100vw, 150px\" \/><\/a>\n<h4 class=\"pt-cv-title\"><a href=\"https:\/\/www.critical-stages.org\/5\/whose-performance-is-it-anyway\/\" class=\"_self\" target=\"_self\" >Whose Performance Is It Anyway?<\/a><\/h4><\/div><\/div>\n<div class=\"col-md-6 col-sm-6 col-xs-12 pt-cv-content-item pt-cv-1-col\" ><div class='pt-cv-ifield'><a href=\"https:\/\/www.critical-stages.org\/5\/critique-and-criticism-can-they-survive-in-a-time-of-intertextuality-intermediality-and-corporate-capitalism\/\" class=\"_self pt-cv-href-thumbnail pt-cv-thumb-default\" target=\"_self\" ><img loading=\"lazy\" decoding=\"async\" width=\"150\" height=\"150\" src=\"https:\/\/www.critical-stages.org\/5\/wp-content\/uploads\/sites\/7\/2016\/03\/1340768542-150x150.jpg\" class=\"pt-cv-thumbnail\" alt=\"\" srcset=\"https:\/\/www.critical-stages.org\/5\/wp-content\/uploads\/sites\/7\/2016\/03\/1340768542-150x150.jpg 150w, https:\/\/www.critical-stages.org\/5\/wp-content\/uploads\/sites\/7\/2016\/03\/1340768542-230x230.jpg 230w\" sizes=\"auto, (max-width: 150px) 100vw, 150px\" \/><\/a>\n<h4 class=\"pt-cv-title\"><a href=\"https:\/\/www.critical-stages.org\/5\/critique-and-criticism-can-they-survive-in-a-time-of-intertextuality-intermediality-and-corporate-capitalism\/\" class=\"_self\" target=\"_self\" >Critique and criticism? Can They Survive in a Time of Intertextuality, Intermediality and Corporate Capitalism?<\/a><\/h4><\/div><\/div><\/div><\/div><\/div>\n","protected":false},"excerpt":{"rendered":"<p>Mark Brown[1] In this edition of Critical Stages we conclude our publication of papers from the conference on the timely subject ofIntercriticism which was held in Maribor, Slovenia in October 2010. Theatre criticism around the world is, arguably, currently undergoing<\/p>\n","protected":false},"author":1,"featured_media":213,"parent":0,"menu_order":0,"comment_status":"closed","ping_status":"closed","template":"","meta":{"jetpack_post_was_ever_published":false,"footnotes":""},"class_list":["post-212","page","type-page","status-publish","has-post-thumbnail","hentry","","tg-column-two"],"jetpack_sharing_enabled":true,"jetpack_shortlink":"https:\/\/wp.me\/P7j4p8-3q","_links":{"self":[{"href":"https:\/\/www.critical-stages.org\/5\/wp-json\/wp\/v2\/pages\/212","targetHints":{"allow":["GET"]}}],"collection":[{"href":"https:\/\/www.critical-stages.org\/5\/wp-json\/wp\/v2\/pages"}],"about":[{"href":"https:\/\/www.critical-stages.org\/5\/wp-json\/wp\/v2\/types\/page"}],"author":[{"embeddable":true,"href":"https:\/\/www.critical-stages.org\/5\/wp-json\/wp\/v2\/users\/1"}],"replies":[{"embeddable":true,"href":"https:\/\/www.critical-stages.org\/5\/wp-json\/wp\/v2\/comments?post=212"}],"version-history":[{"count":0,"href":"https:\/\/www.critical-stages.org\/5\/wp-json\/wp\/v2\/pages\/212\/revisions"}],"wp:featuredmedia":[{"embeddable":true,"href":"https:\/\/www.critical-stages.org\/5\/wp-json\/wp\/v2\/media\/213"}],"wp:attachment":[{"href":"https:\/\/www.critical-stages.org\/5\/wp-json\/wp\/v2\/media?parent=212"}],"curies":[{"name":"wp","href":"https:\/\/api.w.org\/{rel}","templated":true}]}}