{"id":689,"date":"2025-06-13T16:18:30","date_gmt":"2025-06-13T16:18:30","guid":{"rendered":"https:\/\/www.critical-stages.org\/31\/?page_id=689"},"modified":"2025-07-11T17:43:24","modified_gmt":"2025-07-11T17:43:24","slug":"table-of-contents","status":"publish","type":"page","link":"https:\/\/www.critical-stages.org\/31\/table-of-contents\/","title":{"rendered":"Table of Contents"},"content":{"rendered":"\n<p>Editorial Note:&nbsp;<a href=\"https:\/\/www.critical-stages.org\/31\/editorial-note\/\">Performing the Future: Theatre at the Crossroads of Crisis and Renewal<\/a><br>Note \u00e9ditoriale :&nbsp;<a href=\"https:\/\/www.critical-stages.org\/31\/note-editoriale\/\">Jouer l\u2019avenir : Le th\u00e9\u00e2tre au carrefour de la crise et du renouveau<\/a><br><a href=\"https:\/\/www.critical-stages.org\/31\/cs-issue-no-31-editors\/\">Savas Patsalidis<\/a>, Editor-in-Chief<\/p>\n\n\n\n<h5 class=\"wp-block-heading\"><strong>Special Topic<\/strong><\/h5>\n\n\n\n<p><strong>Performance, Climate and Conflict Transformation<\/strong><br>Guest Editors:&nbsp;<a href=\"https:\/\/www.critical-stages.org\/31\/cs-issue-no-31-editors\/\">Roberta Levitow<\/a>,&nbsp;<a href=\"https:\/\/www.critical-stages.org\/31\/cs-issue-no-31-editors\/\">Chantal Bilodeau<\/a>&nbsp;and&nbsp;<a href=\"https:\/\/www.critical-stages.org\/31\/cs-issue-no-31-editors\/\">Aikaterini Delikonstantinidou<\/a><\/p>\n\n\n\n<p><a href=\"https:\/\/www.critical-stages.org\/31\/toward-ecologies-of-action-introductory-note\/\">Introductory Note: Toward Ecologies of Action<\/a><br>Roberta Levitow, Chantal Bilodeau and Aikaterini Delikonstantinidou<\/p>\n\n\n\n<p><a href=\"https:\/\/www.critical-stages.org\/31\/florida-ecoperformance-manifesto-producing-climate-forward-live-arts-in-the-state-of-the-future\/\">Florida EcoPerformance Manifesto: Producing Climate Forward Live Arts in the State of the Future<\/a><br>Elizabeth Doud<\/p>\n\n\n\n<p><a href=\"https:\/\/www.critical-stages.org\/31\/connecting-the-dots-from-the-river-to-the-gulf-turning-river-data-flow-into-sound-performance-speaks-volumes-for-rio-grande-ecology\/\">Connecting the Dots from the River to the Gulf: Turning River Data Flow into Sound Performance Speaks Volumes for Rio Grande Ecology<\/a><br>Marya Errin Jones<\/p>\n\n\n\n<p><a href=\"https:\/\/www.critical-stages.org\/31\/we-come-from-the-place-of-many-tongues-the-land-memory-bank-mondo-bizarro-and-the-mississippi\/\">\u201cWe Come from the Place of Many Tongues\u201d: The Land Memory Bank, Mondo Bizarro and the Mississippi<\/a><br>Monique Verdin, Nick Slie, Lisa D\u2019Amour<\/p>\n\n\n\n<p><a href=\"https:\/\/www.critical-stages.org\/31\/it-is-our-fault-theatre-on-the-climate-catastrophe-in-egypt\/\"><em>It Is Our Fault<\/em>: Theatre on the Climate Catastrophe in Egypt<\/a><br>Jillian Campana<\/p>\n\n\n\n<p><a href=\"https:\/\/www.critical-stages.org\/31\/the-absurdity-of-collapse-ecosomatics-memory-and-bioethics-in-project-abyssos\/\">The Absurdity of Collapse: Ecosomatics, Memory, and Bioethics in Project&nbsp;<em>Abyssos<\/em><\/a><br>Eva Gkadri<\/p>\n\n\n\n<p><a href=\"https:\/\/www.critical-stages.org\/31\/say-yes-to-me-or-penguins-provocation-and-bulging-hope\/\">Say Yes to Me. Or Penguins, Provocation and Bulging Hope<\/a><br>Moira Finucane<\/p>\n\n\n\n<p><a href=\"https:\/\/www.critical-stages.org\/31\/riding-the-waves-of-change-sailing-with-the-flipflopi-project\/\">Riding the Waves of Change: Sailing with the Flipflopi Project<\/a><br>Mick Warwick<\/p>\n\n\n\n<p><a href=\"https:\/\/www.critical-stages.org\/31\/theatre-of-hunger-climate-fasts-and-protests-in-ladakh\/\">Theatre of Hunger: Climate Fasts and Protests in Ladakh<\/a><br>Nikhil Katara<\/p>\n\n\n\n<p><a href=\"https:\/\/www.critical-stages.org\/31\/culinary-climate-action-food-justice-and-the-revolution-in-our-gardens\/\">Culinary Climate Action, Food Justice and the Revolution in Our Gardens<\/a><br>DJ Cavem<\/p>\n\n\n\n<h5 class=\"wp-block-heading\"><strong>Essays<\/strong><\/h5>\n\n\n\n<p>Editor:&nbsp;<strong><a href=\"https:\/\/www.critical-stages.org\/31\/cs-issue-no-31-editors\/\">Yana Meerzon<\/a><\/strong>&nbsp;(Canada)<\/p>\n\n\n\n<p><a href=\"https:\/\/www.critical-stages.org\/31\/relocation-dislocation-recontextualization-two-recent-us-stagings-of-adigun-doyles-playboy\/\">Relocation, Dislocation, Recontextualization: Two Recent U.S. Stagings of Adigun\/Doyle&nbsp;<em>Playboy<\/em><\/a><br>Bisi Adigun and&nbsp;Meghan Winch<\/p>\n\n\n\n<p><a href=\"https:\/\/www.critical-stages.org\/31\/two-stages-one-vision-stefan-larssons-adaptation-of-ibsens-little-eyolf-in-sweden-and-cyprus\/\">Two Stages, One Vision: Stefan Larsson\u2019s Adaptation of Ibsen\u2019s&nbsp;<em>Little Eyolf<\/em>&nbsp;in Sweden and Cyprus<\/a><br>Maria Hamali and Maria Sehopoulou<\/p>\n\n\n\n<p><a href=\"https:\/\/www.critical-stages.org\/31\/like-an-alien-hair-in-ones-mouth-anmar-tahas-theatrical-performance-and-the-use-of-the-body\/\">Like an Alien Hair in One\u2019s Mouth: Anmar Taha\u2019s Theatrical Performance and the Use of the Body<\/a><br>Farah Ali and Majeed Mohammed Midhin<\/p>\n\n\n\n<p><a href=\"https:\/\/www.critical-stages.org\/31\/singing-history-politics-of-idiom-and-genre-in-ted-hearnes-musical-theatre\/\">Singing History\u2014Politics of Idiom and Genre in Ted Hearne\u2019s Music(al)-Theatre<\/a><br>David Roesner<\/p>\n\n\n\n<p><a href=\"https:\/\/www.critical-stages.org\/31\/le-fil-memoriel-et-la-dimension-onirique-dans-les-spectacles-numeriques-de-lemieux-pilon\/\">Le fil m\u00e9moriel et la dimension onirique dans les spectacles num\u00e9riques de Lemieux-Pilon<\/a><br>Filip Dukanic<\/p>\n\n\n\n<p><a href=\"https:\/\/www.critical-stages.org\/31\/community-theatre-in-colombia-origins-and-trajectories\/\">Community Theatre in Colombia: Origins and Trajectories<\/a><br>Sarah Ashford Hart and Janneth Aldana<\/p>\n\n\n\n<p><a href=\"https:\/\/www.critical-stages.org\/31\/hybrid-times-and-traditional-dance-the-egbenu-oba-experiment-in-nigeria\/\">Hybrid Times and Traditional Dance: The Egbenu-Oba Experiment in Nigeria<\/a><br>Princewill Chukwuma Abakporo,&nbsp; Fidelis Enang Egbe, Abdumalik Adakole Amali, Stanley Timeyin Ohenhen, Ofega Eru<\/p>\n\n\n\n<p><a href=\"https:\/\/www.critical-stages.org\/31\/theatricality-of-medicine-hucksters-a-road-map-towards-modern-performing-arts-and-the-preservation-of-local-culture\/\">Theatricality of Medicine Hucksters: A \u201cRoad Map\u201d Towards Modern Performing Arts and the Preservation of Local Culture<\/a><br>Kurniasih Zaitun. Eko Supriyanto, Yusril<\/p>\n\n\n\n<h5 class=\"wp-block-heading\"><strong>Inter\/National Reflections<\/strong><\/h5>\n\n\n\n<p>Editor:&nbsp;<strong><a href=\"https:\/\/www.critical-stages.org\/31\/cs-issue-no-31-editors\/\">Savas Patsalidis<\/a><\/strong>&nbsp;(Greece)<\/p>\n\n\n\n<p><a href=\"https:\/\/www.critical-stages.org\/31\/uniting-europe-in-an-age-of-fracture\/\">Uniting Europe in an Age of Fracture<\/a><br>Heidi Wiley<\/p>\n\n\n\n<p><a href=\"https:\/\/www.critical-stages.org\/31\/crafted-figures-make-german-history-notes-from-berlin\/\">Crafted Figures Make German History: Notes from Berlin<\/a><br>Loren Kruger<\/p>\n\n\n\n<p><a href=\"https:\/\/www.critical-stages.org\/31\/before-and-after-war-or-peace\/\">Before and After \u2013 War or Peace<\/a><br>Johannes Birringer<\/p>\n\n\n\n<p><a href=\"https:\/\/www.critical-stages.org\/31\/a-60-year-old-theatre-festival-theatertreffen\/\">A 60-year-old Theatre Festival: Theatertreffen<\/a><br>\u0130lker \u00c7al\u0131\u015fkan<\/p>\n\n\n\n<p><a href=\"https:\/\/www.critical-stages.org\/31\/stage-worlds-of-poetry-and-human-passions-iasi-national-theatre-showcase\/\">Stage Worlds of Poetry and Human Passions: Iasi National Theatre Showcase<\/a><br>Savas Patsalidis<\/p>\n\n\n\n<p><a href=\"https:\/\/www.critical-stages.org\/31\/embracing-the-un-scene-of-hope-at-the-stngs-6th-international-forest-festival\/\">Embracing the Un\/scene of Hope at the NTNG\u2019s 6th International Forest Festival<\/a><br>Maria Ristani and Marissia Fragkou<\/p>\n\n\n\n<p><a href=\"https:\/\/www.critical-stages.org\/31\/under-supervision-or-underground-the-spaces-of-contemporary-iranian-theatre\/\">Under Supervision or Underground: The Spaces of Contemporary Iranian Theatre<\/a><br>Ali Mansouri<\/p>\n\n\n\n<p><a href=\"https:\/\/www.critical-stages.org\/31\/theatrical-manifestations-on-the-scenic-horizon-of-buenos-aires\/\">Theatrical Manifestations on the Scenic Horizon of Buenos Aires<\/a><br>Halima Tahan Ferreyra<\/p>\n\n\n\n<p><a href=\"https:\/\/www.critical-stages.org\/31\/intercultural-adaptations-of-sophocles-antigone-antigone-mania-by-rabijita-gogoi\/\">Intercultural Adaptations of Sophocles\u2019 Antigone: Antigone Mania by Rabijita Gogoi<\/a><br>Subrat Jyoti Neog<\/p>\n\n\n\n<p><a href=\"https:\/\/www.critical-stages.org\/31\/wandering-to-wuzhen-a-festival-of-encounters\/\">Wandering to Wuzhen: A Festival of Encounters<\/a><br>Grigorios Ioannidis<\/p>\n\n\n\n<p><a href=\"https:\/\/www.critical-stages.org\/31\/shakespearean-inheritance-and-innovation-in-chinese-campus-theatre\/\">Shakespearean Inheritance and Innovation in Chinese Campus Theatre<\/a><br>Huiyue Wen and Li Zeng<\/p>\n\n\n\n<h5 class=\"wp-block-heading\"><strong>Interviews<\/strong><\/h5>\n\n\n\n<p>Editor:&nbsp;<strong><a href=\"https:\/\/www.critical-stages.org\/31\/cs-issue-no-31-editors\/\">Savas Patsalidis<\/a><\/strong>&nbsp;(Greece)<\/p>\n\n\n\n<p><a href=\"https:\/\/www.critical-stages.org\/31\/staging-the-precarious-the-vulnerable-and-the-stranger-the-stage-of-filipino-director-jose-estrella\/\">Staging the Precarious, the Vulnerable, and the Stranger: The Stage of Filipino Director Jos\u00e9 Estrella<\/a><br>Sir Anril P. Tiatco, Jem R. Javier, Jos\u00e9 Estrella<\/p>\n\n\n\n<p><a href=\"https:\/\/www.critical-stages.org\/31\/the-path-of-sadhana-a-life-spent-in-search-of-the-ancient-wisdom-of-acting-interview-with-gopal-venu\/\">The Path of Sadhana: A Life Spent in Search of the Ancient Wisdom of Acting. Interview with Gopal Venu<\/a><br>Renu Ramanath<\/p>\n\n\n\n<p><a href=\"https:\/\/www.critical-stages.org\/31\/wuzhen-is-a-window-for-china-to-see-the-world-through-theatre-and-for-the-world-to-see-china-through-theatre-interview-with-stan-lai\/\">\u201cWuzhen is a window for China to see the world through theatre, and for the world to see China through theatre\u201d: Interview with Stan Lai<\/a><br>Peng Tao, Zhu Ning, and Savas Patsalidis<\/p>\n\n\n\n<p><a href=\"https:\/\/www.critical-stages.org\/31\/burn-the-colony-crafting-a-play-about-aboriginal-and-torres-strait-islander-deaths-in-custody\/\"><em>Burn the Colony<\/em>: Crafting a Play About Aboriginal and Torres Strait Islander Deaths in Custody<\/a><br>Nazaree Dickerson and Sarah Woodland<\/p>\n\n\n\n<h5 class=\"wp-block-heading\"><strong>Performance Reviews<\/strong><\/h5>\n\n\n\n<p>Editor:&nbsp;<strong><a href=\"https:\/\/www.critical-stages.org\/31\/cs-issue-no-31-editors\/\">Matti Linnavuori<\/a><\/strong>&nbsp;(Finland)<\/p>\n\n\n\n<p><a href=\"https:\/\/www.critical-stages.org\/31\/the-challenges-of-a-multilingual-showcase\/\">The Challenges of a Multilingual Showcase<\/a><br>Savas Patsalidis<\/p>\n\n\n\n<p><a href=\"https:\/\/www.critical-stages.org\/31\/before-the-gate-a-rain-of-light\/\">Before the Gate, a Rain of Light<\/a><br>Octavian Szalad<\/p>\n\n\n\n<p><a href=\"https:\/\/www.critical-stages.org\/31\/building-theatre-bridges-in-southeast-europe\/\">Building Theatre Bridges in Southeast Europe<\/a><br>Yun-Cheol&nbsp;Kim<\/p>\n\n\n\n<p><a href=\"https:\/\/www.critical-stages.org\/31\/finnish-animal-farm-caged-and-chained\/\">Finnish&nbsp;<em>Animal Farm<\/em>&nbsp;Caged and Chained<\/a><br>Pirkko Koski<\/p>\n\n\n\n<p><a href=\"https:\/\/www.critical-stages.org\/31\/frida-oui-mais-etait-ce-bien-necessaire\/\"><em>Frida<\/em>&nbsp;: oui, mais \u00e9tait-ce bien n\u00e9cessaire&nbsp;?<\/a><br>Selim Lander<\/p>\n\n\n\n<p><a href=\"https:\/\/www.critical-stages.org\/31\/slovak-directors-avoid-intrusion\/\">Slovak Directors Avoid Intrusion<\/a><br>Matti Linnavuori<\/p>\n\n\n\n<p><a href=\"https:\/\/www.critical-stages.org\/31\/voices-performing-intersections-of-war-memory-and-migration\/\"><em>VOICES<\/em>:&nbsp;Performing Intersections of War, Memory and Migration<\/a><br>Yana Meerzon, Alexey Munipov, Natalia Skorokhod<\/p>\n\n\n\n<p><a href=\"https:\/\/www.critical-stages.org\/31\/the-sight-of-music\/\">The Sight of Music<\/a><br>Sylvia Solakidi<\/p>\n\n\n\n<p><a href=\"https:\/\/www.critical-stages.org\/31\/pot-of-chaos-young-critics-discussing-juggle-and-hide\/\">Pot of Chaos: Young Critics Discussing&nbsp;<em>Juggle and Hide<\/em><\/a><br>Young Critics<\/p>\n\n\n\n<p><a href=\"https:\/\/www.critical-stages.org\/31\/the-choreography-of-encounter\/\">The Choreography of Encounter<\/a><br>Ya\u015fam \u00d6zlem G\u00fclseven<\/p>\n\n\n\n<p><a href=\"https:\/\/www.critical-stages.org\/31\/the-start-of-a-movement-disruption-reflection-and-the-art-of-invitation-in-choreographic-intrusion-and-juggle-and-hide\/\">The Start of a Movement: Disruption, Reflection and the Art of Invitation in&nbsp;<em>Choreographic Intrusion<\/em>&nbsp;and&nbsp;<em>Juggle and Hide<\/em><\/a><br>Natalie Rine<\/p>\n\n\n\n<p><a href=\"https:\/\/www.critical-stages.org\/31\/new-voices-of-hanoi-puppets-shadows-and-urban-change-in-tolo-puppet-theatres-tho-dia\/\">New Voices of Hanoi: Puppets, Shadows and Urban Change in ToLo Puppet Theatre\u2019s&nbsp;<em>Th\u1ed5 \u0111\u1ecba<\/em><\/a><br>Qiao Zhangweijing<\/p>\n\n\n\n<h5 class=\"wp-block-heading\"><strong>Book Reviews<\/strong><\/h5>\n\n\n\n<p>Editor:&nbsp;<strong><a href=\"https:\/\/www.critical-stages.org\/31\/cs-issue-no-31-editors\/\">Don Rubin<\/a><\/strong>&nbsp;(Canada)<\/p>\n\n\n\n<p><a href=\"https:\/\/www.critical-stages.org\/31\/du-luxe-et-de-limpuissance-il-ne-mest-jamais-rien-arrive\/\">Du luxe et de l\u2019Impuissance&nbsp; (The Rich and the Powerless) \/ Il ne m\u2019est jamais rien arriv\u00e9 &nbsp;(It Never Arrived) Un projet de Vincent Dedienne<\/a><br>Selim Lander<\/p>\n\n\n\n<p><a href=\"https:\/\/www.critical-stages.org\/31\/theatre-and-its-audiences-reimagining-the-relationship-in-times-of-crisis\/\">Theatre and its Audiences: Reimagining the Relationship in Times of Crisis<\/a><br>Katayoun Salmasi<\/p>\n\n\n\n<p><a href=\"https:\/\/www.critical-stages.org\/31\/jean-marie-serreau-fragments-et-extraits-reunis-et-presentes\/\">Jean-Marie Serreau \u2013 Fragments et extraits r\u00e9unis et pr\u00e9sent\u00e9s<\/a><br>Selim Lander<\/p>\n\n\n\n<p><a href=\"https:\/\/www.critical-stages.org\/31\/quels-roles-pour-le-spectateur-a-lere-numerique\/\">Quels r\u00f4les pour le spectateur \u00e0 l\u2019\u00e8re num\u00e9rique?<\/a><br>Lou Gargouri<\/p>\n\n\n\n<p><a href=\"https:\/\/www.critical-stages.org\/31\/the-paris-manuscript-the-early-draft-rediscovered\/\">The Paris Manuscript: The Early Draft Rediscovered<\/a><br>Lenka Pichl\u00edkov\u00e1-Burke<\/p>\n\n\n\n<h5 class=\"wp-block-heading\"><strong>In Memoriam<\/strong><\/h5>\n\n\n\n<p><a href=\"https:\/\/www.critical-stages.org\/31\/in-memoriam-athol-fugard-1932-2025\/\">In Memoriam: Athol Fugard (1932-2025)<\/a><br>Temple Hauptfleisch<\/p>\n","protected":false},"excerpt":{"rendered":"","protected":false},"author":1,"featured_media":0,"parent":0,"menu_order":0,"comment_status":"closed","ping_status":"closed","template":"","meta":{"advanced_seo_description":"","jetpack_seo_html_title":"","jetpack_seo_noindex":false,"footnotes":""},"class_list":["post-689","page","type-page","status-publish","hentry"],"jetpack_sharing_enabled":true,"_links":{"self":[{"href":"https:\/\/www.critical-stages.org\/31\/wp-json\/wp\/v2\/pages\/689","targetHints":{"allow":["GET"]}}],"collection":[{"href":"https:\/\/www.critical-stages.org\/31\/wp-json\/wp\/v2\/pages"}],"about":[{"href":"https:\/\/www.critical-stages.org\/31\/wp-json\/wp\/v2\/types\/page"}],"author":[{"embeddable":true,"href":"https:\/\/www.critical-stages.org\/31\/wp-json\/wp\/v2\/users\/1"}],"replies":[{"embeddable":true,"href":"https:\/\/www.critical-stages.org\/31\/wp-json\/wp\/v2\/comments?post=689"}],"version-history":[{"count":11,"href":"https:\/\/www.critical-stages.org\/31\/wp-json\/wp\/v2\/pages\/689\/revisions"}],"predecessor-version":[{"id":894,"href":"https:\/\/www.critical-stages.org\/31\/wp-json\/wp\/v2\/pages\/689\/revisions\/894"}],"wp:attachment":[{"href":"https:\/\/www.critical-stages.org\/31\/wp-json\/wp\/v2\/media?parent=689"}],"curies":[{"name":"wp","href":"https:\/\/api.w.org\/{rel}","templated":true}]}}