{"id":938,"date":"2024-12-20T18:29:04","date_gmt":"2024-12-20T18:29:04","guid":{"rendered":"https:\/\/www.critical-stages.org\/30\/?page_id=938"},"modified":"2025-01-05T08:02:21","modified_gmt":"2025-01-05T08:02:21","slug":"table-of-contents","status":"publish","type":"page","link":"https:\/\/www.critical-stages.org\/30\/table-of-contents\/","title":{"rendered":"Table of Contents"},"content":{"rendered":"\n<p>Editorial Note:\u00a0<a href=\"https:\/\/www.critical-stages.org\/30\/editorial-note\/\">Theatre in a World in Crisis<\/a><br>Note \u00e9ditoriale :\u00a0<a href=\"https:\/\/www.critical-stages.org\/30\/note-editoriale\/\">Le th\u00e9\u00e2tre dans un monde en crise<\/a><br><a href=\"https:\/\/www.critical-stages.org\/30\/cs-issue-no-30-editors\/\">Savas Patsalidis<\/a>, Editor-in-Chief<\/p>\n\n\n\n<h5 class=\"wp-block-heading\"><strong>Special Topic<\/strong><\/h5>\n\n\n\n<p><strong>\u201cTruth\u201d in the Kafkaesque World of Theatre: Tragic or Comic?<\/strong><br>Guest Editors:&nbsp;<a href=\"https:\/\/www.critical-stages.org\/30\/cs-issue-no-30-editors\/\">Aikaterini Delikonstantinidou<\/a>&nbsp;and&nbsp;<a href=\"https:\/\/www.critical-stages.org\/30\/cs-issue-no-30-editors\/\">Hana Strej\u010dkov\u00e1<\/a><\/p>\n\n\n\n<p><a href=\"https:\/\/www.critical-stages.org\/30\/kafkaesque-resonances-in-world-theatre-introductory-note\/\">Kafkaesque Resonances in World Theatre: Introductory Note<\/a><br>Aikaterini Delikonstantinidou<\/p>\n\n\n\n<p><a href=\"https:\/\/www.critical-stages.org\/30\/franz-kafka-an-expressionist-on-the-contemporary-stage\/\">Franz Kafka\u2014an Expressionist on the Contemporary Stage<\/a><br>Zuzana Augustov\u00e1<\/p>\n\n\n\n<p><a href=\"https:\/\/www.critical-stages.org\/30\/kafka-as-a-starting-point-for-circus-art\/\">Kafka as a Starting Point for Circus Art<\/a><br>Hana Strej\u010dkov\u00e1<\/p>\n\n\n\n<p><a href=\"https:\/\/www.critical-stages.org\/30\/on-the-cultural-virality-of-truth-in-kafka-and-the-kafkaesque\/\">On the Cultural Virality of Truth in Kafka and the Kafkaesque<\/a><br>Martin Boszor\u00e1d<\/p>\n\n\n\n<p><a href=\"https:\/\/www.critical-stages.org\/30\/antimyths-about-slovakia\/\">Antimyths About Slovakia<\/a><br>D\u00e1ria Fojt\u00edkov\u00e1 Feh\u00e9rov\u00e1<\/p>\n\n\n\n<p><a href=\"https:\/\/www.critical-stages.org\/30\/postponed-judgment-what-does-it-mean-to-judge-in-the-kafkaesque-world\/\">Postponed Judgment: What Does it Mean to Judge in the Kafkaesque World?<\/a><br>Tomoko Seki<\/p>\n\n\n\n<p><a href=\"https:\/\/www.critical-stages.org\/30\/what-is-%cf%84rue-in-the-theatre-of-the-post-truth-era-or-how-did-the-story-about-the-story-become-the-main-story\/\">What is \u03a4rue in the Theatre of the Post-truth Era, Or:&nbsp; How did the Story About the Story Become the Main Story?<\/a><br>Cecilia Djurberg<\/p>\n\n\n\n<p><a href=\"https:\/\/www.critical-stages.org\/30\/theatrical-creation-and-public-debate-in-the-era-of-cancel-culture\/\">Theatrical Creation and Public Debate in the Era of&nbsp;<em>Cancel Culture<\/em><\/a><br>Ioanna Lioutsia<\/p>\n\n\n\n<p><a href=\"https:\/\/www.critical-stages.org\/30\/la-physicalite-dans-loeuvre-de-kafka\/\">La physicalit\u00e9 dans l\u2019\u0153uvre de Kafka<\/a><br>Jean-Pierre Han<\/p>\n\n\n\n<p><a href=\"https:\/\/www.critical-stages.org\/30\/%ce%b1-report-to-an-academy-a-postcolonial-and-ecocritical-performance-by-zero-point-theatre\/\"><em>\u0391 Report to an Academy<\/em>.&nbsp;A Postcolonial and Ecocritical Performance by Zero Point Theatre<\/a><br>Penelope Chatzidimitriou<\/p>\n\n\n\n<p><a href=\"https:\/\/www.critical-stages.org\/30\/shame-as-a-positive-tool-in-educating-good-actors-jouko-turkka-draws-examples-from-charlie-chaplin\/\">Shame as a Positive Tool in Educating Good Actors\u2014Jouko Turkka Draws Examples from Charlie Chaplin<\/a><br>Matti Linnavuori<\/p>\n\n\n\n<p><a href=\"https:\/\/www.critical-stages.org\/30\/kafka-on-the-contemporary-chinese-stage\/\">Kafka on the Contemporary Chinese Stage<\/a><br>Peng Tao<\/p>\n\n\n\n<p><a href=\"https:\/\/www.critical-stages.org\/30\/from-stage-to-street-alice-theatre-laboratorys-kafkaesque-aesthetics-and-experiments-in-democratizing-the-creative-process\/\">\u201cFrom Stage to Street\u201d: Alice Theatre Laboratory\u2019s Kafkaesque Aesthetics and Experiments in Democratizing the Creative Process<\/a><br>Bernice Chan and Huiwen Shi<\/p>\n\n\n\n<p><a href=\"https:\/\/www.critical-stages.org\/30\/the-grotesque-of-a-kafkaesque-world-and-its-counterparts-in-recent-korean-scenes\/\">The Grotesque of a Kafkaesque World and Its Counterparts in Recent Korean Scenes<\/a><br>Hwawon Lee<\/p>\n\n\n\n<p><a href=\"https:\/\/www.critical-stages.org\/30\/between-theatrical-truth-and-historical-fact-the-question-of-female-love-in-miyagis-noh-rendition-of-othello\/\">Between Theatrical \u201cTruth\u201d and Historical \u201cFact\u201d: The Question of Female Love in Miyagi\u2019s Noh Rendition of&nbsp;<em>Othello<\/em><\/a><br>Tomoka Tsukamoto and Ted Motohashi<\/p>\n\n\n\n<h5 class=\"wp-block-heading\"><strong>Essays<\/strong><\/h5>\n\n\n\n<p>Editor:&nbsp;<strong><a href=\"https:\/\/www.critical-stages.org\/30\/cs-issue-no-30-editors\/\">Yana Meerzon<\/a><\/strong>&nbsp;(Canada)<\/p>\n\n\n\n<p><a href=\"https:\/\/www.critical-stages.org\/30\/ukrainian-gambit-decolonial-perspectives-on-the-first-shakespeare-theatre-festival-in-ukraine\/\">Ukrainian Gambit: Decolonial Perspectives on the First Shakespeare Theatre Festival in Ukraine<\/a><br>Ewa Bal<\/p>\n\n\n\n<p><a href=\"https:\/\/www.critical-stages.org\/30\/strawberry-fields-not-forever-iceberg-reflections-on-performing-greenland\/\">Strawberry Fields (Not) Forever? \u201cIceberg Reflections\u201d on Performing Greenland<\/a><br>Annelis Kuhlmann<\/p>\n\n\n\n<p><a href=\"https:\/\/www.critical-stages.org\/30\/katha-surpanakha-performance-as-an-advocate-against-nationalist-ideology\/\">\u201cKatha Surpanakha\u201d: Performance as an Advocate Against Nationalist Ideology<\/a><br>Sinjini Chatterjee<\/p>\n\n\n\n<p><a href=\"https:\/\/www.critical-stages.org\/30\/representation-of-the-collective-memory-in-the-contemporary-latvian-theatre-a-few-recent-examples\/\">Representation of the Collective Memory in the Contemporary Latvian Theatre: A Few Recent Examples<\/a><br>Vesma Levalde<\/p>\n\n\n\n<p><a href=\"https:\/\/www.critical-stages.org\/30\/creating-khaita-joyful-dances-historical-and-contemporary-perspectives\/\">Creating Khaita\u2014Joyful Dances: Historical and Contemporary Perspectives<\/a><br>Eva Leick<\/p>\n\n\n\n<p><a href=\"https:\/\/www.critical-stages.org\/30\/probing-fatalistic-and-deterministic-conversations-in-ahmed-yerimas-drugga-and-victor-duggas-gidan-juju\/\">Probing Fatalistic and Deterministic Conversations in Ahmed Yerima\u2019s&nbsp;<em>Drugga<\/em>&nbsp;and Victor Dugga\u2019s&nbsp;<em>Gidan Juju<\/em><\/a><br>Mark Ogah Onwe and Taiwo Afolabi<\/p>\n\n\n\n<p><a href=\"https:\/\/www.critical-stages.org\/30\/decolonising-performance-and-unmasking-ethnology-tanzanian-dance-in-a-german-museum\/\">Decolonising Performance and Unmasking Ethnology: Tanzanian Dance in a German Museum<\/a><br>Charlie Ely<\/p>\n\n\n\n<h5 class=\"wp-block-heading\"><strong>Inter\/National Reflections<\/strong><\/h5>\n\n\n\n<p>Editor:&nbsp;<strong><a href=\"https:\/\/www.critical-stages.org\/30\/cs-issue-no-30-editors\/\">Savas Patsalidis<\/a><\/strong>&nbsp;(Greece)<\/p>\n\n\n\n<p><a href=\"https:\/\/www.critical-stages.org\/30\/new-trends-in-performance-analysis\/\">New Trends in Performance Analysis<\/a><br>Patrice Pavis<\/p>\n\n\n\n<p><a href=\"https:\/\/www.critical-stages.org\/30\/the-challenges-of-the-theatre-museum-amidst-and-beyond-the-pandemic-digital-archiving-and-revitalization-practices-of-japanese-theatre\/\">The Challenges of the Theatre Museum Amidst and Beyond the Pandemic: Digital Archiving and Revitalization Practices of Japanese Theatre<\/a><br>Minako Okamuro<\/p>\n\n\n\n<p><a href=\"https:\/\/www.critical-stages.org\/30\/words-space-and-enacting-the-archive\/\">Words, Space and Enacting the Archive<\/a><br>Ashutosh Potdar<\/p>\n\n\n\n<p><a href=\"https:\/\/www.critical-stages.org\/30\/morphing-solidity-wuzhen-theatre-festival-at-the-crossroads\/\">Morphing Solidity: Wuzhen Theatre Festival at the Crossroads<\/a><br>Zheyu WEI<\/p>\n\n\n\n<p><a href=\"https:\/\/www.critical-stages.org\/30\/the-world-and-theatre-blogging-comes-to-china\/\">The World (and Theatre Blogging) Comes to China<\/a><br>Zhu Ning<\/p>\n\n\n\n<p><a href=\"https:\/\/www.critical-stages.org\/30\/john-florio-also-known-as-shakespeare\/\">John Florio, also Known as Shakespeare<\/a><br>Michel Va\u00efs<\/p>\n\n\n\n<p><a href=\"https:\/\/www.critical-stages.org\/30\/victor-hugos-cromwell-in-its-entirety-a-world-premiere\/\">Victor Hugo\u2019s&nbsp;<em>Cromwell<\/em>&nbsp;in its Entirety \u2013 A World Premi\u00e8re<\/a><br>David Willinger<\/p>\n\n\n\n<p><a href=\"https:\/\/www.critical-stages.org\/30\/theatre-in-slovenia-today-problems-and-promises\/\">Theatre in Slovenia Today: Problems and Promises<\/a><br>Alja Predan<\/p>\n\n\n\n<p><a href=\"https:\/\/www.critical-stages.org\/30\/lots-of-potential-little-space-the-case-of-slovenian-theatre\/\">Lots of Potential, Little Space: The Case of Slovenian Theatre<\/a><br>Zala Dobov\u0161ek<\/p>\n\n\n\n<p><a href=\"https:\/\/www.critical-stages.org\/30\/the-search-for-the-other-and-the-real-a-festival-journey-from-cluj-to-bucharest\/\">The Search for the \u201cOther\u201d and the \u201cReal\u201d: A&nbsp;Festival Journey from Cluj to Bucharest<\/a><br>Savas Patsalidis<\/p>\n\n\n\n<p><a href=\"https:\/\/www.critical-stages.org\/30\/my-exotic-girlfriend-independent-hungarian-art-in-hellerau\">My Exotic Girlfriend: Independent Hungarian Art in Hellerau<\/a><br>No\u00e9mi&nbsp;Herczog<\/p>\n\n\n\n<h5 class=\"wp-block-heading\"><strong>Interviews<\/strong><\/h5>\n\n\n\n<p>Editor:&nbsp;<strong><a href=\"https:\/\/www.critical-stages.org\/30\/cs-issue-no-30-editors\/\">Savas Patsalidis<\/a><\/strong>&nbsp;(Greece)<\/p>\n\n\n\n<p><a href=\"https:\/\/www.critical-stages.org\/30\/chinese-theatre-goes-where-people-go-interview-with-meng-jinghui\/\">\u201cChinese theatre goes where people go\u201d: Interview with Meng Jinghui<\/a><br>by Peng Tao, Zhu Ning, and Savas Patsalidis<\/p>\n\n\n\n<p><a href=\"https:\/\/www.critical-stages.org\/30\/being-here-and-now-in-virtual-reality-performance-interview-with-kwon-hayoun\/\">\u201cBeing Here and Now\u201d in Virtual Reality Performance: Interview with Kwon Hayoun<\/a><br>by Kyueun Kim<\/p>\n\n\n\n<p><a href=\"https:\/\/www.critical-stages.org\/30\/ethos-of-new-stockholm-a-city-invented-to-be-staged\/\">Ethos of&nbsp;<em>New Stockholm<\/em>: A City Invented to be Staged<\/a><br>Deniz Ba\u015far, Art Babayants, and Yana Meerzon<\/p>\n\n\n\n<h5 class=\"wp-block-heading\"><strong>Performance Reviews<\/strong><\/h5>\n\n\n\n<p>Editor:&nbsp;<strong><a href=\"https:\/\/www.critical-stages.org\/30\/cs-issue-no-30-editors\/\">Matti Linnavuori<\/a><\/strong>&nbsp;(Finland)<\/p>\n\n\n\n<p><a href=\"https:\/\/www.critical-stages.org\/30\/andrew-scotts-vanya-a-fusion-of-souls\/\">Andrew Scott\u2019s&nbsp;<em>Vanya<\/em>: a Fusion of Souls<\/a><br>Asen Terziev<\/p>\n\n\n\n<p><a href=\"https:\/\/www.critical-stages.org\/30\/romania-make-room-for-women\/\">Romania, Make Room for Women<\/a><br>Irina Zlotea<\/p>\n\n\n\n<p><a href=\"https:\/\/www.critical-stages.org\/30\/bitef2024-with-concern-about-the-world-we-live-in\/\">BITEF2024: With Concern about the World We Live in<\/a><br>Kamelia Nikolova<\/p>\n\n\n\n<p><a href=\"https:\/\/www.critical-stages.org\/30\/divadlo-in-dialogue-with-itself\/\">Divadlo in Dialogue with Itself<\/a><br>Matti Linnavuori<\/p>\n\n\n\n<p><a href=\"https:\/\/www.critical-stages.org\/30\/a-brno-le-theatre-et-ses-alentours-in-brno-theatre-and-its-surroundings\/\">\u00c0 Brno, le th\u00e9\u00e2tre et ses alentours \/ In Brno, Theatre and its Surroundings<\/a><br>Mathis Grosos, Andriana-Anna Tsiotsiou, Callysta Croizer, Amanda L. Andrei, Marrie E. Bathory, Otto Ekman<\/p>\n\n\n\n<p><a href=\"https:\/\/www.critical-stages.org\/30\/the-camera-is-on-you\/\">The Camera Is on You<\/a><br>Patricia Keeney<\/p>\n\n\n\n<p><a href=\"https:\/\/www.critical-stages.org\/30\/contextualising-means-everything-at-the-kunsten-festival\/\">Contextualising Means Everything at the Kunsten Festival<\/a><br>Beri Juraic<\/p>\n\n\n\n<p><a href=\"https:\/\/www.critical-stages.org\/30\/kristian-smeds-in-search-of-finnishness-sauna-hare-ears-and-some-knockabout-comedy\/\">Kristian Smeds in Search of \u201cFinnishness\u201d: Sauna, Hare Ears and Some Knockabout Comedy<\/a><br>Aleksandra Dunaeva<\/p>\n\n\n\n<p><a href=\"https:\/\/www.critical-stages.org\/30\/almada-festival-2024-a-community-festival-and-beyond\/\">Almada Festival 2024: A Community Festival and Beyond<\/a><br>Savas Patsalidis<\/p>\n\n\n\n<p><a href=\"https:\/\/www.critical-stages.org\/30\/le-dom-juan-de-moliere-makeieff-decapant\/\">Le Dom Juan de Moli\u00e8re\/Make\u00efeff&nbsp;: d\u00e9capant&nbsp;!<\/a><br>Selim Lander<\/p>\n\n\n\n<p><a href=\"https:\/\/www.critical-stages.org\/30\/queer-gestus-antifascist-ritualism-and-bloody-geopolitics-in-oresteia\/\">Queer Gestus, Antifascist Ritualism and Bloody Geopolitics in Oresteia<\/a><br>Penelope Chatzidimitriou<\/p>\n\n\n\n<p><a href=\"https:\/\/www.critical-stages.org\/30\/medea-vs-medea-adapting-the-ancient-myth\/\"><em>Medea<\/em>&nbsp;vs&nbsp;<em>Medea<\/em>: Adapting the Ancient Myth<\/a><br>Antonia Tsamouris<\/p>\n\n\n\n<p><a href=\"https:\/\/www.critical-stages.org\/30\/salesman-in-china-east-meets-west-via-an-arthur-miller-masterpiece\/\"><em>Salesman in China<\/em>: East Meets West via an Arthur Miller Masterpiece<\/a><br>Martin Morrow<\/p>\n\n\n\n<p><a href=\"https:\/\/www.critical-stages.org\/30\/cherry-orchard-closer-familiar-summerweight-contact\/\">Cherry Orchard: Closer, Familiar, Summerweight Contact<\/a><br>Choi Young Joo<\/p>\n\n\n\n<h5 class=\"wp-block-heading\"><strong>Book Reviews<\/strong><\/h5>\n\n\n\n<p>Editor:&nbsp;<strong><a href=\"https:\/\/www.critical-stages.org\/30\/cs-issue-no-30-editors\/\">Don Rubin<\/a><\/strong>&nbsp;(Canada)<\/p>\n\n\n\n<p><a href=\"https:\/\/www.critical-stages.org\/30\/scenes-numeriques-anthologie-critique-decrits-et-dentretiens-dartistes\/\">Sc\u00e8nes num\u00e9riques. Anthologie critique d\u2019\u00e9crits et d\u2019entretiens d\u2019artistes<\/a><br>Th\u00e9o Arnulf<\/p>\n\n\n\n<p><a href=\"https:\/\/www.critical-stages.org\/30\/ntc-purcarete-and-boroghina-pilgrims-of-the-great-theatre-of-the-world\/\">NTC: Purc\u0103rete and Boroghina: Pilgrims of the Great Theatre of the World<\/a><br>Maria Shevtsova<\/p>\n\n\n\n<p><a href=\"https:\/\/www.critical-stages.org\/30\/the-playbook-a-story-of-theatre-democracy-and-the-making-of-a-culture-war\/\">The Playbook: A Story of Theatre, Democracy and the Making of a Culture War<\/a><br>Don Rubin<\/p>\n\n\n\n<p><a href=\"https:\/\/www.critical-stages.org\/30\/la-recolte-une-revue-a-la-decouverte-de-nouveaux-textes\/\"><em>La R\u00e9colte<\/em>&nbsp;(une revue \u00e0 la d\u00e9couverte de nouveaux textes)<\/a><br>Selim Lander<\/p>\n\n\n\n<p><a href=\"https:\/\/www.critical-stages.org\/30\/contre-le-theatre-politique-against-political-theatre\/\"><em>Contre le th\u00e9\u00e2tre politique<\/em>&nbsp;(Against Political Theatre)<\/a><br>Jos\u00e9 Maria Vieira Mendes and Rui Pina Coelho<\/p>\n\n\n\n<h5 class=\"wp-block-heading\"><strong>Critics on Criticism<\/strong><\/h5>\n\n\n\n<p>Editor:&nbsp;<strong><a href=\"https:\/\/www.critical-stages.org\/30\/cs-issue-no-30-editors\/\">Ivan Medenica<\/a><\/strong>&nbsp;(Serbia)<\/p>\n\n\n\n<p><a href=\"https:\/\/www.critical-stages.org\/30\/equitable-theatre-criticism-an-overview\/\">Equitable Theatre Criticism: An Overview<\/a><br>Karen Fricker and Nathaniel Hanula-James<\/p>\n\n\n\n<h5 class=\"wp-block-heading\"><strong>In Memoriam<\/strong><\/h5>\n\n\n\n<p><a href=\"https:\/\/www.critical-stages.org\/30\/the-art-of-playful-seriousness-suzanne-osten-1944-2024\/\">The Art of Playful Seriousness: Suzanne Osten (1944-2024)<\/a><br>Margareta S\u00f6renson<\/p>\n\n\n\n<p><\/p>\n","protected":false},"excerpt":{"rendered":"","protected":false},"author":1,"featured_media":0,"parent":0,"menu_order":0,"comment_status":"closed","ping_status":"closed","template":"","meta":{"advanced_seo_description":"","jetpack_seo_html_title":"","jetpack_seo_noindex":false,"footnotes":""},"class_list":["post-938","page","type-page","status-publish","hentry"],"jetpack_sharing_enabled":true,"_links":{"self":[{"href":"https:\/\/www.critical-stages.org\/30\/wp-json\/wp\/v2\/pages\/938","targetHints":{"allow":["GET"]}}],"collection":[{"href":"https:\/\/www.critical-stages.org\/30\/wp-json\/wp\/v2\/pages"}],"about":[{"href":"https:\/\/www.critical-stages.org\/30\/wp-json\/wp\/v2\/types\/page"}],"author":[{"embeddable":true,"href":"https:\/\/www.critical-stages.org\/30\/wp-json\/wp\/v2\/users\/1"}],"replies":[{"embeddable":true,"href":"https:\/\/www.critical-stages.org\/30\/wp-json\/wp\/v2\/comments?post=938"}],"version-history":[{"count":7,"href":"https:\/\/www.critical-stages.org\/30\/wp-json\/wp\/v2\/pages\/938\/revisions"}],"predecessor-version":[{"id":1002,"href":"https:\/\/www.critical-stages.org\/30\/wp-json\/wp\/v2\/pages\/938\/revisions\/1002"}],"wp:attachment":[{"href":"https:\/\/www.critical-stages.org\/30\/wp-json\/wp\/v2\/media?parent=938"}],"curies":[{"name":"wp","href":"https:\/\/api.w.org\/{rel}","templated":true}]}}