{"id":459,"date":"2016-02-21T14:59:50","date_gmt":"2016-02-21T14:59:50","guid":{"rendered":"https:\/\/www.critical-stages.org\/3\/?page_id=459"},"modified":"2016-02-21T14:59:50","modified_gmt":"2016-02-21T14:59:50","slug":"theatre-in-print","status":"publish","type":"page","link":"https:\/\/www.critical-stages.org\/3\/theatre-in-print\/","title":{"rendered":"Theatre in Print"},"content":{"rendered":"<div class=\"pt-cv-wrapper\"><div class=\"pt-cv-view pt-cv-grid pt-cv-colsys\" id=\"pt-cv-view-f2117462b9\"><div data-id=\"pt-cv-page-1\" class=\"pt-cv-page\" data-cvc=\"2\"><div class=\"col-md-6 col-sm-6 col-xs-12 pt-cv-content-item pt-cv-1-col\" ><div class='pt-cv-ifield'><a href=\"https:\/\/www.critical-stages.org\/3\/contemporary-european-directors\/\" class=\"_self pt-cv-href-thumbnail pt-cv-thumb-default\" target=\"_self\" ><img loading=\"lazy\" decoding=\"async\" width=\"150\" height=\"150\" src=\"https:\/\/www.critical-stages.org\/3\/wp-content\/uploads\/sites\/5\/2016\/02\/1182640055-150x150.png\" class=\"pt-cv-thumbnail\" alt=\"\" \/><\/a>\n<h4 class=\"pt-cv-title\"><a href=\"https:\/\/www.critical-stages.org\/3\/contemporary-european-directors\/\" class=\"_self\" target=\"_self\" >Contemporary European Directors<\/a><\/h4><\/div><\/div>\n<div class=\"col-md-6 col-sm-6 col-xs-12 pt-cv-content-item pt-cv-1-col\" ><div class='pt-cv-ifield'><a href=\"https:\/\/www.critical-stages.org\/3\/contested-will-who-wrote-shakespeare\/\" class=\"_self pt-cv-href-thumbnail pt-cv-thumb-default\" target=\"_self\" ><img loading=\"lazy\" decoding=\"async\" width=\"150\" height=\"150\" src=\"https:\/\/www.critical-stages.org\/3\/wp-content\/uploads\/sites\/5\/2016\/02\/1046328122-150x150.png\" class=\"pt-cv-thumbnail\" alt=\"\" \/><\/a>\n<h4 class=\"pt-cv-title\"><a href=\"https:\/\/www.critical-stages.org\/3\/contested-will-who-wrote-shakespeare\/\" class=\"_self\" target=\"_self\" >Contested Will: Who Wrote Shakespeare?<\/a><\/h4><\/div><\/div>\n<div class=\"col-md-6 col-sm-6 col-xs-12 pt-cv-content-item pt-cv-1-col\" ><div class='pt-cv-ifield'><a href=\"https:\/\/www.critical-stages.org\/3\/la-montagne-des-langues-ecritures-theatrales-du-caucasethe-mountain-of-languages-theatre-writings-from-the-caucasus\/\" class=\"_self pt-cv-href-thumbnail pt-cv-thumb-default\" target=\"_self\" ><img loading=\"lazy\" decoding=\"async\" width=\"150\" height=\"150\" src=\"https:\/\/www.critical-stages.org\/3\/wp-content\/uploads\/sites\/5\/2016\/02\/1067702142-150x150.png\" class=\"pt-cv-thumbnail\" alt=\"\" \/><\/a>\n<h4 class=\"pt-cv-title\"><a href=\"https:\/\/www.critical-stages.org\/3\/la-montagne-des-langues-ecritures-theatrales-du-caucasethe-mountain-of-languages-theatre-writings-from-the-caucasus\/\" class=\"_self\" target=\"_self\" >La montagne des langues: \u00e9critures th\u00e9\u00e2trales du Caucase (The Mountain of Languages: Theatre Writings from the Caucasus)<\/a><\/h4><\/div><\/div>\n<div class=\"col-md-6 col-sm-6 col-xs-12 pt-cv-content-item pt-cv-1-col\" ><div class='pt-cv-ifield'><a href=\"https:\/\/www.critical-stages.org\/3\/keisarinajan-kulisseissa-imperial-russian-entertainment-in-finland\/\" class=\"_self pt-cv-href-thumbnail pt-cv-thumb-default\" target=\"_self\" ><img loading=\"lazy\" decoding=\"async\" width=\"150\" height=\"150\" src=\"https:\/\/www.critical-stages.org\/3\/wp-content\/uploads\/sites\/5\/2016\/02\/1407542202-150x150.png\" class=\"pt-cv-thumbnail\" alt=\"\" \/><\/a>\n<h4 class=\"pt-cv-title\"><a href=\"https:\/\/www.critical-stages.org\/3\/keisarinajan-kulisseissa-imperial-russian-entertainment-in-finland\/\" class=\"_self\" target=\"_self\" >Keisarinajan kulisseissa (Imperial Russian Entertainment in Finland)<\/a><\/h4><\/div><\/div>\n<div class=\"col-md-6 col-sm-6 col-xs-12 pt-cv-content-item pt-cv-1-col\" ><div class='pt-cv-ifield'><a href=\"https:\/\/www.critical-stages.org\/3\/oeuvres-completes-de-moliere-nouvelle-edition-complete-works-of-moliere-new-edition\/\" class=\"_self pt-cv-href-thumbnail pt-cv-thumb-default\" target=\"_self\" ><img loading=\"lazy\" decoding=\"async\" width=\"150\" height=\"150\" src=\"https:\/\/www.critical-stages.org\/3\/wp-content\/uploads\/sites\/5\/2016\/02\/1003004905-150x150.png\" class=\"pt-cv-thumbnail\" alt=\"\" srcset=\"https:\/\/www.critical-stages.org\/3\/wp-content\/uploads\/sites\/5\/2016\/02\/1003004905-150x150.png 150w, https:\/\/www.critical-stages.org\/3\/wp-content\/uploads\/sites\/5\/2016\/02\/1003004905-230x230.png 230w\" sizes=\"auto, (max-width: 150px) 100vw, 150px\" \/><\/a>\n<h4 class=\"pt-cv-title\"><a href=\"https:\/\/www.critical-stages.org\/3\/oeuvres-completes-de-moliere-nouvelle-edition-complete-works-of-moliere-new-edition\/\" class=\"_self\" target=\"_self\" >\u0152uvres compl\u00e8tes de Moli\u00e8re (nouvelle \u00e9dition) (Complete Works of Moliere) new edition<\/a><\/h4><\/div><\/div><\/div><\/div><\/div>\n","protected":false},"excerpt":{"rendered":"","protected":false},"author":1,"featured_media":0,"parent":0,"menu_order":0,"comment_status":"closed","ping_status":"closed","template":"","meta":{"jetpack_post_was_ever_published":false,"footnotes":""},"class_list":["post-459","page","type-page","status-publish","hentry","","tg-column-two"],"jetpack_sharing_enabled":true,"jetpack_shortlink":"https:\/\/wp.me\/P7gg5F-7p","_links":{"self":[{"href":"https:\/\/www.critical-stages.org\/3\/wp-json\/wp\/v2\/pages\/459","targetHints":{"allow":["GET"]}}],"collection":[{"href":"https:\/\/www.critical-stages.org\/3\/wp-json\/wp\/v2\/pages"}],"about":[{"href":"https:\/\/www.critical-stages.org\/3\/wp-json\/wp\/v2\/types\/page"}],"author":[{"embeddable":true,"href":"https:\/\/www.critical-stages.org\/3\/wp-json\/wp\/v2\/users\/1"}],"replies":[{"embeddable":true,"href":"https:\/\/www.critical-stages.org\/3\/wp-json\/wp\/v2\/comments?post=459"}],"version-history":[{"count":0,"href":"https:\/\/www.critical-stages.org\/3\/wp-json\/wp\/v2\/pages\/459\/revisions"}],"wp:attachment":[{"href":"https:\/\/www.critical-stages.org\/3\/wp-json\/wp\/v2\/media?parent=459"}],"curies":[{"name":"wp","href":"https:\/\/api.w.org\/{rel}","templated":true}]}}