{"id":455,"date":"2016-02-21T14:59:08","date_gmt":"2016-02-21T14:59:08","guid":{"rendered":"https:\/\/www.critical-stages.org\/3\/?page_id=455"},"modified":"2016-02-21T14:59:08","modified_gmt":"2016-02-21T14:59:08","slug":"essays","status":"publish","type":"page","link":"https:\/\/www.critical-stages.org\/3\/essays\/","title":{"rendered":"Essays"},"content":{"rendered":"<div class=\"pt-cv-wrapper\"><div class=\"pt-cv-view pt-cv-grid pt-cv-colsys\" id=\"pt-cv-view-c801f88ed0\"><div data-id=\"pt-cv-page-1\" class=\"pt-cv-page\" data-cvc=\"2\"><div class=\"col-md-6 col-sm-6 col-xs-12 pt-cv-content-item pt-cv-1-col\" ><div class='pt-cv-ifield'><a href=\"https:\/\/www.critical-stages.org\/3\/un-point-de-vue-critique-sur-les-reecritures-des-mythes-grecs-dans-le-theatre-francais-contemporain\/\" class=\"_self pt-cv-href-thumbnail pt-cv-thumb-default\" target=\"_self\" ><img loading=\"lazy\" decoding=\"async\" width=\"150\" height=\"150\" src=\"https:\/\/www.critical-stages.org\/3\/wp-content\/uploads\/sites\/5\/2016\/02\/1067702142-150x150.png\" class=\"pt-cv-thumbnail\" alt=\"\" \/><\/a>\n<h4 class=\"pt-cv-title\"><a href=\"https:\/\/www.critical-stages.org\/3\/un-point-de-vue-critique-sur-les-reecritures-des-mythes-grecs-dans-le-theatre-francais-contemporain\/\" class=\"_self\" target=\"_self\" >Un point de vue critique sur les r\u00e9\u00e9critures des mythes grecs dans le th\u00e9\u00e2tre fran\u00e7ais contemporain<\/a><\/h4><\/div><\/div>\n<div class=\"col-md-6 col-sm-6 col-xs-12 pt-cv-content-item pt-cv-1-col\" ><div class='pt-cv-ifield'><a href=\"https:\/\/www.critical-stages.org\/3\/classical-dreams-adaptations-of-classics\/\" class=\"_self pt-cv-href-thumbnail pt-cv-thumb-default\" target=\"_self\" ><img loading=\"lazy\" decoding=\"async\" width=\"150\" height=\"150\" src=\"https:\/\/www.critical-stages.org\/3\/wp-content\/uploads\/sites\/5\/2016\/02\/1132858122-150x150.png\" class=\"pt-cv-thumbnail\" alt=\"\" \/><\/a>\n<h4 class=\"pt-cv-title\"><a href=\"https:\/\/www.critical-stages.org\/3\/classical-dreams-adaptations-of-classics\/\" class=\"_self\" target=\"_self\" >Classical Dreams \u2013 Adaptations of Classics<\/a><\/h4><\/div><\/div>\n<div class=\"col-md-6 col-sm-6 col-xs-12 pt-cv-content-item pt-cv-1-col\" ><div class='pt-cv-ifield'><a href=\"https:\/\/www.critical-stages.org\/3\/in-memoriam-laurent-terzieff-un-athlete-affectif-du-coeur\/\" class=\"_self pt-cv-href-thumbnail pt-cv-thumb-default\" target=\"_self\" ><img loading=\"lazy\" decoding=\"async\" width=\"150\" height=\"150\" src=\"https:\/\/www.critical-stages.org\/3\/wp-content\/uploads\/sites\/5\/2016\/02\/1067702142-150x150.png\" class=\"pt-cv-thumbnail\" alt=\"\" \/><\/a>\n<h4 class=\"pt-cv-title\"><a href=\"https:\/\/www.critical-stages.org\/3\/in-memoriam-laurent-terzieff-un-athlete-affectif-du-coeur\/\" class=\"_self\" target=\"_self\" >In memoriam: Laurent Terzieff,  un athl\u00e8te affectif du c\u0153ur<\/a><\/h4><\/div><\/div>\n<div class=\"col-md-6 col-sm-6 col-xs-12 pt-cv-content-item pt-cv-1-col\" ><div class='pt-cv-ifield'><a href=\"https:\/\/www.critical-stages.org\/3\/in-memoriam-pina-bausch-beautiful-and-tragic-solemn-and-classic\/\" class=\"_self pt-cv-href-thumbnail pt-cv-thumb-default\" target=\"_self\" ><img loading=\"lazy\" decoding=\"async\" width=\"150\" height=\"150\" src=\"https:\/\/www.critical-stages.org\/3\/wp-content\/uploads\/sites\/5\/2016\/02\/1306009849-150x150.png\" class=\"pt-cv-thumbnail\" alt=\"\" \/><\/a>\n<h4 class=\"pt-cv-title\"><a href=\"https:\/\/www.critical-stages.org\/3\/in-memoriam-pina-bausch-beautiful-and-tragic-solemn-and-classic\/\" class=\"_self\" target=\"_self\" >In memoriam: Pina Bausch, Beautiful and Tragic, Solemn and Classic<\/a><\/h4><\/div><\/div><\/div><\/div><\/div>\n","protected":false},"excerpt":{"rendered":"","protected":false},"author":1,"featured_media":0,"parent":0,"menu_order":0,"comment_status":"closed","ping_status":"closed","template":"","meta":{"jetpack_post_was_ever_published":false,"footnotes":""},"class_list":["post-455","page","type-page","status-publish","hentry","","tg-column-two"],"jetpack_sharing_enabled":true,"jetpack_shortlink":"https:\/\/wp.me\/P7gg5F-7l","_links":{"self":[{"href":"https:\/\/www.critical-stages.org\/3\/wp-json\/wp\/v2\/pages\/455","targetHints":{"allow":["GET"]}}],"collection":[{"href":"https:\/\/www.critical-stages.org\/3\/wp-json\/wp\/v2\/pages"}],"about":[{"href":"https:\/\/www.critical-stages.org\/3\/wp-json\/wp\/v2\/types\/page"}],"author":[{"embeddable":true,"href":"https:\/\/www.critical-stages.org\/3\/wp-json\/wp\/v2\/users\/1"}],"replies":[{"embeddable":true,"href":"https:\/\/www.critical-stages.org\/3\/wp-json\/wp\/v2\/comments?post=455"}],"version-history":[{"count":0,"href":"https:\/\/www.critical-stages.org\/3\/wp-json\/wp\/v2\/pages\/455\/revisions"}],"wp:attachment":[{"href":"https:\/\/www.critical-stages.org\/3\/wp-json\/wp\/v2\/media?parent=455"}],"curies":[{"name":"wp","href":"https:\/\/api.w.org\/{rel}","templated":true}]}}