{"id":880,"date":"2024-06-17T09:34:47","date_gmt":"2024-06-17T09:34:47","guid":{"rendered":"https:\/\/www.critical-stages.org\/29\/?page_id=880"},"modified":"2024-09-27T17:23:07","modified_gmt":"2024-09-27T17:23:07","slug":"table-of-contents","status":"publish","type":"page","link":"https:\/\/www.critical-stages.org\/29\/table-of-contents\/","title":{"rendered":"Table of Contents"},"content":{"rendered":"\n<p>Editorial Note:&nbsp;<a href=\"https:\/\/www.critical-stages.org\/29\/editorial-note\/\" data-type=\"link\" data-id=\"https:\/\/www.critical-stages.org\/28\/editorial-note\/\">Ever Changing Dancescapes<\/a><br>Note \u00e9ditoriale :&nbsp;<a href=\"https:\/\/www.critical-stages.org\/29\/note-editoriale\/\" data-type=\"link\" data-id=\"https:\/\/www.critical-stages.org\/28\/note-editoriale\/\">Paysages dansants toujours changeants<\/a><br><a href=\"https:\/\/www.critical-stages.org\/29\/cs-issue-no-29-editors\/\"><strong>Savas Patsalidis<\/strong><\/a>, Editor-in-Chief<\/p>\n\n\n\n<h5 class=\"wp-block-heading\"><strong>Special Topic<\/strong><\/h5>\n\n\n\n<p><strong><em>Extended Dance Territories<\/em><\/strong><br>Guest Editors:&nbsp;<a href=\"https:\/\/www.critical-stages.org\/29\/cs-issue-no-29-editors\/\"><strong>Margareta S\u00f6renson<\/strong><\/a> (Sweden),&nbsp;<a href=\"https:\/\/www.critical-stages.org\/29\/cs-issue-no-29-editors\/\"><strong>Steriani Tsintziloni<\/strong><\/a> (Greece)<\/p>\n\n\n\n<p><a href=\"https:\/\/www.critical-stages.org\/29\/extended-dance-territories-guest-editors-note\/\">Extended&nbsp; Dance Territories \u2013 Guest Editors\u2019 Note<\/a><br>Margareta S\u00f6renson, Steriani Tsintziloni<\/p>\n\n\n\n<p><a href=\"https:\/\/www.critical-stages.org\/29\/true-art-consists-of-gaps-interview-with-cristina-caprioli-the-golden-lion-in-venezia-biennale-de-la-danza-2024\/\">\u201cTrue Art Consists of Gaps\u201d: Interview with Cristina Caprioli \u2013 the Golden Lion in Venezia&nbsp;Biennale de la Danza 2024<\/a><br>by Maina Arvas<\/p>\n\n\n\n<p><a href=\"https:\/\/www.critical-stages.org\/29\/steve-paxton-1939-2024-contact-improvisation-for-generations\/\">Steve Paxton (1939-2024): Contact Improvisation for Generations<\/a><br>Hilde Rustad<\/p>\n\n\n\n<p><a href=\"https:\/\/www.critical-stages.org\/29\/dialogue-in-motion-or-reading-the-present-from-the-past-interview-with-maria-martha-gigena\/\">Dialogue in Motion or Reading the Present from the Past: Interview with Maria Martha Gigena<\/a><br>by Halima Tahan Ferreyra<\/p>\n\n\n\n<p><a href=\"https:\/\/www.critical-stages.org\/29\/bridging-cultural-divides-through-the-art-of-chinese-dance-interview-with-ma-jiaolong-and-zhao-zhibo\/\">Bridging Cultural Divides Through the Art of Chinese Dance: Interview with Ma Jiaolong (\u9a6c\u86df\u9f99) and Zhao Zhibo (\u8d75\u77e5\u535a)<\/a><br>Zhao Yang<\/p>\n\n\n\n<p><a href=\"https:\/\/www.critical-stages.org\/29\/southern-dance-hall-movement-and-community-in-post-pandemic-guangzhou-southern-china\/\">Southern Dance Hall: Movement and Community in Post Pandemic Guangzhou, Southern China<\/a><br>Tiantian XIE<\/p>\n\n\n\n<p><a href=\"https:\/\/www.critical-stages.org\/29\/visions-and-gifts-martha-graham-memory-and-practice\/\">Visions and Gifts: Martha Graham, Memory and Practice<\/a><br>Kim Jones and Fen Kennedy<\/p>\n\n\n\n<p><a href=\"https:\/\/www.critical-stages.org\/29\/how-african-is-africa-postnormality-and-futures-assessment-of-indigenous-dance-art-in-nigeria\/\">How African is Africa? Postnormality and Futures Assessment of Indigenous Dance Art in Nigeria<\/a><br>Princewill Chukwuma Abakporo, Stanley Timeyin Ohenhen, Stephen Ogheneruro Okpadah<\/p>\n\n\n\n<p><a href=\"https:\/\/www.critical-stages.org\/29\/art-therapy-in-a-country-at-war-ukraines-contemporary-dance-practices\/\">Art Therapy in a Country at War: Ukraine\u2019s Contemporary Dance Practices<\/a><br>Lyudmila Mova, Viktor Ruban, Hanna Veselovska<\/p>\n\n\n\n<p><a href=\"https:\/\/www.critical-stages.org\/29\/towards-a-poetics-of-affectability-dance-in-more-than-human-worlds\/\">Towards a Poetics of Affectability: Dance in More-Than-Human Worlds<\/a><br>Jonas Schnor<\/p>\n\n\n\n<p><a href=\"https:\/\/www.critical-stages.org\/29\/dancing-with-ai-unveiling-the-potentials-and-pitfalls-of-chatgpt-for-a-new-wave-of-dance-critics-and-criticism\/\">Dancing with AI: Unveiling the Potentials and Pitfalls of ChatGPT for a New Wave of Dance Critics and Criticism<\/a><br>Deanne Kearney<\/p>\n\n\n\n<p><a href=\"https:\/\/www.critical-stages.org\/29\/connecting-and-disconnecting-bodies\/\">Connecting and Disconnecting Bodies<\/a><br>Johannes Birringer<\/p>\n\n\n\n<p><a href=\"https:\/\/www.critical-stages.org\/29\/commmunal-choreographies-claiming-the-embodied-public-sphere-in-recent-climate-activism\/\">Commmunal Choreographies: Claiming the Embodied Public Sphere in Recent Climate Activism<\/a><br>Susanne Foellmer<\/p>\n\n\n\n<p><a href=\"https:\/\/www.critical-stages.org\/29\/land-ing-dance-of-hosting-and-being-hosted-guest-curating-in-dance\/\">Land\/ing Dance\u2014Of Hosting and Being Hosted: Guest Curating in Dance<\/a><br>Angela Conquet<\/p>\n\n\n\n<p><a href=\"https:\/\/www.critical-stages.org\/29\/la-danse-elargit-ses-territoires-evolution-de-la-danse-contemporaine-en-france-au-xxi-siecle\/\">La danse \u00e9largit ses territoires&nbsp;: \u00c9volution de la danse contemporaine en France au XXI si\u00e8cle<\/a><br>Jean Couturier<\/p>\n\n\n\n<p><a href=\"https:\/\/www.critical-stages.org\/29\/staging-aging-in-queer-style\/\">Staging Aging in Queer Style<\/a><br>Josephine Leask<\/p>\n\n\n\n<p><a href=\"https:\/\/www.critical-stages.org\/29\/reaching-out-for-the-search-within-sushant-gaurav-dances-a-kathak-of-his-own\/\">Reaching Out for the Search Within: Sushant Gaurav Dances a Kathak of His Own<\/a><br>Ajay&nbsp;Joshi<\/p>\n\n\n\n<p><a href=\"https:\/\/www.critical-stages.org\/29\/re-thinking-autobiographical-choreo-performance-as-a-window-to-activism\/\">Re-Thinking Autobiographical Choreo-Performance as a Window to Activism<\/a><br>Magda Barouta<\/p>\n\n\n\n<p><a href=\"https:\/\/www.critical-stages.org\/29\/situating-choreographies-of-the-real-in-elefsina-mystery-59-urtopias-academy-of-choreography-dance-myseries-season-2\/\">Situating Choreographies of the Real in Elefsina:&nbsp;<em>Mystery 59 U(R)TOPIAS Academy of Choreography: dance MyS+eries \/ Season 2<\/em><\/a><br>Maria Konomi<\/p>\n\n\n\n<p><a href=\"https:\/\/www.critical-stages.org\/29\/sinikka-gripenberg-tanssitut-elaman-kuvat\/\">Sinikka Gripenberg: A Dance Life in Photos<\/a><br>Margareta S\u00f6renson<\/p>\n\n\n\n<h5 class=\"wp-block-heading\"><strong>Essays<\/strong><\/h5>\n\n\n\n<p>Editor:&nbsp;<strong><a href=\"https:\/\/www.critical-stages.org\/29\/cs-issue-no-29-editors\/\">Yana Meerzon<\/a><\/strong>&nbsp;(Canada)<\/p>\n\n\n\n<p><a href=\"https:\/\/www.critical-stages.org\/29\/the-silent-genocide-and-its-afterlives-witnessing-and-remembering-traumatic-histories-in-rahul-varmas-state-of-denial\/\">The Silent Genocide and its Afterlives: Witnessing and Remembering Traumatic Histories in Rahul Varma\u2019s State of Denial<\/a><br>Aamna Rashid<\/p>\n\n\n\n<p><a href=\"https:\/\/www.critical-stages.org\/29\/de-la-thysia-grecques-aux-creations-dangelica-liddell-une-problematisation-du-sacrifice-a-partir-de-laction-theatrale\/\">De la thysia Grecques aux cr\u00e9ations d\u2019Ang\u00e9lica Liddell&nbsp;: Une probl\u00e9matisation du sacrifice \u00e0 partir de l\u2019action th\u00e9\u00e2trale<\/a><br>Martina Tosticarelli<\/p>\n\n\n\n<p><a href=\"https:\/\/www.critical-stages.org\/29\/the-new-wave-of-belarus-drama\/\">The New Wave of Belarus Drama<\/a><br>Natalia Skorokhod<\/p>\n\n\n\n<p><a href=\"https:\/\/www.critical-stages.org\/29\/audience-involvement-multiple-layering-and-resonances-in-numbers-increase-as-we-count\/\">Audience Involvement, Multiple Layering, and Resonances in&nbsp;<em>Numbers Increase As We Count\u2026<\/em><\/a><br>\u00dclfet Sevdi<\/p>\n\n\n\n<p><a href=\"https:\/\/www.critical-stages.org\/29\/where-we-die-together-in-real-time-staging-prosthetic-liveness-in-to-be-a-machine-version-1-0\/\">\u201cWhere We Die Together in Real Time\u201d: Staging Prosthetic Liveness in&nbsp;<em>To Be a Machine (Version 1.0)<\/em><\/a><br>Huayu Yang<\/p>\n\n\n\n<p><a href=\"https:\/\/www.critical-stages.org\/29\/the-macro-in-the-micro-using-theatre-festivals-to-test-the-temperature-of-the-industry\/\">The Macro in the Micro: Using Theatre Festivals to Test the Temperature of the Industry<\/a><br>Dermot Daly<\/p>\n\n\n\n<p><a href=\"https:\/\/www.critical-stages.org\/29\/choreography-%ce%bff-life-kristine-brinina-and-her-documentary-dance-method\/\">Choreography \u03bff Life: Krist\u012bne Br\u012bni\u0146a and Her Documentary Dance Method<\/a><br>Kitija Balcare&nbsp;<\/p>\n\n\n\n<p><a href=\"https:\/\/www.critical-stages.org\/29\/looking-with-fingeryeyes-an-exploration-of-material-touch-in-sonja-jokiniemis-performances-blab-2017-and-howl-2019\/\">Looking With \u201cFingeryeyes\u201d: An Exploration of Material Touch in Sonja Jokiniemi\u2019s Performances&nbsp;<em>Blab<\/em>&nbsp;and&nbsp;<em>Howl<\/em><\/a><br>Lieze Roels<\/p>\n\n\n\n<p><a href=\"https:\/\/www.critical-stages.org\/29\/the-dance-movement-of-bengal-rabindranath-and-his-dance-dramas\/\">The Dance Movement of Bengal: Rabindranath and His Dance-Dramas<\/a><br>Nilanjana Bhattacharya<\/p>\n\n\n\n<h5 class=\"wp-block-heading\"><strong>Inter\/National Reflections<\/strong><\/h5>\n\n\n\n<p>Editor:&nbsp;<strong><a href=\"https:\/\/www.critical-stages.org\/29\/cs-issue-no-29-editors\/\">Savas Patsalidis<\/a><\/strong>&nbsp;(Greece)<\/p>\n\n\n\n<p><a href=\"https:\/\/www.critical-stages.org\/29\/planning-europes-future-theatre\/\">Planning Europe\u2019s Future Theatre<\/a><br>Savas Patsalidis<\/p>\n\n\n\n<p><a href=\"https:\/\/www.critical-stages.org\/29\/the-price-of-water-reflections-on-an-anthropological-play\/\">The Price of Water: Reflections on an Anthropological Play<\/a><br>Maria Kastrinou, Hannah Knoerk and Johannes Birringer<\/p>\n\n\n\n<p><a href=\"https:\/\/www.critical-stages.org\/29\/a-promising-restart-the-mini-showcase-of-bulgarias-national-theatre\/\">A Promising Restart: The \u201cMini\u201d Showcase of Bulgaria\u2019s National Theatre<\/a><br>Savas Patsalidis<\/p>\n\n\n\n<p><a href=\"https:\/\/www.critical-stages.org\/29\/the-beseto-festival-is-back-to-splendid-life-in-shenzhen\/\">The BeSeTo Festival is Back to Splendid Life in Shenzhen<\/a><br>Kalina Stefanova<\/p>\n\n\n\n<p><a href=\"https:\/\/www.critical-stages.org\/29\/how-to-resist\/\">How to Resist?<\/a><br>Milo Rau<\/p>\n\n\n\n<h5 class=\"wp-block-heading\"><strong>Interviews<\/strong><\/h5>\n\n\n\n<p>Editor:&nbsp;<strong><a href=\"https:\/\/www.critical-stages.org\/29\/cs-issue-no-29-editors\/\">Savas Patsalidis<\/a><\/strong>&nbsp;(Greece)<\/p>\n\n\n\n<p><a href=\"https:\/\/www.critical-stages.org\/29\/living-beyond-correctness-words-enemies-and-media-interview-with-misaki-setoyama\/\">\u201cLiving\u201d Beyond \u201cCorrectness\u201d: Words, Enemies, and Media. Interview with Misaki Setoyama<\/a><br>By Tomoka Tsukamoto and Ted Motohashi<\/p>\n\n\n\n<p><a href=\"https:\/\/www.critical-stages.org\/29\/a-festival-that-shape-shifted-to-stay-alive-interview-with-mark-russell\/\">A Festival that Shape-shifted to Stay Alive: Interview with Mark Russell<\/a><br>By Stefanie Carp<\/p>\n\n\n\n<p><a href=\"https:\/\/www.critical-stages.org\/29\/past-and-present-meet-head-on-interview-with-christiane-jatahy\/\">Past and Present Meet Head-on: Interview with Christiane Jatahy<\/a><br>By Anna Stavrakopoulou<\/p>\n\n\n\n<p><a href=\"https:\/\/www.critical-stages.org\/29\/tools-no-rules-an-interview-with-roberta-levitow\/\">\u201cTools. No Rules.\u201d: An Interview with Roberta Levitow<\/a><br>By Aikaterini Delikonstantinidou<\/p>\n\n\n\n<p><a href=\"https:\/\/www.critical-stages.org\/29\/how-can-we-act-together-declaration-of-the-free-republic-of-wien-interview-with-milo-rau\/\">How Can we Act Together? Declaration of the Free Republic of Wien: Interview with Milo Rau<\/a><br>By Ivan Medenica<\/p>\n\n\n\n<h5 class=\"wp-block-heading\"><strong>Performance Reviews<\/strong><\/h5>\n\n\n\n<p>Editor:&nbsp;<strong><a href=\"https:\/\/www.critical-stages.org\/29\/cs-issue-no-29-editors\/\">Matti Linnavuori<\/a><\/strong>&nbsp;(Finland)<\/p>\n\n\n\n<p><a href=\"https:\/\/www.critical-stages.org\/29\/a-very-moving-hamlet\/\">A Very Moving&nbsp;<em>Hamlet<\/em><\/a><br>Patricia Keeney<\/p>\n\n\n\n<p><a href=\"https:\/\/www.critical-stages.org\/29\/robert-wilson-declan-donnnellan-robert-lepage-in-a-nutshell\/\">Robert Wilson, Declan Donnnellan, Robert Lepage in a Nutshell<\/a><br>Yun-Cheol Kim<\/p>\n\n\n\n<p><a href=\"https:\/\/www.critical-stages.org\/29\/incandescences-dahmed-madani-de-la-catharsis-comique\/\"><em>Incandescences<\/em>&nbsp;d\u2019Ahmed Madani \u2013 De la catharsis comique<\/a><br>Selim Lander<\/p>\n\n\n\n<p><a href=\"https:\/\/www.critical-stages.org\/29\/albee-deconstructed-robert-wilsons-three-tall-women\/\">Albee Deconstructed: Robert Wilson\u2019s&nbsp;<em>Three Tall Women<\/em><\/a><br>Antonia Tsamouris<\/p>\n\n\n\n<p><a href=\"https:\/\/www.critical-stages.org\/29\/the-quest-of-turkeys-independent-theatres\/\">The Quest of Turkey\u2019s Independent Theatres<\/a><br>Savas Patsalidis<\/p>\n\n\n\n<p><a href=\"https:\/\/www.critical-stages.org\/29\/more-than-classical-dance\/\">More than (Classical) Dance<\/a><br>Penelope Chatzidimitriou<\/p>\n\n\n\n<p><a href=\"https:\/\/www.critical-stages.org\/29\/sofi-oksanen-on-russian-anti-gay-practices\/\">Sofi Oksanen on Russian Anti-Gay Practices<\/a><br>Matti Linnavuori<\/p>\n\n\n\n<p><a href=\"https:\/\/www.critical-stages.org\/29\/once-upon-a-time-through-a-glass-darkly\/\">Once Upon a Time . . . Through a Glass Darkly<\/a><br>Soila Lehtonen<\/p>\n\n\n\n<p><a href=\"https:\/\/www.critical-stages.org\/29\/of-balance-oscillation-and-feeling-a-twenty-first-century-century-circus-experience\/\"><a href=\"https:\/\/www.critical-stages.org\/29\/of-balance-oscillation-and-feeling-a-twenty-first-century-circus-experience\/\">Of Balance, Oscillation and Feeling: A Twenty-first-century Circus Experience<\/a><\/a><br>Katharine Kavanagh<\/p>\n\n\n\n<h5 class=\"wp-block-heading\"><strong>Book Reviews<\/strong><\/h5>\n\n\n\n<p>Editor:&nbsp;<strong><a href=\"https:\/\/www.critical-stages.org\/29\/cs-issue-no-29-editors\/\">Don Rubin<\/a><\/strong>&nbsp;(Canada)<\/p>\n\n\n\n<p><a href=\"https:\/\/www.critical-stages.org\/29\/michel-tremblay-plays-in-scots-two-vols\/\">Michel Tremblay: Plays in Scots (Two Vols.)<\/a><br>Mark Fisher<\/p>\n\n\n\n<p><a href=\"https:\/\/www.critical-stages.org\/29\/theatre-in-a-post-truth-world-text-politics-and-performance\/\">Theatre in a Post-Truth World: Text, Politics and Performance<\/a><br>Katayoun Salmasi<\/p>\n\n\n\n<p><a href=\"https:\/\/www.critical-stages.org\/29\/le-sacrifice-comme-acte-poetique\/\">Le Sacrifice comme acte po\u00e9tique<\/a><br>Selim Lander<\/p>\n\n\n\n<p><a href=\"https:\/\/www.critical-stages.org\/29\/the-great-white-bard-how-to-love-shakespeare-while-talking-about-race\/\">The Great White Bard: How To Love Shakespeare While Talking About Race<\/a><br>Don Rubin<\/p>\n\n\n\n<h5 class=\"wp-block-heading\"><strong>2024 Thalia Prize Ceremony<\/strong><\/h5>\n\n\n\n<p>Editor: <strong>Critical Stages\/Sc\u00e8nes critiques<\/strong><\/p>\n\n\n\n<p><a href=\"https:\/\/www.critical-stages.org\/29\/comments-on-the-thalia-prize\/\"><\/a><a href=\"https:\/\/www.critical-stages.org\/29\/the-thalia-prize-erika-fischer-lichte\/\">The Thalia Prize: Erika Fischer-Lichte<\/a><br>Jeffrey Eric Jenkins<\/p>\n\n\n\n<p><a href=\"https:\/\/www.critical-stages.org\/29\/a-few-words-about-the-laureates-oeuvre\/\">A Few Words About the Laureate\u2019s&nbsp;<em>Oeuvre<\/em><\/a><br>Ivan Medenica<\/p>\n\n\n\n<p><a href=\"https:\/\/www.critical-stages.org\/29\/erika-fischer-lichte-and-the-importance-of-sacrifice\/\">Erika Fischer-Lichte and the Importance of Sacrifice<\/a><br>Savas Patsalidis<\/p>\n\n\n\n<p><a href=\"https:\/\/www.critical-stages.org\/29\/let-theatre-happen-or-how-erika-fischer-lichte-continues-to-inspire-us\/\">Let Theatre Happen, or How Erika Fischer-Lichte Continues to Inspire Us<\/a><br>Manabu Noda<\/p>\n\n\n\n<p><a href=\"https:\/\/www.critical-stages.org\/29\/erika-fischer-lichtes-oeuvre-in-china\/\">Erika Fischer-Lichte\u2019s&nbsp;<em>oeuvre<\/em>&nbsp;in China<\/a><br>Zhu Ning<\/p>\n\n\n\n<h5 class=\"wp-block-heading\"><strong>In Memoriam<\/strong><\/h5>\n\n\n\n<p>Editor: <strong>Critical Stages\/Sc\u00e8nes critiques<\/strong><\/p>\n\n\n\n<p><a href=\"https:\/\/www.critical-stages.org\/29\/edward-bond-the-missed-voice-of-a-true-socialist-writer\/\">Edward Bond: The Missed Voice of a True Socialist Writer<\/a><br>Elizabeth Sakellaridou<\/p>\n\n\n\n<p><a href=\"https:\/\/www.critical-stages.org\/29\/rene-pollesch-1962-2024-the-great-post-dramatic-auteur-director\/\">Ren\u00e9 Pollesch (1962-2024): the Great Post-dramatic Auteur Director<\/a><br>Thomas Irmer<\/p>\n","protected":false},"excerpt":{"rendered":"","protected":false},"author":1,"featured_media":0,"parent":0,"menu_order":0,"comment_status":"closed","ping_status":"closed","template":"","meta":{"advanced_seo_description":"","jetpack_seo_html_title":"","jetpack_seo_noindex":false,"footnotes":""},"class_list":["post-880","page","type-page","status-publish","hentry"],"jetpack_sharing_enabled":true,"_links":{"self":[{"href":"https:\/\/www.critical-stages.org\/29\/wp-json\/wp\/v2\/pages\/880","targetHints":{"allow":["GET"]}}],"collection":[{"href":"https:\/\/www.critical-stages.org\/29\/wp-json\/wp\/v2\/pages"}],"about":[{"href":"https:\/\/www.critical-stages.org\/29\/wp-json\/wp\/v2\/types\/page"}],"author":[{"embeddable":true,"href":"https:\/\/www.critical-stages.org\/29\/wp-json\/wp\/v2\/users\/1"}],"replies":[{"embeddable":true,"href":"https:\/\/www.critical-stages.org\/29\/wp-json\/wp\/v2\/comments?post=880"}],"version-history":[{"count":17,"href":"https:\/\/www.critical-stages.org\/29\/wp-json\/wp\/v2\/pages\/880\/revisions"}],"predecessor-version":[{"id":1137,"href":"https:\/\/www.critical-stages.org\/29\/wp-json\/wp\/v2\/pages\/880\/revisions\/1137"}],"wp:attachment":[{"href":"https:\/\/www.critical-stages.org\/29\/wp-json\/wp\/v2\/media?parent=880"}],"curies":[{"name":"wp","href":"https:\/\/api.w.org\/{rel}","templated":true}]}}