{"id":814,"date":"2021-12-23T19:44:22","date_gmt":"2021-12-23T19:44:22","guid":{"rendered":"https:\/\/www.critical-stages.org\/24\/?page_id=814"},"modified":"2021-12-28T17:16:56","modified_gmt":"2021-12-28T17:16:56","slug":"table-of-contents","status":"publish","type":"page","link":"https:\/\/www.critical-stages.org\/24\/table-of-contents\/","title":{"rendered":"Table of Contents"},"content":{"rendered":"\n<p><a href=\"https:\/\/www.critical-stages.org\/24\/editorial-note\/\">Editorial Note: Reshufflings<\/a><br><a href=\"https:\/\/www.critical-stages.org\/24\/cs-issue-no-24-editors\/\">Savas Patsalidis<\/a>, Editor-in-Chief<\/p>\n\n\n\n<h5 class=\"wp-block-heading\"><strong>Special Topic<\/strong><\/h5>\n\n\n\n<p><strong><em>Aural\/Oral Dramaturgies<\/em><\/strong><br>Guest Editors:&nbsp;<a href=\"https:\/\/www.critical-stages.org\/24\/cs-issue-no-24-editors\/\">Du\u0161ka Radosavljevi\u0107<\/a>&nbsp;(UK) and&nbsp;<a href=\"https:\/\/www.critical-stages.org\/24\/cs-issue-no-24-editors\/\">Flora Pitrolo<\/a>&nbsp;(Italy\/UK)<\/p>\n\n\n\n<p><a href=\"https:\/\/www.critical-stages.org\/24\/aural-oral-dramaturgies-editors-introduction\/\">Aural\/Oral Dramaturgies: Editors\u2019 Introduction<\/a><br>Du\u0161ka Radosavljevi\u0107 and&nbsp;Flora Pitrolo <\/p>\n\n\n\n<p><a href=\"https:\/\/www.critical-stages.org\/24\/dramaturging-from-within-the-dramaturg-as-first-experiencer-in-immersive-audio\/\">Dramaturging from Within: The Dramaturg as First Experiencer in Immersive Audio<\/a><br>Hanna Sl\u00e4ttne<\/p>\n\n\n\n<p><a href=\"https:\/\/www.critical-stages.org\/24\/embodying-the-extra-corporeal-releasing-the-voice-from-bodily-limitations-using-mediated-voice-in-singing-training\/\">Embodying the Extra-Corporeal: Releasing the Voice from Bodily Limitations Using Mediated Voice in Singing Training<\/a><br>Shannon Holmes<\/p>\n\n\n\n<p><a href=\"https:\/\/www.critical-stages.org\/24\/you-and-me-where-and-how-do-we-meet\/\">YOU and ME\u2014Where and How Do We Meet<\/a><br>Electa Behrens and \u00d8ystein Elle<\/p>\n\n\n\n<p><a href=\"https:\/\/www.critical-stages.org\/24\/sounds-of-the-city-dramaturgy-space-identity\/\">Sounds of the City: Dramaturgy, Space, Identity<\/a><br>Katie Beswick and Javon Johnson<\/p>\n\n\n\n<p><a href=\"https:\/\/www.critical-stages.org\/24\/orality-as-dramaturgy-in-the-khasi-welsh-performance-exchange-performing-journeys-by-the-khasi-cymru-collective\/\">Orality as Dramaturgy in the Khasi-Welsh Performance Exchange: Performing Journeys by the Khasi-Cymru Collective<\/a><br>Lisa Lewis and Lapdiang Syiem<\/p>\n\n\n\n<p><a href=\"https:\/\/www.critical-stages.org\/24\/aural-oral-histories-of-pain-and-trust-in-miyagi-satoshis-revelation\/\">Aural\/Oral Histories of Pain and Trust in Satoshi Miyagi\u2019s <em>R\u00e9v\u00e9lation<\/em><\/a><br>Tomoka Tsukamoto and Ted Motohashi<\/p>\n\n\n\n<p><a href=\"https:\/\/www.critical-stages.org\/24\/aurality-and-the-actor-in-filter-theatres-twelfth-night\/\">Aurality and the Actor in Filter Theatre\u2019s <em>Twelfth Night<\/em><\/a><br>Sarah McCourt<\/p>\n\n\n\n<p><a href=\"https:\/\/www.critical-stages.org\/24\/the-hearing-body-in-robert-wilsons-and-mikhail-baryshnikovs-letter-to-a-man\/\">The Hearing Body in Robert Wilson\u2019s and Mikhail Baryshnikov\u2019s <em>Letter to a Man<\/em><\/a><br>Sylvia Solakidi<\/p>\n\n\n\n<p><a href=\"https:\/\/www.critical-stages.org\/24\/staged-installation-reported-speech-and-syndemic-images-in-blindness-and-caretaker-2020\/\">Staged Installation, Reported Speech, and Syndemic Images in <em>Blindness<\/em> and <em>Caretaker<\/em> (2020)<\/a><br>Georgina Guy<\/p>\n\n\n\n<p><a href=\"https:\/\/www.critical-stages.org\/24\/strategies-in-the-underheard-listening-in-to-new-compositional-queer-performance-making\/\">Strategies in The Underhe(a)rd: Listening in to New Compositional Queer Performance-making<\/a><br>Peta Murray, Alyson Campbell and Meta Cohen<\/p>\n\n\n\n<h5 class=\"wp-block-heading\"><strong>Essays<\/strong><\/h5>\n\n\n\n<p>Editor:&nbsp;<a href=\"https:\/\/www.critical-stages.org\/24\/cs-issue-no-24-editors\/\">Yana Meerzon<\/a>&nbsp;(Canada) <\/p>\n\n\n\n<p><a href=\"https:\/\/www.critical-stages.org\/24\/heterarchical-dramaturgies\/\">Heterarchical Dramaturgies<\/a><br>Katalin Trencs\u00e9nyi<\/p>\n\n\n\n<p><a href=\"https:\/\/www.critical-stages.org\/24\/embodying-history-preserving-memories-of-holocaust-survivors-through-performance\/\">Embodying History: Preserving Memories of Holocaust Survivors Through Performance<\/a><br>Anthony Hostetter<\/p>\n\n\n\n<p><a href=\"https:\/\/www.critical-stages.org\/24\/sculpting-china-critical-puppetry-and-the-formation-of-diasporic-identity-in-chang-and-eng-and-me-and-me\/\">Sculpting China: Critical Puppetry and the Formation of Diasporic Identity in <em>Chang and Eng and Me (and Me)<\/em><\/a><br>Tobi Poster-Su<\/p>\n\n\n\n<p><a href=\"https:\/\/www.critical-stages.org\/24\/re-visiting-greek-national-narrative-through-devised-theatre-practices-the-case-of-michael-marmarinos\/\">Re-visiting Greek National Narrative through Devised Theatre Practices: The Case of Michael Marmarinos<\/a><br>Constantina Ziropoulou<\/p>\n\n\n\n<p><a href=\"https:\/\/www.critical-stages.org\/24\/sonic-antagonism-the-sounding-audience-of-performance\/\">Sonic Antagonism: The Sounding Audience of Performance<\/a><br>Andrej Mir\u010dev<\/p>\n\n\n\n<p><a href=\"https:\/\/www.critical-stages.org\/24\/like-a-whisper-rethinking-the-politics-of-voice-and-performance-with-tania-bruguera\/\">Like a Whisper: Rethinking the Politics of Voice and Performance with Tania Bruguera<\/a><br>Anika Marschall<\/p>\n\n\n\n<p><a href=\"https:\/\/www.critical-stages.org\/24\/loss-and-being-lost-performing-precarity-through-multilingual-text-song-and-music-in-zoo-indigos-dont-leave-me-this-way\/\">Loss and Being Lost: Performing Precarity through Multilingual Text, Song and Music in Zoo Indigo\u2019s <em>Don\u2019t Leave Me This Way<\/em><\/a><br>Rosie Garton and Ildik\u00f3 Rippel<\/p>\n\n\n\n<p><a href=\"https:\/\/www.critical-stages.org\/24\/devising-decolonizing-and-disrupting-america-musical-theatre-aural-anatomy-through-the-playlist-musical\/\">Devising, Decolonizing, and Disrupting American Musical Theatre Aural Anatomy Through the Playlist Musical<\/a><br>Natalie Rine<\/p>\n\n\n\n<h5 class=\"wp-block-heading\"><strong>National Reports<\/strong> <\/h5>\n\n\n\n<p>Editor:&nbsp;<a href=\"https:\/\/www.critical-stages.org\/24\/cs-issue-no-24-editors\/\">Savas Patsalidis<\/a>&nbsp;(Greece)<\/p>\n\n\n\n<p><a href=\"https:\/\/www.critical-stages.org\/24\/capturing-hong-kong-and-theatre-through-stage-photography\/\">Capturing Hong Kong and Theatre Through Stage Photography<\/a><br>Bernice Kwok-wai Chan<\/p>\n\n\n\n<p><a href=\"https:\/\/www.critical-stages.org\/24\/south-korean-audiences-and-their-interactive-performance-in-the-madang-then-and-now\/\">South Korean Audiences and their Interactive Performance in the Madang Then and Now<\/a><br>Younghee Park, Jeremy Neideck and Caroline Heim<\/p>\n\n\n\n<p><a href=\"https:\/\/www.critical-stages.org\/24\/endangered-theatre-a-philippine-notebook\/\">Endangered Theatre: A Philippine Notebook<\/a><br>Katrina Stuart Santiago<\/p>\n\n\n\n<p><a href=\"https:\/\/www.critical-stages.org\/24\/tadashi-suzuki-and-theodoros-terzopoulos-crossing-boundaries-creating-bridges\/\">Tadashi Suzuki and Theodoros Terzopoulos: Crossing Boundaries, Creating Bridges<\/a><br>Penelope Chatzidimitriou<\/p>\n\n\n\n<h5 class=\"wp-block-heading\"><strong>Critics on Criticism<\/strong><\/h5>\n\n\n\n<p>Editor:&nbsp;<a href=\"https:\/\/www.critical-stages.org\/24\/cs-issue-no-24-editors\/\">Savas Patsalidis<\/a>&nbsp;(Greece)<\/p>\n\n\n\n<p><a href=\"https:\/\/www.critical-stages.org\/24\/anatomy-mon-amour\/\">Anatomy, Mon Amour<\/a><br>Johannes Birringer and Mich\u00e8le Danjoux<\/p>\n\n\n\n<p><a href=\"https:\/\/www.critical-stages.org\/24\/on-false-intimacies-and-anti-cathartic-modalities-of-being-in-the-digital-performances-of-crisis\/\">On False Intimacies and Anti-Cathartic Modalities of Being in the Digital Performances of Crisis<\/a><br>Yana Meerzon<\/p>\n\n\n\n<p><a href=\"https:\/\/www.critical-stages.org\/24\/fragments-of-thought-about-the-tragic-fragments-theodoros-terzopoulos-views-on-fragmentary-greek-tragedy\/\">Fragments of Thought About the Tragic Fragments: Theodoros Terzopoulos\u2019 Views on Fragmentary Greek Tragedy<\/a><br>Menelaos Karantzas<\/p>\n\n\n\n<h5 class=\"wp-block-heading\"><strong>Conference Papers<\/strong><\/h5>\n\n\n\n<p>Editor:&nbsp;<a href=\"https:\/\/www.critical-stages.org\/24\/cs-issue-no-24-editors\/\">Ivan Medenica<\/a>&nbsp;(Serbia)<\/p>\n\n\n\n<p><a href=\"https:\/\/www.critical-stages.org\/24\/franchised-recycled-performance-as-a-theatre-of-ecology\/\">Franchised\/Recycled Performance as a Theatre of Ecology<\/a><br>Ivan Medenica<\/p>\n\n\n\n<p><a href=\"https:\/\/www.critical-stages.org\/24\/anthropocentrism-on-the-stage\/\">Anthropocentrism on the Stage<\/a><br>Milo Jur\u00e1ni<\/p>\n\n\n\n<p><a href=\"https:\/\/www.critical-stages.org\/24\/phenomena-of-recycling-in-the-context-of-the-current-independent-scene-in-slovakia\/\">Phenomena of Recycling in the Context of the Current Independent Scene in Slovakia<\/a><br>Miroslav Ballay<\/p>\n\n\n\n<h5 class=\"wp-block-heading\"><strong>Interviews<\/strong><\/h5>\n\n\n\n<p>Editor:&nbsp;<a href=\"https:\/\/www.critical-stages.org\/24\/cs-issue-no-24-editors\/\">Savas Patsalidis<\/a>&nbsp;(Greece)<\/p>\n\n\n\n<p><a href=\"https:\/\/www.critical-stages.org\/24\/pumpkin-and-public-sphere-interview-with-tadashi-suzuki\/\">Pumpkin and Public Sphere: Interview with Tadashi Suzuki<\/a><br>by Ted Motohashi<\/p>\n\n\n\n<p><a href=\"https:\/\/www.critical-stages.org\/24\/the-access-point-in-st-petersburg-interview-with-filipp-vulakh-yulia-kleiman-and-alexei-platunov\/\">The Access Point in St. Petersburg: Interview with Filipp Vulakh, Yulia Kleiman and Alexei Platunov<\/a><br>by Nikolai Pesochinsky<\/p>\n\n\n\n<p><a href=\"https:\/\/www.critical-stages.org\/24\/the-theatre-leads-and-criticism-follows-interview-with-italian-theatre-critic-andrea-porcheddu\/\">The Theatre Leads, and Criticism Follows: Interview with Italian Theatre Critic Andrea Porcheddu<\/a><br>by Margherita Laera<\/p>\n\n\n\n<p><a href=\"https:\/\/www.critical-stages.org\/24\/the-global-role-of-iti-interview-with-tobias-biancone\/\">The Global Role of ITI: Interview with Tobias Biancone<\/a><br>by Savas Patsalidis<\/p>\n\n\n\n<h5 class=\"wp-block-heading\"><strong>Performance Reviews<\/strong><\/h5>\n\n\n\n<p>Editor:&nbsp;<a href=\"https:\/\/www.critical-stages.org\/24\/cs-issue-no-24-editors\/\">Matti Linnavuori<\/a>&nbsp;(Finland)<\/p>\n\n\n\n<p><a href=\"https:\/\/www.critical-stages.org\/24\/new-normal-performance-bangkok-owns-the-virtual\/\">New Normal Performance: Bangkok Owns the Virtual<\/a><br>Katrina Stuart Santiago<\/p>\n\n\n\n<p><a href=\"https:\/\/www.critical-stages.org\/24\/back-to-the-tent-canadas-stratford-festival-goes-retro-during-the-pandemic\/\">Back to the Tent: Canada\u2019s Stratford Festival Goes Retro During the Pandemic<\/a><br>Martin Morrow<\/p>\n\n\n\n<p><a href=\"https:\/\/www.critical-stages.org\/24\/choc-de-cultures-entre-loccident-et-le-tiers-monde\/\">Choc de cultures entre l\u2019Occident et le tiers-monde<\/a><br>Michel Va\u00efs<\/p>\n\n\n\n<p><a href=\"https:\/\/www.critical-stages.org\/24\/dada-shakespeare-oakland-fun-during-the-plague\/\">Dada Shakespeare: Oakland Fun during the Plague<\/a><br>Lissa Tyler Renaud<\/p>\n\n\n\n<p><a href=\"https:\/\/www.critical-stages.org\/24\/a-jumbo-hamlet\/\">A Jumbo Hamlet<\/a><br>Patricia Keeney<\/p>\n\n\n\n<p><a href=\"https:\/\/www.critical-stages.org\/24\/au-coeur-de-la-ville-avec-rimini-protocoll\/\">Au c\u0153ur de la ville avec Rimini Protocoll<\/a><br>Zo\u00e9 Ververopoulou<\/p>\n\n\n\n<p><a href=\"https:\/\/www.critical-stages.org\/24\/romanian-theatre-waiting-for-the-present-to-take-shape\/\">Romanian Theatre: Waiting for the Present to Take Shape<\/a><br>Kinga Boros<\/p>\n\n\n\n<p><a href=\"https:\/\/www.critical-stages.org\/24\/buenos-aires-to-bucharest-piazzollas-maria-travels-through-the-ages\/\">Buenos Aires to Bucharest: Piazzolla\u2019s Maria Travels through the Ages<\/a><br>Maria Z\u0103rnescu<\/p>\n\n\n\n<p><a href=\"https:\/\/www.critical-stages.org\/24\/slovakia-reaches-out-to-the-universe\/\">Slovakia reaches out to the Universe<\/a><br>Matti Linnavuori<\/p>\n\n\n\n<h5 class=\"wp-block-heading\"><strong>Book Reviews<\/strong><\/h5>\n\n\n\n<p>Editor:&nbsp;<a href=\"https:\/\/www.critical-stages.org\/24\/cs-issue-no-24-editors\/\">Don Rubin<\/a>&nbsp;(Canada)<\/p>\n\n\n\n<p><a href=\"https:\/\/www.critical-stages.org\/24\/timelines-writings-and-conversation\/\">Timelines: Writings and Conversation<\/a><br>Patricia Keeney<\/p>\n\n\n\n<p><a href=\"https:\/\/www.critical-stages.org\/24\/migrating-shakespeare-first-european-encounters-routes-and-networks\/\">Migrating Shakespeare: First European Encounters, Routes and Networks<\/a><br>Philippe Rouyer<\/p>\n\n\n\n<p><a href=\"https:\/\/www.critical-stages.org\/24\/20-groundbreaking-directors-of-eastern-europe-30-years-after-the-fall-of-the-iron-curtain\/\">20 Groundbreaking Directors of Eastern Europe: 30 Years After the Fall of the Iron Curtain<\/a><br>Ian Herbert<\/p>\n\n\n\n<p><a href=\"https:\/\/www.critical-stages.org\/24\/rediscovering-stanislavsky\/\">Rediscovering Stanislavsky<\/a><br>Nathan Thomas<\/p>\n\n\n\n<h5 class=\"wp-block-heading\"><strong>In Memoriam<\/strong><\/h5>\n\n\n\n<p><a href=\"https:\/\/www.critical-stages.org\/24\/sir-antony-sher-actor-artist-diarist-novelist-playwright\/\">Sir Antony Sher: Actor, Artist, Diarist, Novelist, Playwright<\/a><br>Ian Herbert<\/p>\n\n\n\n<p><a href=\"https:\/\/www.critical-stages.org\/24\/ion-caramitru-an-artistic-guiding-force-1942-2021\/\">Ion Caramitru \u2013 An Artistic Guiding Force (1942-2021)<\/a><br>Maria Z\u0103rnescu<\/p>\n\n\n\n<p><a href=\"https:\/\/www.critical-stages.org\/24\/ion-caramitru-un-acteur-plus-quacteur\/\">Ion Caramitru, un acteur plus qu\u2019acteur<\/a><br>Georges Banu<\/p>\n","protected":false},"excerpt":{"rendered":"","protected":false},"author":1,"featured_media":0,"parent":0,"menu_order":0,"comment_status":"closed","ping_status":"closed","template":"","meta":{"footnotes":""},"class_list":["post-814","page","type-page","status-publish","hentry"],"jetpack_sharing_enabled":true,"jetpack-related-posts":[{"id":280,"url":"https:\/\/www.critical-stages.org\/24\/cs-issue-no-24-editors\/","url_meta":{"origin":814,"position":0},"title":"CS Issue No 24 Editors","author":"cs2-admin","date":"November 9, 2021","format":false,"excerpt":"Special Topic Du\u0161ka Radosavljevi\u0107\u00a0is a writer, dramaturg and Reader in Contemporary Theatre and Performance at the Royal Central School of Speech and Drama, University of London. Her scholarly work focuses on modes of authorship in contemporary theatre and, in addition, she has written for and about performance in various contexts\u202fincluding\u2026","rel":"","context":"Similar post","block_context":{"text":"Similar post","link":""},"img":{"alt_text":"","src":"https:\/\/i0.wp.com\/www.critical-stages.org\/24\/wp-content\/uploads\/sites\/25\/2021\/12\/PER-Maria-de-Buenos-7.jpg?resize=350%2C200&ssl=1","width":350,"height":200,"srcset":"https:\/\/i0.wp.com\/www.critical-stages.org\/24\/wp-content\/uploads\/sites\/25\/2021\/12\/PER-Maria-de-Buenos-7.jpg?resize=350%2C200&ssl=1 1x, https:\/\/i0.wp.com\/www.critical-stages.org\/24\/wp-content\/uploads\/sites\/25\/2021\/12\/PER-Maria-de-Buenos-7.jpg?resize=525%2C300&ssl=1 1.5x, https:\/\/i0.wp.com\/www.critical-stages.org\/24\/wp-content\/uploads\/sites\/25\/2021\/12\/PER-Maria-de-Buenos-7.jpg?resize=700%2C400&ssl=1 2x"},"classes":[]},{"id":808,"url":"https:\/\/www.critical-stages.org\/24\/editorial-note\/","url_meta":{"origin":814,"position":1},"title":"Editorial Note","author":"cs2-admin","date":"December 23, 2021","format":false,"excerpt":"Reshufflings Savas Patsalidis* Dear reader, Happy New Year! Almost two years have gone by since the beginning of the pandemic, two difficult and frustrating years for everyone, particularly for all those involved with the theatre. This colossal humanitarian crisis that has affected all societies, their economies and their arts at\u2026","rel":"","context":"Similar post","block_context":{"text":"Similar post","link":""},"img":{"alt_text":"","src":"https:\/\/i0.wp.com\/www.critical-stages.org\/24\/wp-content\/uploads\/sites\/25\/2021\/10\/Savas-Patsalidis-140x150.jpeg?resize=350%2C200&ssl=1","width":350,"height":200},"classes":[]},{"id":812,"url":"https:\/\/www.critical-stages.org\/24\/note-editoriale\/","url_meta":{"origin":814,"position":2},"title":"Note \u00e9ditoriale","author":"cs2-admin","date":"December 23, 2021","format":false,"excerpt":"Remaniements Savas Patsalidis* Chers lecteurs, ch\u00e8res lectrices, Bonne ann\u00e9e\u00a0! Pr\u00e8s de deux ans se sont \u00e9coul\u00e9s depuis le d\u00e9but de la pand\u00e9mie, deux ann\u00e9es difficiles et frustrantes pour tout le monde, et pour les gens de th\u00e9\u00e2tre en particulier. Cette crise humanitaire colossale, qui a touch\u00e9 toutes les soci\u00e9t\u00e9s, leurs\u2026","rel":"","context":"Similar post","block_context":{"text":"Similar post","link":""},"img":{"alt_text":"","src":"https:\/\/i0.wp.com\/www.critical-stages.org\/24\/wp-content\/uploads\/sites\/25\/2021\/10\/Savas-Patsalidis-140x150.jpeg?resize=350%2C200&ssl=1","width":350,"height":200},"classes":[]},{"id":821,"url":"https:\/\/www.critical-stages.org\/24\/inter-connecting-a-collection-of-useful-links\/","url_meta":{"origin":814,"position":3},"title":"Inter-Connecting: A Collection of Useful Links","author":"cs2-admin","date":"December 23, 2021","format":false,"excerpt":"Drafted by Katerina Delikonstantinidou* Since it was launched in 2009, Critical Stages\/Sc\u00e8nes Critiques has become well-established as a genuinely inclusive webjournal; the range and diversity of its contributors and the breadth of its intellectual exploration and enquiry attest to that. The journal has an outward-facing, genuinely global vision of theatre\u2026","rel":"","context":"Similar post","block_context":{"text":"Similar post","link":""},"img":{"alt_text":"Katerina","src":"https:\/\/i0.wp.com\/www.critical-stages.org\/12\/wp-content\/uploads\/sites\/2\/2015\/12\/Katerina-300x259.jpg?resize=350%2C200&ssl=1","width":350,"height":200},"classes":[]}],"_links":{"self":[{"href":"https:\/\/www.critical-stages.org\/24\/wp-json\/wp\/v2\/pages\/814","targetHints":{"allow":["GET"]}}],"collection":[{"href":"https:\/\/www.critical-stages.org\/24\/wp-json\/wp\/v2\/pages"}],"about":[{"href":"https:\/\/www.critical-stages.org\/24\/wp-json\/wp\/v2\/types\/page"}],"author":[{"embeddable":true,"href":"https:\/\/www.critical-stages.org\/24\/wp-json\/wp\/v2\/users\/1"}],"replies":[{"embeddable":true,"href":"https:\/\/www.critical-stages.org\/24\/wp-json\/wp\/v2\/comments?post=814"}],"version-history":[{"count":7,"href":"https:\/\/www.critical-stages.org\/24\/wp-json\/wp\/v2\/pages\/814\/revisions"}],"predecessor-version":[{"id":844,"href":"https:\/\/www.critical-stages.org\/24\/wp-json\/wp\/v2\/pages\/814\/revisions\/844"}],"wp:attachment":[{"href":"https:\/\/www.critical-stages.org\/24\/wp-json\/wp\/v2\/media?parent=814"}],"curies":[{"name":"wp","href":"https:\/\/api.w.org\/{rel}","templated":true}]}}