{"id":1110,"date":"2021-01-26T12:13:10","date_gmt":"2021-01-26T12:13:10","guid":{"rendered":"https:\/\/www.critical-stages.org\/22\/?page_id=1110"},"modified":"2025-06-27T18:43:35","modified_gmt":"2025-06-27T18:43:35","slug":"table-of-contents","status":"publish","type":"page","link":"https:\/\/www.critical-stages.org\/22\/table-of-contents\/","title":{"rendered":"Table of Contents"},"content":{"rendered":"\n<p><a href=\"https:\/\/www.critical-stages.org\/22\/editorial-note-about-theatre-criticism\/\">Editorial Note: About Theatre Criticism<\/a><br>Savas Patsalidis, Editor-in-Chief<\/p>\n\n\n\n<h5 class=\"wp-block-heading\"><strong>Special Topic<\/strong><\/h5>\n\n\n\n<p><strong><em>Theatre Criticism in the Age of Self-Isolation and Social Distancing<\/em><\/strong><br>Co-Editors:&nbsp;<a href=\"https:\/\/www.critical-stages.org\/22\/cs-issue-no-22-editors\/\"><strong>Yana Meerzon<\/strong><\/a>&nbsp;(Canada),&nbsp;<a href=\"https:\/\/www.critical-stages.org\/22\/cs-issue-no-22-editors\/\"><strong>Savas Patsalidis<\/strong><\/a>&nbsp;(Greece),&nbsp;<a href=\"https:\/\/www.critical-stages.org\/22\/cs-issue-no-22-editors\/\"><strong>Aisling Murphy<\/strong><\/a>&nbsp;(Canada)<\/p>\n\n\n\n<p class=\"toctext\"><a href=\"https:\/\/www.critical-stages.org\/22\/editors-comment-theatre-criticism-the-day-after\/\">Editors\u2019 Comment: Theatre (Criticism) the Day After<\/a><br>Yana Meerzon, Savas Patsalidis, Aisling Murphy<\/p>\n\n\n\n<p class=\"toctext\"><a href=\"https:\/\/www.critical-stages.org\/22\/how-to-write-about-theatre-online-workshops\/\">How to Write About Theatre Online Workshops<\/a><br>Mark Fisher<\/p>\n\n\n\n<p class=\"toctext\"><a href=\"https:\/\/www.critical-stages.org\/22\/catr-digital-criticism-pedagogies-workshop-2020-recap\/\">CATR Digital Criticism Pedagogies Workshop 2020 Recap<\/a><br>Karen Fricker, Michelle Macarthur, Aisling Murphy, Robyn Grant-Moran, Mae Smith<\/p>\n\n\n\n<p class=\"toctext\"><a href=\"https:\/\/www.critical-stages.org\/22\/arts-journalism-and-theatre-in-the-pandemic-era-mutations-redefinitions-and-challenges\/\">Arts Journalism and Theatre in the Pandemic Era: Mutations, Redefinitions and Challenges<\/a><br>Zoe Ververopoulou<\/p>\n\n\n\n<p class=\"toctext\"><a href=\"https:\/\/www.critical-stages.org\/22\/chilean-crises-lead-to-experiments-in-online-theatre\/\">Chilean Crises Lead to Experiments in Online Theatre<\/a><br>Pablo Cisternas, Milena Grass Kleiner, Andr\u00e9s Kalawski, Cristi\u00e1n Opazo<\/p>\n\n\n\n<p class=\"toctext\"><a href=\"https:\/\/www.critical-stages.org\/22\/le-theatre-en-confinement-quest-ce-que-nous-avons-regarde-en-turquie\/\">Le th\u00e9\u00e2tre en confinement : qu\u2019est-ce que nous avons regard\u00e9 en Turquie ?<\/a><br>Ece Yassitepe Ayyildiz<\/p>\n\n\n\n<p class=\"toctext\"><a href=\"https:\/\/www.critical-stages.org\/22\/tercera-llamada-liveonlinenow-notes-on-a-virtual-theatre-experience\/\">Tercera Llamada #LiveOnlineNow: Notes on a Virtual Theatre Experience<\/a><br>Fernando Valcheff Garc\u00eda, Regina Solis Mirandal, Sara Hermo<\/p>\n\n\n\n<p class=\"toctext\"><a href=\"https:\/\/www.critical-stages.org\/22\/internet-curse-or-blessing\/\">Internet: Curse or Blessing<\/a><br>Esther Slevogt<\/p>\n\n\n\n<p class=\"toctext\"><a href=\"https:\/\/www.critical-stages.org\/22\/the-digital-sublime-and-fragility-in-the-time-of-covid-19-and-the-eco-crisis-the-dynamics-of-becoming\/\">The Digital Sublime and Fragility in the Time of COVID-19 and the Eco-crisis: The Dynamics of Becoming<\/a><br>Hanna Helavuori<\/p>\n\n\n\n<p class=\"toctext\"><a href=\"https:\/\/www.critical-stages.org\/22\/electric-dance-or-how-to-talk-with-birds\/\">Electric Dance, or How to Talk with Birds<\/a><br>Johannes Birringer<\/p>\n\n\n\n<p class=\"toctext\"><a href=\"https:\/\/www.critical-stages.org\/22\/lockdown-verses-and-anxieties-of-presence-how-polish-theatre-rhymed-a-case-for-its-purpose-on-the-pandemic-stage\/\">Lockdown Verses and Anxieties of Presence: How Polish Theatre Rhymed a Case for Its Purpose on the Pandemic Stage<\/a><br>Kasia Lech<\/p>\n\n\n\n<p class=\"toctext\"><a href=\"https:\/\/www.critical-stages.org\/22\/some-reflections-on-theatre-in-a-post-pre-pandemic-moscow\/\">Some Reflections on Theatre in a Post (Pre-) Pandemic Moscow<\/a><br>Alla Shenderova<\/p>\n\n\n\n<p class=\"toctext\"><a href=\"https:\/\/www.critical-stages.org\/22\/ceci-nest-pas-un-theatre-theatre-in-the-age-of-covid\/\"><em>Ceci n\u2019est pas un th\u00e9\u00e2tre<\/em>: Theatre in the Age of COVID<\/a><br>Mark Brown<\/p>\n\n\n\n<p class=\"toctext\"><a href=\"https:\/\/www.critical-stages.org\/22\/the-performance-of-protest-in-a-post-covid-world-a-theatre-critics-perspective-from-india\/\">The Performance of Protest in a Post-COVID World: A Theatre Critic\u2019s Perspective from India<\/a><br>Deepa Punjani<\/p>\n\n\n\n<p class=\"toctext\"><a href=\"https:\/\/www.critical-stages.org\/22\/not-here-not-now-liveness-revisited\/\">Not Here, Not Now? Liveness Revisited<\/a><br>Ma\u0142gorzata Sugiera<\/p>\n\n\n\n<p class=\"toctext\"><a href=\"https:\/\/www.critical-stages.org\/22\/brecht-is-more-relevant-than-ever-in-the-time-of-covid-19\/\">Brecht Is More Relevant Than Ever in the Time of COVID-19<\/a><br>Jisoo Nam<\/p>\n\n\n\n<p class=\"toctext\"><a href=\"https:\/\/www.critical-stages.org\/22\/le-theatre-survivra-t-il-a-la-tentation-du-virtuel\/\">Le th\u00e9\u00e2tre survivra-t-il \u00e0 la tentation du virtuel ?<\/a><br>Tibor Egervari<\/p>\n\n\n\n<p class=\"toctext\"><a href=\"https:\/\/www.critical-stages.org\/22\/pandemic-v-effect-the-plague-as-theatre-criticism\/\">Pandemic V-Effect: The Plague as Theatre Criticism<\/a><br>Felipe Cervera and Azadeh Sharifi<\/p>\n\n\n\n<p class=\"toctext\"><a href=\"https:\/\/www.critical-stages.org\/22\/after-devitalized-theatre\/\">After Devitalized Theatre<\/a><br>Nenad Jelesijevi\u0107<\/p>\n\n\n\n<p class=\"toctext\"><a href=\"https:\/\/www.critical-stages.org\/22\/theatre-and-censorship-in-the-pandemic\/\">Theatre and Censorship in the Pandemic<\/a><br>Patricia Nikolova<\/p>\n\n\n\n<p class=\"toctext\"><a href=\"https:\/\/www.critical-stages.org\/22\/misplaced-self-in-the-misplaced-city\/\">Misplaced Self in the Misplaced City<\/a><br>Tan Tan (Weiwei Sun)<\/p>\n\n\n\n<p class=\"toctext\"><a href=\"https:\/\/www.critical-stages.org\/22\/migrant-representation-in-the-u-k-theatre-industry-how-covid-19-catalysed-a-movement\/\">Migrant Representation in the U.K. Theatre Industry: How Covid-19 Catalysed a Movement<\/a><br>Sally Beck Wippman (contrib. Zhui-Ning Chang, Lara Parmiani)<\/p>\n\n\n\n<h5 class=\"wp-block-heading\"><strong>Essays<\/strong><\/h5>\n\n\n\n<p>Editor:&nbsp;<a href=\"https:\/\/www.critical-stages.org\/22\/cs-issue-no-22-editors\/\"><strong>Yana Meerzon<\/strong><\/a>&nbsp;(Canada)<\/p>\n\n\n\n<p class=\"toctext\"><a href=\"https:\/\/www.critical-stages.org\/22\/fabulamundi-workbook\/\">Contemporary Playwriting and Theatre Translation Cultures in Europe: A Report on Current Systems, Conventions and Perceptions<\/a><br>Margherita Laera<\/p>\n\n\n\n<p class=\"toctext\"><a href=\"https:\/\/www.critical-stages.org\/22\/relaxed-performance-an-ethnography-of-pedagogy-in-praxis\/\">Relaxed Performance: An Ethnography of Pedagogy in Praxis<\/a><br>Carla Rice, Chelsea Temple Jones, Jessica Watkin, Kayla Besse<\/p>\n\n\n\n<p class=\"toctext\"><a href=\"https:\/\/www.critical-stages.org\/22\/papa-merci-detre-mort-un-spectacle-pour-les-adultes-qui-etaient-autrefois-des-enfants\/\">\u00ab \u2026papa merci d\u2019\u00eatre mort \u00bb \u2013 Un spectacle pour les adultes qui \u00e9taient autrefois des enfants<\/a><br>Irina Antonova<\/p>\n\n\n\n<p class=\"toctext\"><a href=\"https:\/\/www.critical-stages.org\/22\/rethinking-authority-creativity-and-authorship-in-twenty-first-century-performance-the-directors-revised-role\/\">Rethinking Authority, Creativity and Authorship in Twenty-First-Century Performance: The Director\u2019s Revised Role<\/a><br>Avra Sidiropoulou<\/p>\n\n\n\n<p class=\"toctext\"><a href=\"https:\/\/www.critical-stages.org\/22\/what-is-this-thing-drama-plays-for-dialogue-in-a-rwandan-college-setting\/\">What Is This Thing, Drama? Plays for Dialogue in a Rwandan College Setting<\/a><br>Amy S. Green<\/p>\n\n\n\n<p class=\"toctext\"><a href=\"https:\/\/www.critical-stages.org\/22\/au-dela-des-frontieres-les-ponts\/\">Au-del\u00e0 des fronti\u00e8res, les ponts<\/a><br>Georges Banu<\/p>\n\n\n\n<h5 class=\"wp-block-heading\"><strong>National Reports<\/strong><\/h5>\n\n\n\n<p>Editor:&nbsp;<a href=\"https:\/\/www.critical-stages.org\/22\/cs-issue-no-22-editors\/\"><strong>Savas Patsalidis<\/strong><\/a>&nbsp;(Greece)<\/p>\n\n\n\n<p class=\"toctext\"><a href=\"https:\/\/www.critical-stages.org\/22\/mission-im-possible-in-search-of-identity-and-the-aesthetics-of-hong-kong-contemporary-theatre\/\">Mission Im\/possible: In Search of Identity and the Aesthetics of Hong Kong Contemporary Theatre<\/a><br>Bernice Kwok-wai Chan<\/p>\n\n\n\n<h5 class=\"wp-block-heading\"><strong>Critics on Criticism<\/strong><\/h5>\n\n\n\n<p><strong><em>Theatre Criticism for Young Audiences: New Directions<\/em><\/strong><br>Co-Editors:&nbsp;<a href=\"https:\/\/www.critical-stages.org\/22\/cs-issue-no-22-editors\/\"><strong>Diana Damian Martin<\/strong><\/a>&nbsp;(UK),&nbsp;<a href=\"https:\/\/www.critical-stages.org\/22\/cs-issue-no-22-editors\/\"><strong>Anette Therese Pettersen<\/strong><\/a>&nbsp;(Norway),&nbsp;<strong><a href=\"https:\/\/www.critical-stages.org\/22\/cs-issue-no-22-editors\/\">Rui Pina Coelho<\/a>&nbsp;<\/strong>(Portugal)<\/p>\n\n\n\n<p class=\"toctext\"><a href=\"https:\/\/www.critical-stages.org\/22\/note-from-the-editors\/\"><\/a><a href=\"https:\/\/www.critical-stages.org\/22\/note-from-the-editors\/\">Note from the Editors<\/a><br>Diana Damian Martin, Anette Therese Pettersen, Rui Pina Coelho<\/p>\n\n\n\n<p class=\"toctext\"><a href=\"https:\/\/www.critical-stages.org\/22\/flight-paths-and-theatre-for-early-years-audiences\/\"><em>Flight<\/em>&nbsp;Paths and Theatre for Early Years Audiences<\/a><br>Robyn Ayles, Heather Fitzsimmons Frey, Margaret Mykietyshyn<\/p>\n\n\n\n<p class=\"toctext\"><a href=\"https:\/\/www.critical-stages.org\/22\/wp-admin\/post.php?post=1101&amp;action=edit\"><\/a><a href=\"https:\/\/www.critical-stages.org\/22\/young-critical-practices-ways-of-thinking-in-and-with-the-arts\/\">Young Critical Practices: Ways of Thinking in and With the Arts<\/a><br>Anette Therese Pettersen<\/p>\n\n\n\n<p class=\"toctext\"><a href=\"https:\/\/www.critical-stages.org\/22\/describe-evaluate-argue-teaching-criticism-for-young-writers\/\">Describe, Evaluate, Argue: Teaching Criticism for Young Writers<\/a><br>Hild Borchgrevink, Ida Habbestad&nbsp;<\/p>\n\n\n\n<p class=\"toctext\"><a href=\"https:\/\/www.critical-stages.org\/22\/what-if-we-just-dance-an-example-of-interactive-criticism\/\"><\/a><a href=\"https:\/\/www.critical-stages.org\/22\/criticism-as-a-play-space\/\">Criticism as a Play-Space<\/a><br>Merve Tokg\u00f6z&nbsp;<\/p>\n\n\n\n<p class=\"toctext\"><a href=\"https:\/\/www.critical-stages.org\/22\/wp-admin\/post.php?post=1045&amp;action=edit\"><\/a><a href=\"https:\/\/www.critical-stages.org\/22\/what-if-we-just-dance-an-example-of-interactive-criticism\/\"><em>What If We Just Dance?<\/em>&nbsp;An Example of Interactive Criticism<\/a><br>Paraskevi Tektonidou<\/p>\n\n\n\n<p class=\"toctext\"><a href=\"https:\/\/www.critical-stages.org\/22\/young-critical-practices-ways-of-thinking-in-and-with-the-arts\/\"><a href=\"https:\/\/www.critical-stages.org\/22\/young-critical-practices-ways-of-thinking-in-and-with-the-arts\/\"><a href=\"https:\/\/www.critical-stages.org\/22\/young-critical-practices-ways-of-thinking-in-and-with-the-arts\/\">Young Critical Practices: Ways of Thinking in and With the Arts<\/a><\/a><\/a><br>Anette Therese Pettersen<\/p>\n\n\n\n<p class=\"toctext\"><a href=\"https:\/\/www.critical-stages.org\/22\/wp-admin\/post.php?post=1009&amp;action=edit\"><\/a><a href=\"https:\/\/www.critical-stages.org\/22\/parallel-space-for-reflection-interview-with-zala-dobovsek\/\">\u201cParallel Space for Reflection\u201d: Interview with Zala Dobov\u0161ek<\/a><br>Tja\u0161a Bertoncelj&nbsp;<\/p>\n\n\n\n<p class=\"toctext\"><a href=\"https:\/\/www.critical-stages.org\/22\/the-young-peoples-stage-of-the-national-theatre-of-greece-cultural-politics-and-pedagogical-paradigms\/\">The Young People\u2019s Stage of the National Theatre of Greece: Cultural Politics and Pedagogical Paradigms<\/a><br>Zafiris Nikitas&nbsp;<\/p>\n\n\n\n<p class=\"toctext\"><a href=\"https:\/\/www.critical-stages.org\/22\/flight-paths-and-theatre-for-early-years-audiences\/\"><\/a><a href=\"https:\/\/www.critical-stages.org\/22\/reinventer-les-paysages-et-dessiner-les-vols-au-theatre-de-marionnettes-de-porto\/\">R\u00e9inventer les paysages et dessiner les vols au Th\u00e9\u00e2tre de Marionnettes de Porto<\/a><br>Catarina Firmo&nbsp;<\/p>\n\n\n\n<h5 class=\"wp-block-heading\"><strong>Interviews<\/strong><\/h5>\n\n\n\n<p>Editor:&nbsp;<strong><a href=\"https:\/\/www.critical-stages.org\/22\/cs-issue-no-22-editors\/\">Savas Patsalidis<\/a><\/strong>&nbsp;(Greece)<\/p>\n\n\n\n<p class=\"toctext\"><a href=\"https:\/\/www.critical-stages.org\/22\/interview-with-maria-shevtsova\/\">Sociology of Theatre and Performance: Interview with Maria Shevtsova<\/a><br>by Savas Patsalidis<\/p>\n\n\n\n<p class=\"toctext\"><a href=\"https:\/\/www.critical-stages.org\/22\/our-responsibility-lies-in-our-decisions-an-interview-with-patrice-pavis\/\">Our Responsibility Lies in Our Decisions: Interview with Patrice Pavis<\/a><br>by \u00c9va Patk\u00f3 and Savas Patsalidis<\/p>\n\n\n\n<p class=\"toctext\"><a href=\"https:\/\/www.critical-stages.org\/22\/a-digital-talk-about-an-analogue-art-interview-with-erika-fischer-lichte\/\">A Digital Talk About an Analogue Art: Interview with Erika Fischer-Lichte<\/a><br>by Ivan Medenica<\/p>\n\n\n\n<p class=\"toctext\"><a href=\"https:\/\/www.critical-stages.org\/22\/experiments-with-human-nature-interview-with-margarita-mladenova\/\">Experiments with Human Nature: Interview with Margarita Mladenova<\/a><br>by Kamelia Nikolova<\/p>\n\n\n\n<p class=\"toctext\"><a href=\"https:\/\/www.critical-stages.org\/22\/in-search-of-contexts-an-interview-with-neelam-mansingh-chowdhry\/\">In Search of Contexts: Interview with Neelam Mansingh Chowdhry<\/a><br>by Vikram Phukan<\/p>\n\n\n\n<p class=\"toctext\"><a href=\"https:\/\/www.critical-stages.org\/22\/i-can-see-you-on-zoom-interview-with-olive-bieringa-and-otto-ramstad\/\">I Can See you, on Zoom: Interview with Olive Bieringa and Otto Ramstad<\/a><br>by Tina Peri\u0107<\/p>\n\n\n\n<p class=\"toctext\"><a href=\"https:\/\/www.critical-stages.org\/22\/the-counterpart-becoming-myself-interview-with-kang-ryang-won\/\">\u201cThe Counterpart\u201d Becoming Myself: Interview with Kang Ryang-won<\/a><br>by Lee Hwawon<\/p>\n\n\n\n<p class=\"toctext\"><a href=\"https:\/\/www.critical-stages.org\/22\/documentary-theatre-about-aesthetics-and-politics-an-interview-with-martha-bouziouri\/\">Documentary Theatre: About Aesthetics and Politics. Interview with Martha Bouziouri<\/a><br>by Savas Patsalidis<\/p>\n\n\n\n<p class=\"toctext\"><a href=\"https:\/\/www.critical-stages.org\/22\/de-la-rencontre-aux-ecrans-une-approche-kaleidoscopique-du-reel-entretien-avec-berlin\/\">De la rencontre aux \u00e9crans: une approche kal\u00e9idoscopique du r\u00e9el : Entretien avec BERLIN<\/a><br>par Karolina Svobodova<\/p>\n\n\n\n<p class=\"toctext\"><a href=\"https:\/\/www.critical-stages.org\/22\/corps-voix-memoire-entretien-avec-guy-regis-jr\/\">Corps, voix, m\u00e9moire : Entretien avec Guy R\u00e9gis Jr.<\/a><br>par Jason Allen-Paisant<\/p>\n\n\n\n<h5 class=\"wp-block-heading\"><strong>Performance Reviews<\/strong><\/h5>\n\n\n\n<p>Editor:&nbsp;<strong><a href=\"https:\/\/www.critical-stages.org\/22\/cs-issue-no-22-editors\/\">Matti Linnavuori<\/a><\/strong>&nbsp;(Finland)<\/p>\n\n\n\n<p class=\"toctext\"><a href=\"https:\/\/www.critical-stages.org\/22\/macmillans-pandemic-theatre-in-latvia\/\">Macmillan\u2019s Pandemic Theatre in Latvia<\/a><br>Lauma Mell\u0113na-Bartkevi\u010da<\/p>\n\n\n\n<p class=\"toctext\"><a href=\"https:\/\/www.critical-stages.org\/22\/the-game-is-over\/\">The Game Is Over<\/a><br>Marina (Maka) Vasadze<\/p>\n\n\n\n<p class=\"toctext\"><a href=\"https:\/\/www.critical-stages.org\/22\/hallucinations-of-a-finnish-anarchist\/\">Hallucinations of a Finnish Anarchist<\/a><br>Matti Linnavuori<\/p>\n\n\n\n<p class=\"toctext\"><a href=\"https:\/\/www.critical-stages.org\/22\/qui-a-peur-du-theatre\/\">Qui a peur du th\u00e9\u00e2tre ?<\/a><br>Camille Khoury<\/p>\n\n\n\n<p class=\"toctext\"><a href=\"https:\/\/www.critical-stages.org\/22\/defeats-to-lament-lives-to-celebrate-fragments-of-a-greek-festival\/\">Defeats to Lament, Lives to Celebrate: Fragments of a Greek Festival<\/a><br>Aikaterini Delikonstantinidou<\/p>\n\n\n\n<p class=\"toctext\"><a href=\"https:\/\/www.critical-stages.org\/22\/theatre-et-musique-un-mariage-risque\/\">Th\u00e9\u00e2tre et musique, un mariage risqu\u00e9<\/a><br>Selim Lander<\/p>\n\n\n\n<p class=\"toctext\"><a href=\"https:\/\/www.critical-stages.org\/22\/exodos-the-body-is-the-oracle\/\"><em>Exodos<\/em>. The Body Is the Oracle<\/a><br>Penelope Chatzidimitriou<\/p>\n\n\n\n<p class=\"toctext\"><a href=\"https:\/\/www.critical-stages.org\/22\/theater-of-war-the-relevance-of-community-arts-during-the-pandemic\/\">Theater of War: The Relevance of Community Arts during the Pandemic<\/a><br>Angela Constantinidou<\/p>\n\n\n\n<p class=\"toctext\"><a href=\"https:\/\/www.critical-stages.org\/22\/les-bienfaits-collateraux-dune-pandemie-a-luxembourg\/\">Les bienfaits collat\u00e9raux d\u2019une pand\u00e9mie \u00e0 Luxembourg<\/a><br>St\u00e9phane Gilbart<\/p>\n\n\n\n<h5 class=\"wp-block-heading\"><strong>Book Reviews<\/strong><\/h5>\n\n\n\n<p>Editor:&nbsp;<strong><a href=\"https:\/\/www.critical-stages.org\/22\/cs-issue-no-22-editors\/\">Don Rubin<\/a><\/strong>&nbsp;(Canada)<\/p>\n\n\n\n<p class=\"toctext\"><a href=\"https:\/\/www.critical-stages.org\/22\/shakespeare-in-the-theatre-patrice-chereau\/\">Shakespeare in the Theatre: Patrice Ch\u00e9reau<\/a><br>par Philippe Rouyer<\/p>\n\n\n\n<p class=\"toctext\"><a href=\"https:\/\/www.critical-stages.org\/22\/marionetteatern-60-years-and-more\/\">Marionetteatern: 60 Years and More<\/a><br>par Louise Lapointe<\/p>\n\n\n\n<p class=\"toctext\"><a href=\"https:\/\/www.critical-stages.org\/22\/tnt-the-new-theatre\/\">TNT: The New Theatre<\/a><br>Ian Herbert<\/p>\n\n\n\n<p class=\"toctext\"><a href=\"https:\/\/www.critical-stages.org\/22\/contemporary-plays-by-african-women\/\">Contemporary Plays by African Women<\/a><br>Patricia Keeney<\/p>\n\n\n\n<h5 class=\"wp-block-heading\"><strong>In Memoriam<\/strong><\/h5>\n\n\n\n<p><strong><em>In Memoriam: Remembering Two IATC Laureates<\/em><\/strong><br>Editor:&nbsp;<strong><a href=\"https:\/\/www.critical-stages.org\/22\/cs-issue-no-22-editors\/\">Don Rubin<\/a><\/strong>&nbsp;(Canada)<\/p>\n\n\n\n<p class=\"toctext\"><a href=\"https:\/\/www.critical-stages.org\/22\/kapila-vatsyayan-a-legend-of-indian-culture\/\">Kapila Vatsyayan: A Legend of Indian Culture<\/a><br>Ravi Chaturvedi<\/p>\n\n\n\n<p class=\"toctext\"><a href=\"https:\/\/www.critical-stages.org\/22\/kapila-vatsyayan-and-the-iatc-thalia-prize\/\">Kapila Vatsyayan and the IATC Thalia Prize<\/a><br>Margareta S\u00f6renson<\/p>\n\n\n\n<p class=\"toctext\"><a href=\"https:\/\/www.critical-stages.org\/22\/remembering-eric-bentley\/\">Remembering Eric Bentley<\/a><br>Don Rubin<\/p>\n","protected":false},"excerpt":{"rendered":"","protected":false},"author":1,"featured_media":0,"parent":0,"menu_order":0,"comment_status":"closed","ping_status":"closed","template":"","meta":{"advanced_seo_description":"","jetpack_seo_html_title":"","jetpack_seo_noindex":false,"footnotes":""},"class_list":["post-1110","page","type-page","status-publish","hentry"],"jetpack_sharing_enabled":true,"jetpack-related-posts":[{"id":1187,"url":"https:\/\/www.critical-stages.org\/22\/publications\/","url_meta":{"origin":1110,"position":0},"title":"Publications","author":"cs2-admin","date":"April 21, 2021","format":false,"excerpt":"Special Topic Theatre Criticism in the Age of Self-Isolation and Social DistancingCo-Editors:\u00a0Yana Meerzon\u00a0(Canada),\u00a0Savas Patsalidis\u00a0(Greece),\u00a0Aisling Murphy\u00a0(Canada) Editors\u2019 Comment: Theatre (Criticism) the Day AfterYana Meerzon, Savas Patsalidis, Aisling Murphy How to Write About Theatre Online WorkshopsMark Fisher CATR Digital Criticism Pedagogies Workshop 2020 RecapKaren Fricker, Michelle Macarthur, Aisling Murphy, Robyn Grant-Moran, Mae\u2026","rel":"","context":"Similar post","block_context":{"text":"Similar post","link":""},"img":{"alt_text":"","src":"","width":0,"height":0},"classes":[]},{"id":899,"url":"https:\/\/www.critical-stages.org\/22\/editorial-note-about-theatre-criticism\/","url_meta":{"origin":1110,"position":1},"title":"Editorial Note","author":"cs2-admin","date":"December 13, 2020","format":false,"excerpt":"About Theatre Criticism Savas Patsalidis* The pandemic is still making headlines around the world, despite the arrival of the vaccines. As far as theatre is concerned, and given the state of world economies, it is not easy to imagine how the \u201cnew reality\u201d of a post-COVID world will turn out.\u2026","rel":"","context":"Similar post","block_context":{"text":"Similar post","link":""},"img":{"alt_text":"","src":"https:\/\/i0.wp.com\/www.critical-stages.org\/22\/wp-content\/uploads\/sites\/23\/2020\/10\/Spats.jpg?resize=350%2C200&ssl=1","width":350,"height":200},"classes":[]},{"id":42,"url":"https:\/\/www.critical-stages.org\/22\/cs-issue-no-22-editors\/","url_meta":{"origin":1110,"position":2},"title":"CS Issue No 22 Editors","author":"cs2-admin","date":"September 23, 2020","format":false,"excerpt":"Special Topic, Interviews, National Reports Savas Patsalidis, Professor of theatre and performance history and theory in the School of English (Aristotle University, Thessaloniki), the Hellenic Open University and the Drama School of the National Theatre of Northern Greece. He is also a regular lecturer on the Graduate Programme of the\u2026","rel":"","context":"Similar post","block_context":{"text":"Similar post","link":""},"img":{"alt_text":"","src":"https:\/\/i0.wp.com\/www.critical-stages.org\/22\/wp-content\/uploads\/sites\/23\/2020\/09\/Murphy.jpg?resize=350%2C200&ssl=1","width":350,"height":200},"classes":[]},{"id":902,"url":"https:\/\/www.critical-stages.org\/22\/editorial-a-propos-de-la-critique-theatrale\/","url_meta":{"origin":1110,"position":3},"title":"\u00c9ditorial","author":"cs2-admin","date":"December 13, 2020","format":false,"excerpt":"\u00c0 propos de la critique th\u00e9\u00e2trale Savas Patsalidis* La pand\u00e9mie continue de faire les manchettes autour du monde, malgr\u00e9 l\u2019arriv\u00e9e des vaccins. Quant au th\u00e9\u00e2tre, et vu l\u2019\u00e9tat de l\u2019\u00e9conomie mondiale, il n\u2019est pas simple d\u2019imaginer quelle sera la \u00ab\u00a0nouvelle r\u00e9alit\u00e9\u00a0\u00bb d\u2019un monde post-COVID. L\u2019histoire nous a montr\u00e9 que les\u2026","rel":"","context":"Similar post","block_context":{"text":"Similar post","link":""},"img":{"alt_text":"","src":"https:\/\/i0.wp.com\/www.critical-stages.org\/22\/wp-content\/uploads\/sites\/23\/2020\/10\/Spats.jpg?resize=350%2C200&ssl=1","width":350,"height":200},"classes":[]},{"id":45,"url":"https:\/\/www.critical-stages.org\/22\/inter-connecting-a-collection-of-useful-links\/","url_meta":{"origin":1110,"position":4},"title":"Inter-Connecting: A Collection of Useful Links","author":"cs2-admin","date":"September 23, 2020","format":false,"excerpt":"Drafted by Katerina Delikonstantinidou* Since it was launched in 2009, Critical Stages\/Sc\u00e8nes Critiques has become well-established as a genuinely inclusive webjournal; the range and diversity of its contributors and the breadth of its intellectual exploration and enquiry attest to that. The journal has an outward-facing, genuinely global vision of theatre\u2026","rel":"","context":"Similar post","block_context":{"text":"Similar post","link":""},"img":{"alt_text":"Katerina","src":"https:\/\/i0.wp.com\/www.critical-stages.org\/12\/wp-content\/uploads\/sites\/2\/2015\/12\/Katerina-300x259.jpg?resize=350%2C200&ssl=1","width":350,"height":200},"classes":[]},{"id":47,"url":"https:\/\/www.critical-stages.org\/22\/international-theatre-and-performing-arts-festival-guide\/","url_meta":{"origin":1110,"position":5},"title":"International Theatre and Performing Arts Festival Guide","author":"cs2-admin","date":"September 23, 2020","format":false,"excerpt":"Drafted by Katerina Delikonstantinidou* Although we witness an impressive increase of international festivals devoted to the work of theatre and performance\u2014a phenomenon that can be partly attributed to what cultural critics call the increasing \u201cfestivalization\u201d of public cultures\u2014a concise reference book about these very events taking place around the world\u2026","rel":"","context":"Similar post","block_context":{"text":"Similar post","link":""},"img":{"alt_text":"","src":"https:\/\/i0.wp.com\/www.critical-stages.org\/22\/wp-content\/uploads\/sites\/23\/2020\/09\/image7-1.jpeg?resize=350%2C200&ssl=1","width":350,"height":200},"classes":[]}],"_links":{"self":[{"href":"https:\/\/www.critical-stages.org\/22\/wp-json\/wp\/v2\/pages\/1110","targetHints":{"allow":["GET"]}}],"collection":[{"href":"https:\/\/www.critical-stages.org\/22\/wp-json\/wp\/v2\/pages"}],"about":[{"href":"https:\/\/www.critical-stages.org\/22\/wp-json\/wp\/v2\/types\/page"}],"author":[{"embeddable":true,"href":"https:\/\/www.critical-stages.org\/22\/wp-json\/wp\/v2\/users\/1"}],"replies":[{"embeddable":true,"href":"https:\/\/www.critical-stages.org\/22\/wp-json\/wp\/v2\/comments?post=1110"}],"version-history":[{"count":13,"href":"https:\/\/www.critical-stages.org\/22\/wp-json\/wp\/v2\/pages\/1110\/revisions"}],"predecessor-version":[{"id":1687,"href":"https:\/\/www.critical-stages.org\/22\/wp-json\/wp\/v2\/pages\/1110\/revisions\/1687"}],"wp:attachment":[{"href":"https:\/\/www.critical-stages.org\/22\/wp-json\/wp\/v2\/media?parent=1110"}],"curies":[{"name":"wp","href":"https:\/\/api.w.org\/{rel}","templated":true}]}}