{"id":746,"date":"2019-06-18T18:44:14","date_gmt":"2019-06-18T18:44:14","guid":{"rendered":"https:\/\/www.critical-stages.org\/19\/?page_id=746"},"modified":"2019-06-19T18:54:16","modified_gmt":"2019-06-19T18:54:16","slug":"theatralite-de-la-musique-musicalite-du-theatre","status":"publish","type":"page","link":"https:\/\/www.critical-stages.org\/19\/theatralite-de-la-musique-musicalite-du-theatre\/","title":{"rendered":"Th\u00e9\u00e2tralit\u00e9 de la musique, musicalit\u00e9 du th\u00e9\u00e2tre"},"content":{"rendered":"\n<div class=\"wp-block-image\"><figure class=\"alignright is-resized\"><a href=\"https:\/\/www.critical-stages.org\/19\/the-theatricality-of-music-the-musicality-of-theatre\/\"><img data-recalc-dims=\"1\" loading=\"lazy\" decoding=\"async\" src=\"https:\/\/i0.wp.com\/www.critical-stages.org\/19\/wp-content\/uploads\/sites\/20\/2019\/06\/uk.png?resize=80%2C80&#038;ssl=1\" alt=\"English Version\" class=\"wp-image-748\" width=\"80\" height=\"80\" srcset=\"https:\/\/i0.wp.com\/www.critical-stages.org\/19\/wp-content\/uploads\/sites\/20\/2019\/06\/uk.png?resize=150%2C150&amp;ssl=1 150w, https:\/\/i0.wp.com\/www.critical-stages.org\/19\/wp-content\/uploads\/sites\/20\/2019\/06\/uk.png?resize=300%2C300&amp;ssl=1 300w, https:\/\/i0.wp.com\/www.critical-stages.org\/19\/wp-content\/uploads\/sites\/20\/2019\/06\/uk.png?resize=270%2C270&amp;ssl=1 270w, https:\/\/i0.wp.com\/www.critical-stages.org\/19\/wp-content\/uploads\/sites\/20\/2019\/06\/uk.png?resize=230%2C230&amp;ssl=1 230w, https:\/\/i0.wp.com\/www.critical-stages.org\/19\/wp-content\/uploads\/sites\/20\/2019\/06\/uk.png?w=640&amp;ssl=1 640w\" sizes=\"auto, (max-width: 80px) 100vw, 80px\" \/><\/a><\/figure><\/div>\n\n\n\n<h5 class=\"wp-block-heading\" style=\"text-align:center\"><strong>Appel pour\narticles et essais<\/strong><\/h5>\n\n\n\n<p><strong>R\u00e9dacteur invit\u00e9<\/strong>&nbsp;: Octavian Saiu\n\n<\/p>\n\n\n\n<p>Explorer la relation entre th\u00e9\u00e2tre et musique aujourd\u2019hui revient \u00e0 souligner ce que signifie la cr\u00e9ativit\u00e9 humaine sous sa forme la plus magnifique et peut-\u00eatre la plus importante. Avec le temps, \u00e0 la fois th\u00e9\u00e2tre et musique ont quitt\u00e9 la sph\u00e8re esth\u00e9tique pour devenir un lieu de d\u00e9bat, de subjectivit\u00e9, de critique. Ils ont accueilli, d\u2019une fa\u00e7on in\u00e9gal\u00e9e, des interrogations sur les aspects fondamentaux de la soci\u00e9t\u00e9 et de la culture. Ce processus s\u2019est intensifi\u00e9 avec l\u2019av\u00e8nement de la modernit\u00e9\u00a0: du <em>gesamtkunstwerk<\/em> de Wagner \u00e0 la com\u00e9die musicale contemporaine, des aspirations de Grotowski \u00e0 l\u2019incarnation parfaite du son aux explorations actuelles en anthropologie musicale, les tentatives de concevoir un spectacle complexe et total int\u00e9grant musique et th\u00e9\u00e2tralit\u00e9 n\u2019a cess\u00e9 de stimuler artistes autant que chercheurs et public.<\/p>\n\n\n\n<p>Quel est donc le\nrapport entre ces deux univers complexes au vingt-et-uni\u00e8me si\u00e8cle, \u00e9poque qui\nvoit advenir tant de changements&nbsp;? Comment cette relation est-elle\ninfluenc\u00e9e par les nouvelles technologies et les nouveaux m\u00e9dias&nbsp;? Dans\nquelle mesure l\u2019est-elle aussi par les d\u00e9veloppements sociaux, \u00e9conomiques ou\npolitiques dans le monde&nbsp;?<\/p>\n\n\n\n<p>Dans ce dossier\nde <em>Critical Stages\/Sc\u00e8nes critiques<\/em>, nous examinerons la th\u00e9\u00e2tralit\u00e9 de\nla musique et \u00e9tudierons la musicalit\u00e9 du th\u00e9\u00e2tre, en nous concentrant\nnotamment sur les th\u00e8mes suivants&nbsp;:<\/p>\n\n\n\n<ul class=\"wp-block-list\"><li>la dynamique\nentre th\u00e9\u00e2tre et musique, en Orient et en Occident<\/li><li>l\u2019architecture\ndu son dans la repr\u00e9sentation contemporaine<\/li><li>la nouvelle\nth\u00e9\u00e2tralit\u00e9 de l\u2019op\u00e9ra<\/li><li>l\u2019esth\u00e9tique\ntransnationale du spectacle musical<\/li><li>le paysage\nsonore des arts du spectacle<\/li><li>spectacle\nmusical et industrie postmoderne\/posthumaine<\/li><li>critique\nth\u00e9\u00e2trale et musicale&nbsp;:&nbsp;\nressemblances et diff\u00e9rences<\/li><li>le spectacle\nmusical contemporain&nbsp;: publicit\u00e9, marketing et tourisme<\/li><\/ul>\n\n\n\n<p>Nous invitons\ncritiques, universitaires et chercheurs du monde entier \u00e0 contribuer \u00e0 ce\ndossier de la revue consacr\u00e9 aux esth\u00e9tiques, aux significations et aux\ncons\u00e9quences sociales de la musique au th\u00e9\u00e2tre et, \u00e0 parts \u00e9gales, du th\u00e9\u00e2tre\ndans la musique. Comme ce dossier sera interdisciplinaire, les contributions\npourront provenir d\u2019un grand nombre de disciplines, entre autres de la\nrepr\u00e9sentation, des \u00e9tudes musicales et th\u00e9\u00e2trales, de la sociologie, de la\nphilosophie et du journalisme.<\/p>\n\n\n\n<p><strong>Longueur&nbsp;<\/strong>: Maximum 3&nbsp;500 mots (21&nbsp;000 car., espaces incluses)<br><strong>Langue&nbsp;<\/strong>: Fran\u00e7ais ou anglais<br><strong>Date limite pour proposition d\u2019article&nbsp;<\/strong>: le 15 septembre 2019<br><strong>Soumission&nbsp;:<\/strong> les articles complets devront \u00eatre envoy\u00e9s d\u00e9but mars 2020<br><strong>R\u00e9vision des articles&nbsp;: <\/strong>fin avril 2020<br><strong>Publication&nbsp;<\/strong>: fin juin 2020<br><strong>Protocole abr\u00e9g\u00e9<\/strong> pour <strong><em>Critical Stages\/Sc\u00e8nes critiques&nbsp;<\/em><\/strong>: <a href=\"https:\/\/www.critical-stages.org\/19\/protocole-abrege-de-critical-stages\/\">cliquer ici<\/a><br><strong>Protocole de soumission&nbsp;<\/strong>: <a href=\"https:\/\/www.critical-stages.org\/19\/soumission-darticles\/\">cliquer ici<\/a><\/p>\n\n\n\n<h5 class=\"wp-block-heading\" style=\"text-align:center\"><strong>NOTE<\/strong><\/h5>\n\n\n\n<p style=\"text-align:center\"><em>Toutes les contributions doivent \u00eatre envoy\u00e9es au professeur Octavian Saiu (<\/em><a href=\"mailto:%20octavian_saiu@yahoo.com\"><em>octavian_saiu@yahoo.com<\/em><\/a><em>)<\/em><\/p>\n","protected":false},"excerpt":{"rendered":"<p>Appel pour articles et essais R\u00e9dacteur invit\u00e9&nbsp;: Octavian Saiu Explorer la relation entre th\u00e9\u00e2tre et musique aujourd\u2019hui revient \u00e0 souligner ce que signifie la cr\u00e9ativit\u00e9 humaine sous sa forme la plus magnifique et peut-\u00eatre la plus importante. Avec le temps,<\/p>\n","protected":false},"author":1,"featured_media":0,"parent":0,"menu_order":0,"comment_status":"closed","ping_status":"closed","template":"","meta":{"jetpack_post_was_ever_published":false,"footnotes":""},"class_list":["post-746","page","type-page","status-publish","hentry","","tg-column-two"],"jetpack_sharing_enabled":true,"jetpack_shortlink":"https:\/\/wp.me\/PaUXOT-c2","_links":{"self":[{"href":"https:\/\/www.critical-stages.org\/19\/wp-json\/wp\/v2\/pages\/746","targetHints":{"allow":["GET"]}}],"collection":[{"href":"https:\/\/www.critical-stages.org\/19\/wp-json\/wp\/v2\/pages"}],"about":[{"href":"https:\/\/www.critical-stages.org\/19\/wp-json\/wp\/v2\/types\/page"}],"author":[{"embeddable":true,"href":"https:\/\/www.critical-stages.org\/19\/wp-json\/wp\/v2\/users\/1"}],"replies":[{"embeddable":true,"href":"https:\/\/www.critical-stages.org\/19\/wp-json\/wp\/v2\/comments?post=746"}],"version-history":[{"count":5,"href":"https:\/\/www.critical-stages.org\/19\/wp-json\/wp\/v2\/pages\/746\/revisions"}],"predecessor-version":[{"id":771,"href":"https:\/\/www.critical-stages.org\/19\/wp-json\/wp\/v2\/pages\/746\/revisions\/771"}],"wp:attachment":[{"href":"https:\/\/www.critical-stages.org\/19\/wp-json\/wp\/v2\/media?parent=746"}],"curies":[{"name":"wp","href":"https:\/\/api.w.org\/{rel}","templated":true}]}}