{"id":468,"date":"2019-05-29T19:06:45","date_gmt":"2019-05-29T19:06:45","guid":{"rendered":"https:\/\/www.critical-stages.org\/19\/?page_id=468"},"modified":"2019-05-29T19:06:47","modified_gmt":"2019-05-29T19:06:47","slug":"protocole-abrege-de-critical-stages","status":"publish","type":"page","link":"https:\/\/www.critical-stages.org\/19\/protocole-abrege-de-critical-stages\/","title":{"rendered":"Protocole abr\u00e9g\u00e9 de Critical Stages"},"content":{"rendered":"\n<h3 style=\"text-align: center;\">Protocole abr\u00e9g\u00e9 de <em>Critical Stages\/Sc\u00e8nes Critiques<\/em><br \/>pour les textes en fran\u00e7ais<\/h3>\n<p><strong>Point : <\/strong>Le point doit \u00eatre suivi d\u2019une seule espace.<\/p>\n<p><strong>Espaces ins\u00e9cables (ins\u00e9parables) <\/strong>: toujours en mettre une apr\u00e8s des chevrons d\u2019ouverture (\u00ab), et avant \u00bb, :, ;, ?, !<\/p>\n<p>Les tirets de mise en apposition (\u2013) doivent \u00eatre plus longs qu\u2019un trait d\u2019union (-). Ils doivent avoir une espace ins\u00e9cable apr\u00e8s le premier et une autre avant le deuxi\u00e8me. Avant le premier et apr\u00e8s le deuxi\u00e8me tiret, il faut une espace ordinaire.<\/p>\n<p><strong>Espaces ordinaires<\/strong> <strong>:<\/strong> Les signes de ponctuation suivants doivent \u00eatre suivis d\u2019une \u2013 et une seule \u2013 espace ordinaire (non ins\u00e9cable) : \u00bb ) : ; ? !<\/p>\n<p>Les signes suivants doivent \u00eatre pr\u00e9c\u00e9d\u00e9s d\u2019une espace ordinaire : \u00ab (<\/p>\n<p><strong>Guillemets <\/strong>: Utiliser les chevrons (\u00ab\u2026\u00bb) pour les citations, et les guillemets doubles boucl\u00e9s (\u201c\u2026\u201d) pour les mots cit\u00e9s \u00e0 l\u2019int\u00e9rieur d\u2019une citation.<\/p>\n<p><strong>Italiques :<\/strong> Les r\u00e9server aux titres d\u2019\u0153uvres, aux mots \u00e9trangers (anglais, latins, argotiques\u2026) et \u00e0 ceux sur lesquels on veut insister ou dont on doute de la pertinence. Dans un entretien, les questions peuvent aussi \u00eatre en italiques. Ne pas utiliser de soulign\u00e9s.<\/p>\n<p><strong>Police de caract\u00e8res :<\/strong> Utiliser Arial. Notre webma\u00eetre convertira votre texte en Trebuchet MS.<\/p>\n<p><strong>Alin\u00e9as :<\/strong> Ne pas mettre en retrait chaque nouveau paragraphe. Sauter une ligne entre les paragraphes.<\/p>\n<p><strong>Pagination : <\/strong>Ne pas paginer votre article.<\/p>\n<p><strong>Majuscules et gras :<\/strong> Le moins possible.<\/p>\n<p><strong>Citations : <\/strong>En retrait si elles ont plus de trois lignes ; sauter une ligne avant et apr\u00e8s.<\/p>\n<p><strong>Intertitres<\/strong> <strong>:<\/strong> Tr\u00e8s utiles pour rendre la lecture plus facile sur Internet.<\/p>\n<p><strong>Interlignes : <\/strong>Simple interligne pour l\u2019ensemble de l\u2019article. Double interligne entre les paragraphes.<\/p>\n<p><strong>Envoi de l\u2019article <\/strong>: Pri\u00e8re de nous le faire parvenir en Microsoft Word (ou dans un fichier facilement convertible) pour vous assurer que votre format sera respect\u00e9.<\/p>\n<p><em>R\u00e9dig\u00e9 par Michel Va\u00efs pour le comit\u00e9 \u00e9ditorial de <\/em><strong><em>Critical Stages \/ Sc\u00e8nes critiques<\/em><\/strong><\/p>\n","protected":false},"excerpt":{"rendered":"<p>Protocole abr\u00e9g\u00e9 de Critical Stages\/Sc\u00e8nes Critiquespour les textes en fran\u00e7ais Point : Le point doit \u00eatre suivi d\u2019une seule espace. Espaces ins\u00e9cables (ins\u00e9parables) : toujours en mettre une apr\u00e8s des chevrons d\u2019ouverture (\u00ab), et avant \u00bb, :, ;, ?, !<\/p>\n","protected":false},"author":1,"featured_media":0,"parent":0,"menu_order":0,"comment_status":"closed","ping_status":"closed","template":"","meta":{"jetpack_post_was_ever_published":false,"footnotes":""},"class_list":["post-468","page","type-page","status-publish","hentry","","tg-column-two"],"jetpack_sharing_enabled":true,"jetpack_shortlink":"https:\/\/wp.me\/PaUXOT-7y","_links":{"self":[{"href":"https:\/\/www.critical-stages.org\/19\/wp-json\/wp\/v2\/pages\/468","targetHints":{"allow":["GET"]}}],"collection":[{"href":"https:\/\/www.critical-stages.org\/19\/wp-json\/wp\/v2\/pages"}],"about":[{"href":"https:\/\/www.critical-stages.org\/19\/wp-json\/wp\/v2\/types\/page"}],"author":[{"embeddable":true,"href":"https:\/\/www.critical-stages.org\/19\/wp-json\/wp\/v2\/users\/1"}],"replies":[{"embeddable":true,"href":"https:\/\/www.critical-stages.org\/19\/wp-json\/wp\/v2\/comments?post=468"}],"version-history":[{"count":1,"href":"https:\/\/www.critical-stages.org\/19\/wp-json\/wp\/v2\/pages\/468\/revisions"}],"predecessor-version":[{"id":469,"href":"https:\/\/www.critical-stages.org\/19\/wp-json\/wp\/v2\/pages\/468\/revisions\/469"}],"wp:attachment":[{"href":"https:\/\/www.critical-stages.org\/19\/wp-json\/wp\/v2\/media?parent=468"}],"curies":[{"name":"wp","href":"https:\/\/api.w.org\/{rel}","templated":true}]}}