{"id":28,"date":"2017-09-30T14:09:17","date_gmt":"2017-09-30T14:09:17","guid":{"rendered":"https:\/\/www.critical-stages.org\/16\/?page_id=28"},"modified":"2017-12-22T12:37:31","modified_gmt":"2017-12-22T12:37:31","slug":"interviews","status":"publish","type":"page","link":"https:\/\/www.critical-stages.org\/16\/interviews\/","title":{"rendered":"Interviews"},"content":{"rendered":"<p>Section Editor:\u00a0<strong>Savas Patsalidis\u00a0<\/strong>(Greece)<\/p>\n<p><img data-recalc-dims=\"1\" loading=\"lazy\" decoding=\"async\" class=\"alignnone size-full wp-image-67\" src=\"https:\/\/i0.wp.com\/www.critical-stages.org\/14\/wp-content\/uploads\/sites\/15\/2016\/10\/patsalidis.jpg?resize=140%2C186&#038;ssl=1\" alt=\"\" width=\"140\" height=\"186\" \/><\/p>\n<p><strong>Savas Patsalidis\u00a0<\/strong>is Professor of theatre and performance history and theory in the School of English (Aristotle University), the Hellenic Open University and the Drama Academy of the National Theatre of Northern Greece. He is the author of thirteen books on theatre and performance criticism\/theory and co-editor of another thirteen. His two-volume study,\u00a0<em>Theatre, Society, Nation<\/em>\u00a0(2010), was awarded first prize for best theatre study of the year. In addition to his academic activities, he works as a theatre reviewer for the ejournals\u00a0<em>lavart<\/em>,\u00a0<em>parallaxi<\/em>, and\u00a0<em>the greekplay project<\/em>. He is currently the president of the Hellenic Association of Theatre and Performing Arts Critics and the editor-in-chief of\u00a0<em>Critical Stages\/Sc\u00e8nes Critiques<\/em>, the web journal of the International Association of Theatre Critics.<\/p>\n<hr \/>\n<div class=\"pt-cv-wrapper\"><div class=\"pt-cv-view pt-cv-grid pt-cv-colsys\" id=\"pt-cv-view-133f82779z\"><div data-id=\"pt-cv-page-1\" class=\"pt-cv-page\" data-cvc=\"2\"><div class=\"col-md-6 col-sm-6 col-xs-12 pt-cv-content-item pt-cv-1-col\" ><div class='pt-cv-ifield'><a href=\"https:\/\/www.critical-stages.org\/16\/the-road-to-stellenbosch-an-interview-with-athol-fugard\/\" class=\"_self pt-cv-href-thumbnail pt-cv-thumb-default\" target=\"_self\" ><img loading=\"lazy\" decoding=\"async\" width=\"300\" height=\"198\" src=\"https:\/\/i0.wp.com\/www.critical-stages.org\/16\/wp-content\/uploads\/sites\/17\/2018\/01\/Athol-Fugard.png?fit=300%2C198&amp;ssl=1\" class=\"pt-cv-thumbnail\" alt=\"\" srcset=\"https:\/\/i0.wp.com\/www.critical-stages.org\/16\/wp-content\/uploads\/sites\/17\/2018\/01\/Athol-Fugard.png?w=700&amp;ssl=1 700w, https:\/\/i0.wp.com\/www.critical-stages.org\/16\/wp-content\/uploads\/sites\/17\/2018\/01\/Athol-Fugard.png?resize=300%2C198&amp;ssl=1 300w\" sizes=\"auto, (max-width: 300px) 100vw, 300px\" data-attachment-id=\"947\" data-permalink=\"https:\/\/www.critical-stages.org\/16\/the-road-to-stellenbosch-an-interview-with-athol-fugard\/athol-fugard\/\" data-orig-file=\"https:\/\/i0.wp.com\/www.critical-stages.org\/16\/wp-content\/uploads\/sites\/17\/2018\/01\/Athol-Fugard.png?fit=700%2C461&amp;ssl=1\" data-orig-size=\"700,461\" data-comments-opened=\"1\" data-image-meta=\"{&quot;aperture&quot;:&quot;0&quot;,&quot;credit&quot;:&quot;&quot;,&quot;camera&quot;:&quot;&quot;,&quot;caption&quot;:&quot;&quot;,&quot;created_timestamp&quot;:&quot;0&quot;,&quot;copyright&quot;:&quot;&quot;,&quot;focal_length&quot;:&quot;0&quot;,&quot;iso&quot;:&quot;0&quot;,&quot;shutter_speed&quot;:&quot;0&quot;,&quot;title&quot;:&quot;&quot;,&quot;orientation&quot;:&quot;0&quot;}\" data-image-title=\"Athol Fugard\" data-image-description=\"\" data-image-caption=\"&lt;p&gt;Athol Fugard&lt;\/p&gt;\n\" data-medium-file=\"https:\/\/i0.wp.com\/www.critical-stages.org\/16\/wp-content\/uploads\/sites\/17\/2018\/01\/Athol-Fugard.png?fit=300%2C198&amp;ssl=1\" data-large-file=\"https:\/\/i0.wp.com\/www.critical-stages.org\/16\/wp-content\/uploads\/sites\/17\/2018\/01\/Athol-Fugard.png?fit=700%2C461&amp;ssl=1\" \/><\/a>\n<p class=\"pt-cv-title\"><a href=\"https:\/\/www.critical-stages.org\/16\/the-road-to-stellenbosch-an-interview-with-athol-fugard\/\" class=\"_self\" target=\"_self\" >The Road to Stellenbosch: Interview with Athol Fugard<\/a><\/p>\n<div class=\"pt-cv-meta-fields\"><span class=\"terms\"> <a href='https:\/\/www.critical-stages.org\/16\/tag\/by-temple-hauptfleisch\/' title='by Temple Hauptfleisch' class='pt-cv-tax-by-temple-hauptfleisch'>by Temple Hauptfleisch<\/a>, <a href='https:\/\/www.critical-stages.org\/16\/category\/interviews\/' title='Interviews' class='pt-cv-tax-interviews'>Interviews<\/a><\/span><\/div><\/div><\/div>\n<div class=\"col-md-6 col-sm-6 col-xs-12 pt-cv-content-item pt-cv-1-col\" ><div class='pt-cv-ifield'><a href=\"https:\/\/www.critical-stages.org\/16\/touchingcrossing-the-border-interview-with-kamila-klamut-and-ewa-pasikowska-teatr-zar\/\" class=\"_self pt-cv-href-thumbnail pt-cv-thumb-default\" target=\"_self\" ><img loading=\"lazy\" decoding=\"async\" width=\"300\" height=\"200\" src=\"https:\/\/i0.wp.com\/www.critical-stages.org\/16\/wp-content\/uploads\/sites\/17\/2017\/10\/Both.jpg?fit=300%2C200&amp;ssl=1\" class=\"pt-cv-thumbnail\" alt=\"\" srcset=\"https:\/\/i0.wp.com\/www.critical-stages.org\/16\/wp-content\/uploads\/sites\/17\/2017\/10\/Both.jpg?w=599&amp;ssl=1 599w, https:\/\/i0.wp.com\/www.critical-stages.org\/16\/wp-content\/uploads\/sites\/17\/2017\/10\/Both.jpg?resize=300%2C200&amp;ssl=1 300w\" sizes=\"auto, (max-width: 300px) 100vw, 300px\" data-attachment-id=\"423\" data-permalink=\"https:\/\/www.critical-stages.org\/16\/touchingcrossing-the-border-interview-with-kamila-klamut-and-ewa-pasikowska-teatr-zar\/both\/\" data-orig-file=\"https:\/\/i0.wp.com\/www.critical-stages.org\/16\/wp-content\/uploads\/sites\/17\/2017\/10\/Both.jpg?fit=599%2C400&amp;ssl=1\" data-orig-size=\"599,400\" data-comments-opened=\"1\" data-image-meta=\"{&quot;aperture&quot;:&quot;0&quot;,&quot;credit&quot;:&quot;&quot;,&quot;camera&quot;:&quot;&quot;,&quot;caption&quot;:&quot;&quot;,&quot;created_timestamp&quot;:&quot;0&quot;,&quot;copyright&quot;:&quot;&quot;,&quot;focal_length&quot;:&quot;0&quot;,&quot;iso&quot;:&quot;0&quot;,&quot;shutter_speed&quot;:&quot;0&quot;,&quot;title&quot;:&quot;&quot;,&quot;orientation&quot;:&quot;0&quot;}\" data-image-title=\"Both\" data-image-description=\"\" data-image-caption=\"\" data-medium-file=\"https:\/\/i0.wp.com\/www.critical-stages.org\/16\/wp-content\/uploads\/sites\/17\/2017\/10\/Both.jpg?fit=300%2C200&amp;ssl=1\" data-large-file=\"https:\/\/i0.wp.com\/www.critical-stages.org\/16\/wp-content\/uploads\/sites\/17\/2017\/10\/Both.jpg?fit=599%2C400&amp;ssl=1\" \/><\/a>\n<p class=\"pt-cv-title\"><a href=\"https:\/\/www.critical-stages.org\/16\/touchingcrossing-the-border-interview-with-kamila-klamut-and-ewa-pasikowska-teatr-zar\/\" class=\"_self\" target=\"_self\" >Touching\/Crossing the Border: Interview with Kamila Klamut and Ewa Pasikowska (Teatr Zar)<\/a><\/p>\n<div class=\"pt-cv-meta-fields\"><span class=\"terms\"> <a href='https:\/\/www.critical-stages.org\/16\/tag\/by-tina-peric\/' title='by Tina Peric' class='pt-cv-tax-by-tina-peric'>by Tina Peric<\/a>, <a href='https:\/\/www.critical-stages.org\/16\/category\/interviews\/' title='Interviews' class='pt-cv-tax-interviews'>Interviews<\/a><\/span><\/div><\/div><\/div>\n<div class=\"col-md-6 col-sm-6 col-xs-12 pt-cv-content-item pt-cv-1-col\" ><div class='pt-cv-ifield'><a href=\"https:\/\/www.critical-stages.org\/16\/about-monodrama-festivals-and-other-matters-interview-with-kurt-egelhof\/\" class=\"_self pt-cv-href-thumbnail pt-cv-thumb-default\" target=\"_self\" ><img loading=\"lazy\" decoding=\"async\" width=\"300\" height=\"200\" src=\"https:\/\/i0.wp.com\/www.critical-stages.org\/16\/wp-content\/uploads\/sites\/17\/2017\/10\/1.KURT-PHOTO.jpg?fit=300%2C200&amp;ssl=1\" class=\"pt-cv-thumbnail\" alt=\"\" srcset=\"https:\/\/i0.wp.com\/www.critical-stages.org\/16\/wp-content\/uploads\/sites\/17\/2017\/10\/1.KURT-PHOTO.jpg?w=700&amp;ssl=1 700w, https:\/\/i0.wp.com\/www.critical-stages.org\/16\/wp-content\/uploads\/sites\/17\/2017\/10\/1.KURT-PHOTO.jpg?resize=300%2C200&amp;ssl=1 300w\" sizes=\"auto, (max-width: 300px) 100vw, 300px\" data-attachment-id=\"89\" data-permalink=\"https:\/\/www.critical-stages.org\/16\/about-monodrama-festivals-and-other-matters-interview-with-kurt-egelhof\/1-kurt-photo\/\" data-orig-file=\"https:\/\/i0.wp.com\/www.critical-stages.org\/16\/wp-content\/uploads\/sites\/17\/2017\/10\/1.KURT-PHOTO.jpg?fit=700%2C466&amp;ssl=1\" data-orig-size=\"700,466\" data-comments-opened=\"1\" data-image-meta=\"{&quot;aperture&quot;:&quot;8&quot;,&quot;credit&quot;:&quot;Ference isaacs&quot;,&quot;camera&quot;:&quot;Canon EOS 7D&quot;,&quot;caption&quot;:&quot;&quot;,&quot;created_timestamp&quot;:&quot;1477926783&quot;,&quot;copyright&quot;:&quot;Ference Isaacs&quot;,&quot;focal_length&quot;:&quot;85&quot;,&quot;iso&quot;:&quot;100&quot;,&quot;shutter_speed&quot;:&quot;0.005&quot;,&quot;title&quot;:&quot;&quot;,&quot;orientation&quot;:&quot;0&quot;}\" data-image-title=\"1.KURT PHOTO\" data-image-description=\"\" data-image-caption=\"&lt;p&gt;Kurt Egelhof&lt;\/p&gt;\n\" data-medium-file=\"https:\/\/i0.wp.com\/www.critical-stages.org\/16\/wp-content\/uploads\/sites\/17\/2017\/10\/1.KURT-PHOTO.jpg?fit=300%2C200&amp;ssl=1\" data-large-file=\"https:\/\/i0.wp.com\/www.critical-stages.org\/16\/wp-content\/uploads\/sites\/17\/2017\/10\/1.KURT-PHOTO.jpg?fit=700%2C466&amp;ssl=1\" \/><\/a>\n<p class=\"pt-cv-title\"><a href=\"https:\/\/www.critical-stages.org\/16\/about-monodrama-festivals-and-other-matters-interview-with-kurt-egelhof\/\" class=\"_self\" target=\"_self\" >About Monodrama Festivals and Other Matters: Interview with Kurt Egelhof<\/a><\/p>\n<div class=\"pt-cv-meta-fields\"><span class=\"terms\"> <a href='https:\/\/www.critical-stages.org\/16\/tag\/by-olga-pozeli\/' title='by Olga Pozeli' class='pt-cv-tax-by-olga-pozeli'>by Olga Pozeli<\/a>, <a href='https:\/\/www.critical-stages.org\/16\/category\/interviews\/' title='Interviews' class='pt-cv-tax-interviews'>Interviews<\/a><\/span><\/div><\/div><\/div>\n<div class=\"col-md-6 col-sm-6 col-xs-12 pt-cv-content-item pt-cv-1-col\" ><div class='pt-cv-ifield'><a href=\"https:\/\/www.critical-stages.org\/16\/entretien-avec-jean-luc-raharimanana-ecrire-au-dela-de-la-langue\/\" class=\"_self pt-cv-href-thumbnail pt-cv-thumb-default\" target=\"_self\" ><img loading=\"lazy\" decoding=\"async\" width=\"300\" height=\"225\" src=\"https:\/\/i0.wp.com\/www.critical-stages.org\/16\/wp-content\/uploads\/sites\/17\/2017\/10\/1-RACHHARI.._.jpg?fit=300%2C225&amp;ssl=1\" class=\"pt-cv-thumbnail\" alt=\"\" srcset=\"https:\/\/i0.wp.com\/www.critical-stages.org\/16\/wp-content\/uploads\/sites\/17\/2017\/10\/1-RACHHARI.._.jpg?w=700&amp;ssl=1 700w, https:\/\/i0.wp.com\/www.critical-stages.org\/16\/wp-content\/uploads\/sites\/17\/2017\/10\/1-RACHHARI.._.jpg?resize=300%2C225&amp;ssl=1 300w\" sizes=\"auto, (max-width: 300px) 100vw, 300px\" data-attachment-id=\"71\" data-permalink=\"https:\/\/www.critical-stages.org\/16\/entretien-avec-jean-luc-raharimanana-ecrire-au-dela-de-la-langue\/1-rachhari-_\/\" data-orig-file=\"https:\/\/i0.wp.com\/www.critical-stages.org\/16\/wp-content\/uploads\/sites\/17\/2017\/10\/1-RACHHARI.._.jpg?fit=700%2C525&amp;ssl=1\" data-orig-size=\"700,525\" data-comments-opened=\"1\" data-image-meta=\"{&quot;aperture&quot;:&quot;3.3&quot;,&quot;credit&quot;:&quot;&quot;,&quot;camera&quot;:&quot;DSC-S700&quot;,&quot;caption&quot;:&quot;&quot;,&quot;created_timestamp&quot;:&quot;1175198311&quot;,&quot;copyright&quot;:&quot;&quot;,&quot;focal_length&quot;:&quot;9.28&quot;,&quot;iso&quot;:&quot;125&quot;,&quot;shutter_speed&quot;:&quot;0.025&quot;,&quot;title&quot;:&quot;&quot;,&quot;orientation&quot;:&quot;1&quot;}\" data-image-title=\"1 RACHHARI.._\" data-image-description=\"\" data-image-caption=\"&lt;p&gt;Jean-Luc Raharimanana&lt;\/p&gt;\n\" data-medium-file=\"https:\/\/i0.wp.com\/www.critical-stages.org\/16\/wp-content\/uploads\/sites\/17\/2017\/10\/1-RACHHARI.._.jpg?fit=300%2C225&amp;ssl=1\" data-large-file=\"https:\/\/i0.wp.com\/www.critical-stages.org\/16\/wp-content\/uploads\/sites\/17\/2017\/10\/1-RACHHARI.._.jpg?fit=700%2C525&amp;ssl=1\" \/><\/a>\n<p class=\"pt-cv-title\"><a href=\"https:\/\/www.critical-stages.org\/16\/entretien-avec-jean-luc-raharimanana-ecrire-au-dela-de-la-langue\/\" class=\"_self\" target=\"_self\" >\u00c9crire au-del\u00e0 de la langue: Entretien avec Jean-Luc Raharimanana<\/a><\/p>\n<div class=\"pt-cv-meta-fields\"><span class=\"terms\"> <a href='https:\/\/www.critical-stages.org\/16\/tag\/by-alvina-ruprecht\/' title='by Alvina Ruprecht' class='pt-cv-tax-by-alvina-ruprecht'>by Alvina Ruprecht<\/a>, <a href='https:\/\/www.critical-stages.org\/16\/category\/interviews\/' title='Interviews' class='pt-cv-tax-interviews'>Interviews<\/a><\/span><\/div><\/div><\/div>\n<div class=\"col-md-6 col-sm-6 col-xs-12 pt-cv-content-item pt-cv-1-col\" ><div class='pt-cv-ifield'><a href=\"https:\/\/www.critical-stages.org\/16\/le-theatre-espagnol-au-japon\/\" class=\"_self pt-cv-href-thumbnail pt-cv-thumb-default\" target=\"_self\" ><img loading=\"lazy\" decoding=\"async\" width=\"246\" height=\"300\" src=\"https:\/\/i0.wp.com\/www.critical-stages.org\/16\/wp-content\/uploads\/sites\/17\/2017\/10\/1.Yoichi-Tajiri.jpg?fit=246%2C300&amp;ssl=1\" class=\"pt-cv-thumbnail\" alt=\"\" srcset=\"https:\/\/i0.wp.com\/www.critical-stages.org\/16\/wp-content\/uploads\/sites\/17\/2017\/10\/1.Yoichi-Tajiri.jpg?w=400&amp;ssl=1 400w, https:\/\/i0.wp.com\/www.critical-stages.org\/16\/wp-content\/uploads\/sites\/17\/2017\/10\/1.Yoichi-Tajiri.jpg?resize=246%2C300&amp;ssl=1 246w\" sizes=\"auto, (max-width: 246px) 100vw, 246px\" data-attachment-id=\"58\" data-permalink=\"https:\/\/www.critical-stages.org\/16\/le-theatre-espagnol-au-japon\/samsung\/\" data-orig-file=\"https:\/\/i0.wp.com\/www.critical-stages.org\/16\/wp-content\/uploads\/sites\/17\/2017\/10\/1.Yoichi-Tajiri.jpg?fit=400%2C488&amp;ssl=1\" data-orig-size=\"400,488\" data-comments-opened=\"1\" data-image-meta=\"{&quot;aperture&quot;:&quot;2.64&quot;,&quot;credit&quot;:&quot;&quot;,&quot;camera&quot;:&quot;SC-02B&quot;,&quot;caption&quot;:&quot;SAMSUNG&quot;,&quot;created_timestamp&quot;:&quot;1329053786&quot;,&quot;copyright&quot;:&quot;&quot;,&quot;focal_length&quot;:&quot;3.79&quot;,&quot;iso&quot;:&quot;100&quot;,&quot;shutter_speed&quot;:&quot;0.03125&quot;,&quot;title&quot;:&quot;SAMSUNG&quot;,&quot;orientation&quot;:&quot;0&quot;}\" data-image-title=\"Yoichi Tajiri\" data-image-description=\"\" data-image-caption=\"&lt;p&gt;Yoichi Tajiri&lt;\/p&gt;\n\" data-medium-file=\"https:\/\/i0.wp.com\/www.critical-stages.org\/16\/wp-content\/uploads\/sites\/17\/2017\/10\/1.Yoichi-Tajiri.jpg?fit=246%2C300&amp;ssl=1\" data-large-file=\"https:\/\/i0.wp.com\/www.critical-stages.org\/16\/wp-content\/uploads\/sites\/17\/2017\/10\/1.Yoichi-Tajiri.jpg?fit=400%2C488&amp;ssl=1\" \/><\/a>\n<p class=\"pt-cv-title\"><a href=\"https:\/\/www.critical-stages.org\/16\/le-theatre-espagnol-au-japon\/\" class=\"_self\" target=\"_self\" >Le th\u00e9\u00e2tre espagnol au Japon : Entretien avec Yoichi Tajiri, traducteur du th\u00e9\u00e2tre espagnol et dramaturge de la compagnie Ksec Act<\/a><\/p>\n<div class=\"pt-cv-meta-fields\"><span class=\"terms\"> <a href='https:\/\/www.critical-stages.org\/16\/tag\/by-irene-sadowska\/' title='by Ir\u00e8ne Sadowska' class='pt-cv-tax-by-irene-sadowska'>by Ir\u00e8ne Sadowska<\/a>, <a href='https:\/\/www.critical-stages.org\/16\/category\/interviews\/' title='Interviews' class='pt-cv-tax-interviews'>Interviews<\/a><\/span><\/div><\/div><\/div>\n<div class=\"col-md-6 col-sm-6 col-xs-12 pt-cv-content-item pt-cv-1-col\" ><div class='pt-cv-ifield'><a href=\"https:\/\/www.critical-stages.org\/16\/trente-ans-du-prix-europe-pour-le-theatre-entrevue-avec-alessandro-martinez\/\" class=\"_self pt-cv-href-thumbnail pt-cv-thumb-default\" target=\"_self\" ><img loading=\"lazy\" decoding=\"async\" width=\"224\" height=\"300\" src=\"https:\/\/i0.wp.com\/www.critical-stages.org\/16\/wp-content\/uploads\/sites\/17\/2018\/01\/Alessandro-Martinez.png?fit=224%2C300&amp;ssl=1\" class=\"pt-cv-thumbnail\" alt=\"\" data-attachment-id=\"930\" data-permalink=\"https:\/\/www.critical-stages.org\/16\/trente-ans-du-prix-europe-pour-le-theatre-entrevue-avec-alessandro-martinez\/alessandro-martinez\/\" data-orig-file=\"https:\/\/i0.wp.com\/www.critical-stages.org\/16\/wp-content\/uploads\/sites\/17\/2018\/01\/Alessandro-Martinez.png?fit=224%2C300&amp;ssl=1\" data-orig-size=\"224,300\" data-comments-opened=\"1\" data-image-meta=\"{&quot;aperture&quot;:&quot;0&quot;,&quot;credit&quot;:&quot;&quot;,&quot;camera&quot;:&quot;&quot;,&quot;caption&quot;:&quot;&quot;,&quot;created_timestamp&quot;:&quot;0&quot;,&quot;copyright&quot;:&quot;&quot;,&quot;focal_length&quot;:&quot;0&quot;,&quot;iso&quot;:&quot;0&quot;,&quot;shutter_speed&quot;:&quot;0&quot;,&quot;title&quot;:&quot;&quot;,&quot;orientation&quot;:&quot;0&quot;}\" data-image-title=\"Alessandro Martinez\" data-image-description=\"\" data-image-caption=\"&lt;p&gt;Alessandro Martinez&lt;\/p&gt;\n\" data-medium-file=\"https:\/\/i0.wp.com\/www.critical-stages.org\/16\/wp-content\/uploads\/sites\/17\/2018\/01\/Alessandro-Martinez.png?fit=224%2C300&amp;ssl=1\" data-large-file=\"https:\/\/i0.wp.com\/www.critical-stages.org\/16\/wp-content\/uploads\/sites\/17\/2018\/01\/Alessandro-Martinez.png?fit=224%2C300&amp;ssl=1\" \/><\/a>\n<p class=\"pt-cv-title\"><a href=\"https:\/\/www.critical-stages.org\/16\/trente-ans-du-prix-europe-pour-le-theatre-entrevue-avec-alessandro-martinez\/\" class=\"_self\" target=\"_self\" >Trente ans du Prix Europe pour le th\u00e9\u00e2tre :  Entrevue avec Alessandro Martinez<\/a><\/p>\n<div class=\"pt-cv-meta-fields\"><span class=\"terms\"> <a href='https:\/\/www.critical-stages.org\/16\/tag\/by-jean-pierre-han-and-michel-vais\/' title='by Jean-Pierre Han and Michel Va\u00efs' class='pt-cv-tax-by-jean-pierre-han-and-michel-vais'>by Jean-Pierre Han and Michel Va\u00efs<\/a>, <a href='https:\/\/www.critical-stages.org\/16\/category\/interviews\/' title='Interviews' class='pt-cv-tax-interviews'>Interviews<\/a><\/span><\/div><\/div><\/div><\/div><\/div><\/div>\n","protected":false},"excerpt":{"rendered":"<p>Section Editor:\u00a0Savas Patsalidis\u00a0(Greece) Savas Patsalidis\u00a0is Professor of theatre and performance history and theory in the School of English (Aristotle University), the Hellenic Open University and the Drama Academy of the National Theatre of Northern Greece. He is the author of<\/p>\n","protected":false},"author":1,"featured_media":0,"parent":0,"menu_order":0,"comment_status":"closed","ping_status":"closed","template":"","meta":{"footnotes":""},"class_list":["post-28","page","type-page","status-publish","hentry","","tg-column-two"],"jetpack_sharing_enabled":true,"jetpack_shortlink":"https:\/\/wp.me\/P9iUM2-s","jetpack_likes_enabled":false,"jetpack-related-posts":[],"_links":{"self":[{"href":"https:\/\/www.critical-stages.org\/16\/wp-json\/wp\/v2\/pages\/28","targetHints":{"allow":["GET"]}}],"collection":[{"href":"https:\/\/www.critical-stages.org\/16\/wp-json\/wp\/v2\/pages"}],"about":[{"href":"https:\/\/www.critical-stages.org\/16\/wp-json\/wp\/v2\/types\/page"}],"author":[{"embeddable":true,"href":"https:\/\/www.critical-stages.org\/16\/wp-json\/wp\/v2\/users\/1"}],"replies":[{"embeddable":true,"href":"https:\/\/www.critical-stages.org\/16\/wp-json\/wp\/v2\/comments?post=28"}],"version-history":[{"count":0,"href":"https:\/\/www.critical-stages.org\/16\/wp-json\/wp\/v2\/pages\/28\/revisions"}],"wp:attachment":[{"href":"https:\/\/www.critical-stages.org\/16\/wp-json\/wp\/v2\/media?parent=28"}],"curies":[{"name":"wp","href":"https:\/\/api.w.org\/{rel}","templated":true}]}}