{"id":72,"date":"2017-03-11T14:56:56","date_gmt":"2017-03-11T14:56:56","guid":{"rendered":"https:\/\/www.critical-stages.org\/15\/?page_id=72"},"modified":"2017-07-05T14:01:24","modified_gmt":"2017-07-05T14:01:24","slug":"essays","status":"publish","type":"page","link":"https:\/\/www.critical-stages.org\/15\/essays\/","title":{"rendered":"Essays \u2013 Michael Chekhov: Pedagogy Today"},"content":{"rendered":"<p><img loading=\"lazy\" decoding=\"async\" data-attachment-id=\"509\" data-permalink=\"https:\/\/www.critical-stages.org\/15\/michael-chekhov-pedagogy-today\/1-3\/\" data-orig-file=\"https:\/\/www.critical-stages.org\/15\/wp-content\/uploads\/sites\/16\/2017\/05\/1.jpg\" data-orig-size=\"400,542\" data-comments-opened=\"1\" data-image-meta=\"{&quot;aperture&quot;:&quot;0&quot;,&quot;credit&quot;:&quot;&quot;,&quot;camera&quot;:&quot;&quot;,&quot;caption&quot;:&quot;&quot;,&quot;created_timestamp&quot;:&quot;0&quot;,&quot;copyright&quot;:&quot;&quot;,&quot;focal_length&quot;:&quot;0&quot;,&quot;iso&quot;:&quot;0&quot;,&quot;shutter_speed&quot;:&quot;0&quot;,&quot;title&quot;:&quot;&quot;,&quot;orientation&quot;:&quot;0&quot;}\" data-image-title=\"1\" data-image-description=\"\" data-image-caption=\"&lt;p&gt;Michael Chekhov (1891-1955)&lt;\/p&gt;\n\" data-large-file=\"https:\/\/www.critical-stages.org\/15\/wp-content\/uploads\/sites\/16\/2017\/05\/1.jpg\" class=\"alignnone wp-image-509 size-thumbnail\" src=\"https:\/\/www.critical-stages.org\/15\/wp-content\/uploads\/sites\/16\/2017\/05\/1-150x150.jpg\" alt=\"\" width=\"150\" height=\"150\" srcset=\"https:\/\/www.critical-stages.org\/15\/wp-content\/uploads\/sites\/16\/2017\/05\/1-150x150.jpg 150w, https:\/\/www.critical-stages.org\/15\/wp-content\/uploads\/sites\/16\/2017\/05\/1-270x270.jpg 270w, https:\/\/www.critical-stages.org\/15\/wp-content\/uploads\/sites\/16\/2017\/05\/1-230x230.jpg 230w\" sizes=\"auto, (max-width: 150px) 100vw, 150px\" \/><\/p>\n<p><a href=\"https:\/\/www.critical-stages.org\/15\/michael-chekhov-pedagogy-today\/\"><b>Michael Chekhov&#8217;s Theatre Pedagogy in the Age of Cosmopolitanism<\/b><\/a><br \/>\nGuest Editor: <strong>Yana Meerzon<\/strong>\u00a0(Canada)<\/p>\n<hr \/>\n<div class=\"pt-cv-wrapper\"><div class=\"pt-cv-view pt-cv-grid pt-cv-colsys\" id=\"pt-cv-view-4ecd5bfz9x\"><div data-id=\"pt-cv-page-1\" class=\"pt-cv-page\" data-cvc=\"2\"><div class=\"col-md-6 col-sm-6 col-xs-12 pt-cv-content-item pt-cv-1-col\" ><div class='pt-cv-ifield'><a href=\"https:\/\/www.critical-stages.org\/15\/the-art-of-michael-chekhovs-chart-a-training-sequence-for-contemporary-practice-in-professional-studios-and-academia\/\" class=\"_self pt-cv-href-thumbnail pt-cv-thumb-default\" target=\"_self\" ><img loading=\"lazy\" decoding=\"async\" width=\"300\" height=\"225\" src=\"https:\/\/www.critical-stages.org\/15\/wp-content\/uploads\/sites\/16\/2017\/04\/DALTON.FIG_.1-300x225.png\" class=\"pt-cv-thumbnail\" alt=\"\" srcset=\"https:\/\/www.critical-stages.org\/15\/wp-content\/uploads\/sites\/16\/2017\/04\/DALTON.FIG_.1-300x225.png 300w, https:\/\/www.critical-stages.org\/15\/wp-content\/uploads\/sites\/16\/2017\/04\/DALTON.FIG_.1.png 700w\" sizes=\"auto, (max-width: 300px) 100vw, 300px\" data-attachment-id=\"160\" data-permalink=\"https:\/\/www.critical-stages.org\/15\/the-art-of-michael-chekhovs-chart-a-training-sequence-for-contemporary-practice-in-professional-studios-and-academia\/dalton-fig-1\/\" data-orig-file=\"https:\/\/www.critical-stages.org\/15\/wp-content\/uploads\/sites\/16\/2017\/04\/DALTON.FIG_.1.png\" data-orig-size=\"700,525\" data-comments-opened=\"1\" data-image-meta=\"{&quot;aperture&quot;:&quot;0&quot;,&quot;credit&quot;:&quot;&quot;,&quot;camera&quot;:&quot;&quot;,&quot;caption&quot;:&quot;&quot;,&quot;created_timestamp&quot;:&quot;0&quot;,&quot;copyright&quot;:&quot;&quot;,&quot;focal_length&quot;:&quot;0&quot;,&quot;iso&quot;:&quot;0&quot;,&quot;shutter_speed&quot;:&quot;0&quot;,&quot;title&quot;:&quot;&quot;,&quot;orientation&quot;:&quot;0&quot;}\" data-image-title=\"DALTON.FIG.1\" data-image-description=\"\" data-image-caption=\"&lt;p&gt;Chart of Inspired Action, as used by National Michael Chekhov Association Intensive Training Workshops. Copyright: NMCA 2013[[3]]&lt;\/p&gt;\n\" data-large-file=\"https:\/\/www.critical-stages.org\/15\/wp-content\/uploads\/sites\/16\/2017\/04\/DALTON.FIG_.1.png\" \/><\/a>\n<p class=\"pt-cv-title\"><a href=\"https:\/\/www.critical-stages.org\/15\/the-art-of-michael-chekhovs-chart-a-training-sequence-for-contemporary-practice-in-professional-studios-and-academia\/\" class=\"_self\" target=\"_self\" >The Art of Michael Chekhov\u2019s Chart: A Training Sequence for Contemporary Practice in Professional Studios and Academia<\/a><\/p>\n<div class=\"pt-cv-meta-fields\"><span class=\"terms\"> <a href='https:\/\/www.critical-stages.org\/15\/tag\/by-lisa-dalton\/' title='by Lisa Dalton' class='pt-cv-tax-by-lisa-dalton'>by Lisa Dalton<\/a>, <a href='https:\/\/www.critical-stages.org\/15\/category\/essays\/' title='Essays' class='pt-cv-tax-essays'>Essays<\/a><\/span><\/div><\/div><\/div>\n<div class=\"col-md-6 col-sm-6 col-xs-12 pt-cv-content-item pt-cv-1-col\" ><div class='pt-cv-ifield'><a href=\"https:\/\/www.critical-stages.org\/15\/performing-in-mask-michael-chekhovs-pedagogy-commedia-and-mime\/\" class=\"_self pt-cv-href-thumbnail pt-cv-thumb-default\" target=\"_self\" ><img loading=\"lazy\" decoding=\"async\" width=\"300\" height=\"225\" src=\"https:\/\/www.critical-stages.org\/15\/wp-content\/uploads\/sites\/16\/2017\/04\/4aMARCEAU2-300x225.jpg\" class=\"pt-cv-thumbnail\" alt=\"\" data-attachment-id=\"205\" data-permalink=\"https:\/\/www.critical-stages.org\/15\/performing-in-mask-michael-chekhovs-pedagogy-commedia-and-mime\/marcel-marceau-2\/\" data-orig-file=\"https:\/\/www.critical-stages.org\/15\/wp-content\/uploads\/sites\/16\/2017\/04\/4aMARCEAU2.jpg\" data-orig-size=\"300,225\" data-comments-opened=\"1\" data-image-meta=\"{&quot;aperture&quot;:&quot;0&quot;,&quot;credit&quot;:&quot;Getty Images&quot;,&quot;camera&quot;:&quot;&quot;,&quot;caption&quot;:&quot;WESTWOOD, CA -JULY 31: Mime Marcel Marceau performs at the Geffen Playhouse July 31, 2002 in Westwood, California (Photo by Michel Boutefeu\/Getty Images)&quot;,&quot;created_timestamp&quot;:&quot;0&quot;,&quot;copyright&quot;:&quot;&quot;,&quot;focal_length&quot;:&quot;0&quot;,&quot;iso&quot;:&quot;0&quot;,&quot;shutter_speed&quot;:&quot;0&quot;,&quot;title&quot;:&quot;Marcel Marceau&quot;,&quot;orientation&quot;:&quot;1&quot;}\" data-image-title=\"Marcel Marceau\" data-image-description=\"\" data-image-caption=\"&lt;p&gt;WESTWOOD, CA -JULY 31: Mime Marcel Marceau performs at the Geffen Playhouse July 31, 2002 in Westwood, California (Photo by Michel Boutefeu\/Getty Images)&lt;\/p&gt;\n\" data-large-file=\"https:\/\/www.critical-stages.org\/15\/wp-content\/uploads\/sites\/16\/2017\/04\/4aMARCEAU2.jpg\" \/><\/a>\n<p class=\"pt-cv-title\"><a href=\"https:\/\/www.critical-stages.org\/15\/performing-in-mask-michael-chekhovs-pedagogy-commedia-and-mime\/\" class=\"_self\" target=\"_self\" >Performing in Mask:  Michael Chekhov\u2019s Pedagogy, <em>Commedia<\/em> and Mime<\/a><\/p>\n<div class=\"pt-cv-meta-fields\"><span class=\"terms\"> <a href='https:\/\/www.critical-stages.org\/15\/tag\/by-lenka-pichlikova\/' title='by Lenka Pichl\u00edkov\u00e1' class='pt-cv-tax-by-lenka-pichlikova'>by Lenka Pichl\u00edkov\u00e1<\/a>, <a href='https:\/\/www.critical-stages.org\/15\/category\/essays\/' title='Essays' class='pt-cv-tax-essays'>Essays<\/a><\/span><\/div><\/div><\/div>\n<div class=\"col-md-6 col-sm-6 col-xs-12 pt-cv-content-item pt-cv-1-col\" ><div class='pt-cv-ifield'><a href=\"https:\/\/www.critical-stages.org\/15\/imagework-training-and-the-chekhov-technique\/\" class=\"_self pt-cv-href-thumbnail pt-cv-thumb-default\" target=\"_self\" ><img loading=\"lazy\" decoding=\"async\" width=\"300\" height=\"225\" src=\"https:\/\/www.critical-stages.org\/15\/wp-content\/uploads\/sites\/16\/2017\/04\/ZINDER.FIGURE.82-300x225.jpg\" class=\"pt-cv-thumbnail\" alt=\"\" data-attachment-id=\"216\" data-permalink=\"https:\/\/www.critical-stages.org\/15\/imagework-training-and-the-chekhov-technique\/zinder-figure-82\/\" data-orig-file=\"https:\/\/www.critical-stages.org\/15\/wp-content\/uploads\/sites\/16\/2017\/04\/ZINDER.FIGURE.82.jpg\" data-orig-size=\"300,225\" data-comments-opened=\"1\" data-image-meta=\"{&quot;aperture&quot;:&quot;0&quot;,&quot;credit&quot;:&quot;&quot;,&quot;camera&quot;:&quot;&quot;,&quot;caption&quot;:&quot;&quot;,&quot;created_timestamp&quot;:&quot;0&quot;,&quot;copyright&quot;:&quot;&quot;,&quot;focal_length&quot;:&quot;0&quot;,&quot;iso&quot;:&quot;0&quot;,&quot;shutter_speed&quot;:&quot;0&quot;,&quot;title&quot;:&quot;&quot;,&quot;orientation&quot;:&quot;0&quot;}\" data-image-title=\"ZINDER.FIGURE.82\" data-image-description=\"\" data-image-caption=\"\" data-large-file=\"https:\/\/www.critical-stages.org\/15\/wp-content\/uploads\/sites\/16\/2017\/04\/ZINDER.FIGURE.82.jpg\" \/><\/a>\n<p class=\"pt-cv-title\"><a href=\"https:\/\/www.critical-stages.org\/15\/imagework-training-and-the-chekhov-technique\/\" class=\"_self\" target=\"_self\" ><em>ImageWork Training<\/em> and the Chekhov Technique<\/a><\/p>\n<div class=\"pt-cv-meta-fields\"><span class=\"terms\"> <a href='https:\/\/www.critical-stages.org\/15\/tag\/by-david-zinder\/' title='by David Zinder' class='pt-cv-tax-by-david-zinder'>by David Zinder<\/a>, <a href='https:\/\/www.critical-stages.org\/15\/category\/essays\/' title='Essays' class='pt-cv-tax-essays'>Essays<\/a><\/span><\/div><\/div><\/div>\n<div class=\"col-md-6 col-sm-6 col-xs-12 pt-cv-content-item pt-cv-1-col\" ><div class='pt-cv-ifield'><a href=\"https:\/\/www.critical-stages.org\/15\/musical-synthesis-of-the-michael-chekhov-technique-integrated-training-for-the-singer-actor\/\" class=\"_self pt-cv-href-thumbnail pt-cv-thumb-default\" target=\"_self\" ><img loading=\"lazy\" decoding=\"async\" width=\"300\" height=\"240\" src=\"https:\/\/www.critical-stages.org\/15\/wp-content\/uploads\/sites\/16\/2017\/04\/PHOTO-1-HAFFNER-300x240.jpg\" class=\"pt-cv-thumbnail\" alt=\"\" srcset=\"https:\/\/www.critical-stages.org\/15\/wp-content\/uploads\/sites\/16\/2017\/04\/PHOTO-1-HAFFNER-300x240.jpg 300w, https:\/\/www.critical-stages.org\/15\/wp-content\/uploads\/sites\/16\/2017\/04\/PHOTO-1-HAFFNER.jpg 500w\" sizes=\"auto, (max-width: 300px) 100vw, 300px\" data-attachment-id=\"239\" data-permalink=\"https:\/\/www.critical-stages.org\/15\/musical-synthesis-of-the-michael-chekhov-technique-integrated-training-for-the-singer-actor\/photo-1-haffner\/\" data-orig-file=\"https:\/\/www.critical-stages.org\/15\/wp-content\/uploads\/sites\/16\/2017\/04\/PHOTO-1-HAFFNER.jpg\" data-orig-size=\"500,400\" data-comments-opened=\"1\" data-image-meta=\"{&quot;aperture&quot;:&quot;0&quot;,&quot;credit&quot;:&quot;&quot;,&quot;camera&quot;:&quot;&quot;,&quot;caption&quot;:&quot;&quot;,&quot;created_timestamp&quot;:&quot;0&quot;,&quot;copyright&quot;:&quot;&quot;,&quot;focal_length&quot;:&quot;0&quot;,&quot;iso&quot;:&quot;0&quot;,&quot;shutter_speed&quot;:&quot;0&quot;,&quot;title&quot;:&quot;&quot;,&quot;orientation&quot;:&quot;0&quot;}\" data-image-title=\"PHOTO 1 HAFFNER\" data-image-description=\"\" data-image-caption=\"&lt;p&gt;Don Giovanni (Mozart)\u2014January, 2010. Stockton Opera Association (Stockton, CA). James Haffner, Stage Director. Peter Jaffe, Conductor, Nicolai Janitzky, Don Giovanni, Michael Gallup, Il Commendatore. Photographer: Monica Johnson-Swope&lt;\/p&gt;\n\" data-large-file=\"https:\/\/www.critical-stages.org\/15\/wp-content\/uploads\/sites\/16\/2017\/04\/PHOTO-1-HAFFNER.jpg\" \/><\/a>\n<p class=\"pt-cv-title\"><a href=\"https:\/\/www.critical-stages.org\/15\/musical-synthesis-of-the-michael-chekhov-technique-integrated-training-for-the-singer-actor\/\" class=\"_self\" target=\"_self\" >Musical Synthesis of the Michael Chekhov Technique: Integrated Training for the Singer \u2013 Actor<\/a><\/p>\n<div class=\"pt-cv-meta-fields\"><span class=\"terms\"> <a href='https:\/\/www.critical-stages.org\/15\/tag\/by-james-haffner\/' title='by James Haffner' class='pt-cv-tax-by-james-haffner'>by James Haffner<\/a>, <a href='https:\/\/www.critical-stages.org\/15\/category\/essays\/' title='Essays' class='pt-cv-tax-essays'>Essays<\/a><\/span><\/div><\/div><\/div>\n<div class=\"col-md-6 col-sm-6 col-xs-12 pt-cv-content-item pt-cv-1-col\" ><div class='pt-cv-ifield'><a href=\"https:\/\/www.critical-stages.org\/15\/gestures-of-listening\/\" class=\"_self pt-cv-href-thumbnail pt-cv-thumb-default\" target=\"_self\" ><img loading=\"lazy\" decoding=\"async\" width=\"300\" height=\"225\" src=\"https:\/\/www.critical-stages.org\/15\/wp-content\/uploads\/sites\/16\/2017\/04\/ULI.Fig_.5-300x225.jpg\" class=\"pt-cv-thumbnail\" alt=\"\" srcset=\"https:\/\/www.critical-stages.org\/15\/wp-content\/uploads\/sites\/16\/2017\/04\/ULI.Fig_.5-300x225.jpg 300w, https:\/\/www.critical-stages.org\/15\/wp-content\/uploads\/sites\/16\/2017\/04\/ULI.Fig_.5.jpg 700w\" sizes=\"auto, (max-width: 300px) 100vw, 300px\" data-attachment-id=\"264\" data-permalink=\"https:\/\/www.critical-stages.org\/15\/gestures-of-listening\/uli-fig-5\/\" data-orig-file=\"https:\/\/www.critical-stages.org\/15\/wp-content\/uploads\/sites\/16\/2017\/04\/ULI.Fig_.5.jpg\" data-orig-size=\"700,525\" data-comments-opened=\"1\" data-image-meta=\"{&quot;aperture&quot;:&quot;5&quot;,&quot;credit&quot;:&quot;&quot;,&quot;camera&quot;:&quot;DSC-HX90V&quot;,&quot;caption&quot;:&quot;&quot;,&quot;created_timestamp&quot;:&quot;1468405599&quot;,&quot;copyright&quot;:&quot;&quot;,&quot;focal_length&quot;:&quot;17.49&quot;,&quot;iso&quot;:&quot;800&quot;,&quot;shutter_speed&quot;:&quot;0.033333333333333&quot;,&quot;title&quot;:&quot;&quot;,&quot;orientation&quot;:&quot;1&quot;}\" data-image-title=\"ULI.Fig.5\" data-image-description=\"\" data-image-caption=\"&lt;p&gt;\u201cI breathe, my heart beats, I listen!\u201d&lt;\/p&gt;\n&lt;p&gt;Tiyatro Medresesi, Sirince, Turkey, 2016. Photo: \u00a9 Y.Almaz \/ Michael Chekhov Europe&lt;\/p&gt;\n\" data-large-file=\"https:\/\/www.critical-stages.org\/15\/wp-content\/uploads\/sites\/16\/2017\/04\/ULI.Fig_.5.jpg\" \/><\/a>\n<p class=\"pt-cv-title\"><a href=\"https:\/\/www.critical-stages.org\/15\/gestures-of-listening\/\" class=\"_self\" target=\"_self\" >Gestures of Listening<\/a><\/p>\n<div class=\"pt-cv-meta-fields\"><span class=\"terms\"> <a href='https:\/\/www.critical-stages.org\/15\/tag\/by-ulrich-meyer-horsch\/' title='by Ulrich Meyer-Horsch' class='pt-cv-tax-by-ulrich-meyer-horsch'>by Ulrich Meyer-Horsch<\/a>, <a href='https:\/\/www.critical-stages.org\/15\/category\/essays\/' title='Essays' class='pt-cv-tax-essays'>Essays<\/a><\/span><\/div><\/div><\/div>\n<div class=\"col-md-6 col-sm-6 col-xs-12 pt-cv-content-item pt-cv-1-col\" ><div class='pt-cv-ifield'><a href=\"https:\/\/www.critical-stages.org\/15\/presence-significance-and-radiation-in-acting-creating-the-psychophysical-foundation-for-working-on-chekhovs-atmospheres1\/\" class=\"_self pt-cv-href-thumbnail pt-cv-thumb-default\" target=\"_self\" ><img loading=\"lazy\" decoding=\"async\" width=\"300\" height=\"199\" src=\"https:\/\/www.critical-stages.org\/15\/wp-content\/uploads\/sites\/16\/2017\/05\/SOL.FIGURE-2_claudia-gir\u00edldez_02-300x199.jpg\" class=\"pt-cv-thumbnail\" alt=\"\" srcset=\"https:\/\/www.critical-stages.org\/15\/wp-content\/uploads\/sites\/16\/2017\/05\/SOL.FIGURE-2_claudia-gir\u00edldez_02-300x199.jpg 300w, https:\/\/www.critical-stages.org\/15\/wp-content\/uploads\/sites\/16\/2017\/05\/SOL.FIGURE-2_claudia-gir\u00edldez_02.jpg 700w\" sizes=\"auto, (max-width: 300px) 100vw, 300px\" data-attachment-id=\"531\" data-permalink=\"https:\/\/www.critical-stages.org\/15\/presence-significance-and-radiation-in-acting-creating-the-psychophysical-foundation-for-working-on-chekhovs-atmospheres1\/sol-figure-2_claudia-girildez_02\/\" data-orig-file=\"https:\/\/www.critical-stages.org\/15\/wp-content\/uploads\/sites\/16\/2017\/05\/SOL.FIGURE-2_claudia-gir\u00edldez_02.jpg\" data-orig-size=\"700,464\" data-comments-opened=\"1\" data-image-meta=\"{&quot;aperture&quot;:&quot;4&quot;,&quot;credit&quot;:&quot;&quot;,&quot;camera&quot;:&quot;NIKON D2X&quot;,&quot;caption&quot;:&quot;&quot;,&quot;created_timestamp&quot;:&quot;1120161678&quot;,&quot;copyright&quot;:&quot;&quot;,&quot;focal_length&quot;:&quot;50&quot;,&quot;iso&quot;:&quot;800&quot;,&quot;shutter_speed&quot;:&quot;0.025&quot;,&quot;title&quot;:&quot;&quot;,&quot;orientation&quot;:&quot;1&quot;}\" data-image-title=\"SOL.FIGURE 2_claudia gir+\u00edldez_02\" data-image-description=\"\" data-image-caption=\"&lt;p&gt;Claudia Gir\u00e1ldez in\u00a0Asfixia, RESAD, 2005. A research-project led by Sol Garre in RESAD with five acting students. This practice-based research was also part of Garre\u2019s PhD documentation, a first attempt to combine and introduce psychophysical training and Chekhov\u2019s techniques into performance. A devised piece was finally produced for the students\u2019 graduation. Photo: Ernesto Serrano. Courtesy of RESAD&lt;\/p&gt;\n\" data-large-file=\"https:\/\/www.critical-stages.org\/15\/wp-content\/uploads\/sites\/16\/2017\/05\/SOL.FIGURE-2_claudia-gir\u00edldez_02.jpg\" \/><\/a>\n<p class=\"pt-cv-title\"><a href=\"https:\/\/www.critical-stages.org\/15\/presence-significance-and-radiation-in-acting-creating-the-psychophysical-foundation-for-working-on-chekhovs-atmospheres1\/\" class=\"_self\" target=\"_self\" ><em>Presence<\/em>, <em>Significance<\/em> and <em>Radiation<\/em> in Acting: Creating the Psychophysical Foundation for Working on Chekhov\u2019s Atmospheres<sup>[1]<\/sup><\/a><\/p>\n<div class=\"pt-cv-meta-fields\"><span class=\"terms\"> <a href='https:\/\/www.critical-stages.org\/15\/tag\/by-sol-garre\/' title='by Sol Garre' class='pt-cv-tax-by-sol-garre'>by Sol Garre<\/a>, <a href='https:\/\/www.critical-stages.org\/15\/category\/essays\/' title='Essays' class='pt-cv-tax-essays'>Essays<\/a><\/span><\/div><\/div><\/div><\/div><\/div><\/div>\n","protected":false},"excerpt":{"rendered":"<p>Michael Chekhov&#8217;s Theatre Pedagogy in the Age of Cosmopolitanism Guest Editor: Yana Meerzon\u00a0(Canada)<\/p>\n","protected":false},"author":1,"featured_media":0,"parent":0,"menu_order":0,"comment_status":"closed","ping_status":"closed","template":"","meta":{"footnotes":""},"class_list":["post-72","page","type-page","status-publish","hentry","","tg-column-two"],"jetpack_sharing_enabled":true,"jetpack_shortlink":"https:\/\/wp.me\/P8ugAy-1a","jetpack-related-posts":[],"_links":{"self":[{"href":"https:\/\/www.critical-stages.org\/15\/wp-json\/wp\/v2\/pages\/72","targetHints":{"allow":["GET"]}}],"collection":[{"href":"https:\/\/www.critical-stages.org\/15\/wp-json\/wp\/v2\/pages"}],"about":[{"href":"https:\/\/www.critical-stages.org\/15\/wp-json\/wp\/v2\/types\/page"}],"author":[{"embeddable":true,"href":"https:\/\/www.critical-stages.org\/15\/wp-json\/wp\/v2\/users\/1"}],"replies":[{"embeddable":true,"href":"https:\/\/www.critical-stages.org\/15\/wp-json\/wp\/v2\/comments?post=72"}],"version-history":[{"count":0,"href":"https:\/\/www.critical-stages.org\/15\/wp-json\/wp\/v2\/pages\/72\/revisions"}],"wp:attachment":[{"href":"https:\/\/www.critical-stages.org\/15\/wp-json\/wp\/v2\/media?parent=72"}],"curies":[{"name":"wp","href":"https:\/\/api.w.org\/{rel}","templated":true}]}}