{"id":68,"date":"2017-03-11T14:56:03","date_gmt":"2017-03-11T14:56:03","guid":{"rendered":"https:\/\/www.critical-stages.org\/15\/?page_id=68"},"modified":"2017-12-22T19:52:02","modified_gmt":"2017-12-22T19:52:02","slug":"interviews","status":"publish","type":"page","link":"https:\/\/www.critical-stages.org\/15\/interviews\/","title":{"rendered":"Interviews"},"content":{"rendered":"<p>Section Editor:\u00a0<strong>Savas Patsalidis\u00a0<\/strong>(Greece)<\/p>\n<p><img loading=\"lazy\" decoding=\"async\" class=\"alignnone size-full wp-image-67\" src=\"https:\/\/www.critical-stages.org\/14\/wp-content\/uploads\/sites\/15\/2016\/10\/patsalidis.jpg\" alt=\"\" width=\"140\" height=\"186\" \/><\/p>\n<p><strong>Savas Patsalidis <\/strong>is Professor of theatre and performance history and theory in the School of English (Aristotle University, Thessaloniki), the Hellenic Open University and the Drama Academy of the National Theatre of Northern Greece. He is also a regular lecturer on the Graduate Programme of the Theatre Department at Aristotle University. He is the author of thirteen books on theatre and performance criticism\/theory and co-editor of another thirteen. His two-volume study,\u00a0<em>Theatre, Society, Nation<\/em>\u00a0(2010), was awarded first prize for best theatre study of the year. In addition to his academic activities, he works as a theatre reviewer for the ejournals\u00a0<em>lavart<\/em>,\u00a0<em>parallaxi<\/em>, and\u00a0<em>the greekplay project<\/em>. He is currently the president of the Hellenic Association of Theatre and Performing Arts Critics and the editor-in-chief of\u00a0<em>Critical Stages\/Sc\u00e8nes Critiques<\/em>, the journal of the International Association of Theatre Critics.<\/p>\n<hr \/>\n<div class=\"pt-cv-wrapper\"><div class=\"pt-cv-view pt-cv-grid pt-cv-colsys\" id=\"pt-cv-view-c5c2f03dce\"><div data-id=\"pt-cv-page-1\" class=\"pt-cv-page\" data-cvc=\"2\"><div class=\"col-md-6 col-sm-6 col-xs-12 pt-cv-content-item pt-cv-1-col\" ><div class='pt-cv-ifield'><a href=\"https:\/\/www.critical-stages.org\/15\/workshopping-the-refugee-condition-interview-with-anina-jendreyko\/\" class=\"_self pt-cv-href-thumbnail pt-cv-thumb-default\" target=\"_self\" ><img loading=\"lazy\" decoding=\"async\" width=\"200\" height=\"300\" src=\"https:\/\/www.critical-stages.org\/15\/wp-content\/uploads\/sites\/16\/2017\/03\/PHOTO-2-Brief-an-Orestes-Foto-1-200x300.jpg\" class=\"pt-cv-thumbnail\" alt=\"\" srcset=\"https:\/\/www.critical-stages.org\/15\/wp-content\/uploads\/sites\/16\/2017\/03\/PHOTO-2-Brief-an-Orestes-Foto-1-200x300.jpg 200w, https:\/\/www.critical-stages.org\/15\/wp-content\/uploads\/sites\/16\/2017\/03\/PHOTO-2-Brief-an-Orestes-Foto-1.jpg 400w\" sizes=\"auto, (max-width: 200px) 100vw, 200px\" data-attachment-id=\"24\" data-permalink=\"https:\/\/www.critical-stages.org\/15\/workshopping-the-refugee-condition-interview-with-anina-jendreyko\/photo-2-brief-an-orestes-foto-1\/\" data-orig-file=\"https:\/\/www.critical-stages.org\/15\/wp-content\/uploads\/sites\/16\/2017\/03\/PHOTO-2-Brief-an-Orestes-Foto-1.jpg\" data-orig-size=\"400,600\" data-comments-opened=\"1\" data-image-meta=\"{&quot;aperture&quot;:&quot;5.6&quot;,&quot;credit&quot;:&quot;unknown&quot;,&quot;camera&quot;:&quot;Canon EOS 30D&quot;,&quot;caption&quot;:&quot;&quot;,&quot;created_timestamp&quot;:&quot;1203041113&quot;,&quot;copyright&quot;:&quot;&quot;,&quot;focal_length&quot;:&quot;53&quot;,&quot;iso&quot;:&quot;250&quot;,&quot;shutter_speed&quot;:&quot;0.025&quot;,&quot;title&quot;:&quot;&quot;,&quot;orientation&quot;:&quot;1&quot;}\" data-image-title=\"PHOTO 2 Brief an Orestes Foto 1\" data-image-description=\"\" data-image-caption=\"&lt;p&gt;From the performance of Brief an Orestes, 2011. Anina Jendreyko in the role of Klytemnestra.&lt;\/p&gt;\n\" data-large-file=\"https:\/\/www.critical-stages.org\/15\/wp-content\/uploads\/sites\/16\/2017\/03\/PHOTO-2-Brief-an-Orestes-Foto-1.jpg\" \/><\/a>\n<p class=\"pt-cv-title\"><a href=\"https:\/\/www.critical-stages.org\/15\/workshopping-the-refugee-condition-interview-with-anina-jendreyko\/\" class=\"_self\" target=\"_self\" >Workshopping the Refugee Condition: Interview with Anina Jendreyko<\/a><\/p>\n<div class=\"pt-cv-meta-fields\"><span class=\"terms\"> <a href='https:\/\/www.critical-stages.org\/15\/tag\/by-katerina-delikonstantinidou\/' title='by Katerina Delikonstantinidou' class='pt-cv-tax-by-katerina-delikonstantinidou'>by Katerina Delikonstantinidou<\/a>, <a href='https:\/\/www.critical-stages.org\/15\/category\/interviews\/' title='Interviews' class='pt-cv-tax-interviews'>Interviews<\/a><\/span><\/div><\/div><\/div>\n<div class=\"col-md-6 col-sm-6 col-xs-12 pt-cv-content-item pt-cv-1-col\" ><div class='pt-cv-ifield'><a href=\"https:\/\/www.critical-stages.org\/15\/comment-capter-et-traduire-le-reel-sur-scene-chroniques-de-la-societe-cubaine\/\" class=\"_self pt-cv-href-thumbnail pt-cv-thumb-default\" target=\"_self\" ><img loading=\"lazy\" decoding=\"async\" width=\"189\" height=\"300\" src=\"https:\/\/www.critical-stages.org\/15\/wp-content\/uploads\/sites\/16\/2017\/03\/GONZALEZ2-189x300.jpg\" class=\"pt-cv-thumbnail\" alt=\"\" srcset=\"https:\/\/www.critical-stages.org\/15\/wp-content\/uploads\/sites\/16\/2017\/03\/GONZALEZ2-189x300.jpg 189w, https:\/\/www.critical-stages.org\/15\/wp-content\/uploads\/sites\/16\/2017\/03\/GONZALEZ2.jpg 271w\" sizes=\"auto, (max-width: 189px) 100vw, 189px\" data-attachment-id=\"858\" data-permalink=\"https:\/\/www.critical-stages.org\/15\/comment-capter-et-traduire-le-reel-sur-scene-chroniques-de-la-societe-cubaine\/gonzalez2\/\" data-orig-file=\"https:\/\/www.critical-stages.org\/15\/wp-content\/uploads\/sites\/16\/2017\/03\/GONZALEZ2.jpg\" data-orig-size=\"271,431\" data-comments-opened=\"1\" data-image-meta=\"{&quot;aperture&quot;:&quot;0&quot;,&quot;credit&quot;:&quot;&quot;,&quot;camera&quot;:&quot;&quot;,&quot;caption&quot;:&quot;&quot;,&quot;created_timestamp&quot;:&quot;0&quot;,&quot;copyright&quot;:&quot;&quot;,&quot;focal_length&quot;:&quot;0&quot;,&quot;iso&quot;:&quot;0&quot;,&quot;shutter_speed&quot;:&quot;0&quot;,&quot;title&quot;:&quot;&quot;,&quot;orientation&quot;:&quot;1&quot;}\" data-image-title=\"GONZALEZ2\" data-image-description=\"\" data-image-caption=\"\" data-large-file=\"https:\/\/www.critical-stages.org\/15\/wp-content\/uploads\/sites\/16\/2017\/03\/GONZALEZ2.jpg\" \/><\/a>\n<p class=\"pt-cv-title\"><a href=\"https:\/\/www.critical-stages.org\/15\/comment-capter-et-traduire-le-reel-sur-scene-chroniques-de-la-societe-cubaine\/\" class=\"_self\" target=\"_self\" >Comment capter et traduire le r\u00e9el sur sc\u00e8ne: Chroniques de la soci\u00e9t\u00e9 cubaine: Entretien avec Abel Gonzalez Melo<\/a><\/p>\n<div class=\"pt-cv-meta-fields\"><span class=\"terms\"> <a href='https:\/\/www.critical-stages.org\/15\/tag\/by-irene-sadowska\/' title='by Ir\u00e8ne Sadowska' class='pt-cv-tax-by-irene-sadowska'>by Ir\u00e8ne Sadowska<\/a>, <a href='https:\/\/www.critical-stages.org\/15\/category\/interviews\/' title='Interviews' class='pt-cv-tax-interviews'>Interviews<\/a><\/span><\/div><\/div><\/div>\n<div class=\"col-md-6 col-sm-6 col-xs-12 pt-cv-content-item pt-cv-1-col\" ><div class='pt-cv-ifield'><a href=\"https:\/\/www.critical-stages.org\/15\/lombre-de-venceslao-ou-une-epopee-argentine-entretien-avec-jorge-lavelli\/\" class=\"_self pt-cv-href-thumbnail pt-cv-thumb-default\" target=\"_self\" ><img loading=\"lazy\" decoding=\"async\" width=\"194\" height=\"300\" src=\"https:\/\/www.critical-stages.org\/15\/wp-content\/uploads\/sites\/16\/2017\/03\/1-Jorge-Lavelli.-Photo-Lot-194x300.jpg\" class=\"pt-cv-thumbnail\" alt=\"\" srcset=\"https:\/\/www.critical-stages.org\/15\/wp-content\/uploads\/sites\/16\/2017\/03\/1-Jorge-Lavelli.-Photo-Lot-194x300.jpg 194w, https:\/\/www.critical-stages.org\/15\/wp-content\/uploads\/sites\/16\/2017\/03\/1-Jorge-Lavelli.-Photo-Lot.jpg 400w\" sizes=\"auto, (max-width: 194px) 100vw, 194px\" data-attachment-id=\"52\" data-permalink=\"https:\/\/www.critical-stages.org\/15\/lombre-de-venceslao-ou-une-epopee-argentine-entretien-avec-jorge-lavelli\/1-jorge-lavelli-photo-lot\/\" data-orig-file=\"https:\/\/www.critical-stages.org\/15\/wp-content\/uploads\/sites\/16\/2017\/03\/1-Jorge-Lavelli.-Photo-Lot.jpg\" data-orig-size=\"400,617\" data-comments-opened=\"1\" data-image-meta=\"{&quot;aperture&quot;:&quot;3.2&quot;,&quot;credit&quot;:&quot;&quot;,&quot;camera&quot;:&quot;Canon EOS 5D&quot;,&quot;caption&quot;:&quot;&quot;,&quot;created_timestamp&quot;:&quot;1140308973&quot;,&quot;copyright&quot;:&quot;&quot;,&quot;focal_length&quot;:&quot;70&quot;,&quot;iso&quot;:&quot;200&quot;,&quot;shutter_speed&quot;:&quot;0.01&quot;,&quot;title&quot;:&quot;&quot;,&quot;orientation&quot;:&quot;1&quot;}\" data-image-title=\"1 Jorge Lavelli. Photo Lot\" data-image-description=\"\" data-image-caption=\"&lt;p&gt;Jorge Lavelli. Photo : Lot.&lt;\/p&gt;\n\" data-large-file=\"https:\/\/www.critical-stages.org\/15\/wp-content\/uploads\/sites\/16\/2017\/03\/1-Jorge-Lavelli.-Photo-Lot.jpg\" \/><\/a>\n<p class=\"pt-cv-title\"><a href=\"https:\/\/www.critical-stages.org\/15\/lombre-de-venceslao-ou-une-epopee-argentine-entretien-avec-jorge-lavelli\/\" class=\"_self\" target=\"_self\" >L\u2019Ombre de Venceslao ou une \u00e9pop\u00e9e argentine: Entretien avec Jorge Lavelli<\/a><\/p>\n<div class=\"pt-cv-meta-fields\"><span class=\"terms\"> <a href='https:\/\/www.critical-stages.org\/15\/tag\/by-irene-sadowska\/' title='by Ir\u00e8ne Sadowska' class='pt-cv-tax-by-irene-sadowska'>by Ir\u00e8ne Sadowska<\/a>, <a href='https:\/\/www.critical-stages.org\/15\/category\/interviews\/' title='Interviews' class='pt-cv-tax-interviews'>Interviews<\/a><\/span><\/div><\/div><\/div>\n<div class=\"col-md-6 col-sm-6 col-xs-12 pt-cv-content-item pt-cv-1-col\" ><div class='pt-cv-ifield'><a href=\"https:\/\/www.critical-stages.org\/15\/better-days-for-ugandan-theatre-interview-with-asiimwe-deborah-gkashugi\/\" class=\"_self pt-cv-href-thumbnail pt-cv-thumb-default\" target=\"_self\" ><img loading=\"lazy\" decoding=\"async\" width=\"198\" height=\"300\" src=\"https:\/\/www.critical-stages.org\/15\/wp-content\/uploads\/sites\/16\/2017\/03\/PHOTO-4b-198x300.jpg\" class=\"pt-cv-thumbnail\" alt=\"\" srcset=\"https:\/\/www.critical-stages.org\/15\/wp-content\/uploads\/sites\/16\/2017\/03\/PHOTO-4b-198x300.jpg 198w, https:\/\/www.critical-stages.org\/15\/wp-content\/uploads\/sites\/16\/2017\/03\/PHOTO-4b.jpg 340w\" sizes=\"auto, (max-width: 198px) 100vw, 198px\" data-attachment-id=\"860\" data-permalink=\"https:\/\/www.critical-stages.org\/15\/better-days-for-ugandan-theatre-interview-with-asiimwe-deborah-gkashugi\/photo-4b\/\" data-orig-file=\"https:\/\/www.critical-stages.org\/15\/wp-content\/uploads\/sites\/16\/2017\/03\/PHOTO-4b.jpg\" data-orig-size=\"340,515\" data-comments-opened=\"1\" data-image-meta=\"{&quot;aperture&quot;:&quot;4.5&quot;,&quot;credit&quot;:&quot;&quot;,&quot;camera&quot;:&quot;NIKON D7000&quot;,&quot;caption&quot;:&quot;&quot;,&quot;created_timestamp&quot;:&quot;1479922888&quot;,&quot;copyright&quot;:&quot;&quot;,&quot;focal_length&quot;:&quot;38&quot;,&quot;iso&quot;:&quot;400&quot;,&quot;shutter_speed&quot;:&quot;0.01&quot;,&quot;title&quot;:&quot;&quot;,&quot;orientation&quot;:&quot;1&quot;}\" data-image-title=\"PHOTO 4b\" data-image-description=\"\" data-image-caption=\"\" data-large-file=\"https:\/\/www.critical-stages.org\/15\/wp-content\/uploads\/sites\/16\/2017\/03\/PHOTO-4b.jpg\" \/><\/a>\n<p class=\"pt-cv-title\"><a href=\"https:\/\/www.critical-stages.org\/15\/better-days-for-ugandan-theatre-interview-with-asiimwe-deborah-gkashugi\/\" class=\"_self\" target=\"_self\" >&#8220;Better Days for Ugandan Theatre&#8221;: Interview with Asiimwe Deborah GKashugi<\/a><\/p>\n<div class=\"pt-cv-meta-fields\"><span class=\"terms\"> <a href='https:\/\/www.critical-stages.org\/15\/tag\/by-andrew-kaggwa\/' title='by Andrew Kaggwa' class='pt-cv-tax-by-andrew-kaggwa'>by Andrew Kaggwa<\/a>, <a href='https:\/\/www.critical-stages.org\/15\/category\/interviews\/' title='Interviews' class='pt-cv-tax-interviews'>Interviews<\/a><\/span><\/div><\/div><\/div>\n<div class=\"col-md-6 col-sm-6 col-xs-12 pt-cv-content-item pt-cv-1-col\" ><div class='pt-cv-ifield'><a href=\"https:\/\/www.critical-stages.org\/15\/the-artist-in-times-of-crisis-interview-with-theodoros-terzopoulos\/\" class=\"_self pt-cv-href-thumbnail pt-cv-thumb-default\" target=\"_self\" ><img loading=\"lazy\" decoding=\"async\" width=\"199\" height=\"299\" src=\"https:\/\/www.critical-stages.org\/15\/wp-content\/uploads\/sites\/16\/2017\/04\/Terzopoulos.jpg\" class=\"pt-cv-thumbnail\" alt=\"\" data-attachment-id=\"857\" data-permalink=\"https:\/\/www.critical-stages.org\/15\/the-artist-in-times-of-crisis-interview-with-theodoros-terzopoulos\/terzopoulos\/\" data-orig-file=\"https:\/\/www.critical-stages.org\/15\/wp-content\/uploads\/sites\/16\/2017\/04\/Terzopoulos.jpg\" data-orig-size=\"199,299\" data-comments-opened=\"1\" data-image-meta=\"{&quot;aperture&quot;:&quot;0&quot;,&quot;credit&quot;:&quot;&quot;,&quot;camera&quot;:&quot;&quot;,&quot;caption&quot;:&quot;&quot;,&quot;created_timestamp&quot;:&quot;0&quot;,&quot;copyright&quot;:&quot;&quot;,&quot;focal_length&quot;:&quot;0&quot;,&quot;iso&quot;:&quot;0&quot;,&quot;shutter_speed&quot;:&quot;0&quot;,&quot;title&quot;:&quot;&quot;,&quot;orientation&quot;:&quot;0&quot;}\" data-image-title=\"Terzopoulos\" data-image-description=\"\" data-image-caption=\"\" data-large-file=\"https:\/\/www.critical-stages.org\/15\/wp-content\/uploads\/sites\/16\/2017\/04\/Terzopoulos.jpg\" \/><\/a>\n<p class=\"pt-cv-title\"><a href=\"https:\/\/www.critical-stages.org\/15\/the-artist-in-times-of-crisis-interview-with-theodoros-terzopoulos\/\" class=\"_self\" target=\"_self\" >The Artist in Times of Crisis: Interview with Theodoros Terzopoulos<\/a><\/p>\n<div class=\"pt-cv-meta-fields\"><span class=\"terms\"> <a href='https:\/\/www.critical-stages.org\/15\/tag\/by-penelope-chatzidimitriou\/' title='by Penelope Chatzidimitriou' class='pt-cv-tax-by-penelope-chatzidimitriou'>by Penelope Chatzidimitriou<\/a>, <a href='https:\/\/www.critical-stages.org\/15\/category\/interviews\/' title='Interviews' class='pt-cv-tax-interviews'>Interviews<\/a><\/span><\/div><\/div><\/div><\/div><\/div><\/div>\n","protected":false},"excerpt":{"rendered":"<p>Section Editor:\u00a0Savas Patsalidis\u00a0(Greece) Savas Patsalidis is Professor of theatre and performance history and theory in the School of English (Aristotle University, Thessaloniki), the Hellenic Open University and the Drama Academy of the National Theatre of Northern Greece. He is also<\/p>\n","protected":false},"author":1,"featured_media":0,"parent":0,"menu_order":0,"comment_status":"closed","ping_status":"closed","template":"","meta":{"footnotes":""},"class_list":["post-68","page","type-page","status-publish","hentry","","tg-column-two"],"jetpack_sharing_enabled":true,"jetpack_shortlink":"https:\/\/wp.me\/P8ugAy-16","jetpack-related-posts":[],"_links":{"self":[{"href":"https:\/\/www.critical-stages.org\/15\/wp-json\/wp\/v2\/pages\/68","targetHints":{"allow":["GET"]}}],"collection":[{"href":"https:\/\/www.critical-stages.org\/15\/wp-json\/wp\/v2\/pages"}],"about":[{"href":"https:\/\/www.critical-stages.org\/15\/wp-json\/wp\/v2\/types\/page"}],"author":[{"embeddable":true,"href":"https:\/\/www.critical-stages.org\/15\/wp-json\/wp\/v2\/users\/1"}],"replies":[{"embeddable":true,"href":"https:\/\/www.critical-stages.org\/15\/wp-json\/wp\/v2\/comments?post=68"}],"version-history":[{"count":0,"href":"https:\/\/www.critical-stages.org\/15\/wp-json\/wp\/v2\/pages\/68\/revisions"}],"wp:attachment":[{"href":"https:\/\/www.critical-stages.org\/15\/wp-json\/wp\/v2\/media?parent=68"}],"curies":[{"name":"wp","href":"https:\/\/api.w.org\/{rel}","templated":true}]}}