{"id":5,"date":"2016-10-30T10:12:44","date_gmt":"2016-10-30T10:12:44","guid":{"rendered":"https:\/\/www.critical-stages.org\/14\/?page_id=5"},"modified":"2017-01-15T18:06:29","modified_gmt":"2017-01-15T18:06:29","slug":"contents","status":"publish","type":"page","link":"https:\/\/www.critical-stages.org\/14\/","title":{"rendered":"Contents"},"content":{"rendered":"<h3>Table of Contents<\/h3>\n<p><a href=\"https:\/\/www.critical-stages.org\/14\/editorial-note\/\">Editorial<\/a>\/<a href=\"https:\/\/www.critical-stages.org\/14\/editorial\/\">\u00c9ditorial<\/a><br \/>\nSavas Patsalidis (editor-in-chief)<\/p>\n<hr \/>\n<h5><a href=\"https:\/\/www.critical-stages.org\/14\/special-topic\/\"><span style=\"color: #ff9933;\">Special Topic: Theatre and Statelessness in Europe<\/span><\/a><\/h5>\n<p>Section Guest Editors:<strong> S. E. Wilmer<\/strong> (Ireland) and <strong>Azadeh Sharifi<\/strong> (Germany)<\/p>\n<p><img loading=\"lazy\" decoding=\"async\" data-attachment-id=\"126\" data-permalink=\"https:\/\/www.critical-stages.org\/14\/authenticity-and-otherness-reflecting-statelessness-in-german-postmigrant-theatre\/5-figure-3-franziska\/\" data-orig-file=\"https:\/\/www.critical-stages.org\/14\/wp-content\/uploads\/sites\/15\/2016\/10\/5.-Figure-3-Franziska.jpg\" data-orig-size=\"700,466\" data-comments-opened=\"1\" data-image-meta=\"{&quot;aperture&quot;:&quot;2.8&quot;,&quot;credit&quot;:&quot;&quot;,&quot;camera&quot;:&quot;SLT-A99V&quot;,&quot;caption&quot;:&quot;&quot;,&quot;created_timestamp&quot;:&quot;1434053632&quot;,&quot;copyright&quot;:&quot;&quot;,&quot;focal_length&quot;:&quot;28&quot;,&quot;iso&quot;:&quot;4000&quot;,&quot;shutter_speed&quot;:&quot;0.0125&quot;,&quot;title&quot;:&quot;&quot;,&quot;orientation&quot;:&quot;1&quot;}\" data-image-title=\"5-figure-3-franziska\" data-image-description=\"\" data-image-caption=\"\" data-medium-file=\"https:\/\/www.critical-stages.org\/14\/wp-content\/uploads\/sites\/15\/2016\/10\/5.-Figure-3-Franziska-300x200.jpg\" data-large-file=\"https:\/\/www.critical-stages.org\/14\/wp-content\/uploads\/sites\/15\/2016\/10\/5.-Figure-3-Franziska.jpg\" class=\"aligncenter wp-image-126\" src=\"https:\/\/www.critical-stages.org\/14\/wp-content\/uploads\/sites\/15\/2016\/10\/5.-Figure-3-Franziska.jpg\" width=\"500\" height=\"333\" srcset=\"https:\/\/www.critical-stages.org\/14\/wp-content\/uploads\/sites\/15\/2016\/10\/5.-Figure-3-Franziska.jpg 700w, https:\/\/www.critical-stages.org\/14\/wp-content\/uploads\/sites\/15\/2016\/10\/5.-Figure-3-Franziska-300x200.jpg 300w\" sizes=\"auto, (max-width: 500px) 100vw, 500px\" \/><\/p>\n<p><a href=\"https:\/\/www.critical-stages.org\/14\/reflections-on-theatre-and-statelessness\/\">Reflections on Theatre and Statelessness<\/a><br \/>\nS. E. Wilmer\u00a0and Azadeh Sharifi<\/p>\n<p><a href=\"https:\/\/www.critical-stages.org\/14\/authenticity-and-otherness-reflecting-statelessness-in-german-postmigrant-theatre\/\">Authenticity and Otherness: Reflecting Statelessness in German Postmigrant Theatre<\/a><strong><br \/>\n<\/strong>Jonas Tinius<\/p>\n<p><a href=\"https:\/\/www.critical-stages.org\/14\/we-accuse-europe-staging-justice-for-refugees-migrants-and-asylum-seekers-in-europe\/\">\u201cWe Accuse Europe\u201d: Staging Justice for Refugees, Migrants and Asylum Seekers in Europe<\/a><br \/>\nJamie H. Trnka<\/p>\n<p><a href=\"https:\/\/www.critical-stages.org\/14\/refugees-in-german-documentary-theatre\/\">Refugees in German Documentary Theatre<\/a><br \/>\nKatrin Sieg<\/p>\n<p><a href=\"https:\/\/www.critical-stages.org\/14\/in-transit-wajdi-mouawads-scorched-in-bremen-germany-as-theatre-of-anticipation\/\">In Transit: Wajdi Mouawad\u2019s <em>Scorched<\/em>\u00a0in Bremen, Germany, as Theatre of Anticipation<\/a><br \/>\nYana Meerzon and Daniel Meyer-Dinkgr\u00e4fe<\/p>\n<p><a href=\"https:\/\/www.critical-stages.org\/14\/unmaking-boundaries-representing-elfriede-jelineks-charges-the-supplicants\/\">(Un)making Boundaries: Representing Elfriede Jelinek\u2019s <em>Charges<\/em> (<em>the Supplicants<\/em>)<\/a><br \/>\nSilke Felber<\/p>\n<p><a href=\"https:\/\/www.critical-stages.org\/14\/fugitive-performance-nicolas-stemanns-die-schutzbefohlenen-and-the-medial-matrix-of-refugee-theatre\/\">Fugitive Performance: Nicolas Stemann\u2019s <em>Die Schutzbefohlenen<\/em>\u00a0and the Medial Matrix of Refugee Theatre<\/a><br \/>\nRalf Remshardt<\/p>\n<p><a href=\"https:\/\/www.critical-stages.org\/14\/the-state-at-play-notions-of-statelessness-in-contemporary-interventionist-performances\/\">The State at Play? Notions of State(less)ness in Contemporary Interventionist Performances<\/a><br \/>\nAnika Marschall<\/p>\n<p><a href=\"https:\/\/www.critical-stages.org\/14\/refugee-narratives-case-farmakonisi-or-the-justice-of-the-water-by-anestis-azas\/\">Refugee Narratives: <em>Case Farmakonisi or The Justice of the Water<\/em><\/a><br \/>\nZafiris Nikitas<\/p>\n<p><a href=\"https:\/\/www.critical-stages.org\/14\/unseen-faces-and-unheard-voices-how-a-group-of-refugee-teenage-boys-living-in-the-uk-brought-their-hidden-stories-to-the-stage-in-dear-home-office\/\">Unheard Voices, Unseen Faces: Staging Stories of Male Refugee Youth<\/a><br \/>\nRosanna Jahangard and Kate Duffy<\/p>\n<p><a href=\"https:\/\/www.critical-stages.org\/14\/trailer-with-an-introduction-by-steve-wilmer\/\">&#8220;One in a Million&#8221;: Trailer with an introduction by Steve Wilmer<\/a><br \/>\nSteve Wilmer<\/p>\n<hr style=\"margin-top: 0px;\" \/>\n<h5><a href=\"https:\/\/www.critical-stages.org\/14\/interviews\/\"><span style=\"color: #ff9933;\">Interviews<\/span><\/a><\/h5>\n<p>Section Editor:\u00a0<strong>Savas Patsalidis<\/strong> (Greece)<\/p>\n<p><img loading=\"lazy\" decoding=\"async\" data-attachment-id=\"459\" data-permalink=\"https:\/\/www.critical-stages.org\/14\/understanding-versus-experiencing-interview-with-erika-fischer-lichte\/mitleid-die-geschichte-des-maschinengewehrs-2\/\" data-orig-file=\"https:\/\/www.critical-stages.org\/14\/wp-content\/uploads\/sites\/15\/2016\/11\/5.-_foto-Daniel-Seiffert.jpg\" data-orig-size=\"700,525\" data-comments-opened=\"1\" data-image-meta=\"{&quot;aperture&quot;:&quot;2.8&quot;,&quot;credit&quot;:&quot;Daniel Seiffert&quot;,&quot;camera&quot;:&quot;E-M5MarkII&quot;,&quot;caption&quot;:&quot;Theaterst\\u00fcck von Milo Rau, Auff\\u00fchrung an der SCHAUB\\u00dcHNE\/ Berlin\/Januar 2016&quot;,&quot;created_timestamp&quot;:&quot;1452805338&quot;,&quot;copyright&quot;:&quot;Daniel Seiffert&quot;,&quot;focal_length&quot;:&quot;12&quot;,&quot;iso&quot;:&quot;800&quot;,&quot;shutter_speed&quot;:&quot;0.033333333333333&quot;,&quot;title&quot;:&quot;Mitleid - Die Geschichte des Maschinengewehrs&quot;,&quot;orientation&quot;:&quot;0&quot;}\" data-image-title=\"Mitleid &amp;#8211; Die Geschichte des Maschinengewehrs\" data-image-description=\"\" data-image-caption=\"&lt;p&gt;Ursina Lardi in Compassion: The History of the Machine Gun.Photo: Daniel Seiffert&lt;\/p&gt;\n\" data-medium-file=\"https:\/\/www.critical-stages.org\/14\/wp-content\/uploads\/sites\/15\/2016\/11\/5.-_foto-Daniel-Seiffert-300x225.jpg\" data-large-file=\"https:\/\/www.critical-stages.org\/14\/wp-content\/uploads\/sites\/15\/2016\/11\/5.-_foto-Daniel-Seiffert.jpg\" class=\"aligncenter wp-image-459\" src=\"https:\/\/www.critical-stages.org\/14\/wp-content\/uploads\/sites\/15\/2016\/11\/5.-_foto-Daniel-Seiffert.jpg\" width=\"500\" height=\"375\" srcset=\"https:\/\/www.critical-stages.org\/14\/wp-content\/uploads\/sites\/15\/2016\/11\/5.-_foto-Daniel-Seiffert.jpg 700w, https:\/\/www.critical-stages.org\/14\/wp-content\/uploads\/sites\/15\/2016\/11\/5.-_foto-Daniel-Seiffert-300x225.jpg 300w\" sizes=\"auto, (max-width: 500px) 100vw, 500px\" \/><\/p>\n<p><a href=\"https:\/\/www.critical-stages.org\/14\/theatre-can-play-a-more-prophetic-role-in-our-society-an-interview-with-mike-van-graan\/\">\u201cTheatre can play a more prophetic role in our society\u201d: An interview with Mike van Graan<\/a><br \/>\nby Savas Patsalidis<\/p>\n<p><a href=\"https:\/\/www.critical-stages.org\/14\/mendoza%CB%9A-fabrication-dun-modele-dadaptation-dramaturgique-lorsque-shakespeare-rencontre-la-revolution-mexicaine-a-la-havane\/\">Quand Shakespeare rencontre la R\u00e9volution mexicaine: Une entrevue avec Juan Carrillo<\/a><br \/>\npar Alvina Ruprecht<\/p>\n<p><a href=\"https:\/\/www.critical-stages.org\/14\/immortal-mortals-zarina-zabriskys-theatrical-thinking-and-arts-resistance\/\">Immortal Mortals: Zarina Zabrisky\u2019s Theatrical Thinking and Arts Resistance<\/a><br \/>\nby Lissa Tyler Renaud<\/p>\n<p><a href=\"https:\/\/www.critical-stages.org\/14\/understanding-versus-experiencing-interview-with-erika-fischer-lichte\/\">Understanding versus Experiencing: An interview with Erika Fischer-Lichte<\/a><br \/>\nby Tina Peric<\/p>\n<hr style=\"margin-top: 0px;\" \/>\n<h5><a href=\"https:\/\/www.critical-stages.org\/14\/essays\/\"><span style=\"color: #ff9933;\">Essays<\/span><\/a><\/h5>\n<p>Section Editor:\u00a0<strong>Savas Patsalidis<\/strong> (Greece)<\/p>\n<p><img loading=\"lazy\" decoding=\"async\" data-attachment-id=\"45\" data-permalink=\"https:\/\/www.critical-stages.org\/14\/picture5\/\" data-orig-file=\"https:\/\/www.critical-stages.org\/14\/wp-content\/uploads\/sites\/15\/2016\/10\/Picture5.jpg\" data-orig-size=\"700,489\" data-comments-opened=\"1\" data-image-meta=\"{&quot;aperture&quot;:&quot;0&quot;,&quot;credit&quot;:&quot;&quot;,&quot;camera&quot;:&quot;&quot;,&quot;caption&quot;:&quot;&quot;,&quot;created_timestamp&quot;:&quot;0&quot;,&quot;copyright&quot;:&quot;&quot;,&quot;focal_length&quot;:&quot;0&quot;,&quot;iso&quot;:&quot;0&quot;,&quot;shutter_speed&quot;:&quot;0&quot;,&quot;title&quot;:&quot;&quot;,&quot;orientation&quot;:&quot;0&quot;}\" data-image-title=\"picture5\" data-image-description=\"\" data-image-caption=\"&lt;p&gt;Fig. 5 Voronia, La Veronal, Sadler\u2019s Wells London, 2015. Photo courtesy of Sadlers Wells\/Foteini Christofilopoulou&lt;\/p&gt;\n\" data-medium-file=\"https:\/\/www.critical-stages.org\/14\/wp-content\/uploads\/sites\/15\/2016\/10\/Picture5-300x210.jpg\" data-large-file=\"https:\/\/www.critical-stages.org\/14\/wp-content\/uploads\/sites\/15\/2016\/10\/Picture5.jpg\" class=\"aligncenter wp-image-45\" src=\"https:\/\/www.critical-stages.org\/14\/wp-content\/uploads\/sites\/15\/2016\/10\/Picture5.jpg\" width=\"500\" height=\"349\" srcset=\"https:\/\/www.critical-stages.org\/14\/wp-content\/uploads\/sites\/15\/2016\/10\/Picture5.jpg 700w, https:\/\/www.critical-stages.org\/14\/wp-content\/uploads\/sites\/15\/2016\/10\/Picture5-300x210.jpg 300w\" sizes=\"auto, (max-width: 500px) 100vw, 500px\" \/><\/p>\n<p><a href=\"https:\/\/www.critical-stages.org\/14\/return-to-the-absurd\/\">Return to the Absurd<\/a><br \/>\nJohn Elsom<\/p>\n<p><a href=\"https:\/\/www.critical-stages.org\/14\/atmospheres-of-dividual-performance\/\">Atmospheres of Dividual Performance<\/a><br \/>\nJohannes Birringer<\/p>\n<p><a href=\"https:\/\/www.critical-stages.org\/14\/the-sky-the-night-and-the-glorious-male-voices\/\">So Many Worlds to Write<\/a><br \/>\nNathalie Fillion<br \/>\n<em>with an introduction by Karen Fricker<\/em><\/p>\n<p><a href=\"https:\/\/www.critical-stages.org\/14\/qui-est-eilert-lovborg-le-personnage-dibsen-dans-hedda-gabler\/\">Qui est Eilert L\u00f8vborg, le personnage d\u2019Ibsen dans <em>Hedda Gabler<\/em> ?<\/a><br \/>\nSelim Lander<\/p>\n<hr style=\"margin-top: 0px;\" \/>\n<h5><a href=\"https:\/\/www.critical-stages.org\/14\/conference-papers\/\"><span style=\"color: #ff9933;\">Conference Papers: Newness and Global Theatre<\/span><\/a><\/h5>\n<p>Section Editor: <strong>Ivan Medenica<\/strong> (Serbia)<\/p>\n<p><img loading=\"lazy\" decoding=\"async\" data-attachment-id=\"653\" data-permalink=\"https:\/\/www.critical-stages.org\/14\/old-is-new-new-is-old-hamilton-in-the-age-of-trump\/attachment\/35\/\" data-orig-file=\"https:\/\/www.critical-stages.org\/14\/wp-content\/uploads\/sites\/15\/2016\/12\/35.png\" data-orig-size=\"600,328\" data-comments-opened=\"1\" data-image-meta=\"{&quot;aperture&quot;:&quot;0&quot;,&quot;credit&quot;:&quot;&quot;,&quot;camera&quot;:&quot;&quot;,&quot;caption&quot;:&quot;&quot;,&quot;created_timestamp&quot;:&quot;0&quot;,&quot;copyright&quot;:&quot;&quot;,&quot;focal_length&quot;:&quot;0&quot;,&quot;iso&quot;:&quot;0&quot;,&quot;shutter_speed&quot;:&quot;0&quot;,&quot;title&quot;:&quot;&quot;,&quot;orientation&quot;:&quot;0&quot;}\" data-image-title=\"35\" data-image-description=\"\" data-image-caption=\"&lt;p&gt;Lost footing: Shoe found near the U.S. and Mexico border in the Sonoran Desert, 2011. Photo: Getty Images&lt;\/p&gt;\n\" data-medium-file=\"https:\/\/www.critical-stages.org\/14\/wp-content\/uploads\/sites\/15\/2016\/12\/35-300x164.png\" data-large-file=\"https:\/\/www.critical-stages.org\/14\/wp-content\/uploads\/sites\/15\/2016\/12\/35.png\" class=\"aligncenter wp-image-653\" src=\"https:\/\/www.critical-stages.org\/14\/wp-content\/uploads\/sites\/15\/2016\/12\/35.png\" width=\"500\" height=\"273\" srcset=\"https:\/\/www.critical-stages.org\/14\/wp-content\/uploads\/sites\/15\/2016\/12\/35.png 600w, https:\/\/www.critical-stages.org\/14\/wp-content\/uploads\/sites\/15\/2016\/12\/35-300x164.png 300w\" sizes=\"auto, (max-width: 500px) 100vw, 500px\" \/><\/p>\n<p><a href=\"https:\/\/www.critical-stages.org\/14\/conference-papers\/\">Editorial Note<\/a><br \/>\nIvan Medenica<\/p>\n<p><a href=\"https:\/\/www.critical-stages.org\/14\/innovation-and-globalization-interweaving-performance-cultures\/\">Innovation and Globalization: Interweaving Performance Cultures<\/a><br \/>\nErika Fischer-Lichte<\/p>\n<p><a href=\"https:\/\/www.critical-stages.org\/14\/le-theatre-minorite-et-politique\/\">Le th\u00e9\u00e2tre : minorit\u00e9 et politique<\/a><br \/>\nGeorges Banu<\/p>\n<p><a href=\"https:\/\/www.critical-stages.org\/14\/old-is-new-new-is-old-hamilton-in-the-age-of-trump\/\">Old Is New, New Is Old: <em>Hamilton<\/em> in the Age of Trump<\/a><br \/>\nJeffrey Eric Jenkins<\/p>\n<p><a href=\"https:\/\/www.critical-stages.org\/14\/nouveaute-attentes-et-risque\/\">Nouveaut\u00e9, attentes et risque<\/a><br \/>\nMichel Va\u00efs<\/p>\n<p><a href=\"https:\/\/www.critical-stages.org\/14\/dissolving-in-time-the-traditional-iranian-theatre\/\">Dissolving in Time: The Traditional Iranian Theatre<\/a><br \/>\nKatayoun Hosseinzadeh Salmasi<\/p>\n<hr style=\"margin-top: 0px;\" \/>\n<h5><a href=\"https:\/\/www.critical-stages.org\/14\/performance-reviews\/\"><span style=\"color: #ff9933;\">Performance Reviews<\/span><\/a><\/h5>\n<p>Section Editor: <strong>Matti Linnavuori<\/strong> (Finland)<\/p>\n<p><img loading=\"lazy\" decoding=\"async\" data-attachment-id=\"466\" data-permalink=\"https:\/\/www.critical-stages.org\/14\/fotoprobe-die-l%c2%80cherliche-finsternis\/\" data-orig-file=\"https:\/\/www.critical-stages.org\/14\/wp-content\/uploads\/sites\/15\/2016\/11\/1-Ridiculous-foto-Georg-Hochmuth.jpg\" data-orig-size=\"700,419\" data-comments-opened=\"1\" data-image-meta=\"{&quot;aperture&quot;:&quot;0&quot;,&quot;credit&quot;:&quot;APA\/GEORG HOCHMUTH&quot;,&quot;camera&quot;:&quot;&quot;,&quot;caption&quot;:&quot;APA20127062_04092014 - WIEN - \\u0085STERREICH: Stefanie Reinsperger und Catrin Striebeck (R) am Donnerstag, 04. September 2014, w\\u008ahrend der Fotoprobe zu \\&quot;Die l\\u008acherliche Finsternis\\&quot; im Akademietheater in Wien. Das St\\u009fck hat am 06. September Premiere. FOTO: APA\/GEORG HOCHMUTH&quot;,&quot;created_timestamp&quot;:&quot;0&quot;,&quot;copyright&quot;:&quot;&quot;,&quot;focal_length&quot;:&quot;0&quot;,&quot;iso&quot;:&quot;0&quot;,&quot;shutter_speed&quot;:&quot;0&quot;,&quot;title&quot;:&quot;FOTOPROBE: \\&quot;DIE L\\u0080CHERLICHE FINSTERNIS\\&quot;&quot;,&quot;orientation&quot;:&quot;1&quot;}\" data-image-title=\"FOTOPROBE: &amp;#8220;DIE L\u0080CHERLICHE FINSTERNIS&amp;#8221;\" data-image-description=\"\" data-image-caption=\"&lt;p&gt;Stefanie Reinsperger (left) and Catrin Striebeck in a scene from the Burgtheater production of Wolfram Lotz&amp;#8217;s The Ridiculous Darkness. Photo by Georg Hochmuth&lt;\/p&gt;\n\" data-medium-file=\"https:\/\/www.critical-stages.org\/14\/wp-content\/uploads\/sites\/15\/2016\/11\/1-Ridiculous-foto-Georg-Hochmuth-300x180.jpg\" data-large-file=\"https:\/\/www.critical-stages.org\/14\/wp-content\/uploads\/sites\/15\/2016\/11\/1-Ridiculous-foto-Georg-Hochmuth.jpg\" class=\"aligncenter wp-image-466\" src=\"https:\/\/www.critical-stages.org\/14\/wp-content\/uploads\/sites\/15\/2016\/11\/1-Ridiculous-foto-Georg-Hochmuth.jpg\" width=\"500\" height=\"299\" srcset=\"https:\/\/www.critical-stages.org\/14\/wp-content\/uploads\/sites\/15\/2016\/11\/1-Ridiculous-foto-Georg-Hochmuth.jpg 700w, https:\/\/www.critical-stages.org\/14\/wp-content\/uploads\/sites\/15\/2016\/11\/1-Ridiculous-foto-Georg-Hochmuth-300x180.jpg 300w\" sizes=\"auto, (max-width: 500px) 100vw, 500px\" \/><\/p>\n<p><a href=\"https:\/\/www.critical-stages.org\/14\/at-bitef-europe-confronts-its-post-colonial-legacy-and-the-other\/\">At Bitef, Europe Confronts Its Post-Colonial Legacy and the \u201cOther\u201d<\/a><br \/>\nMartin Morrow<\/p>\n<p><a href=\"https:\/\/www.critical-stages.org\/14\/april-in-romania\/\">April in Romania<\/a><br \/>\nBarry Gaines<\/p>\n<p><a href=\"https:\/\/www.critical-stages.org\/14\/love-and-landscape-have-style-in-czech\/\">Love and Landscape Have Style in Czech<\/a><br \/>\nMatti Linnavuori<\/p>\n<p><a href=\"https:\/\/www.critical-stages.org\/14\/italy-honours-the-merciful-shakespeare\/\">Italy Honours the Merciful Shakespeare<\/a><br \/>\nClaudia Provvedini<\/p>\n<p><a href=\"https:\/\/www.critical-stages.org\/14\/2666-ou-la-mort-du-theatre\/\">2666 ou la mort du th\u00e9\u00e2tre<\/a><br \/>\nSelim Lander<\/p>\n<p><a href=\"https:\/\/www.critical-stages.org\/14\/la-mouette-et-son-double-sous-un-nouveau-regard\/\"><em>La Mouette<\/em> et son double, sous un nouveau regard<\/a><br \/>\nHyun-sook, Shin<\/p>\n<p><a href=\"https:\/\/www.critical-stages.org\/14\/roberto-zucco-de-koltes-revisite-a-seoul\/\"><em>Roberto Zucco<\/em> de Kolt\u00e8s revisit\u00e9 \u00e0 S\u00e9oul<\/a><br \/>\nJean Pierre Han<\/p>\n<p><a href=\"https:\/\/www.critical-stages.org\/14\/chinas-reincarnation-novel-reincarnated-on-stage-dream-of-the-red-chamber\/\">China\u2019s Reincarnation Novel Reincarnated on Stage: <em>Dream of the Red Chamber<\/em><\/a><br \/>\nLissa Tyler Renaud<\/p>\n<p><a href=\"https:\/\/www.critical-stages.org\/14\/lepopee-labyrinthique-de-max-aub\/\">L\u2019\u00e9pop\u00e9e labyrinthique de Max Aub<\/a><br \/>\nIr\u00e8ne Sadowska Guillon<\/p>\n<p><a href=\"https:\/\/www.critical-stages.org\/14\/a-ruthless-rewriting-of-the-beggars-opera-in-timisoara\/\">A Ruthless Rewriting of <em>The Beggar\u2019s Opera<\/em> in Timi\u015foara<\/a><br \/>\nMaria Z\u0103rnescu<\/p>\n<hr style=\"margin-top: 0px;\" \/>\n<h5><a href=\"https:\/\/www.critical-stages.org\/14\/book-reviews\/\"><span style=\"color: #ff9933;\">Book Reviews<\/span><\/a><\/h5>\n<p>Section Editor: <strong>Don Rubin<\/strong> (Canada)<\/p>\n<div align=\"center\"><img loading=\"lazy\" decoding=\"async\" src=\"https:\/\/www.critical-stages.org\/14\/wp-content\/uploads\/sites\/15\/2016\/10\/DeleuzeBeckettCover-194x300.jpg\" width=\"129\" height=\"200\" \/> <img loading=\"lazy\" decoding=\"async\" src=\"https:\/\/www.critical-stages.org\/14\/wp-content\/uploads\/sites\/15\/2016\/10\/Jamaica-Cover-224x300.jpg\" width=\"149\" height=\"200\" \/>\u00a0<img loading=\"lazy\" decoding=\"async\" src=\"https:\/\/www.critical-stages.org\/14\/wp-content\/uploads\/sites\/15\/2016\/10\/Kokori-212x300.jpg\" width=\"141\" height=\"200\" \/>\u00a0<img loading=\"lazy\" decoding=\"async\" src=\"https:\/\/www.critical-stages.org\/14\/wp-content\/uploads\/sites\/15\/2016\/10\/cover-174x300.jpg\" width=\"116\" height=\"200\" \/>\u00a0<img loading=\"lazy\" decoding=\"async\" src=\"https:\/\/www.critical-stages.org\/14\/wp-content\/uploads\/sites\/15\/2016\/10\/GetFileAttachment-201x300.jpg\" width=\"134\" height=\"200\" \/><\/div>\n<p><a href=\"https:\/\/www.critical-stages.org\/14\/deleuze-and-beckett\/\">Deleuze and Beckett<\/a><br \/>\nReviewed by Will Daddario<\/p>\n<p><a href=\"https:\/\/www.critical-stages.org\/14\/3-jamaican-plays-a-postcolonial-anthology-1977-87\/\">Jamaican Plays: A Postcolonial Anthology (1977-87)<\/a><br \/>\nReviewed by Alvina Ruprecht<\/p>\n<p><a href=\"https:\/\/www.critical-stages.org\/14\/this-bizarre-circus-is-life-itself-beckett-performance-in-greece-1960-2010\/\">This Bizarre Circus Is Life Itself: Beckett Performance in Greece (1960-2010)<\/a><br \/>\nReviewed by Katerina Delikonstantinidou<\/p>\n<p><a href=\"https:\/\/www.critical-stages.org\/14\/hamlet-and-the-madness-of-the-world\/\">Hamlet and the Madness of the World<\/a><br \/>\nReviewed by Patricia Keeney<\/p>\n<p><a href=\"https:\/\/www.critical-stages.org\/14\/political-performance-in-syria-from-the-six-day-war-to-the-syrian-uprising\/\">Political Performance in Syria: From the Six-Day War to the Syrian Uprising<\/a><br \/>\nReviewed by Marjan Moosavi<\/p>\n<hr style=\"margin-top: 0px;\" \/>\n<h5><a href=\"https:\/\/www.critical-stages.org\/14\/critics-on-criticism\/\"><span style=\"color: #ff9933;\">Thalia Prize<\/span><\/a><\/h5>\n<p><img loading=\"lazy\" decoding=\"async\" data-attachment-id=\"548\" data-permalink=\"https:\/\/www.critical-stages.org\/14\/prof-erika-fischer-lichtes-laudatory-speech-for-femi-osofisan\/5-bitef-talija-award-26-goran-zlatkovi-%ce%b8\/\" data-orig-file=\"https:\/\/www.critical-stages.org\/14\/wp-content\/uploads\/sites\/15\/2016\/11\/5-Bitef-Talija-award-26-Goran-Zlatkovi-\u0398.jpg\" data-orig-size=\"700,467\" data-comments-opened=\"1\" data-image-meta=\"{&quot;aperture&quot;:&quot;0&quot;,&quot;credit&quot;:&quot;&quot;,&quot;camera&quot;:&quot;&quot;,&quot;caption&quot;:&quot;&quot;,&quot;created_timestamp&quot;:&quot;0&quot;,&quot;copyright&quot;:&quot;&quot;,&quot;focal_length&quot;:&quot;0&quot;,&quot;iso&quot;:&quot;0&quot;,&quot;shutter_speed&quot;:&quot;0&quot;,&quot;title&quot;:&quot;&quot;,&quot;orientation&quot;:&quot;1&quot;}\" data-image-title=\"5-bitef-talija-award-26-goran-zlatkovi-%ce%b8\" data-image-description=\"\" data-image-caption=\"&lt;p&gt;Margareta S\u00f6renson, Erika Fischer-Lichte and Femi Osofisan. Photo:  Goran Zlatkovi\u0107&lt;\/p&gt;\n\" data-medium-file=\"https:\/\/www.critical-stages.org\/14\/wp-content\/uploads\/sites\/15\/2016\/11\/5-Bitef-Talija-award-26-Goran-Zlatkovi-\u0398-300x200.jpg\" data-large-file=\"https:\/\/www.critical-stages.org\/14\/wp-content\/uploads\/sites\/15\/2016\/11\/5-Bitef-Talija-award-26-Goran-Zlatkovi-\u0398.jpg\" class=\"aligncenter wp-image-548\" src=\"https:\/\/www.critical-stages.org\/14\/wp-content\/uploads\/sites\/15\/2016\/11\/5-Bitef-Talija-award-26-Goran-Zlatkovi-\u0398.jpg\" width=\"500\" height=\"334\" srcset=\"https:\/\/www.critical-stages.org\/14\/wp-content\/uploads\/sites\/15\/2016\/11\/5-Bitef-Talija-award-26-Goran-Zlatkovi-\u0398.jpg 700w, https:\/\/www.critical-stages.org\/14\/wp-content\/uploads\/sites\/15\/2016\/11\/5-Bitef-Talija-award-26-Goran-Zlatkovi-\u0398-300x200.jpg 300w\" sizes=\"auto, (max-width: 500px) 100vw, 500px\" \/><\/p>\n<p><a href=\"https:\/\/www.critical-stages.org\/14\/prof-erika-fischer-lichtes-laudatory-speech-for-femi-osofisan\/\">The Laudatio Speech for Femi Osofisan<\/a><br \/>\nErika Fischer-Lichte<\/p>\n<p><a href=\"https:\/\/www.critical-stages.org\/14\/prof-don-rubins-brief-introduction-to-femi-osofisan\/\">A Brief Introduction to Femi Osofisan<\/a><br \/>\nDon Rubin<\/p>\n<p><a href=\"https:\/\/www.critical-stages.org\/14\/thalia-prize-its-history\/\">Thalia Prize: Its History<\/a><br \/>\nMargareta S\u00f6renson<\/p>\n","protected":false},"excerpt":{"rendered":"<p>Table of Contents Editorial\/\u00c9ditorial Savas Patsalidis (editor-in-chief) Special Topic: Theatre and Statelessness in Europe Section Guest Editors: S. E. Wilmer (Ireland) and Azadeh Sharifi (Germany) Reflections on Theatre and Statelessness S. E. Wilmer\u00a0and Azadeh Sharifi Authenticity and Otherness: Reflecting Statelessness<\/p>\n","protected":false},"author":1,"featured_media":0,"parent":0,"menu_order":0,"comment_status":"closed","ping_status":"closed","template":"","meta":{"jetpack_post_was_ever_published":false,"footnotes":""},"class_list":["post-5","page","type-page","status-publish","hentry","","tg-column-two"],"jetpack_sharing_enabled":true,"jetpack_shortlink":"https:\/\/wp.me\/P83Osv-5","jetpack-related-posts":[],"_links":{"self":[{"href":"https:\/\/www.critical-stages.org\/14\/wp-json\/wp\/v2\/pages\/5","targetHints":{"allow":["GET"]}}],"collection":[{"href":"https:\/\/www.critical-stages.org\/14\/wp-json\/wp\/v2\/pages"}],"about":[{"href":"https:\/\/www.critical-stages.org\/14\/wp-json\/wp\/v2\/types\/page"}],"author":[{"embeddable":true,"href":"https:\/\/www.critical-stages.org\/14\/wp-json\/wp\/v2\/users\/1"}],"replies":[{"embeddable":true,"href":"https:\/\/www.critical-stages.org\/14\/wp-json\/wp\/v2\/comments?post=5"}],"version-history":[{"count":0,"href":"https:\/\/www.critical-stages.org\/14\/wp-json\/wp\/v2\/pages\/5\/revisions"}],"wp:attachment":[{"href":"https:\/\/www.critical-stages.org\/14\/wp-json\/wp\/v2\/media?parent=5"}],"curies":[{"name":"wp","href":"https:\/\/api.w.org\/{rel}","templated":true}]}}