{"id":1023,"date":"2016-10-06T18:04:51","date_gmt":"2016-10-06T18:04:51","guid":{"rendered":"https:\/\/www.critical-stages.org\/13\/?page_id=1023"},"modified":"2017-03-19T18:12:30","modified_gmt":"2017-03-19T18:12:30","slug":"soumission-darticles","status":"publish","type":"page","link":"https:\/\/www.critical-stages.org\/13\/soumission-darticles\/","title":{"rendered":"Soumission d\u2019articles"},"content":{"rendered":"<h3 style=\"text-align: center;\"><em>SC\u00c8NES CRITIQUES<\/em> RevueWeb de l\u2019AICT<\/h3>\n<p>L\u2019objectif premier de <em>Critical Stages\/Sc\u00e8nes critiques<\/em> consiste \u00e0 offrir une tribune pour une \u00e9criture critique contribuant \u00e0 une r\u00e9flexion avanc\u00e9e sur le th\u00e9\u00e2tre, sur le plan international. Nous acceptons des articles d\u2019approches et de th\u00e8mes divers, comme cela est pr\u00e9cis\u00e9 dans l\u2019Appel de textes, dans la revue. Nos dates de publication sont juin et d\u00e9cembre.<\/p>\n<p><strong>Documents joints<br \/>\n<\/strong><br \/>\nPri\u00e8re de soumettre votre article \u00e0 votre chef de section et au r\u00e9dacteur en chef en tant que document joint \u00e0 un courriel, en MS Word \u00e0 double interligne. Les articles doivent avoir en moyenne entre 1 500 et 3 500 mots (10 000 \u00e0 20 000 caract\u00e8res en incluant les espaces) ; pri\u00e8re de v\u00e9rifier avec le chef de section (voir l\u2019Appel de textes), si la longueur n\u2019est pas pr\u00e9cis\u00e9e dans l\u2019Appel de textes.<\/p>\n<p><strong>Autorisations<br \/>\n<\/strong><br \/>\nLes auteurs sont autoris\u00e9s \u00e0 republier leurs articles ailleurs, \u00e0 condition de pr\u00e9ciser \u00ab D\u2019abord publi\u00e9 dans <em>Critical Stages\/Sc\u00e8nes critiques<\/em> \u00bb, avec la source compl\u00e8te et l\u2019adresse de la revue Web.<\/p>\n<p><strong>Photos<br \/>\n<\/strong><br \/>\nLes auteurs sont incit\u00e9s \u00e0 joindre des photos (JPEG) et d\u2019autres types d\u2019illustrations. Il faut pr\u00e9ciser dans l\u2019article \u00e0 quel endroit va la photo. Inclure aussi une photo personnelle et une courte biographie de l\u2019auteur. Les droits de publication des images doivent \u00eatre assur\u00e9s, soit par un courriel de la compagnie, soit avec des preuves que les images proviennent d\u2019un site Web officiel. Note : Si la repr\u00e9sentation \u00e0 laquelle l\u2019auteur a assist\u00e9 n\u2019est pas la premi\u00e8re, pri\u00e8re d\u2019en mentionner la date dans le texte m\u00eame. Les informations g\u00e9n\u00e9rales sur la production doivent cependant s\u2019accorder avec les donn\u00e9es nationales et internationales.<\/p>\n<p><strong>Bas de vignettes<br \/>\n<\/strong><br \/>\nToute photo de spectacle doit avoir un bas de vignette avec : le titre de la pi\u00e8ce ; les noms de l\u2019auteur (s\u2019il y a lieu), du metteur en sc\u00e8ne, de la compagnie, du lieu, des acteurs (sens horaire, \u00e0 partir du haut \u00e0 gauche) ; la date de la premi\u00e8re ; le nom du photographe.<\/p>\n<p><strong>Histoire de la publication<br \/>\n<\/strong><br \/>\nSauf exception, <em>CS\/SC<\/em> publie des textes in\u00e9dits.<\/p>\n<p><strong>Fichier s\u00e9par\u00e9<br \/>\n<\/strong><br \/>\nPar fichier s\u00e9par\u00e9, envoyer une lettre avec les informations suivantes : nom de l\u2019auteur, adresse postale et de courriel, num\u00e9ro de t\u00e9l\u00e9phone et affiliation professionnelle. Dans le titre du fichier contenant l\u2019article, mettre seulement le titre de l\u2019article, sans nom d\u2019auteur ni d\u2019institution.<\/p>\n","protected":false},"excerpt":{"rendered":"<p>SC\u00c8NES CRITIQUES RevueWeb de l\u2019AICT L\u2019objectif premier de Critical Stages\/Sc\u00e8nes critiques consiste \u00e0 offrir une tribune pour une \u00e9criture critique contribuant \u00e0 une r\u00e9flexion avanc\u00e9e sur le th\u00e9\u00e2tre, sur le plan international. Nous acceptons des articles d\u2019approches et de th\u00e8mes<\/p>\n","protected":false},"author":1,"featured_media":0,"parent":0,"menu_order":0,"comment_status":"closed","ping_status":"closed","template":"","meta":{"jetpack_post_was_ever_published":false,"footnotes":""},"class_list":["post-1023","page","type-page","status-publish","hentry","","tg-column-two"],"jetpack_sharing_enabled":true,"jetpack_shortlink":"https:\/\/wp.me\/P7Ekoe-gv","_links":{"self":[{"href":"https:\/\/www.critical-stages.org\/13\/wp-json\/wp\/v2\/pages\/1023","targetHints":{"allow":["GET"]}}],"collection":[{"href":"https:\/\/www.critical-stages.org\/13\/wp-json\/wp\/v2\/pages"}],"about":[{"href":"https:\/\/www.critical-stages.org\/13\/wp-json\/wp\/v2\/types\/page"}],"author":[{"embeddable":true,"href":"https:\/\/www.critical-stages.org\/13\/wp-json\/wp\/v2\/users\/1"}],"replies":[{"embeddable":true,"href":"https:\/\/www.critical-stages.org\/13\/wp-json\/wp\/v2\/comments?post=1023"}],"version-history":[{"count":0,"href":"https:\/\/www.critical-stages.org\/13\/wp-json\/wp\/v2\/pages\/1023\/revisions"}],"wp:attachment":[{"href":"https:\/\/www.critical-stages.org\/13\/wp-json\/wp\/v2\/media?parent=1023"}],"curies":[{"name":"wp","href":"https:\/\/api.w.org\/{rel}","templated":true}]}}