{"id":47,"date":"2015-12-21T18:54:34","date_gmt":"2015-12-21T18:54:34","guid":{"rendered":"http:\/\/cs2.enl.auth.gr\/12\/?page_id=47"},"modified":"2022-02-05T08:02:16","modified_gmt":"2022-02-05T08:02:16","slug":"special-topics-adaptation","status":"publish","type":"page","link":"https:\/\/www.critical-stages.org\/12\/special-topics-adaptation\/","title":{"rendered":"Special Topic: Adaptation"},"content":{"rendered":"<p style=\"text-align: right;\"><a href=\"https:\/\/www.critical-stages.org\/12\/special-topics-adaptation-2\/\">Adaptation<\/a><\/p>\n<p>Section Guest Editor: <strong>Patrice Pavis<\/strong> (France)<a href=\"#end1\">*<\/a><\/p>\n<p><img loading=\"lazy\" decoding=\"async\" data-attachment-id=\"218\" data-permalink=\"https:\/\/www.critical-stages.org\/12\/special-topics-adaptation\/apatrice-pavis-1-8x61\/\" data-orig-file=\"https:\/\/www.critical-stages.org\/12\/wp-content\/uploads\/sites\/2\/2015\/12\/aPatrice-Pavis-1-8x61.png\" data-orig-size=\"132,230\" data-comments-opened=\"1\" data-image-meta=\"{&quot;aperture&quot;:&quot;0&quot;,&quot;credit&quot;:&quot;&quot;,&quot;camera&quot;:&quot;&quot;,&quot;caption&quot;:&quot;&quot;,&quot;created_timestamp&quot;:&quot;0&quot;,&quot;copyright&quot;:&quot;&quot;,&quot;focal_length&quot;:&quot;0&quot;,&quot;iso&quot;:&quot;0&quot;,&quot;shutter_speed&quot;:&quot;0&quot;,&quot;title&quot;:&quot;&quot;,&quot;orientation&quot;:&quot;0&quot;}\" data-image-title=\"aPatrice-Pavis-1-8&amp;#215;61\" data-image-description=\"\" data-image-caption=\"\" data-medium-file=\"https:\/\/www.critical-stages.org\/12\/wp-content\/uploads\/sites\/2\/2015\/12\/aPatrice-Pavis-1-8x61.png\" data-large-file=\"https:\/\/www.critical-stages.org\/12\/wp-content\/uploads\/sites\/2\/2015\/12\/aPatrice-Pavis-1-8x61.png\" class=\"alignnone size-full wp-image-218\" src=\"https:\/\/www.critical-stages.org\/12\/wp-content\/uploads\/sites\/2\/2015\/12\/aPatrice-Pavis-1-8x61.png\" alt=\"\" width=\"132\" height=\"230\" \/><\/p>\n<p>Adaptation is everywhere. The word achieves its meaning: to transform one thing into another.<\/p>\n<p><em>Critical Stages\/Sc\u00e8nes Critiques<\/em> asked a small number of experts on the concept of theatrical adaptation to be a little bit more specific on the basis of their own understanding of the phenomenon\u2014by giving some unique examples of adaptation the way it is observed nowadays. Renouncing\u2014for the moment?\u2014a very problematic general theory of adaptation, we hope, more modestly, to support our thesis with concrete examples and multiple contexts, i.e. genres (theatre, literature, painting).<\/p>\n<p>One thing is certain: each one of my invited writers is an authority in her domain; she adapts to the complexity of the theatrical experiences as much as theatre itself adapts under her gaze.<\/p>\n<hr \/>\n<p><strong><a name=\"end1\"><\/a>*Patrice Pavis<\/strong> is professor at the School of Arts, University of Kent. Latest book: <em>Dictionnaire de la performance et du th\u00e9\u00e2tre contemporain<\/em> (Armand Colin, 2014). English translation forthcoming by Routledge, 2016.<\/p>\n<hr \/>\n<div class=\"pt-cv-wrapper\"><div class=\"pt-cv-view pt-cv-grid pt-cv-colsys\" id=\"pt-cv-view-c5b7dd9202\"><div data-id=\"pt-cv-page-1\" class=\"pt-cv-page\" data-cvc=\"2\"><div class=\"col-md-6 col-sm-6 col-xs-12 pt-cv-content-item pt-cv-1-col\" ><div class='pt-cv-ifield'><a href=\"https:\/\/www.critical-stages.org\/12\/mise-en-scene-as-adaptation\/\" class=\"_self pt-cv-href-thumbnail pt-cv-thumb-default\" target=\"_self\" ><img loading=\"lazy\" decoding=\"async\" width=\"150\" height=\"150\" src=\"https:\/\/www.critical-stages.org\/12\/wp-content\/uploads\/sites\/2\/2015\/12\/Avra-Sidiropoulou-150x150.jpg\" class=\"pt-cv-thumbnail\" alt=\"\" srcset=\"https:\/\/www.critical-stages.org\/12\/wp-content\/uploads\/sites\/2\/2015\/12\/Avra-Sidiropoulou-150x150.jpg 150w, https:\/\/www.critical-stages.org\/12\/wp-content\/uploads\/sites\/2\/2015\/12\/Avra-Sidiropoulou-270x270.jpg 270w, https:\/\/www.critical-stages.org\/12\/wp-content\/uploads\/sites\/2\/2015\/12\/Avra-Sidiropoulou-300x300.jpg 300w, https:\/\/www.critical-stages.org\/12\/wp-content\/uploads\/sites\/2\/2015\/12\/Avra-Sidiropoulou-230x230.jpg 230w\" sizes=\"auto, (max-width: 150px) 100vw, 150px\" data-attachment-id=\"369\" data-permalink=\"https:\/\/www.critical-stages.org\/12\/mise-en-scene-as-adaptation\/avra-sidiropoulou\/\" data-orig-file=\"https:\/\/www.critical-stages.org\/12\/wp-content\/uploads\/sites\/2\/2015\/12\/Avra-Sidiropoulou.jpg\" data-orig-size=\"300,450\" data-comments-opened=\"1\" data-image-meta=\"{&quot;aperture&quot;:&quot;3.5&quot;,&quot;credit&quot;:&quot;&quot;,&quot;camera&quot;:&quot;Canon EOS-1D Mark III&quot;,&quot;caption&quot;:&quot;&quot;,&quot;created_timestamp&quot;:&quot;1383673792&quot;,&quot;copyright&quot;:&quot;&quot;,&quot;focal_length&quot;:&quot;62&quot;,&quot;iso&quot;:&quot;1600&quot;,&quot;shutter_speed&quot;:&quot;0.02&quot;,&quot;title&quot;:&quot;&quot;,&quot;orientation&quot;:&quot;1&quot;}\" data-image-title=\"Avra-Sidiropoulou\" data-image-description=\"\" data-image-caption=\"\" data-medium-file=\"https:\/\/www.critical-stages.org\/12\/wp-content\/uploads\/sites\/2\/2015\/12\/Avra-Sidiropoulou-200x300.jpg\" data-large-file=\"https:\/\/www.critical-stages.org\/12\/wp-content\/uploads\/sites\/2\/2015\/12\/Avra-Sidiropoulou.jpg\" \/><\/a>\n<h4 class=\"pt-cv-title\"><a href=\"https:\/\/www.critical-stages.org\/12\/mise-en-scene-as-adaptation\/\" class=\"_self\" target=\"_self\" >Mise-en-Sc\u00e8ne as Adaptation<\/a><\/h4><\/div><\/div>\n<div class=\"col-md-6 col-sm-6 col-xs-12 pt-cv-content-item pt-cv-1-col\" ><div class='pt-cv-ifield'><a href=\"https:\/\/www.critical-stages.org\/12\/michael-chekhovs-theatre-theory-and-pedagogy-of-theatre-adaptation\/\" class=\"_self pt-cv-href-thumbnail pt-cv-thumb-default\" target=\"_self\" ><img loading=\"lazy\" decoding=\"async\" width=\"150\" height=\"150\" src=\"https:\/\/www.critical-stages.org\/12\/wp-content\/uploads\/sites\/2\/2015\/12\/Meerzon-150x150.jpg\" class=\"pt-cv-thumbnail\" alt=\"\" srcset=\"https:\/\/www.critical-stages.org\/12\/wp-content\/uploads\/sites\/2\/2015\/12\/Meerzon-150x150.jpg 150w, https:\/\/www.critical-stages.org\/12\/wp-content\/uploads\/sites\/2\/2015\/12\/Meerzon-270x270.jpg 270w, https:\/\/www.critical-stages.org\/12\/wp-content\/uploads\/sites\/2\/2015\/12\/Meerzon-230x230.jpg 230w\" sizes=\"auto, (max-width: 150px) 100vw, 150px\" data-attachment-id=\"373\" data-permalink=\"https:\/\/www.critical-stages.org\/12\/michael-chekhovs-theatre-theory-and-pedagogy-of-theatre-adaptation\/meerzon\/\" data-orig-file=\"https:\/\/www.critical-stages.org\/12\/wp-content\/uploads\/sites\/2\/2015\/12\/Meerzon.jpg\" data-orig-size=\"400,471\" data-comments-opened=\"1\" data-image-meta=\"{&quot;aperture&quot;:&quot;5.6&quot;,&quot;credit&quot;:&quot;&quot;,&quot;camera&quot;:&quot;Canon EOS REBEL T3i&quot;,&quot;caption&quot;:&quot;&quot;,&quot;created_timestamp&quot;:&quot;1440138668&quot;,&quot;copyright&quot;:&quot;&quot;,&quot;focal_length&quot;:&quot;55&quot;,&quot;iso&quot;:&quot;500&quot;,&quot;shutter_speed&quot;:&quot;0.0125&quot;,&quot;title&quot;:&quot;&quot;,&quot;orientation&quot;:&quot;1&quot;}\" data-image-title=\"Meerzon\" data-image-description=\"\" data-image-caption=\"\" data-medium-file=\"https:\/\/www.critical-stages.org\/12\/wp-content\/uploads\/sites\/2\/2015\/12\/Meerzon-255x300.jpg\" data-large-file=\"https:\/\/www.critical-stages.org\/12\/wp-content\/uploads\/sites\/2\/2015\/12\/Meerzon.jpg\" \/><\/a>\n<h4 class=\"pt-cv-title\"><a href=\"https:\/\/www.critical-stages.org\/12\/michael-chekhovs-theatre-theory-and-pedagogy-of-theatre-adaptation\/\" class=\"_self\" target=\"_self\" >Michael Chekhov\u2019s Theatre Theory and Pedagogy of Theatre Adaptation<\/a><\/h4><\/div><\/div>\n<div class=\"col-md-6 col-sm-6 col-xs-12 pt-cv-content-item pt-cv-1-col\" ><div class='pt-cv-ifield'><a href=\"https:\/\/www.critical-stages.org\/12\/interdisciplinary-considerations-about-a-subgenre-of-the-contemporary-biographical-drama-celebrity-and-fandom-in-recent-adaptations-of-famous-lives-for-the-stage\/\" class=\"_self pt-cv-href-thumbnail pt-cv-thumb-default\" target=\"_self\" ><img loading=\"lazy\" decoding=\"async\" width=\"150\" height=\"150\" src=\"https:\/\/www.critical-stages.org\/12\/wp-content\/uploads\/sites\/2\/2015\/12\/M-Minier-150x150.jpg\" class=\"pt-cv-thumbnail\" alt=\"\" data-attachment-id=\"374\" data-permalink=\"https:\/\/www.critical-stages.org\/12\/interdisciplinary-considerations-about-a-subgenre-of-the-contemporary-biographical-drama-celebrity-and-fandom-in-recent-adaptations-of-famous-lives-for-the-stage\/m-minier\/\" data-orig-file=\"https:\/\/www.critical-stages.org\/12\/wp-content\/uploads\/sites\/2\/2015\/12\/M-Minier.jpg\" data-orig-size=\"200,287\" data-comments-opened=\"1\" data-image-meta=\"{&quot;aperture&quot;:&quot;0&quot;,&quot;credit&quot;:&quot;&quot;,&quot;camera&quot;:&quot;&quot;,&quot;caption&quot;:&quot;&quot;,&quot;created_timestamp&quot;:&quot;0&quot;,&quot;copyright&quot;:&quot;&quot;,&quot;focal_length&quot;:&quot;0&quot;,&quot;iso&quot;:&quot;0&quot;,&quot;shutter_speed&quot;:&quot;0&quot;,&quot;title&quot;:&quot;&quot;,&quot;orientation&quot;:&quot;0&quot;}\" data-image-title=\"M-Minier\" data-image-description=\"\" data-image-caption=\"\" data-medium-file=\"https:\/\/www.critical-stages.org\/12\/wp-content\/uploads\/sites\/2\/2015\/12\/M-Minier.jpg\" data-large-file=\"https:\/\/www.critical-stages.org\/12\/wp-content\/uploads\/sites\/2\/2015\/12\/M-Minier.jpg\" \/><\/a>\n<h4 class=\"pt-cv-title\"><a href=\"https:\/\/www.critical-stages.org\/12\/interdisciplinary-considerations-about-a-subgenre-of-the-contemporary-biographical-drama-celebrity-and-fandom-in-recent-adaptations-of-famous-lives-for-the-stage\/\" class=\"_self\" target=\"_self\" >Interdisciplinary Considerations about a Subgenre of the Contemporary Biographical Drama: Celebrity and Fandom in Recent Adaptations of Famous Lives for the Stage<\/a><\/h4><\/div><\/div>\n<div class=\"col-md-6 col-sm-6 col-xs-12 pt-cv-content-item pt-cv-1-col\" ><div class='pt-cv-ifield'><a href=\"https:\/\/www.critical-stages.org\/12\/adaptation-as-rewatching\/\" class=\"_self pt-cv-href-thumbnail pt-cv-thumb-default\" target=\"_self\" ><img loading=\"lazy\" decoding=\"async\" width=\"150\" height=\"150\" src=\"https:\/\/www.critical-stages.org\/12\/wp-content\/uploads\/sites\/2\/2015\/12\/Krebbs-150x150.jpg\" class=\"pt-cv-thumbnail\" alt=\"\" data-attachment-id=\"372\" data-permalink=\"https:\/\/www.critical-stages.org\/12\/adaptation-as-rewatching\/krebbs\/\" data-orig-file=\"https:\/\/www.critical-stages.org\/12\/wp-content\/uploads\/sites\/2\/2015\/12\/Krebbs.jpg\" data-orig-size=\"166,220\" data-comments-opened=\"1\" data-image-meta=\"{&quot;aperture&quot;:&quot;0&quot;,&quot;credit&quot;:&quot;&quot;,&quot;camera&quot;:&quot;&quot;,&quot;caption&quot;:&quot;&quot;,&quot;created_timestamp&quot;:&quot;0&quot;,&quot;copyright&quot;:&quot;&quot;,&quot;focal_length&quot;:&quot;0&quot;,&quot;iso&quot;:&quot;0&quot;,&quot;shutter_speed&quot;:&quot;0&quot;,&quot;title&quot;:&quot;&quot;,&quot;orientation&quot;:&quot;0&quot;}\" data-image-title=\"Krebbs\" data-image-description=\"\" data-image-caption=\"\" data-medium-file=\"https:\/\/www.critical-stages.org\/12\/wp-content\/uploads\/sites\/2\/2015\/12\/Krebbs.jpg\" data-large-file=\"https:\/\/www.critical-stages.org\/12\/wp-content\/uploads\/sites\/2\/2015\/12\/Krebbs.jpg\" \/><\/a>\n<h4 class=\"pt-cv-title\"><a href=\"https:\/\/www.critical-stages.org\/12\/adaptation-as-rewatching\/\" class=\"_self\" target=\"_self\" >Adaptation as (Re)watching<\/a><\/h4><\/div><\/div>\n<div class=\"col-md-6 col-sm-6 col-xs-12 pt-cv-content-item pt-cv-1-col\" ><div class='pt-cv-ifield'><a href=\"https:\/\/www.critical-stages.org\/12\/adaptation-and-storytelling-in-the-theatre\/\" class=\"_self pt-cv-href-thumbnail pt-cv-thumb-default\" target=\"_self\" ><img loading=\"lazy\" decoding=\"async\" width=\"150\" height=\"150\" src=\"https:\/\/www.critical-stages.org\/12\/wp-content\/uploads\/sites\/2\/2015\/12\/Frances-Babbage-150x150.jpg\" class=\"pt-cv-thumbnail\" alt=\"\" srcset=\"https:\/\/www.critical-stages.org\/12\/wp-content\/uploads\/sites\/2\/2015\/12\/Frances-Babbage-150x150.jpg 150w, https:\/\/www.critical-stages.org\/12\/wp-content\/uploads\/sites\/2\/2015\/12\/Frances-Babbage-270x270.jpg 270w, https:\/\/www.critical-stages.org\/12\/wp-content\/uploads\/sites\/2\/2015\/12\/Frances-Babbage-230x230.jpg 230w\" sizes=\"auto, (max-width: 150px) 100vw, 150px\" data-attachment-id=\"232\" data-permalink=\"https:\/\/www.critical-stages.org\/12\/adaptation-and-storytelling-in-the-theatre\/frances-babbage\/\" data-orig-file=\"https:\/\/www.critical-stages.org\/12\/wp-content\/uploads\/sites\/2\/2015\/12\/Frances-Babbage.jpg\" data-orig-size=\"500,375\" data-comments-opened=\"1\" data-image-meta=\"{&quot;aperture&quot;:&quot;0&quot;,&quot;credit&quot;:&quot;&quot;,&quot;camera&quot;:&quot;&quot;,&quot;caption&quot;:&quot;&quot;,&quot;created_timestamp&quot;:&quot;0&quot;,&quot;copyright&quot;:&quot;&quot;,&quot;focal_length&quot;:&quot;0&quot;,&quot;iso&quot;:&quot;0&quot;,&quot;shutter_speed&quot;:&quot;0&quot;,&quot;title&quot;:&quot;&quot;,&quot;orientation&quot;:&quot;0&quot;}\" data-image-title=\"Frances-Babbage\" data-image-description=\"\" data-image-caption=\"\" data-medium-file=\"https:\/\/www.critical-stages.org\/12\/wp-content\/uploads\/sites\/2\/2015\/12\/Frances-Babbage-300x225.jpg\" data-large-file=\"https:\/\/www.critical-stages.org\/12\/wp-content\/uploads\/sites\/2\/2015\/12\/Frances-Babbage.jpg\" \/><\/a>\n<h4 class=\"pt-cv-title\"><a href=\"https:\/\/www.critical-stages.org\/12\/adaptation-and-storytelling-in-the-theatre\/\" class=\"_self\" target=\"_self\" >Adaptation and Storytelling in the Theatre<\/a><\/h4><\/div><\/div>\n<div class=\"col-md-6 col-sm-6 col-xs-12 pt-cv-content-item pt-cv-1-col\" ><div class='pt-cv-ifield'><a href=\"https:\/\/www.critical-stages.org\/12\/on-killing-children-greek-tragedies-on-british-stages-in-2015\/\" class=\"_self pt-cv-href-thumbnail pt-cv-thumb-default\" target=\"_self\" ><img loading=\"lazy\" decoding=\"async\" width=\"150\" height=\"150\" src=\"https:\/\/www.critical-stages.org\/12\/wp-content\/uploads\/sites\/2\/2015\/12\/Margherita-Laera-150x150.jpg\" class=\"pt-cv-thumbnail\" alt=\"\" srcset=\"https:\/\/www.critical-stages.org\/12\/wp-content\/uploads\/sites\/2\/2015\/12\/Margherita-Laera-150x150.jpg 150w, https:\/\/www.critical-stages.org\/12\/wp-content\/uploads\/sites\/2\/2015\/12\/Margherita-Laera-230x230.jpg 230w\" sizes=\"auto, (max-width: 150px) 100vw, 150px\" data-attachment-id=\"254\" data-permalink=\"https:\/\/www.critical-stages.org\/12\/on-killing-children-greek-tragedies-on-british-stages-in-2015\/margherita-laera\/\" data-orig-file=\"https:\/\/www.critical-stages.org\/12\/wp-content\/uploads\/sites\/2\/2015\/12\/Margherita-Laera.jpg\" data-orig-size=\"250,375\" data-comments-opened=\"1\" data-image-meta=\"{&quot;aperture&quot;:&quot;2&quot;,&quot;credit&quot;:&quot;Matt Wilson&quot;,&quot;camera&quot;:&quot;Canon EOS 5D Mark III&quot;,&quot;caption&quot;:&quot;&quot;,&quot;created_timestamp&quot;:&quot;1418222189&quot;,&quot;copyright&quot;:&quot;&quot;,&quot;focal_length&quot;:&quot;50&quot;,&quot;iso&quot;:&quot;800&quot;,&quot;shutter_speed&quot;:&quot;0.005&quot;,&quot;title&quot;:&quot;&quot;,&quot;orientation&quot;:&quot;0&quot;}\" data-image-title=\"Margherita-Laera\" data-image-description=\"\" data-image-caption=\"\" data-medium-file=\"https:\/\/www.critical-stages.org\/12\/wp-content\/uploads\/sites\/2\/2015\/12\/Margherita-Laera-200x300.jpg\" data-large-file=\"https:\/\/www.critical-stages.org\/12\/wp-content\/uploads\/sites\/2\/2015\/12\/Margherita-Laera.jpg\" \/><\/a>\n<h4 class=\"pt-cv-title\"><a href=\"https:\/\/www.critical-stages.org\/12\/on-killing-children-greek-tragedies-on-british-stages-in-2015\/\" class=\"_self\" target=\"_self\" >On Killing Children: Greek Tragedies on British Stages in 2015<\/a><\/h4><\/div><\/div>\n<div class=\"col-md-6 col-sm-6 col-xs-12 pt-cv-content-item pt-cv-1-col\" ><div class='pt-cv-ifield'><a href=\"https:\/\/www.critical-stages.org\/12\/peindre-et-repeindre-loeuvre-classique-de-danwon-theatralite-et-performance-chez-lee-ok-kyoung\/\" class=\"_self pt-cv-href-thumbnail pt-cv-thumb-default\" target=\"_self\" ><img loading=\"lazy\" decoding=\"async\" width=\"150\" height=\"150\" src=\"https:\/\/www.critical-stages.org\/12\/wp-content\/uploads\/sites\/2\/2015\/12\/pavis-1-150x150.jpg\" class=\"pt-cv-thumbnail\" alt=\"\" srcset=\"https:\/\/www.critical-stages.org\/12\/wp-content\/uploads\/sites\/2\/2015\/12\/pavis-1-150x150.jpg 150w, https:\/\/www.critical-stages.org\/12\/wp-content\/uploads\/sites\/2\/2015\/12\/pavis-1-270x270.jpg 270w, https:\/\/www.critical-stages.org\/12\/wp-content\/uploads\/sites\/2\/2015\/12\/pavis-1-230x230.jpg 230w\" sizes=\"auto, (max-width: 150px) 100vw, 150px\" data-attachment-id=\"266\" data-permalink=\"https:\/\/www.critical-stages.org\/12\/peindre-et-repeindre-loeuvre-classique-de-danwon-theatralite-et-performance-chez-lee-ok-kyoung\/pavis-2\/\" data-orig-file=\"https:\/\/www.critical-stages.org\/12\/wp-content\/uploads\/sites\/2\/2015\/12\/pavis-1.jpg\" data-orig-size=\"639,422\" data-comments-opened=\"1\" data-image-meta=\"{&quot;aperture&quot;:&quot;0&quot;,&quot;credit&quot;:&quot;&quot;,&quot;camera&quot;:&quot;&quot;,&quot;caption&quot;:&quot;&quot;,&quot;created_timestamp&quot;:&quot;0&quot;,&quot;copyright&quot;:&quot;&quot;,&quot;focal_length&quot;:&quot;0&quot;,&quot;iso&quot;:&quot;0&quot;,&quot;shutter_speed&quot;:&quot;0&quot;,&quot;title&quot;:&quot;&quot;,&quot;orientation&quot;:&quot;0&quot;}\" data-image-title=\"pavis\" data-image-description=\"\" data-image-caption=\"\" data-medium-file=\"https:\/\/www.critical-stages.org\/12\/wp-content\/uploads\/sites\/2\/2015\/12\/pavis-1-300x198.jpg\" data-large-file=\"https:\/\/www.critical-stages.org\/12\/wp-content\/uploads\/sites\/2\/2015\/12\/pavis-1.jpg\" \/><\/a>\n<h4 class=\"pt-cv-title\"><a href=\"https:\/\/www.critical-stages.org\/12\/peindre-et-repeindre-loeuvre-classique-de-danwon-theatralite-et-performance-chez-lee-ok-kyoung\/\" class=\"_self\" target=\"_self\" >Peindre et repeindre l\u2019\u0153uvre classique de Danwon: th\u00e9\u00e2tralit\u00e9 et performance chez Lee Ok Kyoung<\/a><\/h4><\/div><\/div><\/div><\/div><\/div>\n","protected":false},"excerpt":{"rendered":"<p>Adaptation Section Guest Editor: Patrice Pavis (France)* Adaptation is everywhere. The word achieves its meaning: to transform one thing into another. Critical Stages\/Sc\u00e8nes Critiques asked a small number of experts on the concept of theatrical adaptation to be a little<\/p>\n","protected":false},"author":1,"featured_media":0,"parent":0,"menu_order":0,"comment_status":"closed","ping_status":"closed","template":"","meta":{"jetpack_post_was_ever_published":false,"footnotes":""},"class_list":["post-47","page","type-page","status-publish","hentry","","tg-column-two"],"jetpack_sharing_enabled":true,"jetpack_shortlink":"https:\/\/wp.me\/P9xLnm-L","_links":{"self":[{"href":"https:\/\/www.critical-stages.org\/12\/wp-json\/wp\/v2\/pages\/47","targetHints":{"allow":["GET"]}}],"collection":[{"href":"https:\/\/www.critical-stages.org\/12\/wp-json\/wp\/v2\/pages"}],"about":[{"href":"https:\/\/www.critical-stages.org\/12\/wp-json\/wp\/v2\/types\/page"}],"author":[{"embeddable":true,"href":"https:\/\/www.critical-stages.org\/12\/wp-json\/wp\/v2\/users\/1"}],"replies":[{"embeddable":true,"href":"https:\/\/www.critical-stages.org\/12\/wp-json\/wp\/v2\/comments?post=47"}],"version-history":[{"count":2,"href":"https:\/\/www.critical-stages.org\/12\/wp-json\/wp\/v2\/pages\/47\/revisions"}],"predecessor-version":[{"id":947,"href":"https:\/\/www.critical-stages.org\/12\/wp-json\/wp\/v2\/pages\/47\/revisions\/947"}],"wp:attachment":[{"href":"https:\/\/www.critical-stages.org\/12\/wp-json\/wp\/v2\/media?parent=47"}],"curies":[{"name":"wp","href":"https:\/\/api.w.org\/{rel}","templated":true}]}}