{"id":33,"date":"2015-12-21T18:48:53","date_gmt":"2015-12-21T18:48:53","guid":{"rendered":"http:\/\/cs2.enl.auth.gr\/12\/?page_id=33"},"modified":"2021-07-25T16:59:18","modified_gmt":"2021-07-25T16:59:18","slug":"editorial-la-plateforme-mondiale-de-cssc","status":"publish","type":"page","link":"https:\/\/www.critical-stages.org\/12\/editorial-la-plateforme-mondiale-de-cssc\/","title":{"rendered":"\u00c9ditorial: La plateforme mondiale de CS\/SC"},"content":{"rendered":"<p><strong>Savas Patsalidis<\/strong> (r\u00e9dacteur-en-chef)<a href=\"#end1\">*<\/a><\/p>\n<p><img loading=\"lazy\" decoding=\"async\" data-attachment-id=\"174\" data-permalink=\"https:\/\/www.critical-stages.org\/12\/editorial-note-cs-global-platform\/patsalidis\/\" data-orig-file=\"https:\/\/www.critical-stages.org\/12\/wp-content\/uploads\/sites\/2\/2015\/12\/Patsalidis.jpeg\" data-orig-size=\"140,210\" data-comments-opened=\"1\" data-image-meta=\"{&quot;aperture&quot;:&quot;5.66&quot;,&quot;credit&quot;:&quot;&quot;,&quot;camera&quot;:&quot;Canon EOS 60D&quot;,&quot;caption&quot;:&quot;&quot;,&quot;created_timestamp&quot;:&quot;1371375526&quot;,&quot;copyright&quot;:&quot;\\u039a&quot;,&quot;focal_length&quot;:&quot;200&quot;,&quot;iso&quot;:&quot;250&quot;,&quot;shutter_speed&quot;:&quot;0.003906&quot;,&quot;title&quot;:&quot;&quot;,&quot;orientation&quot;:&quot;1&quot;}\" data-image-title=\"Patsalidis\" data-image-description=\"\" data-image-caption=\"\" data-large-file=\"https:\/\/www.critical-stages.org\/12\/wp-content\/uploads\/sites\/2\/2015\/12\/Patsalidis.jpeg\" class=\"alignnone size-full wp-image-174\" src=\"https:\/\/www.critical-stages.org\/12\/wp-content\/uploads\/sites\/2\/2015\/12\/Savas_Patsalidis.jpg\" alt=\"Patsalidis\" width=\"140\" height=\"210\"><\/p>\n<p>La plupart des dictionnaires importants (notamment <em>Webster<\/em>, <em>Oxford <\/em>et <em>Larousse<\/em>) d\u00e9finissent l\u2019<em>adaptation <\/em>comme un processus de changement en vue d\u2019un objectif ou d\u2019une situation. Les gens, comme les animaux, s\u2019adaptent pour survivre. On change aussi les livres, les films, les pi\u00e8ces pour convenir \u00e0 une nouvelle situation. Bien que le mot \u00ab adaptation \u00bb soit le plus courant pour se r\u00e9f\u00e9rer \u00e0 ce processus de recr\u00e9ation ou de remise en situation, il suscite encore une grande controverse. Aussi trouve-t-on de nombreuses \u00e9tiquettes : \u00ab alt\u00e9ration \u00bb, \u00ab imitation \u00bb, \u00ab d\u00e9riv\u00e9 \u00bb, \u00ab appropriation \u00bb, \u00ab abr\u00e9g\u00e9 \u00bb, \u00ab transformation \u00bb, \u00ab version \u00bb, \u00ab rejeton \u00bb, \u00ab tradaptation \u00bb, pour n\u2019en nommer que quelques uns. Patrice Pavis, chercheur qui a fait para\u00eetre un nombre impressionnant d\u2019ouvrages sur ce sujet \u00e9pineux, publie dans ce num\u00e9ro 12 sept textes fascinants (en provenance de Grande Bretagne, de Chypre, de France et du Canada), dont chacun \u00e9claire les cons\u00e9quences culturelles et esth\u00e9tiques de ce terme. Pour tenter d\u2019\u00e9largir la port\u00e9e de l\u2019enqu\u00eate, le comit\u00e9 \u00e9ditorial a invit\u00e9 des auteurs connus de diff\u00e9rents pays et continents \u00e0 r\u00e9fl\u00e9chir, entre autres, \u00e0 cet enjeu non r\u00e9solu. Le lecteur trouvera leurs r\u00e9ponses judicieuses dans la section des Entrevues, \u00e0 la fin de la revue.<\/p>\n<p>En outre, il y a dans <em>CS\/SC<\/em> #12 quatre articles acad\u00e9miques, dont la conf\u00e9rence inaugurale de Christopher Balme, tous pr\u00e9sent\u00e9s au colloque <em>The Critic is Present Or: Toward an Embodied Criticism\/Le critique est pr\u00e9sent ou : Vers une critique incarn\u00e9e<\/em>, organis\u00e9 par l\u2019Association internationale des critiques de th\u00e9\u00e2tre, l\u2019Association nationale serbe des critiques de th\u00e9\u00e2tre, ainsi que les festivals Sterijino pozorje (Novi Sad) et BITEF (en septembre 2015). Les expos\u00e9s (du Portugal, d\u2019Allemagne, de Su\u00e8de et du Kazakhstan), choisis et r\u00e9vis\u00e9s par Ivan Medenica, traitent de la position du critique quant au caract\u00e8re \u00ab \u00e9v\u00e9nementiel \u00bb de la repr\u00e9sentation. L\u2019article \u00ab en vedette \u00bb de ce num\u00e9ro vient d\u2019une conversation de Mark Bly avec Katalin Trencs\u00e9nyi, conversation qui nous donne non seulement un bon aper\u00e7u de l\u2019histoire de la dramaturgie am\u00e9ricaine, mais qui tente aussi de r\u00e9pondre \u00e0 la question : Qu\u2019est-ce que la dramaturgie ?<\/p>\n<p>En juin 2015, l\u2019Espagne a enterr\u00e9 formellement son plus grand \u00e9crivain, Miguel de Cervant\u00e8s, pr\u00e8s de 400 ans apr\u00e8s sa mort, d\u00e9voilant ainsi un monument fun\u00e9raire qui renferme des fragments d\u2019os qui apparemment \u00e9taient les siens. Pour prendre part aux c\u00e9l\u00e9brations de cet \u00e9v\u00e9nement et marquer le quatre centi\u00e8me anniversaire de la parution de la seconde partie de l\u2019ouvrage le plus important \u00e9crit en espagnol, <em>Don Quixote de La Mancha<\/em>, <em>CS\/SC<\/em> publie un article d\u2019Ir\u00e8ne Sadowska-Guillon \u00ab Le couple Don Miguel de Cervant\u00e8s Saavedra et <em>Don Quijote <\/em>f\u00eate son&nbsp;quatre centi\u00e8me anniversaire \u00bb, qu\u2019elle a \u00e9crit sp\u00e9cialement pour la Section des essais. Dans la section des Critiques sur la critique, Mark Brown part de la r\u00e9cente mise en sc\u00e8ne d\u2019<em>Hamlet <\/em>\u00e0 Londres (2015), avec le c\u00e9l\u00e8bre acteur de cin\u00e9ma Benedict Cumberbatch, pour traiter de la question des \u00ab avant-premi\u00e8res \u00bb et des contraintes du th\u00e9\u00e2tre commercial.<\/p>\n<p>Dans ce num\u00e9ro de <em>CS\/SC<\/em>, il y a aussi une s\u00e9rie impressionnante de critiques de spectacles (13) r\u00e9vis\u00e9es avec soin et professionnalisme par Matti Linnavuori de Finlande, trois comptes rendus de lecture dans la section dirig\u00e9e par le professeur Don Rubin du Canada, un \u00ab Guide des festivals \u00bb mis \u00e0 jour et, pour la premi\u00e8re fois, une longue liste de liens utiles (de publications, d\u2019associations, etc), tous deux con\u00e7us par Katerina Delikonstantinidou de Gr\u00e8ce.<\/p>\n<p>Lorsque Yun Cheol Kim a lanc\u00e9 <em>CS\/SC<\/em> en 2009, \u00e0 partir de son bureau de S\u00e9oul, en Cor\u00e9e du Sud, il a dit qu\u2019il avait pour objectif de se servir de la critique de th\u00e9\u00e2tre et des arts du spectacle comme d\u2019un tremplin pour favoriser la communication entre praticiens, th\u00e9oriciens et grand public ; il voulait aussi cr\u00e9er un \u00ab espace critique \u00bb permettant l\u2019expansion et le d\u00e9veloppement de notre art ; enfin, augmenter le lectorat de la critique de th\u00e9\u00e2tre en offrant aux lecteurs du monde entier une source d\u2019information et un traitement dynamique des th\u00e8mes et des tendances du th\u00e9\u00e2tre et des arts du spectacle contemporains sur le plan international. J\u2019esp\u00e8re que ce num\u00e9ro, qui vous parvient maintenant de son nouveau bureau \u00e0 Thessalonique, en Gr\u00e8ce (depuis septembre 2015), se situe \u00e0 la hauteur de ces attentes.<\/p>\n<p>J\u2019aimerais en terminant remercier le comit\u00e9 directeur de la revue (Don Rubin et Jeffrey Eric Jenkins), les chefs de section (Matti Linnavuori et Ivan Medenica) et les deux cor\u00e9dacteurs invit\u00e9s (le professeur Patrice Pavis et Katayoun H. Salmasi, membre de l\u2019AICT), qui ont pris une part active au travail \u00e9ditorial. Je remercie aussi chaleureusement Lissa Tyler Renaud, Michel Va\u00efs et Mark Brown, qui assurent comme toujours la qualit\u00e9 des langues officielles de la revue (l\u2019anglais et le fran\u00e7ais), surtout pour les articles \u00e9crits par des usagers d\u2019une autre langue maternelle. Je dois des remerciements particuliers \u00e0 tous les collaborateurs de ce num\u00e9ro qui ont pass\u00e9 du temps \u00e0 nous \u00e9crire d\u2019excellents articles.<\/p>\n<p>Je ne pourrai remercier assez le webma\u00eetre de la revue, Tasos Paschalis, et mon assistante, la doctorante Katerina Delikonstantinidou, pour leurs efforts et leur travail consciencieux. Sans eux, ce num\u00e9ro n\u2019aurait jamais pu \u00eatre achev\u00e9.<\/p>\n<p>Derni\u00e8re mais non la moindre, j\u2019offre ma profonde gratitude \u00e0 l\u2019universit\u00e9 de l\u2019Illinois \u00e0 Urbana-Champaign, et au directeur de son d\u00e9partement de th\u00e9\u00e2tre et vice-pr\u00e9sident de l\u2019AICT, Jeffrey Eric Jenkins, pour un soutien financier sans lequel la revue n\u2019aurait pas surv\u00e9cu. Et je remercie l\u2019universit\u00e9 Aristote d\u2019h\u00e9berger gratuitement notre revue.<\/p>\n<hr>\n<p><img loading=\"lazy\" decoding=\"async\" data-attachment-id=\"174\" data-permalink=\"https:\/\/www.critical-stages.org\/12\/editorial-note-cs-global-platform\/patsalidis\/\" data-orig-file=\"https:\/\/www.critical-stages.org\/12\/wp-content\/uploads\/sites\/2\/2015\/12\/Patsalidis.jpeg\" data-orig-size=\"140,210\" data-comments-opened=\"1\" data-image-meta=\"{&quot;aperture&quot;:&quot;5.66&quot;,&quot;credit&quot;:&quot;&quot;,&quot;camera&quot;:&quot;Canon EOS 60D&quot;,&quot;caption&quot;:&quot;&quot;,&quot;created_timestamp&quot;:&quot;1371375526&quot;,&quot;copyright&quot;:&quot;\\u039a&quot;,&quot;focal_length&quot;:&quot;200&quot;,&quot;iso&quot;:&quot;250&quot;,&quot;shutter_speed&quot;:&quot;0.003906&quot;,&quot;title&quot;:&quot;&quot;,&quot;orientation&quot;:&quot;1&quot;}\" data-image-title=\"Patsalidis\" data-image-description=\"\" data-image-caption=\"\" data-large-file=\"https:\/\/www.critical-stages.org\/12\/wp-content\/uploads\/sites\/2\/2015\/12\/Patsalidis.jpeg\" class=\"alignnone size-thumbnail wp-image-174\" src=\"https:\/\/www.critical-stages.org\/12\/wp-content\/uploads\/sites\/2\/2015\/12\/Savas_Patsalidis.jpg\" alt=\"Patsalidis\" width=\"140\" height=\"150\"><\/p>\n<p><strong><a name=\"end1\"><\/a>*Savas Patsalidis<\/strong> est professeur de th\u00e9\u00e2tre au D\u00e9partement des \u00e9tudes anglaises de l\u2019universit\u00e9 Aristote de Salonique. Il enseigne aussi au D\u00e9partement de th\u00e9\u00e2tre dans la m\u00eame universit\u00e9, au sein du programme des \u00e9tudes de 3e cycle, ainsi qu\u2019\u00e0 l\u2019\u00c9cole dramatique du Th\u00e9\u00e2tre National de Gr\u00e8ce du Nord. Parall\u00e8lement, il collabore, en tant que critique de th\u00e9\u00e2tre, \u00e0 deux quotidiens grecs. Son livre intitul\u00e9 <em>Th\u00e9\u00e2tre, Soci\u00e9t\u00e9, Nation<\/em> a obtenu en 2010 le prix de l\u2019Association grecque des critiques de th\u00e9\u00e2tre pour le meilleur essai en th\u00e9orie du th\u00e9\u00e2tre. Note : pour une notice biographique d\u00e9taill\u00e9e, voir : <a href=\"http:\/\/savaspatsalidis.blogspot.com\" target=\"_blank\" rel=\"noopener\">savaspatsalidis.blogspot.com<\/a>.<\/p>\n","protected":false},"excerpt":{"rendered":"<p>Savas Patsalidis (r\u00e9dacteur-en-chef)* La plupart des dictionnaires importants (notamment Webster, Oxford et Larousse) d\u00e9finissent l\u2019adaptation comme un processus de changement en vue d\u2019un objectif ou d\u2019une situation. Les gens, comme les animaux, s\u2019adaptent pour survivre. On change aussi les livres,<\/p>\n","protected":false},"author":1,"featured_media":0,"parent":0,"menu_order":0,"comment_status":"closed","ping_status":"closed","template":"","meta":{"jetpack_post_was_ever_published":false,"footnotes":""},"class_list":["post-33","page","type-page","status-publish","hentry","","tg-column-two"],"jetpack_sharing_enabled":true,"jetpack_shortlink":"https:\/\/wp.me\/P9xLnm-x","_links":{"self":[{"href":"https:\/\/www.critical-stages.org\/12\/wp-json\/wp\/v2\/pages\/33","targetHints":{"allow":["GET"]}}],"collection":[{"href":"https:\/\/www.critical-stages.org\/12\/wp-json\/wp\/v2\/pages"}],"about":[{"href":"https:\/\/www.critical-stages.org\/12\/wp-json\/wp\/v2\/types\/page"}],"author":[{"embeddable":true,"href":"https:\/\/www.critical-stages.org\/12\/wp-json\/wp\/v2\/users\/1"}],"replies":[{"embeddable":true,"href":"https:\/\/www.critical-stages.org\/12\/wp-json\/wp\/v2\/comments?post=33"}],"version-history":[{"count":2,"href":"https:\/\/www.critical-stages.org\/12\/wp-json\/wp\/v2\/pages\/33\/revisions"}],"predecessor-version":[{"id":866,"href":"https:\/\/www.critical-stages.org\/12\/wp-json\/wp\/v2\/pages\/33\/revisions\/866"}],"wp:attachment":[{"href":"https:\/\/www.critical-stages.org\/12\/wp-json\/wp\/v2\/media?parent=33"}],"curies":[{"name":"wp","href":"https:\/\/api.w.org\/{rel}","templated":true}]}}