{"id":37,"date":"2016-04-13T14:19:28","date_gmt":"2016-04-13T14:19:28","guid":{"rendered":"https:\/\/www.critical-stages.org\/11\/?page_id=37"},"modified":"2016-07-06T17:30:56","modified_gmt":"2016-07-06T17:30:56","slug":"entretiens","status":"publish","type":"page","link":"https:\/\/www.critical-stages.org\/11\/interviews-practitioners-and-directors\/entretiens\/","title":{"rendered":"Entretiens"},"content":{"rendered":"<p style=\"text-align: right;\"><a href=\"https:\/\/www.critical-stages.org\/11\/interviews\/\">Interviews<\/a><\/p>\n<p>Section Editor:<strong> Herv\u00e9 Guay<\/strong> (Quebec, Canada) <a href=\"#end1\"><sup>[1]<\/sup><\/a><\/p>\n<p><img loading=\"lazy\" decoding=\"async\" data-attachment-id=\"615\" data-permalink=\"https:\/\/www.critical-stages.org\/11\/interviews-practitioners-and-directors\/guay-4\/\" data-orig-file=\"https:\/\/www.critical-stages.org\/11\/wp-content\/uploads\/sites\/13\/2016\/04\/guay.png\" data-orig-size=\"300,300\" data-comments-opened=\"1\" data-image-meta=\"{&quot;aperture&quot;:&quot;0&quot;,&quot;credit&quot;:&quot;&quot;,&quot;camera&quot;:&quot;&quot;,&quot;caption&quot;:&quot;&quot;,&quot;created_timestamp&quot;:&quot;0&quot;,&quot;copyright&quot;:&quot;&quot;,&quot;focal_length&quot;:&quot;0&quot;,&quot;iso&quot;:&quot;0&quot;,&quot;shutter_speed&quot;:&quot;0&quot;,&quot;title&quot;:&quot;&quot;,&quot;orientation&quot;:&quot;0&quot;}\" data-image-title=\"guay\" data-image-description=\"\" data-image-caption=\"\" data-large-file=\"https:\/\/www.critical-stages.org\/11\/wp-content\/uploads\/sites\/13\/2016\/04\/guay.png\" class=\"alignnone size-full wp-image-615\" src=\"https:\/\/www.critical-stages.org\/11\/wp-content\/uploads\/sites\/13\/2016\/04\/guay.png\" alt=\"guay\" width=\"300\" height=\"300\" srcset=\"https:\/\/www.critical-stages.org\/11\/wp-content\/uploads\/sites\/13\/2016\/04\/guay.png 300w, https:\/\/www.critical-stages.org\/11\/wp-content\/uploads\/sites\/13\/2016\/04\/guay-150x150.png 150w, https:\/\/www.critical-stages.org\/11\/wp-content\/uploads\/sites\/13\/2016\/04\/guay-270x270.png 270w, https:\/\/www.critical-stages.org\/11\/wp-content\/uploads\/sites\/13\/2016\/04\/guay-230x230.png 230w\" sizes=\"auto, (max-width: 300px) 100vw, 300px\" \/><\/p>\n<p>Les entretiens de ce num\u00e9ro de <em>Sc\u00e8ne critiques<\/em> ont pour fil conducteur la pratique de la mise en sc\u00e8ne et la direction de festival qui sont des responsabilit\u00e9s que l\u2019on peut cumuler ou non selon les individus concern\u00e9s. D\u2019ailleurs, le terme \u00ab festival \u00bb peut prendre des colorations diff\u00e9rentes selon qu\u2019il s\u2019agisse d\u2019un festival centr\u00e9 sur un auteur, un th\u00e8me pr\u00e9cis ou d\u2019un \u00e9v\u00e9nement multidisciplinaire ou uniquement dramatique, national ou international. Les syntagmes \u00ab mise en sc\u00e8ne \u00bb ou \u00ab praticien \u00bb sont dot\u00e9s de la m\u00eame \u00e9lasticit\u00e9. Ils permettent de d\u00e9crire un travail ax\u00e9 sur le r\u00e9pertoire ou la cr\u00e9ation contemporaine, tout en s\u2019appliquant aujourd\u2019hui \u00e0 des formes o\u00f9 se m\u00ealent des artistes issus d\u2019arts ou de cultures vari\u00e9s dont les voix ne sont pas toujours convergentes.<\/p>\n<p>Les individus qui ont accord\u00e9 des entretiens \u00e0 <em>Sc\u00e8nes critiques<\/em> proviennent non seulement de nombreux pays mais appartiennent \u00e0 des traditions th\u00e9\u00e2trales fort diff\u00e9rentes, ce qui rend leur perspective sur les arts de la sc\u00e8ne particuli\u00e8rement stimulante. S\u2019ils ont tous le th\u00e9\u00e2tre pour patrie, le travail de Jackie Maxwell au Shaw Festival de Niagara-on-the-Lake o\u00f9 elle tente d\u2019imposer de nouveaux textes canadiens dans un festival \u00e9rig\u00e9 autour d\u2019un auteur dramatique irlandais du XIX<sup>e <\/sup>si\u00e8cle diff\u00e8re \u00e9norm\u00e9ment de celui de Willie White qui tente d\u2019une ann\u00e9e \u00e0 l\u2019autre de faire du Dublin Theatre Festival un \u00e9v\u00e9nement compos\u00e9 \u00e9quilibr\u00e9 o\u00f9 se c\u00f4toient un bon m\u00e9lange de spectacles europ\u00e9ens et de spectacles irlandais. Directeur du festival Interf\u00e9rences de Cluj-Napoca, Tompa Gabor vise, de son c\u00f4t\u00e9, \u00e0 provoquer des rencontres interculturelles auxquelles il est d\u2019autant plus sensible qu\u2019il est issu de la minorit\u00e9 hongroise de Roumanie. Il le fait cette ann\u00e9e en r\u00e9unissant artistes et public autour de r\u00e9cits du corps, un \u00e9l\u00e9ment si crucial du th\u00e9\u00e2tre contemporain. \u00c0 l\u2019autre bout du spectre, les mises en sc\u00e8ne de Sun-woong Koh ont fait de lui un homme de th\u00e9\u00e2tre respect\u00e9 de son pays gr\u00e2ce \u00e0 leur humour et \u00e0 leur ludisme o\u00f9 se m\u00ealent douceur et amertume, tandis que Fran\u00e7oise Bloch, femme de th\u00e9\u00e2tre wallonne, a opt\u00e9 pour le th\u00e9\u00e2tre documentaire afin d\u2019explorer de plus pr\u00e8s le r\u00e9el, moins dans une optique mim\u00e9tique que dans celle d\u2019en exposer la richesse et les contradictions. Femme de th\u00e9\u00e2tre elle aussi, M\u00f3nica Calle se concentre quant \u00e0 elle sur les grands classiques du XX<sup>e<\/sup> si\u00e8cle qu\u2019elle transporte en dehors des sc\u00e8nes institutionnelles, dans les marges de Lisbonne, qui servent ainsi de creuset \u00e0 son travail cr\u00e9ateur. Au terme de cette section, Ricardo Bartis insiste sur l\u2019importance de la fonction de metteur en sc\u00e8ne pour assurer la survie d\u2019un th\u00e9\u00e2tre qui demeure cr\u00e9ateur, ce qui veut aussi dire pour lui prendre en compte la nature \u00e9ph\u00e9m\u00e8re des arts de la sc\u00e8ne.<\/p>\n<p>En tant que nouveau responsable de la section, je tiens \u00e0 remercier vivement les collaborateurs qui lui ont donn\u00e9 consistance et nous permettent de mieux suivre l\u2019\u00e9volution du th\u00e9\u00e2tre contemporain de partout en accordant la parole \u00e0 ceux et celles qui le font.<\/p>\n<hr \/>\n<p><a name=\"end1\">[1]<\/a> <strong>Herv\u00e9 Guay <\/strong>est professeur r\u00e9gulier au D\u00e9partement de Lettres et Communication sociale, Universit\u00e9 du Qu\u00e9bec \u00e0 Trois-Rivi\u00e8res. Il est aussi Directeur de la revue Tangence et Pr\u00e9sident sortant de la Soci\u00e9t\u00e9 qu\u00e9b\u00e9coise d&#8217;\u00e9tudes th\u00e9\u00e2trales.<\/p>\n<hr \/>\n<div class=\"pt-cv-wrapper\"><div class=\"pt-cv-view pt-cv-grid pt-cv-colsys\" id=\"pt-cv-view-54c9f8c21f\"><div data-id=\"pt-cv-page-1\" class=\"pt-cv-page\" data-cvc=\"2\"><div class=\"col-md-6 col-sm-6 col-xs-12 pt-cv-content-item pt-cv-1-col\" ><div class='pt-cv-ifield'><a href=\"https:\/\/www.critical-stages.org\/11\/the-dead-and-the-actor\/\" class=\"_self pt-cv-href-thumbnail pt-cv-thumb-default\" target=\"_self\" ><img loading=\"lazy\" decoding=\"async\" width=\"150\" height=\"150\" src=\"https:\/\/www.critical-stages.org\/11\/wp-content\/uploads\/sites\/13\/2016\/04\/BARTIS-150x150.jpg\" class=\"pt-cv-thumbnail\" alt=\"\" srcset=\"https:\/\/www.critical-stages.org\/11\/wp-content\/uploads\/sites\/13\/2016\/04\/BARTIS-150x150.jpg 150w, https:\/\/www.critical-stages.org\/11\/wp-content\/uploads\/sites\/13\/2016\/04\/BARTIS-270x270.jpg 270w, https:\/\/www.critical-stages.org\/11\/wp-content\/uploads\/sites\/13\/2016\/04\/BARTIS-230x230.jpg 230w\" sizes=\"auto, (max-width: 150px) 100vw, 150px\" data-attachment-id=\"167\" data-permalink=\"https:\/\/www.critical-stages.org\/11\/the-dead-and-the-actor\/bartis\/\" data-orig-file=\"https:\/\/www.critical-stages.org\/11\/wp-content\/uploads\/sites\/13\/2016\/04\/BARTIS.jpg\" data-orig-size=\"700,643\" data-comments-opened=\"1\" data-image-meta=\"{&quot;aperture&quot;:&quot;7.1&quot;,&quot;credit&quot;:&quot;Nora Lezano&quot;,&quot;camera&quot;:&quot;Canon EOS 5D Mark II&quot;,&quot;caption&quot;:&quot;&quot;,&quot;created_timestamp&quot;:&quot;1395239118&quot;,&quot;copyright&quot;:&quot;&quot;,&quot;focal_length&quot;:&quot;50&quot;,&quot;iso&quot;:&quot;100&quot;,&quot;shutter_speed&quot;:&quot;0.008&quot;,&quot;title&quot;:&quot;&quot;,&quot;orientation&quot;:&quot;1&quot;}\" data-image-title=\"BARTIS\" data-image-description=\"\" data-image-caption=\"&lt;p&gt;Ricardo Bartis&lt;\/p&gt;\n\" data-large-file=\"https:\/\/www.critical-stages.org\/11\/wp-content\/uploads\/sites\/13\/2016\/04\/BARTIS.jpg\" \/><\/a>\n<h4 class=\"pt-cv-title\"><a href=\"https:\/\/www.critical-stages.org\/11\/the-dead-and-the-actor\/\" class=\"_self\" target=\"_self\" >The Dead and the Actor<\/a><\/h4><\/div><\/div>\n<div class=\"col-md-6 col-sm-6 col-xs-12 pt-cv-content-item pt-cv-1-col\" ><div class='pt-cv-ifield'><a href=\"https:\/\/www.critical-stages.org\/11\/moving-between-worlds\/\" class=\"_self pt-cv-href-thumbnail pt-cv-thumb-default\" target=\"_self\" ><img loading=\"lazy\" decoding=\"async\" width=\"150\" height=\"150\" src=\"https:\/\/www.critical-stages.org\/11\/wp-content\/uploads\/sites\/13\/2016\/04\/CALLE-1-150x150.jpg\" class=\"pt-cv-thumbnail\" alt=\"\" srcset=\"https:\/\/www.critical-stages.org\/11\/wp-content\/uploads\/sites\/13\/2016\/04\/CALLE-1-150x150.jpg 150w, https:\/\/www.critical-stages.org\/11\/wp-content\/uploads\/sites\/13\/2016\/04\/CALLE-1-270x270.jpg 270w, https:\/\/www.critical-stages.org\/11\/wp-content\/uploads\/sites\/13\/2016\/04\/CALLE-1-230x230.jpg 230w\" sizes=\"auto, (max-width: 150px) 100vw, 150px\" data-attachment-id=\"171\" data-permalink=\"https:\/\/www.critical-stages.org\/11\/moving-between-worlds\/calle-1\/\" data-orig-file=\"https:\/\/www.critical-stages.org\/11\/wp-content\/uploads\/sites\/13\/2016\/04\/CALLE-1.jpg\" data-orig-size=\"700,1050\" data-comments-opened=\"1\" data-image-meta=\"{&quot;aperture&quot;:&quot;0&quot;,&quot;credit&quot;:&quot;&quot;,&quot;camera&quot;:&quot;&quot;,&quot;caption&quot;:&quot;&quot;,&quot;created_timestamp&quot;:&quot;0&quot;,&quot;copyright&quot;:&quot;&quot;,&quot;focal_length&quot;:&quot;0&quot;,&quot;iso&quot;:&quot;0&quot;,&quot;shutter_speed&quot;:&quot;0&quot;,&quot;title&quot;:&quot;&quot;,&quot;orientation&quot;:&quot;0&quot;}\" data-image-title=\"CALLE 1\" data-image-description=\"\" data-image-caption=\"&lt;p&gt;M\u00f3nica Calle in A Boa Alma (The Good Soul of Szechuan), directed by M\u00f3nica Calle \u00a9 Bruno Sim\u00e3o&lt;\/p&gt;\n\" data-large-file=\"https:\/\/www.critical-stages.org\/11\/wp-content\/uploads\/sites\/13\/2016\/04\/CALLE-1-683x1024.jpg\" \/><\/a>\n<h4 class=\"pt-cv-title\"><a href=\"https:\/\/www.critical-stages.org\/11\/moving-between-worlds\/\" class=\"_self\" target=\"_self\" >Moving between Worlds<\/a><\/h4><\/div><\/div>\n<div class=\"col-md-6 col-sm-6 col-xs-12 pt-cv-content-item pt-cv-1-col\" ><div class='pt-cv-ifield'><a href=\"https:\/\/www.critical-stages.org\/11\/un-theatre-documente-pour-repenser-le-reel\/\" class=\"_self pt-cv-href-thumbnail pt-cv-thumb-default\" target=\"_self\" ><img loading=\"lazy\" decoding=\"async\" width=\"150\" height=\"150\" src=\"https:\/\/www.critical-stages.org\/11\/wp-content\/uploads\/sites\/13\/2016\/04\/BLOCH-150x150.jpg\" class=\"pt-cv-thumbnail\" alt=\"\" srcset=\"https:\/\/www.critical-stages.org\/11\/wp-content\/uploads\/sites\/13\/2016\/04\/BLOCH-150x150.jpg 150w, https:\/\/www.critical-stages.org\/11\/wp-content\/uploads\/sites\/13\/2016\/04\/BLOCH-270x270.jpg 270w, https:\/\/www.critical-stages.org\/11\/wp-content\/uploads\/sites\/13\/2016\/04\/BLOCH-230x230.jpg 230w, https:\/\/www.critical-stages.org\/11\/wp-content\/uploads\/sites\/13\/2016\/04\/BLOCH.jpg 298w\" sizes=\"auto, (max-width: 150px) 100vw, 150px\" data-attachment-id=\"176\" data-permalink=\"https:\/\/www.critical-stages.org\/11\/un-theatre-documente-pour-repenser-le-reel\/bloch\/\" data-orig-file=\"https:\/\/www.critical-stages.org\/11\/wp-content\/uploads\/sites\/13\/2016\/04\/BLOCH.jpg\" data-orig-size=\"298,298\" data-comments-opened=\"1\" data-image-meta=\"{&quot;aperture&quot;:&quot;0&quot;,&quot;credit&quot;:&quot;&quot;,&quot;camera&quot;:&quot;&quot;,&quot;caption&quot;:&quot;&quot;,&quot;created_timestamp&quot;:&quot;0&quot;,&quot;copyright&quot;:&quot;&quot;,&quot;focal_length&quot;:&quot;0&quot;,&quot;iso&quot;:&quot;0&quot;,&quot;shutter_speed&quot;:&quot;0&quot;,&quot;title&quot;:&quot;&quot;,&quot;orientation&quot;:&quot;1&quot;}\" data-image-title=\"BLOCH\" data-image-description=\"\" data-image-caption=\"&lt;p&gt;Fran\u00e7oise Bloch&lt;\/p&gt;\n\" data-large-file=\"https:\/\/www.critical-stages.org\/11\/wp-content\/uploads\/sites\/13\/2016\/04\/BLOCH.jpg\" \/><\/a>\n<h4 class=\"pt-cv-title\"><a href=\"https:\/\/www.critical-stages.org\/11\/un-theatre-documente-pour-repenser-le-reel\/\" class=\"_self\" target=\"_self\" >Un th\u00e9\u00e2tre document\u00e9 pour repenser le r\u00e9el<\/a><\/h4><\/div><\/div>\n<div class=\"col-md-6 col-sm-6 col-xs-12 pt-cv-content-item pt-cv-1-col\" ><div class='pt-cv-ifield'><a href=\"https:\/\/www.critical-stages.org\/11\/combining-playfulness-and-artistry-into-the-essence-of-theatre\/\" class=\"_self pt-cv-href-thumbnail pt-cv-thumb-default\" target=\"_self\" ><img loading=\"lazy\" decoding=\"async\" width=\"150\" height=\"150\" src=\"https:\/\/www.critical-stages.org\/11\/wp-content\/uploads\/sites\/13\/2016\/04\/1.-Sun-Woong-Koh-150x150.jpg\" class=\"pt-cv-thumbnail\" alt=\"\" srcset=\"https:\/\/www.critical-stages.org\/11\/wp-content\/uploads\/sites\/13\/2016\/04\/1.-Sun-Woong-Koh-150x150.jpg 150w, https:\/\/www.critical-stages.org\/11\/wp-content\/uploads\/sites\/13\/2016\/04\/1.-Sun-Woong-Koh-270x270.jpg 270w, https:\/\/www.critical-stages.org\/11\/wp-content\/uploads\/sites\/13\/2016\/04\/1.-Sun-Woong-Koh-230x230.jpg 230w\" sizes=\"auto, (max-width: 150px) 100vw, 150px\" data-attachment-id=\"181\" data-permalink=\"https:\/\/www.critical-stages.org\/11\/combining-playfulness-and-artistry-into-the-essence-of-theatre\/1-sun-woong-koh\/\" data-orig-file=\"https:\/\/www.critical-stages.org\/11\/wp-content\/uploads\/sites\/13\/2016\/04\/1.-Sun-Woong-Koh.jpg\" data-orig-size=\"1400,920\" data-comments-opened=\"1\" data-image-meta=\"{&quot;aperture&quot;:&quot;2.8&quot;,&quot;credit&quot;:&quot;&quot;,&quot;camera&quot;:&quot;Canon EOS 5D&quot;,&quot;caption&quot;:&quot;&quot;,&quot;created_timestamp&quot;:&quot;1266516178&quot;,&quot;copyright&quot;:&quot;&quot;,&quot;focal_length&quot;:&quot;78&quot;,&quot;iso&quot;:&quot;640&quot;,&quot;shutter_speed&quot;:&quot;0.01&quot;,&quot;title&quot;:&quot;&quot;,&quot;orientation&quot;:&quot;1&quot;}\" data-image-title=\"1. Sun-Woong Koh\" data-image-description=\"\" data-image-caption=\"&lt;p&gt;Director\/Playwright Sun-woong Koh \u00a9Theatrefactory Mabangzen&lt;\/p&gt;\n\" data-large-file=\"https:\/\/www.critical-stages.org\/11\/wp-content\/uploads\/sites\/13\/2016\/04\/1.-Sun-Woong-Koh-1024x673.jpg\" \/><\/a>\n<h4 class=\"pt-cv-title\"><a href=\"https:\/\/www.critical-stages.org\/11\/combining-playfulness-and-artistry-into-the-essence-of-theatre\/\" class=\"_self\" target=\"_self\" >Combining Playfulness and Artistry into the Essence of Theatre<\/a><\/h4><\/div><\/div>\n<div class=\"col-md-6 col-sm-6 col-xs-12 pt-cv-content-item pt-cv-1-col\" ><div class='pt-cv-ifield'><a href=\"https:\/\/www.critical-stages.org\/11\/it-is-very-important-to-connect-ourselves-to-a-network-of-universal-values-without-sacrificing-our-identity\/\" class=\"_self pt-cv-href-thumbnail pt-cv-thumb-default\" target=\"_self\" ><img loading=\"lazy\" decoding=\"async\" width=\"150\" height=\"150\" src=\"https:\/\/www.critical-stages.org\/11\/wp-content\/uploads\/sites\/13\/2016\/04\/GABOR-1-150x150.jpg\" class=\"pt-cv-thumbnail\" alt=\"\" srcset=\"https:\/\/www.critical-stages.org\/11\/wp-content\/uploads\/sites\/13\/2016\/04\/GABOR-1-150x150.jpg 150w, https:\/\/www.critical-stages.org\/11\/wp-content\/uploads\/sites\/13\/2016\/04\/GABOR-1-270x270.jpg 270w, https:\/\/www.critical-stages.org\/11\/wp-content\/uploads\/sites\/13\/2016\/04\/GABOR-1-230x230.jpg 230w\" sizes=\"auto, (max-width: 150px) 100vw, 150px\" data-attachment-id=\"189\" data-permalink=\"https:\/\/www.critical-stages.org\/11\/it-is-very-important-to-connect-ourselves-to-a-network-of-universal-values-without-sacrificing-our-identity\/gabor-1\/\" data-orig-file=\"https:\/\/www.critical-stages.org\/11\/wp-content\/uploads\/sites\/13\/2016\/04\/GABOR-1.jpg\" data-orig-size=\"1400,931\" data-comments-opened=\"1\" data-image-meta=\"{&quot;aperture&quot;:&quot;0&quot;,&quot;credit&quot;:&quot;&quot;,&quot;camera&quot;:&quot;&quot;,&quot;caption&quot;:&quot;&quot;,&quot;created_timestamp&quot;:&quot;0&quot;,&quot;copyright&quot;:&quot;&quot;,&quot;focal_length&quot;:&quot;0&quot;,&quot;iso&quot;:&quot;0&quot;,&quot;shutter_speed&quot;:&quot;0&quot;,&quot;title&quot;:&quot;&quot;,&quot;orientation&quot;:&quot;0&quot;}\" data-image-title=\"GABOR 1\" data-image-description=\"\" data-image-caption=\"&lt;p&gt;Tompa G\u00e1bor \u00a9 Bir\u00f3 Istv\u00e1n&lt;\/p&gt;\n\" data-large-file=\"https:\/\/www.critical-stages.org\/11\/wp-content\/uploads\/sites\/13\/2016\/04\/GABOR-1-1024x681.jpg\" \/><\/a>\n<h4 class=\"pt-cv-title\"><a href=\"https:\/\/www.critical-stages.org\/11\/it-is-very-important-to-connect-ourselves-to-a-network-of-universal-values-without-sacrificing-our-identity\/\" class=\"_self\" target=\"_self\" >\u201cIt is very important to connect ourselves to a network of universal values without sacrificing our identity.\u201d<\/a><\/h4><\/div><\/div>\n<div class=\"col-md-6 col-sm-6 col-xs-12 pt-cv-content-item pt-cv-1-col\" ><div class='pt-cv-ifield'><a href=\"https:\/\/www.critical-stages.org\/11\/passion-and-relentless-curiosity\/\" class=\"_self pt-cv-href-thumbnail pt-cv-thumb-default\" target=\"_self\" ><img loading=\"lazy\" decoding=\"async\" width=\"150\" height=\"150\" src=\"https:\/\/www.critical-stages.org\/11\/wp-content\/uploads\/sites\/13\/2016\/04\/WHITE-150x150.jpg\" class=\"pt-cv-thumbnail\" alt=\"\" srcset=\"https:\/\/www.critical-stages.org\/11\/wp-content\/uploads\/sites\/13\/2016\/04\/WHITE-150x150.jpg 150w, https:\/\/www.critical-stages.org\/11\/wp-content\/uploads\/sites\/13\/2016\/04\/WHITE-230x230.jpg 230w\" sizes=\"auto, (max-width: 150px) 100vw, 150px\" data-attachment-id=\"199\" data-permalink=\"https:\/\/www.critical-stages.org\/11\/passion-and-relentless-curiosity\/white\/\" data-orig-file=\"https:\/\/www.critical-stages.org\/11\/wp-content\/uploads\/sites\/13\/2016\/04\/WHITE.jpg\" data-orig-size=\"250,306\" data-comments-opened=\"1\" data-image-meta=\"{&quot;aperture&quot;:&quot;0&quot;,&quot;credit&quot;:&quot;&quot;,&quot;camera&quot;:&quot;&quot;,&quot;caption&quot;:&quot;&quot;,&quot;created_timestamp&quot;:&quot;0&quot;,&quot;copyright&quot;:&quot;&quot;,&quot;focal_length&quot;:&quot;0&quot;,&quot;iso&quot;:&quot;0&quot;,&quot;shutter_speed&quot;:&quot;0&quot;,&quot;title&quot;:&quot;&quot;,&quot;orientation&quot;:&quot;0&quot;}\" data-image-title=\"WHITE\" data-image-description=\"\" data-image-caption=\"&lt;p&gt;Willie White&lt;\/p&gt;\n\" data-large-file=\"https:\/\/www.critical-stages.org\/11\/wp-content\/uploads\/sites\/13\/2016\/04\/WHITE.jpg\" \/><\/a>\n<h4 class=\"pt-cv-title\"><a href=\"https:\/\/www.critical-stages.org\/11\/passion-and-relentless-curiosity\/\" class=\"_self\" target=\"_self\" >Passion and Relentless Curiosity<\/a><\/h4><\/div><\/div>\n<div class=\"col-md-6 col-sm-6 col-xs-12 pt-cv-content-item pt-cv-1-col\" ><div class='pt-cv-ifield'><a href=\"https:\/\/www.critical-stages.org\/11\/the-shaw-festival-and-the-new-canadian-canon\/\" class=\"_self pt-cv-href-thumbnail pt-cv-thumb-default\" target=\"_self\" ><img loading=\"lazy\" decoding=\"async\" width=\"150\" height=\"150\" src=\"https:\/\/www.critical-stages.org\/11\/wp-content\/uploads\/sites\/13\/2016\/04\/MAXWELL1-150x150.jpg\" class=\"pt-cv-thumbnail\" alt=\"\" srcset=\"https:\/\/www.critical-stages.org\/11\/wp-content\/uploads\/sites\/13\/2016\/04\/MAXWELL1-150x150.jpg 150w, https:\/\/www.critical-stages.org\/11\/wp-content\/uploads\/sites\/13\/2016\/04\/MAXWELL1-270x270.jpg 270w, https:\/\/www.critical-stages.org\/11\/wp-content\/uploads\/sites\/13\/2016\/04\/MAXWELL1-230x230.jpg 230w\" sizes=\"auto, (max-width: 150px) 100vw, 150px\" data-attachment-id=\"202\" data-permalink=\"https:\/\/www.critical-stages.org\/11\/the-shaw-festival-and-the-new-canadian-canon\/maxwell1\/\" data-orig-file=\"https:\/\/www.critical-stages.org\/11\/wp-content\/uploads\/sites\/13\/2016\/04\/MAXWELL1.jpg\" data-orig-size=\"1400,932\" data-comments-opened=\"1\" data-image-meta=\"{&quot;aperture&quot;:&quot;8&quot;,&quot;credit&quot;:&quot;&quot;,&quot;camera&quot;:&quot;NIKON D4&quot;,&quot;caption&quot;:&quot;&quot;,&quot;created_timestamp&quot;:&quot;1426328228&quot;,&quot;copyright&quot;:&quot;&quot;,&quot;focal_length&quot;:&quot;102&quot;,&quot;iso&quot;:&quot;100&quot;,&quot;shutter_speed&quot;:&quot;0.008&quot;,&quot;title&quot;:&quot;&quot;,&quot;orientation&quot;:&quot;1&quot;}\" data-image-title=\"MAXWELL1\" data-image-description=\"\" data-image-caption=\"&lt;p&gt;Jackie Maxwell \u00a9 David Cooper&lt;\/p&gt;\n\" data-large-file=\"https:\/\/www.critical-stages.org\/11\/wp-content\/uploads\/sites\/13\/2016\/04\/MAXWELL1-1024x682.jpg\" \/><\/a>\n<h4 class=\"pt-cv-title\"><a href=\"https:\/\/www.critical-stages.org\/11\/the-shaw-festival-and-the-new-canadian-canon\/\" class=\"_self\" target=\"_self\" >The Shaw Festival and the New Canadian Canon<\/a><\/h4><\/div><\/div><\/div><\/div><\/div>\n","protected":false},"excerpt":{"rendered":"<p>Interviews Section Editor: Herv\u00e9 Guay (Quebec, Canada) [1] Les entretiens de ce num\u00e9ro de Sc\u00e8ne critiques ont pour fil conducteur la pratique de la mise en sc\u00e8ne et la direction de festival qui sont des responsabilit\u00e9s que l\u2019on peut cumuler<\/p>\n","protected":false},"author":1,"featured_media":0,"parent":35,"menu_order":0,"comment_status":"closed","ping_status":"closed","template":"","meta":{"jetpack_post_was_ever_published":false,"footnotes":""},"class_list":["post-37","page","type-page","status-publish","hentry","","tg-column-two"],"jetpack_sharing_enabled":true,"jetpack_shortlink":"https:\/\/wp.me\/P7rA5b-B","_links":{"self":[{"href":"https:\/\/www.critical-stages.org\/11\/wp-json\/wp\/v2\/pages\/37","targetHints":{"allow":["GET"]}}],"collection":[{"href":"https:\/\/www.critical-stages.org\/11\/wp-json\/wp\/v2\/pages"}],"about":[{"href":"https:\/\/www.critical-stages.org\/11\/wp-json\/wp\/v2\/types\/page"}],"author":[{"embeddable":true,"href":"https:\/\/www.critical-stages.org\/11\/wp-json\/wp\/v2\/users\/1"}],"replies":[{"embeddable":true,"href":"https:\/\/www.critical-stages.org\/11\/wp-json\/wp\/v2\/comments?post=37"}],"version-history":[{"count":0,"href":"https:\/\/www.critical-stages.org\/11\/wp-json\/wp\/v2\/pages\/37\/revisions"}],"up":[{"embeddable":true,"href":"https:\/\/www.critical-stages.org\/11\/wp-json\/wp\/v2\/pages\/35"}],"wp:attachment":[{"href":"https:\/\/www.critical-stages.org\/11\/wp-json\/wp\/v2\/media?parent=37"}],"curies":[{"name":"wp","href":"https:\/\/api.w.org\/{rel}","templated":true}]}}