{"id":35,"date":"2016-04-13T14:18:53","date_gmt":"2016-04-13T14:18:53","guid":{"rendered":"https:\/\/www.critical-stages.org\/11\/?page_id=35"},"modified":"2016-07-06T17:30:20","modified_gmt":"2016-07-06T17:30:20","slug":"interviews-practitioners-and-directors","status":"publish","type":"page","link":"https:\/\/www.critical-stages.org\/11\/interviews-practitioners-and-directors\/","title":{"rendered":"Interviews:  Practitioners and Directors"},"content":{"rendered":"<p style=\"text-align: right;\"><a href=\"https:\/\/www.critical-stages.org\/11\/interviews\/entretiens\/\">Entretiens<\/a><\/p>\n<p>Section Editor:<strong> Herv\u00e9 Guay <\/strong>(Quebec, Canada) <a href=\"#end1\"><sup>[1]<\/sup><\/a><\/p>\n<p><img loading=\"lazy\" decoding=\"async\" data-attachment-id=\"615\" data-permalink=\"https:\/\/www.critical-stages.org\/11\/interviews-practitioners-and-directors\/guay-4\/\" data-orig-file=\"https:\/\/www.critical-stages.org\/11\/wp-content\/uploads\/sites\/13\/2016\/04\/guay.png\" data-orig-size=\"300,300\" data-comments-opened=\"1\" data-image-meta=\"{&quot;aperture&quot;:&quot;0&quot;,&quot;credit&quot;:&quot;&quot;,&quot;camera&quot;:&quot;&quot;,&quot;caption&quot;:&quot;&quot;,&quot;created_timestamp&quot;:&quot;0&quot;,&quot;copyright&quot;:&quot;&quot;,&quot;focal_length&quot;:&quot;0&quot;,&quot;iso&quot;:&quot;0&quot;,&quot;shutter_speed&quot;:&quot;0&quot;,&quot;title&quot;:&quot;&quot;,&quot;orientation&quot;:&quot;0&quot;}\" data-image-title=\"guay\" data-image-description=\"\" data-image-caption=\"\" data-large-file=\"https:\/\/www.critical-stages.org\/11\/wp-content\/uploads\/sites\/13\/2016\/04\/guay.png\" class=\"alignnone size-full wp-image-615\" src=\"https:\/\/www.critical-stages.org\/11\/wp-content\/uploads\/sites\/13\/2016\/04\/guay.png\" alt=\"guay\" width=\"300\" height=\"300\" srcset=\"https:\/\/www.critical-stages.org\/11\/wp-content\/uploads\/sites\/13\/2016\/04\/guay.png 300w, https:\/\/www.critical-stages.org\/11\/wp-content\/uploads\/sites\/13\/2016\/04\/guay-150x150.png 150w, https:\/\/www.critical-stages.org\/11\/wp-content\/uploads\/sites\/13\/2016\/04\/guay-270x270.png 270w, https:\/\/www.critical-stages.org\/11\/wp-content\/uploads\/sites\/13\/2016\/04\/guay-230x230.png 230w\" sizes=\"auto, (max-width: 300px) 100vw, 300px\" \/><\/p>\n<p>The common thread of the Interviews section for this issue is the practice of directing. We will look at \u201cdirecting\u201d in two ways: directing a play or directing a festival. These two tasks can be assumed by the same individuals or not. In addition, the term \u201cfestival\u201d can be understood differently in a number of ways: (i) whether it concerns a festival centered on a playwright or a theme, (ii) whether the event is multidisciplinary or solely text-based, or (iii) whether it is national or international. The words \u201cdirecting\u201d and \u201cpractitioner\u201d also have a high degree of elasticity. They can describe work on classical plays as well as contemporary performances, and can be applied to forms where artists from different arts and cultures interact and mingle, whose voices are not always necessarily convergent.<\/p>\n<p>The artists who have given an interview to <em>Critical Stages<\/em> are not only from different countries but they also often belong to totally different theatrical traditions. This is why their perspectives on the performing arts are so inspiring. If they are bonded by their dedication to theatre, Jackie Maxwell\u2019s target at the Shaw Festival located on the Canadian side of the Niagara Falls\u2014where she has been trying to impose new Canadian playwrights in a festival erected around a 19<sup>th<\/sup> century Irish author\u2014differs greatly from that of the director of the Dublin Theatre Festival, Willie White, who is working to produce a balanced event composed of a good deal of European and Irish performances. Tompa Gabor, Head of the Interferences Festival of Cluj-Napoca, aims to create intercultural encounters, to which he is sensitive since he was born to the Hungarian minority of Romania. This year he will assemble artists and audiences around \u201cThe Stories of the Bodies,\u201d a crucial element of contemporary practices. At the other end of the spectrum, Sun-woong Koh\u2019s directing has made him a leading figure of the theatre of his country through the humor and playfulness of his performances where sweetness and bitterness unfold; while Fran\u00e7oise Bloch, a woman of the theatre from Wallonie, opted for documentary theatre to explore in more detail, less from a mimetic perspective than from that of exposing its inherent contradictions and richness. Also woman of the theatre, M\u00f3nica Calle\u2019s work focuses on the great classics of the 20<sup>th<\/sup> century theatre which she transports out of the legitimate theatres to the margins of Lisbon\u2014a move that serves as a crucible for her creative process. To conclude the section, Argentinian director Ricardo Bartis insists on the importance of the director&#8217;s role to achieving a theatre that remains creative\u2014which means for him: taking into account the ephemeral nature of the performing arts.<\/p>\n<p>As the new Interviews section editor, I would like to warmly thank those who have conducted these interviews and given consistency to this portion of <em>Critical Stages<\/em>. Your interviews help us to follow the development of contemporary theatre across the world by giving the floor to those who are making or disseminating it.<\/p>\n<hr \/>\n<p><a name=\"end1\">[1]<\/a> <strong>Herv\u00e9 Guay<\/strong> is a professor of the Department of Letters and Communication at The University of Quebec (Trois-Rivi\u00e8res). He is also the director of the review <em>Tangence<\/em> and former President of Quebec&#8217;s Society of Theatre Studies.<\/p>\n<hr \/>\n<div class=\"pt-cv-wrapper\"><div class=\"pt-cv-view pt-cv-grid pt-cv-colsys\" id=\"pt-cv-view-54c9f8c21f\"><div data-id=\"pt-cv-page-1\" class=\"pt-cv-page\" data-cvc=\"2\"><div class=\"col-md-6 col-sm-6 col-xs-12 pt-cv-content-item pt-cv-1-col\" ><div class='pt-cv-ifield'><a href=\"https:\/\/www.critical-stages.org\/11\/the-dead-and-the-actor\/\" class=\"_self pt-cv-href-thumbnail pt-cv-thumb-default\" target=\"_self\" ><img loading=\"lazy\" decoding=\"async\" width=\"150\" height=\"150\" src=\"https:\/\/www.critical-stages.org\/11\/wp-content\/uploads\/sites\/13\/2016\/04\/BARTIS-150x150.jpg\" class=\"pt-cv-thumbnail\" alt=\"\" srcset=\"https:\/\/www.critical-stages.org\/11\/wp-content\/uploads\/sites\/13\/2016\/04\/BARTIS-150x150.jpg 150w, https:\/\/www.critical-stages.org\/11\/wp-content\/uploads\/sites\/13\/2016\/04\/BARTIS-270x270.jpg 270w, https:\/\/www.critical-stages.org\/11\/wp-content\/uploads\/sites\/13\/2016\/04\/BARTIS-230x230.jpg 230w\" sizes=\"auto, (max-width: 150px) 100vw, 150px\" data-attachment-id=\"167\" data-permalink=\"https:\/\/www.critical-stages.org\/11\/the-dead-and-the-actor\/bartis\/\" data-orig-file=\"https:\/\/www.critical-stages.org\/11\/wp-content\/uploads\/sites\/13\/2016\/04\/BARTIS.jpg\" data-orig-size=\"700,643\" data-comments-opened=\"1\" data-image-meta=\"{&quot;aperture&quot;:&quot;7.1&quot;,&quot;credit&quot;:&quot;Nora Lezano&quot;,&quot;camera&quot;:&quot;Canon EOS 5D Mark II&quot;,&quot;caption&quot;:&quot;&quot;,&quot;created_timestamp&quot;:&quot;1395239118&quot;,&quot;copyright&quot;:&quot;&quot;,&quot;focal_length&quot;:&quot;50&quot;,&quot;iso&quot;:&quot;100&quot;,&quot;shutter_speed&quot;:&quot;0.008&quot;,&quot;title&quot;:&quot;&quot;,&quot;orientation&quot;:&quot;1&quot;}\" data-image-title=\"BARTIS\" data-image-description=\"\" data-image-caption=\"&lt;p&gt;Ricardo Bartis&lt;\/p&gt;\n\" data-large-file=\"https:\/\/www.critical-stages.org\/11\/wp-content\/uploads\/sites\/13\/2016\/04\/BARTIS.jpg\" \/><\/a>\n<h4 class=\"pt-cv-title\"><a href=\"https:\/\/www.critical-stages.org\/11\/the-dead-and-the-actor\/\" class=\"_self\" target=\"_self\" >The Dead and the Actor<\/a><\/h4><\/div><\/div>\n<div class=\"col-md-6 col-sm-6 col-xs-12 pt-cv-content-item pt-cv-1-col\" ><div class='pt-cv-ifield'><a href=\"https:\/\/www.critical-stages.org\/11\/moving-between-worlds\/\" class=\"_self pt-cv-href-thumbnail pt-cv-thumb-default\" target=\"_self\" ><img loading=\"lazy\" decoding=\"async\" width=\"150\" height=\"150\" src=\"https:\/\/www.critical-stages.org\/11\/wp-content\/uploads\/sites\/13\/2016\/04\/CALLE-1-150x150.jpg\" class=\"pt-cv-thumbnail\" alt=\"\" srcset=\"https:\/\/www.critical-stages.org\/11\/wp-content\/uploads\/sites\/13\/2016\/04\/CALLE-1-150x150.jpg 150w, https:\/\/www.critical-stages.org\/11\/wp-content\/uploads\/sites\/13\/2016\/04\/CALLE-1-270x270.jpg 270w, https:\/\/www.critical-stages.org\/11\/wp-content\/uploads\/sites\/13\/2016\/04\/CALLE-1-230x230.jpg 230w\" sizes=\"auto, (max-width: 150px) 100vw, 150px\" data-attachment-id=\"171\" data-permalink=\"https:\/\/www.critical-stages.org\/11\/moving-between-worlds\/calle-1\/\" data-orig-file=\"https:\/\/www.critical-stages.org\/11\/wp-content\/uploads\/sites\/13\/2016\/04\/CALLE-1.jpg\" data-orig-size=\"700,1050\" data-comments-opened=\"1\" data-image-meta=\"{&quot;aperture&quot;:&quot;0&quot;,&quot;credit&quot;:&quot;&quot;,&quot;camera&quot;:&quot;&quot;,&quot;caption&quot;:&quot;&quot;,&quot;created_timestamp&quot;:&quot;0&quot;,&quot;copyright&quot;:&quot;&quot;,&quot;focal_length&quot;:&quot;0&quot;,&quot;iso&quot;:&quot;0&quot;,&quot;shutter_speed&quot;:&quot;0&quot;,&quot;title&quot;:&quot;&quot;,&quot;orientation&quot;:&quot;0&quot;}\" data-image-title=\"CALLE 1\" data-image-description=\"\" data-image-caption=\"&lt;p&gt;M\u00f3nica Calle in A Boa Alma (The Good Soul of Szechuan), directed by M\u00f3nica Calle \u00a9 Bruno Sim\u00e3o&lt;\/p&gt;\n\" data-large-file=\"https:\/\/www.critical-stages.org\/11\/wp-content\/uploads\/sites\/13\/2016\/04\/CALLE-1-683x1024.jpg\" \/><\/a>\n<h4 class=\"pt-cv-title\"><a href=\"https:\/\/www.critical-stages.org\/11\/moving-between-worlds\/\" class=\"_self\" target=\"_self\" >Moving between Worlds<\/a><\/h4><\/div><\/div>\n<div class=\"col-md-6 col-sm-6 col-xs-12 pt-cv-content-item pt-cv-1-col\" ><div class='pt-cv-ifield'><a href=\"https:\/\/www.critical-stages.org\/11\/un-theatre-documente-pour-repenser-le-reel\/\" class=\"_self pt-cv-href-thumbnail pt-cv-thumb-default\" target=\"_self\" ><img loading=\"lazy\" decoding=\"async\" width=\"150\" height=\"150\" src=\"https:\/\/www.critical-stages.org\/11\/wp-content\/uploads\/sites\/13\/2016\/04\/BLOCH-150x150.jpg\" class=\"pt-cv-thumbnail\" alt=\"\" srcset=\"https:\/\/www.critical-stages.org\/11\/wp-content\/uploads\/sites\/13\/2016\/04\/BLOCH-150x150.jpg 150w, https:\/\/www.critical-stages.org\/11\/wp-content\/uploads\/sites\/13\/2016\/04\/BLOCH-270x270.jpg 270w, https:\/\/www.critical-stages.org\/11\/wp-content\/uploads\/sites\/13\/2016\/04\/BLOCH-230x230.jpg 230w, https:\/\/www.critical-stages.org\/11\/wp-content\/uploads\/sites\/13\/2016\/04\/BLOCH.jpg 298w\" sizes=\"auto, (max-width: 150px) 100vw, 150px\" data-attachment-id=\"176\" data-permalink=\"https:\/\/www.critical-stages.org\/11\/un-theatre-documente-pour-repenser-le-reel\/bloch\/\" data-orig-file=\"https:\/\/www.critical-stages.org\/11\/wp-content\/uploads\/sites\/13\/2016\/04\/BLOCH.jpg\" data-orig-size=\"298,298\" data-comments-opened=\"1\" data-image-meta=\"{&quot;aperture&quot;:&quot;0&quot;,&quot;credit&quot;:&quot;&quot;,&quot;camera&quot;:&quot;&quot;,&quot;caption&quot;:&quot;&quot;,&quot;created_timestamp&quot;:&quot;0&quot;,&quot;copyright&quot;:&quot;&quot;,&quot;focal_length&quot;:&quot;0&quot;,&quot;iso&quot;:&quot;0&quot;,&quot;shutter_speed&quot;:&quot;0&quot;,&quot;title&quot;:&quot;&quot;,&quot;orientation&quot;:&quot;1&quot;}\" data-image-title=\"BLOCH\" data-image-description=\"\" data-image-caption=\"&lt;p&gt;Fran\u00e7oise Bloch&lt;\/p&gt;\n\" data-large-file=\"https:\/\/www.critical-stages.org\/11\/wp-content\/uploads\/sites\/13\/2016\/04\/BLOCH.jpg\" \/><\/a>\n<h4 class=\"pt-cv-title\"><a href=\"https:\/\/www.critical-stages.org\/11\/un-theatre-documente-pour-repenser-le-reel\/\" class=\"_self\" target=\"_self\" >Un th\u00e9\u00e2tre document\u00e9 pour repenser le r\u00e9el<\/a><\/h4><\/div><\/div>\n<div class=\"col-md-6 col-sm-6 col-xs-12 pt-cv-content-item pt-cv-1-col\" ><div class='pt-cv-ifield'><a href=\"https:\/\/www.critical-stages.org\/11\/combining-playfulness-and-artistry-into-the-essence-of-theatre\/\" class=\"_self pt-cv-href-thumbnail pt-cv-thumb-default\" target=\"_self\" ><img loading=\"lazy\" decoding=\"async\" width=\"150\" height=\"150\" src=\"https:\/\/www.critical-stages.org\/11\/wp-content\/uploads\/sites\/13\/2016\/04\/1.-Sun-Woong-Koh-150x150.jpg\" class=\"pt-cv-thumbnail\" alt=\"\" srcset=\"https:\/\/www.critical-stages.org\/11\/wp-content\/uploads\/sites\/13\/2016\/04\/1.-Sun-Woong-Koh-150x150.jpg 150w, https:\/\/www.critical-stages.org\/11\/wp-content\/uploads\/sites\/13\/2016\/04\/1.-Sun-Woong-Koh-270x270.jpg 270w, https:\/\/www.critical-stages.org\/11\/wp-content\/uploads\/sites\/13\/2016\/04\/1.-Sun-Woong-Koh-230x230.jpg 230w\" sizes=\"auto, (max-width: 150px) 100vw, 150px\" data-attachment-id=\"181\" data-permalink=\"https:\/\/www.critical-stages.org\/11\/combining-playfulness-and-artistry-into-the-essence-of-theatre\/1-sun-woong-koh\/\" data-orig-file=\"https:\/\/www.critical-stages.org\/11\/wp-content\/uploads\/sites\/13\/2016\/04\/1.-Sun-Woong-Koh.jpg\" data-orig-size=\"1400,920\" data-comments-opened=\"1\" data-image-meta=\"{&quot;aperture&quot;:&quot;2.8&quot;,&quot;credit&quot;:&quot;&quot;,&quot;camera&quot;:&quot;Canon EOS 5D&quot;,&quot;caption&quot;:&quot;&quot;,&quot;created_timestamp&quot;:&quot;1266516178&quot;,&quot;copyright&quot;:&quot;&quot;,&quot;focal_length&quot;:&quot;78&quot;,&quot;iso&quot;:&quot;640&quot;,&quot;shutter_speed&quot;:&quot;0.01&quot;,&quot;title&quot;:&quot;&quot;,&quot;orientation&quot;:&quot;1&quot;}\" data-image-title=\"1. Sun-Woong Koh\" data-image-description=\"\" data-image-caption=\"&lt;p&gt;Director\/Playwright Sun-woong Koh \u00a9Theatrefactory Mabangzen&lt;\/p&gt;\n\" data-large-file=\"https:\/\/www.critical-stages.org\/11\/wp-content\/uploads\/sites\/13\/2016\/04\/1.-Sun-Woong-Koh-1024x673.jpg\" \/><\/a>\n<h4 class=\"pt-cv-title\"><a href=\"https:\/\/www.critical-stages.org\/11\/combining-playfulness-and-artistry-into-the-essence-of-theatre\/\" class=\"_self\" target=\"_self\" >Combining Playfulness and Artistry into the Essence of Theatre<\/a><\/h4><\/div><\/div>\n<div class=\"col-md-6 col-sm-6 col-xs-12 pt-cv-content-item pt-cv-1-col\" ><div class='pt-cv-ifield'><a href=\"https:\/\/www.critical-stages.org\/11\/it-is-very-important-to-connect-ourselves-to-a-network-of-universal-values-without-sacrificing-our-identity\/\" class=\"_self pt-cv-href-thumbnail pt-cv-thumb-default\" target=\"_self\" ><img loading=\"lazy\" decoding=\"async\" width=\"150\" height=\"150\" src=\"https:\/\/www.critical-stages.org\/11\/wp-content\/uploads\/sites\/13\/2016\/04\/GABOR-1-150x150.jpg\" class=\"pt-cv-thumbnail\" alt=\"\" srcset=\"https:\/\/www.critical-stages.org\/11\/wp-content\/uploads\/sites\/13\/2016\/04\/GABOR-1-150x150.jpg 150w, https:\/\/www.critical-stages.org\/11\/wp-content\/uploads\/sites\/13\/2016\/04\/GABOR-1-270x270.jpg 270w, https:\/\/www.critical-stages.org\/11\/wp-content\/uploads\/sites\/13\/2016\/04\/GABOR-1-230x230.jpg 230w\" sizes=\"auto, (max-width: 150px) 100vw, 150px\" data-attachment-id=\"189\" data-permalink=\"https:\/\/www.critical-stages.org\/11\/it-is-very-important-to-connect-ourselves-to-a-network-of-universal-values-without-sacrificing-our-identity\/gabor-1\/\" data-orig-file=\"https:\/\/www.critical-stages.org\/11\/wp-content\/uploads\/sites\/13\/2016\/04\/GABOR-1.jpg\" data-orig-size=\"1400,931\" data-comments-opened=\"1\" data-image-meta=\"{&quot;aperture&quot;:&quot;0&quot;,&quot;credit&quot;:&quot;&quot;,&quot;camera&quot;:&quot;&quot;,&quot;caption&quot;:&quot;&quot;,&quot;created_timestamp&quot;:&quot;0&quot;,&quot;copyright&quot;:&quot;&quot;,&quot;focal_length&quot;:&quot;0&quot;,&quot;iso&quot;:&quot;0&quot;,&quot;shutter_speed&quot;:&quot;0&quot;,&quot;title&quot;:&quot;&quot;,&quot;orientation&quot;:&quot;0&quot;}\" data-image-title=\"GABOR 1\" data-image-description=\"\" data-image-caption=\"&lt;p&gt;Tompa G\u00e1bor \u00a9 Bir\u00f3 Istv\u00e1n&lt;\/p&gt;\n\" data-large-file=\"https:\/\/www.critical-stages.org\/11\/wp-content\/uploads\/sites\/13\/2016\/04\/GABOR-1-1024x681.jpg\" \/><\/a>\n<h4 class=\"pt-cv-title\"><a href=\"https:\/\/www.critical-stages.org\/11\/it-is-very-important-to-connect-ourselves-to-a-network-of-universal-values-without-sacrificing-our-identity\/\" class=\"_self\" target=\"_self\" >\u201cIt is very important to connect ourselves to a network of universal values without sacrificing our identity.\u201d<\/a><\/h4><\/div><\/div>\n<div class=\"col-md-6 col-sm-6 col-xs-12 pt-cv-content-item pt-cv-1-col\" ><div class='pt-cv-ifield'><a href=\"https:\/\/www.critical-stages.org\/11\/passion-and-relentless-curiosity\/\" class=\"_self pt-cv-href-thumbnail pt-cv-thumb-default\" target=\"_self\" ><img loading=\"lazy\" decoding=\"async\" width=\"150\" height=\"150\" src=\"https:\/\/www.critical-stages.org\/11\/wp-content\/uploads\/sites\/13\/2016\/04\/WHITE-150x150.jpg\" class=\"pt-cv-thumbnail\" alt=\"\" srcset=\"https:\/\/www.critical-stages.org\/11\/wp-content\/uploads\/sites\/13\/2016\/04\/WHITE-150x150.jpg 150w, https:\/\/www.critical-stages.org\/11\/wp-content\/uploads\/sites\/13\/2016\/04\/WHITE-230x230.jpg 230w\" sizes=\"auto, (max-width: 150px) 100vw, 150px\" data-attachment-id=\"199\" data-permalink=\"https:\/\/www.critical-stages.org\/11\/passion-and-relentless-curiosity\/white\/\" data-orig-file=\"https:\/\/www.critical-stages.org\/11\/wp-content\/uploads\/sites\/13\/2016\/04\/WHITE.jpg\" data-orig-size=\"250,306\" data-comments-opened=\"1\" data-image-meta=\"{&quot;aperture&quot;:&quot;0&quot;,&quot;credit&quot;:&quot;&quot;,&quot;camera&quot;:&quot;&quot;,&quot;caption&quot;:&quot;&quot;,&quot;created_timestamp&quot;:&quot;0&quot;,&quot;copyright&quot;:&quot;&quot;,&quot;focal_length&quot;:&quot;0&quot;,&quot;iso&quot;:&quot;0&quot;,&quot;shutter_speed&quot;:&quot;0&quot;,&quot;title&quot;:&quot;&quot;,&quot;orientation&quot;:&quot;0&quot;}\" data-image-title=\"WHITE\" data-image-description=\"\" data-image-caption=\"&lt;p&gt;Willie White&lt;\/p&gt;\n\" data-large-file=\"https:\/\/www.critical-stages.org\/11\/wp-content\/uploads\/sites\/13\/2016\/04\/WHITE.jpg\" \/><\/a>\n<h4 class=\"pt-cv-title\"><a href=\"https:\/\/www.critical-stages.org\/11\/passion-and-relentless-curiosity\/\" class=\"_self\" target=\"_self\" >Passion and Relentless Curiosity<\/a><\/h4><\/div><\/div>\n<div class=\"col-md-6 col-sm-6 col-xs-12 pt-cv-content-item pt-cv-1-col\" ><div class='pt-cv-ifield'><a href=\"https:\/\/www.critical-stages.org\/11\/the-shaw-festival-and-the-new-canadian-canon\/\" class=\"_self pt-cv-href-thumbnail pt-cv-thumb-default\" target=\"_self\" ><img loading=\"lazy\" decoding=\"async\" width=\"150\" height=\"150\" src=\"https:\/\/www.critical-stages.org\/11\/wp-content\/uploads\/sites\/13\/2016\/04\/MAXWELL1-150x150.jpg\" class=\"pt-cv-thumbnail\" alt=\"\" srcset=\"https:\/\/www.critical-stages.org\/11\/wp-content\/uploads\/sites\/13\/2016\/04\/MAXWELL1-150x150.jpg 150w, https:\/\/www.critical-stages.org\/11\/wp-content\/uploads\/sites\/13\/2016\/04\/MAXWELL1-270x270.jpg 270w, https:\/\/www.critical-stages.org\/11\/wp-content\/uploads\/sites\/13\/2016\/04\/MAXWELL1-230x230.jpg 230w\" sizes=\"auto, (max-width: 150px) 100vw, 150px\" data-attachment-id=\"202\" data-permalink=\"https:\/\/www.critical-stages.org\/11\/the-shaw-festival-and-the-new-canadian-canon\/maxwell1\/\" data-orig-file=\"https:\/\/www.critical-stages.org\/11\/wp-content\/uploads\/sites\/13\/2016\/04\/MAXWELL1.jpg\" data-orig-size=\"1400,932\" data-comments-opened=\"1\" data-image-meta=\"{&quot;aperture&quot;:&quot;8&quot;,&quot;credit&quot;:&quot;&quot;,&quot;camera&quot;:&quot;NIKON D4&quot;,&quot;caption&quot;:&quot;&quot;,&quot;created_timestamp&quot;:&quot;1426328228&quot;,&quot;copyright&quot;:&quot;&quot;,&quot;focal_length&quot;:&quot;102&quot;,&quot;iso&quot;:&quot;100&quot;,&quot;shutter_speed&quot;:&quot;0.008&quot;,&quot;title&quot;:&quot;&quot;,&quot;orientation&quot;:&quot;1&quot;}\" data-image-title=\"MAXWELL1\" data-image-description=\"\" data-image-caption=\"&lt;p&gt;Jackie Maxwell \u00a9 David Cooper&lt;\/p&gt;\n\" data-large-file=\"https:\/\/www.critical-stages.org\/11\/wp-content\/uploads\/sites\/13\/2016\/04\/MAXWELL1-1024x682.jpg\" \/><\/a>\n<h4 class=\"pt-cv-title\"><a href=\"https:\/\/www.critical-stages.org\/11\/the-shaw-festival-and-the-new-canadian-canon\/\" class=\"_self\" target=\"_self\" >The Shaw Festival and the New Canadian Canon<\/a><\/h4><\/div><\/div><\/div><\/div><\/div>\n","protected":false},"excerpt":{"rendered":"<p>Entretiens Section Editor: Herv\u00e9 Guay (Quebec, Canada) [1] The common thread of the Interviews section for this issue is the practice of directing. We will look at \u201cdirecting\u201d in two ways: directing a play or directing a festival. These two<\/p>\n","protected":false},"author":1,"featured_media":0,"parent":0,"menu_order":0,"comment_status":"closed","ping_status":"closed","template":"","meta":{"jetpack_post_was_ever_published":false,"footnotes":""},"class_list":["post-35","page","type-page","status-publish","hentry","","tg-column-two"],"jetpack_sharing_enabled":true,"jetpack_shortlink":"https:\/\/wp.me\/P7rA5b-z","_links":{"self":[{"href":"https:\/\/www.critical-stages.org\/11\/wp-json\/wp\/v2\/pages\/35","targetHints":{"allow":["GET"]}}],"collection":[{"href":"https:\/\/www.critical-stages.org\/11\/wp-json\/wp\/v2\/pages"}],"about":[{"href":"https:\/\/www.critical-stages.org\/11\/wp-json\/wp\/v2\/types\/page"}],"author":[{"embeddable":true,"href":"https:\/\/www.critical-stages.org\/11\/wp-json\/wp\/v2\/users\/1"}],"replies":[{"embeddable":true,"href":"https:\/\/www.critical-stages.org\/11\/wp-json\/wp\/v2\/comments?post=35"}],"version-history":[{"count":0,"href":"https:\/\/www.critical-stages.org\/11\/wp-json\/wp\/v2\/pages\/35\/revisions"}],"wp:attachment":[{"href":"https:\/\/www.critical-stages.org\/11\/wp-json\/wp\/v2\/media?parent=35"}],"curies":[{"name":"wp","href":"https:\/\/api.w.org\/{rel}","templated":true}]}}