{"id":31,"date":"2016-04-13T14:17:58","date_gmt":"2016-04-13T14:17:58","guid":{"rendered":"https:\/\/www.critical-stages.org\/11\/?page_id=31"},"modified":"2021-02-20T10:09:27","modified_gmt":"2021-02-20T10:09:27","slug":"contents","status":"publish","type":"page","link":"https:\/\/www.critical-stages.org\/11\/","title":{"rendered":"Contents"},"content":{"rendered":"<h1>Table of Contents<\/h1>\n<p><a href=\"https:\/\/www.critical-stages.org\/11\/editorial\/\">Editorial<\/a> \/ <a href=\"https:\/\/www.critical-stages.org\/11\/editorial-2\/\">\u00c9ditorial<br \/>\n<\/a>Savas Patsalidis (editor-in-chief)<\/p>\n<p><a href=\"https:\/\/www.critical-stages.org\/11\/commentary\/\">Commentary<\/a> \/ <a href=\"https:\/\/www.critical-stages.org\/11\/commentaire\/\">Commentaire<br \/>\n<\/a>Margareta S\u00f6renson (President of IATC)<\/p>\n<hr \/>\n<h5><span style=\"color: #ff9933;\"><a style=\"color: #ff9933;\" href=\"https:\/\/www.critical-stages.org\/11\/interviews-practitioners-and-directors\/\">Interviews: Practitioners and Directors<\/a><\/span><\/h5>\n<p>Section Editor: <b>Herv\u00e9 Guay (Quebec)<\/b><\/p>\n<p><a class=\"_self\" href=\"https:\/\/www.critical-stages.org\/11\/the-dead-and-the-actor\/\" target=\"_self\" rel=\"noopener noreferrer\">The Dead and the Actor<br \/>\n<\/a>Interview with Ricardo Bartis by Halima Tahan Ferreyra<\/p>\n<p><a class=\"_self\" href=\"https:\/\/www.critical-stages.org\/11\/moving-between-worlds\/\" target=\"_self\" rel=\"noopener noreferrer\">Moving between Worlds<br \/>\n<\/a>Interview with M\u00f3nica Calle by Ana Pais<\/p>\n<p><a class=\"_self\" href=\"https:\/\/www.critical-stages.org\/11\/un-theatre-documente-pour-repenser-le-reel\/\" target=\"_self\" rel=\"noopener noreferrer\">Un th\u00e9\u00e2tre document\u00e9 pour repenser le r\u00e9el<br \/>\n<\/a>Entretien avec Fran\u00e7oise Bloch Propos recueillis par Karolina Svobodova<\/p>\n<p><a class=\"_self\" href=\"https:\/\/www.critical-stages.org\/11\/combining-playfulness-and-artistry-into-the-essence-of-theatre\/\" target=\"_self\" rel=\"noopener noreferrer\">Combining Playfulness and Artistry into the Essence of Theatre<\/a><br \/>\nInterview with Sun-woong Koh by Soon-ja Hur<\/p>\n<p><a class=\"_self\" href=\"https:\/\/www.critical-stages.org\/11\/it-is-very-important-to-connect-ourselves-to-a-network-of-universal-values-without-sacrificing-our-identity\/\" target=\"_self\" rel=\"noopener noreferrer\">\u201cIt is very important to connect ourselves to a network of universal values without sacrificing our identity.\u201d<br \/>\n<\/a>Interview with Tompa G\u00e1bor by Ludmila Patlanjoglu<\/p>\n<p><a class=\"_self\" href=\"https:\/\/www.critical-stages.org\/11\/passion-and-relentless-curiosity\/\">Passion and Relentless Curiosity<br \/>\n<\/a>Interview with Willie White, Artistic Director of Dublin Theatre Festival by Ciara O\u2019Dow<\/p>\n<p><a class=\"_self\" href=\"https:\/\/www.critical-stages.org\/11\/the-shaw-festival-and-the-new-canadian-canon\/\" target=\"_self\" rel=\"noopener noreferrer\">The Shaw Festival and the New Canadian Canon<br \/>\n<\/a>Interview with Jackie Maxwell by Karen Fricker<\/p>\n<hr \/>\n<h5><span style=\"color: #ff9933;\"><a style=\"color: #ff9933;\" href=\"https:\/\/www.critical-stages.org\/11\/special-topics-the-new-generation-of-playwrights\/\">Special Topic: The New Generation of Playwrights<\/a><\/span><\/h5>\n<p>Section Editor: <strong>Manabu Noda (Japan)<\/strong><\/p>\n<p><a class=\"_self\" href=\"https:\/\/www.critical-stages.org\/11\/argentina-introduction-dramas-from-the-confines-of-the-world\/\" target=\"_self\" rel=\"noopener noreferrer\">Argentina \u2013 Introduction: Dramas from the Confines of the World<\/a><br \/>\nHalima Tahan Ferreyra<\/p>\n<p><a class=\"_self\" href=\"https:\/\/www.critical-stages.org\/11\/maharashtra-india-new-generation-of-playwrights-in-the-marathi-theatre\/\" target=\"_self\" rel=\"noopener noreferrer\">Maharashtra, India \u2013 New Generation of Playwrights in the Marathi Theatre<\/a><br \/>\nMadhav Vaze<\/p>\n<p><a class=\"_self\" href=\"https:\/\/www.critical-stages.org\/11\/nigeria-from-page-to-stage-influences-and-challenges-shaping-the-new-generation-of-nigerian-playwrights\/\" target=\"_self\" rel=\"noopener noreferrer\">Nigeria \u2013 From Page to Stage: Influences and Challenges Shaping the New Generation of Nigerian Playwrights*<\/a><br \/>\nEmmanuel S. Dandaura<\/p>\n<p><a class=\"_self\" href=\"https:\/\/www.critical-stages.org\/11\/france-une-nouvelle-generation-dauteurs-de-theatre-en-france\/\">France &#8211; Une nouvelle g\u00e9n\u00e9ration d\u2019auteurs de th\u00e9\u00e2tre en France<\/a><br \/>\nJean-Pierre Han<\/p>\n<p><a class=\"_self\" href=\"https:\/\/www.critical-stages.org\/11\/espagne-nouvelles-dramaturgies-espagnoles\/\">Espagne &#8211; Nouvelles dramaturgies espagnoles: Les sc\u00e8nes d\u2019un monde \u00e9clat\u00e9<\/a><br \/>\nIr\u00e8ne Sadowska-Guillon<\/p>\n<p><a class=\"_self\" href=\"https:\/\/www.critical-stages.org\/11\/le-quebec-canada-sadresser-au-spectateur-actuel-trois-auteurs-quebecois-dans-la-trentaine\/\">Le Qu\u00e9bec, Canada \u2013 S\u2019adresser au spectateur actuel: Trois auteurs qu\u00e9b\u00e9cois dans la trentaine<\/a><br \/>\nSara Thibault<\/p>\n<p><a class=\"_self\" href=\"https:\/\/www.critical-stages.org\/11\/la-caraibe-francophone-creolophone-nouvelle-generation-trois-dramaturges-de-la-caraibe-francophone-creolophone\/\">La Cara\u00efbe francophone \/ cr\u00e9olophone \u2013 Nouvelle g\u00e9n\u00e9ration: Trois dramaturges de la Cara\u00efbe francophone \/ cr\u00e9olophone<\/a><br \/>\nAlvina Ruprecht<\/p>\n<hr \/>\n<h5><span style=\"color: #ff9933;\"><a style=\"color: #ff9933;\" href=\"https:\/\/www.critical-stages.org\/11\/essays-contemporary-reflections-on-morality-and-death\/\">Essays: Contemporary Reflections on Morality and Death<\/a><\/span><\/h5>\n<p>Section Editor: <strong>Ivan Medenica (Serbia)<\/strong><\/p>\n<p><a class=\"_self\" href=\"https:\/\/www.critical-stages.org\/11\/lars-noren-and-the-contemporary-me\/\">Lars Nor\u00e9n and the Contemporary Me<\/a><br \/>\nMargareta S\u00f6renson<\/p>\n<p><a class=\"_self\" href=\"https:\/\/www.critical-stages.org\/11\/from-heiner-mullers-death-in-berlin-to-christoph-schlingensiefs-death-in-venice-metaphors-and-spectacles-of-illness-on-the-occasion-of-a-nobel-prize\/\">From Heiner M\u00fcller\u2019s Death in Berlin to Christoph Schlingensief\u2019s \u201cDeath\u201d in Venice: Metaphors and Spectacles of Illness on the Occasion of a Nobel Prize<\/a><br \/>\nVinia Dakari<\/p>\n<hr \/>\n<h5><span style=\"color: #ff9933;\"><a style=\"color: #ff9933;\" href=\"https:\/\/www.critical-stages.org\/11\/conference-papers-the-present-day-problematics-and-challenges-of-theatre-criticismreviewing\/\">Conference Papers: The Present Day Problematics and Challenges of Theatre Criticism\/Reviewing<\/a><\/span><\/h5>\n<p>Section Guest Editor: <b>Deepa Punjani (India)<\/b><\/p>\n<p><a class=\"_self\" href=\"https:\/\/www.critical-stages.org\/11\/the-changing-scenario-transitions-in-21st-century-theatre-in-kerala\/\" target=\"_self\" rel=\"noopener noreferrer\">The Changing Scenario: Transitions in 21st Century Theatre in Kerala<br \/>\n<\/a>Renu Ramanath<\/p>\n<p><a class=\"_self\" href=\"https:\/\/www.critical-stages.org\/11\/la-critique-professionnelle-a-lheure-dinternet\/\" target=\"_self\" rel=\"noopener noreferrer\">La critique professionnelle \u00e0 l\u2019heure d\u2019Internet<br \/>\n<\/a>Jean-Pierre Han<\/p>\n<p><a class=\"_self\" href=\"https:\/\/www.critical-stages.org\/11\/three-times-transition\/\" target=\"_self\" rel=\"noopener noreferrer\">Three Times Transition<br \/>\n<\/a>Margareta S\u00f6renson<\/p>\n<p><a class=\"_self\" href=\"https:\/\/www.critical-stages.org\/11\/une-critique-en-cascade\/\" target=\"_self\" rel=\"noopener noreferrer\">Une critique en cascade<br \/>\n<\/a>St\u00e9phane Gilbart<\/p>\n<p><a class=\"_self\" href=\"https:\/\/www.critical-stages.org\/11\/who-speaks-for-theatre-in-the-digital-age-we-should\/\" target=\"_self\" rel=\"noopener noreferrer\">Who Speaks for Theatre in the Digital Age? (We Should!)<br \/>\n<\/a>Brad Hathaway<\/p>\n<hr \/>\n<h5><span style=\"color: #ff9933;\"><a style=\"color: #ff9933;\" href=\"https:\/\/www.critical-stages.org\/11\/performance-reviews-around-the-world-in-eight-reviews\/\">Performance Reviews: Around the World in Eight Reviews<\/a><\/span><\/h5>\n<p>Section Editor: <b>Matti Linnavuori (Finland)<\/b><\/p>\n<p><a class=\"_self\" href=\"https:\/\/www.critical-stages.org\/11\/hovering-between-tradition-and-experiment\/\" target=\"_self\" rel=\"noopener noreferrer\">Hovering between Tradition and Experiment<br \/>\n<\/a>Grigorios Ioannidis<\/p>\n<p><a class=\"_self\" href=\"https:\/\/www.critical-stages.org\/11\/cern-kicks-bertolt-brecht-to-life\/\" target=\"_self\" rel=\"noopener noreferrer\">CERN Kicks Bertolt Brecht to Life<\/a><br \/>\nLamice El-Amari<\/p>\n<p><a class=\"_self\" href=\"https:\/\/www.critical-stages.org\/11\/jaram-lee-updates-brecht-in-cluj\/\" target=\"_self\" rel=\"noopener noreferrer\">Jaram Lee Updates Brecht in Cluj<br \/>\n<\/a>Matti Linnavuori<\/p>\n<p><a class=\"_self\" href=\"https:\/\/www.critical-stages.org\/11\/why-go-to-adelaide\/\" target=\"_self\" rel=\"noopener noreferrer\">Why Go to Adelaide<br \/>\n<\/a>Malcolm Page<\/p>\n<p><a class=\"_self\" href=\"https:\/\/www.critical-stages.org\/11\/beijings-bright-cherry-orchard\/\" target=\"_self\" rel=\"noopener noreferrer\">Beijing\u2019s Bright Cherry Orchard<br \/>\n<\/a>Lissa Tyler Renaud<\/p>\n<p><a class=\"_self\" href=\"https:\/\/www.critical-stages.org\/11\/ecritures-theatrales-en-martinique\/\" target=\"_self\" rel=\"noopener noreferrer\">\u00c9critures th\u00e9\u00e2trales en Martinique<br \/>\n<\/a>Selim Lander<\/p>\n<p><a class=\"_self\" href=\"https:\/\/www.critical-stages.org\/11\/quand-les-justes-de-camus-renvoient-au-terrorisme-de-leta\/\" target=\"_self\" rel=\"noopener noreferrer\">Quand Les Justes de Camus renvoient au terrorisme de l\u2019ETA<br \/>\n<\/a>Ir\u00e8ne Sadowska-Guillon<\/p>\n<p><a class=\"_self\" href=\"https:\/\/www.critical-stages.org\/11\/shakespeare-for-all\/\" target=\"_self\" rel=\"noopener noreferrer\">Shakespeare for All<br \/>\n<\/a>Maria Z\u0103rnescu<\/p>\n<hr \/>\n<h5><span style=\"color: #ff9933;\"><a style=\"color: #ff9933;\" href=\"https:\/\/www.critical-stages.org\/11\/book-reviews\/\">Book Reviews<\/a><\/span><\/h5>\n<p>Section Editor: <b>Don Rubin (Canada)<\/b><\/p>\n<p><a class=\"_self\" href=\"https:\/\/www.critical-stages.org\/11\/howard-barkers-art-of-theatre-essays-on-his-plays-poetry-and-production-work\/\" target=\"_self\" rel=\"noopener noreferrer\">Howard Barker\u2019s Art of Theatre: Essays on his plays, poetry and production work<br \/>\n<\/a>Edited by David Ian Rabey and Sarah Goldingay 272 pp. Manchester: Manchester University Press Reviewed by Dominic Cavendish<\/p>\n<p><a class=\"_self\" href=\"https:\/\/www.critical-stages.org\/11\/dramatic-and-post-dramatic-theatre-ten-years-after\/\" target=\"_self\" rel=\"noopener noreferrer\">Dramatic and Post-dramatic Theatre: Ten Years After<br \/>\n<\/a>Ivan Medenica, editor 150 pp. Belgrade: Institute of Theatre, Film, Radio and Television Faculty of Dramatic Arts Reviewed by Katerina Delikonstantinidou<\/p>\n<p><a class=\"_self\" href=\"https:\/\/www.critical-stages.org\/11\/the-kwagh-hir-theater-a-weapon-for-social-action\/\" target=\"_self\" rel=\"noopener noreferrer\">The Kwagh-Hir Theater: A Weapon for Social Action<br \/>\n<\/a>By Iyorwuese Hagher 256 pp. Lanham, Maryland: University Press of America Reviewed by Don Rubin<\/p>\n<p><a class=\"_self\" href=\"https:\/\/www.critical-stages.org\/11\/tennessee-williams-mad-pilgrimage-of-the-flesh\/\" target=\"_self\" rel=\"noopener noreferrer\">Tennessee Williams: Mad Pilgrimage of the Flesh<br \/>\n<\/a>A Biography by John Lahr 765 pp. New York: Norton and Company Reviewed by Patricia Keeney<\/p>\n<p><a class=\"_self\" href=\"https:\/\/www.critical-stages.org\/11\/performed-imaginaries\/\" target=\"_self\" rel=\"noopener noreferrer\">Performed Imaginaries<br \/>\n<\/a>By Richard Schechner 196 pp. London and New York: Routledge Reviewed by Don Rubin<\/p>\n<hr \/>\n<h5><span style=\"color: #ff9933;\"><a style=\"color: #ff9933;\" href=\"https:\/\/www.critical-stages.org\/11\/theatre-criticism-and-digital-poetics-a-case-study\/\">Critics on Criticism<\/a><\/span><\/h5>\n<p><a class=\"_self\" href=\"https:\/\/www.critical-stages.org\/11\/theatre-criticism-and-digital-poetics-a-case-study\/\">Theatre Criticism and Digital Poetics (A Case Study)<br \/>\n<\/a>Diana Damian Martin<\/p>\n","protected":false},"excerpt":{"rendered":"<p>Table of Contents Editorial \/ \u00c9ditorial Savas Patsalidis (editor-in-chief) Commentary \/ Commentaire Margareta S\u00f6renson (President of IATC) Interviews: Practitioners and Directors Section Editor: Herv\u00e9 Guay (Quebec) The Dead and the Actor Interview with Ricardo Bartis by Halima Tahan Ferreyra Moving<\/p>\n","protected":false},"author":1,"featured_media":0,"parent":0,"menu_order":0,"comment_status":"closed","ping_status":"closed","template":"","meta":{"jetpack_post_was_ever_published":false,"footnotes":""},"class_list":["post-31","page","type-page","status-publish","hentry","","tg-column-two"],"jetpack_sharing_enabled":true,"jetpack_shortlink":"https:\/\/wp.me\/P7rA5b-v","_links":{"self":[{"href":"https:\/\/www.critical-stages.org\/11\/wp-json\/wp\/v2\/pages\/31","targetHints":{"allow":["GET"]}}],"collection":[{"href":"https:\/\/www.critical-stages.org\/11\/wp-json\/wp\/v2\/pages"}],"about":[{"href":"https:\/\/www.critical-stages.org\/11\/wp-json\/wp\/v2\/types\/page"}],"author":[{"embeddable":true,"href":"https:\/\/www.critical-stages.org\/11\/wp-json\/wp\/v2\/users\/1"}],"replies":[{"embeddable":true,"href":"https:\/\/www.critical-stages.org\/11\/wp-json\/wp\/v2\/comments?post=31"}],"version-history":[{"count":3,"href":"https:\/\/www.critical-stages.org\/11\/wp-json\/wp\/v2\/pages\/31\/revisions"}],"predecessor-version":[{"id":835,"href":"https:\/\/www.critical-stages.org\/11\/wp-json\/wp\/v2\/pages\/31\/revisions\/835"}],"wp:attachment":[{"href":"https:\/\/www.critical-stages.org\/11\/wp-json\/wp\/v2\/media?parent=31"}],"curies":[{"name":"wp","href":"https:\/\/api.w.org\/{rel}","templated":true}]}}