{"id":84,"date":"2016-04-06T14:23:10","date_gmt":"2016-04-06T14:23:10","guid":{"rendered":"https:\/\/www.critical-stages.org\/10\/?page_id=84"},"modified":"2016-04-10T13:29:50","modified_gmt":"2016-04-10T13:29:50","slug":"dossier-sur-la-mise-en-scene","status":"publish","type":"page","link":"https:\/\/www.critical-stages.org\/10\/dossier-sur-la-mise-en-scene\/","title":{"rendered":"Dossier sur la mise en sc\u00e8ne"},"content":{"rendered":"<p><strong>Patrice Pavis<\/strong><a href=\"#end1\"><sup>[1]<\/sup><\/a><\/p>\n<p><img loading=\"lazy\" decoding=\"async\" data-attachment-id=\"36\" data-permalink=\"https:\/\/www.critical-stages.org\/10\/give-advice-be-a-political-journalist-%e2%94%81-interview-with-finnish-dramaturge-juha-pekka-hotinen\/pavis\/\" data-orig-file=\"https:\/\/www.critical-stages.org\/10\/wp-content\/uploads\/sites\/12\/2016\/04\/Pavis.jpg\" data-orig-size=\"531,800\" data-comments-opened=\"1\" data-image-meta=\"{&quot;aperture&quot;:&quot;0&quot;,&quot;credit&quot;:&quot;&quot;,&quot;camera&quot;:&quot;&quot;,&quot;caption&quot;:&quot;&quot;,&quot;created_timestamp&quot;:&quot;0&quot;,&quot;copyright&quot;:&quot;&quot;,&quot;focal_length&quot;:&quot;0&quot;,&quot;iso&quot;:&quot;0&quot;,&quot;shutter_speed&quot;:&quot;0&quot;,&quot;title&quot;:&quot;&quot;,&quot;orientation&quot;:&quot;0&quot;}\" data-image-title=\"Pavis\" data-image-description=\"\" data-image-caption=\"\" data-medium-file=\"https:\/\/www.critical-stages.org\/10\/wp-content\/uploads\/sites\/12\/2016\/04\/Pavis-199x300.jpg\" data-large-file=\"https:\/\/www.critical-stages.org\/10\/wp-content\/uploads\/sites\/12\/2016\/04\/Pavis.jpg\" class=\"alignnone size-medium wp-image-36\" src=\"https:\/\/www.critical-stages.org\/10\/wp-content\/uploads\/sites\/12\/2016\/04\/Pavis-199x300.jpg\" alt=\"Pavis\" width=\"199\" height=\"300\" srcset=\"https:\/\/www.critical-stages.org\/10\/wp-content\/uploads\/sites\/12\/2016\/04\/Pavis-199x300.jpg 199w, https:\/\/www.critical-stages.org\/10\/wp-content\/uploads\/sites\/12\/2016\/04\/Pavis.jpg 531w\" sizes=\"auto, (max-width: 199px) 100vw, 199px\" \/><\/p>\n<p>O\u00f9 en est la notion de mise en sc\u00e8ne aujourd\u2019hui ? Est-elle encore utile pour caract\u00e9riser les productions, performances ou actions sc\u00e9niques ? Peut-on encore utiliser cette notion venue du dix-neuvi\u00e8me si\u00e8cle, con\u00e7ue pour observer le passage d\u2019un texte \u00e0 la sc\u00e8ne ou le c\u00f4t\u00e9 spectaculaire du th\u00e9\u00e2tre ?<\/p>\n<p>Ce dossier coordonn\u00e9 par Patrice Pavis fait appel \u00e0 quelques praticiens et th\u00e9oriciens qui rencontrent la mise en sc\u00e8ne dans leur cr\u00e9ation ou leur r\u00e9flexion th\u00e9orique. Tous donnent leur point de vue sur leur th\u00e9\u00e2tre mis sur les sc\u00e8nes, ou non-sc\u00e8nes, les plus diverses.<\/p>\n<hr \/>\n<p><a name=\"end1\">[1]<\/a> <strong>Patrice Pavis<\/strong> is professor at the School of Arts, University of Kent. Last book: Dictionnaire de la performance et du th\u00e9\u00e2tre contemporain (Armand Colin, 2014).<\/p>\n<hr \/>\n<div class=\"pt-cv-wrapper\"><div class=\"pt-cv-view pt-cv-grid pt-cv-colsys\" id=\"pt-cv-view-adb9914551\"><div data-id=\"pt-cv-page-1\" class=\"pt-cv-page\" data-cvc=\"2\"><div class=\"col-md-6 col-sm-6 col-xs-12 pt-cv-content-item pt-cv-1-col\" ><div class='pt-cv-ifield'><a href=\"https:\/\/www.critical-stages.org\/10\/mise-en-scene-et-temps\/\" class=\"_self pt-cv-href-thumbnail pt-cv-thumb-default\" target=\"_self\" ><img loading=\"lazy\" decoding=\"async\" width=\"100\" height=\"124\" src=\"https:\/\/www.critical-stages.org\/10\/wp-content\/uploads\/sites\/12\/2016\/04\/Lassalle-8x61-1.jpg\" class=\"pt-cv-thumbnail\" alt=\"\" data-attachment-id=\"88\" data-permalink=\"https:\/\/www.critical-stages.org\/10\/mise-en-scene-et-temps\/lassalle-8x61-1\/\" data-orig-file=\"https:\/\/www.critical-stages.org\/10\/wp-content\/uploads\/sites\/12\/2016\/04\/Lassalle-8x61-1.jpg\" data-orig-size=\"100,124\" data-comments-opened=\"1\" data-image-meta=\"{&quot;aperture&quot;:&quot;0&quot;,&quot;credit&quot;:&quot;&quot;,&quot;camera&quot;:&quot;&quot;,&quot;caption&quot;:&quot;&quot;,&quot;created_timestamp&quot;:&quot;0&quot;,&quot;copyright&quot;:&quot;&quot;,&quot;focal_length&quot;:&quot;0&quot;,&quot;iso&quot;:&quot;0&quot;,&quot;shutter_speed&quot;:&quot;0&quot;,&quot;title&quot;:&quot;&quot;,&quot;orientation&quot;:&quot;0&quot;}\" data-image-title=\"Lassalle-8&amp;#215;61 (1)\" data-image-description=\"\" data-image-caption=\"\" data-medium-file=\"https:\/\/www.critical-stages.org\/10\/wp-content\/uploads\/sites\/12\/2016\/04\/Lassalle-8x61-1.jpg\" data-large-file=\"https:\/\/www.critical-stages.org\/10\/wp-content\/uploads\/sites\/12\/2016\/04\/Lassalle-8x61-1.jpg\" \/><\/a>\n<h4 class=\"pt-cv-title\"><a href=\"https:\/\/www.critical-stages.org\/10\/mise-en-scene-et-temps\/\" class=\"_self\" target=\"_self\" >Mise en sc\u00e8ne et temps<\/a><\/h4><\/div><\/div>\n<div class=\"col-md-6 col-sm-6 col-xs-12 pt-cv-content-item pt-cv-1-col\" ><div class='pt-cv-ifield'><a href=\"https:\/\/www.critical-stages.org\/10\/arithmetique-theatrale-lauteur-et-le-metteur-en-scene\/\" class=\"_self pt-cv-href-thumbnail pt-cv-thumb-default\" target=\"_self\" ><img loading=\"lazy\" decoding=\"async\" width=\"150\" height=\"150\" src=\"https:\/\/www.critical-stages.org\/10\/wp-content\/uploads\/sites\/12\/2016\/04\/Konstantin-Iliev-8x61-150x150.jpg\" class=\"pt-cv-thumbnail\" alt=\"\" srcset=\"https:\/\/www.critical-stages.org\/10\/wp-content\/uploads\/sites\/12\/2016\/04\/Konstantin-Iliev-8x61-150x150.jpg 150w, https:\/\/www.critical-stages.org\/10\/wp-content\/uploads\/sites\/12\/2016\/04\/Konstantin-Iliev-8x61-270x270.jpg 270w, https:\/\/www.critical-stages.org\/10\/wp-content\/uploads\/sites\/12\/2016\/04\/Konstantin-Iliev-8x61-230x230.jpg 230w\" sizes=\"auto, (max-width: 150px) 100vw, 150px\" data-attachment-id=\"91\" data-permalink=\"https:\/\/www.critical-stages.org\/10\/arithmetique-theatrale-lauteur-et-le-metteur-en-scene\/konstantin-iliev-8x61\/\" data-orig-file=\"https:\/\/www.critical-stages.org\/10\/wp-content\/uploads\/sites\/12\/2016\/04\/Konstantin-Iliev-8x61.jpg\" data-orig-size=\"531,800\" data-comments-opened=\"1\" data-image-meta=\"{&quot;aperture&quot;:&quot;0&quot;,&quot;credit&quot;:&quot;&quot;,&quot;camera&quot;:&quot;&quot;,&quot;caption&quot;:&quot;&quot;,&quot;created_timestamp&quot;:&quot;0&quot;,&quot;copyright&quot;:&quot;&quot;,&quot;focal_length&quot;:&quot;0&quot;,&quot;iso&quot;:&quot;0&quot;,&quot;shutter_speed&quot;:&quot;0&quot;,&quot;title&quot;:&quot;&quot;,&quot;orientation&quot;:&quot;0&quot;}\" data-image-title=\"Konstantin-Iliev-8&amp;#215;61\" data-image-description=\"\" data-image-caption=\"\" data-medium-file=\"https:\/\/www.critical-stages.org\/10\/wp-content\/uploads\/sites\/12\/2016\/04\/Konstantin-Iliev-8x61-199x300.jpg\" data-large-file=\"https:\/\/www.critical-stages.org\/10\/wp-content\/uploads\/sites\/12\/2016\/04\/Konstantin-Iliev-8x61.jpg\" \/><\/a>\n<h4 class=\"pt-cv-title\"><a href=\"https:\/\/www.critical-stages.org\/10\/arithmetique-theatrale-lauteur-et-le-metteur-en-scene\/\" class=\"_self\" target=\"_self\" >Arithm\u00e9tique th\u00e9\u00e2trale : l\u2019auteur et le metteur en sc\u00e8ne<\/a><\/h4><\/div><\/div>\n<div class=\"col-md-6 col-sm-6 col-xs-12 pt-cv-content-item pt-cv-1-col\" ><div class='pt-cv-ifield'><a href=\"https:\/\/www.critical-stages.org\/10\/mise-en-scene-becketts-field-of-memory\/\" class=\"_self pt-cv-href-thumbnail pt-cv-thumb-default\" target=\"_self\" ><img loading=\"lazy\" decoding=\"async\" width=\"150\" height=\"150\" src=\"https:\/\/www.critical-stages.org\/10\/wp-content\/uploads\/sites\/12\/2016\/04\/twitchin-LSG_1241-8x6-150x150.jpg\" class=\"pt-cv-thumbnail\" alt=\"\" srcset=\"https:\/\/www.critical-stages.org\/10\/wp-content\/uploads\/sites\/12\/2016\/04\/twitchin-LSG_1241-8x6-150x150.jpg 150w, https:\/\/www.critical-stages.org\/10\/wp-content\/uploads\/sites\/12\/2016\/04\/twitchin-LSG_1241-8x6-270x270.jpg 270w, https:\/\/www.critical-stages.org\/10\/wp-content\/uploads\/sites\/12\/2016\/04\/twitchin-LSG_1241-8x6-230x230.jpg 230w\" sizes=\"auto, (max-width: 150px) 100vw, 150px\" data-attachment-id=\"94\" data-permalink=\"https:\/\/www.critical-stages.org\/10\/mise-en-scene-becketts-field-of-memory\/twitchin-lsg_1241-8x6\/\" data-orig-file=\"https:\/\/www.critical-stages.org\/10\/wp-content\/uploads\/sites\/12\/2016\/04\/twitchin-LSG_1241-8x6.jpg\" data-orig-size=\"531,800\" data-comments-opened=\"1\" data-image-meta=\"{&quot;aperture&quot;:&quot;0&quot;,&quot;credit&quot;:&quot;&quot;,&quot;camera&quot;:&quot;&quot;,&quot;caption&quot;:&quot;&quot;,&quot;created_timestamp&quot;:&quot;0&quot;,&quot;copyright&quot;:&quot;&quot;,&quot;focal_length&quot;:&quot;0&quot;,&quot;iso&quot;:&quot;0&quot;,&quot;shutter_speed&quot;:&quot;0&quot;,&quot;title&quot;:&quot;&quot;,&quot;orientation&quot;:&quot;0&quot;}\" data-image-title=\"twitchin-LSG_1241-8&amp;#215;6\" data-image-description=\"\" data-image-caption=\"\" data-medium-file=\"https:\/\/www.critical-stages.org\/10\/wp-content\/uploads\/sites\/12\/2016\/04\/twitchin-LSG_1241-8x6-199x300.jpg\" data-large-file=\"https:\/\/www.critical-stages.org\/10\/wp-content\/uploads\/sites\/12\/2016\/04\/twitchin-LSG_1241-8x6.jpg\" \/><\/a>\n<h4 class=\"pt-cv-title\"><a href=\"https:\/\/www.critical-stages.org\/10\/mise-en-scene-becketts-field-of-memory\/\" class=\"_self\" target=\"_self\" >Mise en sc\u00e8ne: Beckett\u2019s \u201cField of Memory\u201d<\/a><\/h4><\/div><\/div>\n<div class=\"col-md-6 col-sm-6 col-xs-12 pt-cv-content-item pt-cv-1-col\" ><div class='pt-cv-ifield'><a href=\"https:\/\/www.critical-stages.org\/10\/sur-limpact-de-la-video-dans-les-dernieres-mises-en-scene-de-krystian-lupa-la-question-du-screen-test\/\" class=\"_self pt-cv-href-thumbnail pt-cv-thumb-default\" target=\"_self\" ><img loading=\"lazy\" decoding=\"async\" width=\"150\" height=\"150\" src=\"https:\/\/www.critical-stages.org\/10\/wp-content\/uploads\/sites\/12\/2016\/04\/Pluta_Izabella-8x6-150x150.jpg\" class=\"pt-cv-thumbnail\" alt=\"\" srcset=\"https:\/\/www.critical-stages.org\/10\/wp-content\/uploads\/sites\/12\/2016\/04\/Pluta_Izabella-8x6-150x150.jpg 150w, https:\/\/www.critical-stages.org\/10\/wp-content\/uploads\/sites\/12\/2016\/04\/Pluta_Izabella-8x6-300x300.jpg 300w, https:\/\/www.critical-stages.org\/10\/wp-content\/uploads\/sites\/12\/2016\/04\/Pluta_Izabella-8x6-768x769.jpg 768w, https:\/\/www.critical-stages.org\/10\/wp-content\/uploads\/sites\/12\/2016\/04\/Pluta_Izabella-8x6-270x270.jpg 270w, https:\/\/www.critical-stages.org\/10\/wp-content\/uploads\/sites\/12\/2016\/04\/Pluta_Izabella-8x6-230x230.jpg 230w, https:\/\/www.critical-stages.org\/10\/wp-content\/uploads\/sites\/12\/2016\/04\/Pluta_Izabella-8x6.jpg 799w\" sizes=\"auto, (max-width: 150px) 100vw, 150px\" data-attachment-id=\"98\" data-permalink=\"https:\/\/www.critical-stages.org\/10\/sur-limpact-de-la-video-dans-les-dernieres-mises-en-scene-de-krystian-lupa-la-question-du-screen-test\/pluta_izabella-8x6\/\" data-orig-file=\"https:\/\/www.critical-stages.org\/10\/wp-content\/uploads\/sites\/12\/2016\/04\/Pluta_Izabella-8x6.jpg\" data-orig-size=\"799,800\" data-comments-opened=\"1\" data-image-meta=\"{&quot;aperture&quot;:&quot;0&quot;,&quot;credit&quot;:&quot;&quot;,&quot;camera&quot;:&quot;&quot;,&quot;caption&quot;:&quot;&quot;,&quot;created_timestamp&quot;:&quot;0&quot;,&quot;copyright&quot;:&quot;&quot;,&quot;focal_length&quot;:&quot;0&quot;,&quot;iso&quot;:&quot;0&quot;,&quot;shutter_speed&quot;:&quot;0&quot;,&quot;title&quot;:&quot;&quot;,&quot;orientation&quot;:&quot;0&quot;}\" data-image-title=\"Pluta_Izabella-8&amp;#215;6\" data-image-description=\"\" data-image-caption=\"\" data-medium-file=\"https:\/\/www.critical-stages.org\/10\/wp-content\/uploads\/sites\/12\/2016\/04\/Pluta_Izabella-8x6-300x300.jpg\" data-large-file=\"https:\/\/www.critical-stages.org\/10\/wp-content\/uploads\/sites\/12\/2016\/04\/Pluta_Izabella-8x6.jpg\" \/><\/a>\n<h4 class=\"pt-cv-title\"><a href=\"https:\/\/www.critical-stages.org\/10\/sur-limpact-de-la-video-dans-les-dernieres-mises-en-scene-de-krystian-lupa-la-question-du-screen-test\/\" class=\"_self\" target=\"_self\" >Sur l\u2019impact de la vid\u00e9o dans les derni\u00e8res mises en sc\u00e8ne de Krystian Lupa. La question du screen test<\/a><\/h4><\/div><\/div>\n<div class=\"col-md-6 col-sm-6 col-xs-12 pt-cv-content-item pt-cv-1-col\" ><div class='pt-cv-ifield'><a href=\"https:\/\/www.critical-stages.org\/10\/coming-up-for-air-directors-afterword\/\" class=\"_self pt-cv-href-thumbnail pt-cv-thumb-default\" target=\"_self\" ><img loading=\"lazy\" decoding=\"async\" width=\"150\" height=\"150\" src=\"https:\/\/www.critical-stages.org\/10\/wp-content\/uploads\/sites\/12\/2016\/04\/Lee-Young-Seok-8x6-150x150.jpg\" class=\"pt-cv-thumbnail\" alt=\"\" srcset=\"https:\/\/www.critical-stages.org\/10\/wp-content\/uploads\/sites\/12\/2016\/04\/Lee-Young-Seok-8x6-150x150.jpg 150w, https:\/\/www.critical-stages.org\/10\/wp-content\/uploads\/sites\/12\/2016\/04\/Lee-Young-Seok-8x6-270x270.jpg 270w, https:\/\/www.critical-stages.org\/10\/wp-content\/uploads\/sites\/12\/2016\/04\/Lee-Young-Seok-8x6-230x230.jpg 230w\" sizes=\"auto, (max-width: 150px) 100vw, 150px\" data-attachment-id=\"102\" data-permalink=\"https:\/\/www.critical-stages.org\/10\/coming-up-for-air-directors-afterword\/lee-young-seok-8x6\/\" data-orig-file=\"https:\/\/www.critical-stages.org\/10\/wp-content\/uploads\/sites\/12\/2016\/04\/Lee-Young-Seok-8x6.jpg\" data-orig-size=\"400,600\" data-comments-opened=\"1\" data-image-meta=\"{&quot;aperture&quot;:&quot;0&quot;,&quot;credit&quot;:&quot;&quot;,&quot;camera&quot;:&quot;&quot;,&quot;caption&quot;:&quot;&quot;,&quot;created_timestamp&quot;:&quot;0&quot;,&quot;copyright&quot;:&quot;&quot;,&quot;focal_length&quot;:&quot;0&quot;,&quot;iso&quot;:&quot;0&quot;,&quot;shutter_speed&quot;:&quot;0&quot;,&quot;title&quot;:&quot;&quot;,&quot;orientation&quot;:&quot;0&quot;}\" data-image-title=\"Lee-Young-Seok-8&amp;#215;6\" data-image-description=\"\" data-image-caption=\"\" data-medium-file=\"https:\/\/www.critical-stages.org\/10\/wp-content\/uploads\/sites\/12\/2016\/04\/Lee-Young-Seok-8x6-200x300.jpg\" data-large-file=\"https:\/\/www.critical-stages.org\/10\/wp-content\/uploads\/sites\/12\/2016\/04\/Lee-Young-Seok-8x6.jpg\" \/><\/a>\n<h4 class=\"pt-cv-title\"><a href=\"https:\/\/www.critical-stages.org\/10\/coming-up-for-air-directors-afterword\/\" class=\"_self\" target=\"_self\" >Coming Up for Air: Director\u2019s Afterword<\/a><\/h4><\/div><\/div>\n<div class=\"col-md-6 col-sm-6 col-xs-12 pt-cv-content-item pt-cv-1-col\" ><div class='pt-cv-ifield'><a href=\"https:\/\/www.critical-stages.org\/10\/dramaturgy-and-mise-en-scene\/\" class=\"_self pt-cv-href-thumbnail pt-cv-thumb-default\" target=\"_self\" ><img loading=\"lazy\" decoding=\"async\" width=\"150\" height=\"150\" src=\"https:\/\/www.critical-stages.org\/10\/wp-content\/uploads\/sites\/12\/2016\/04\/Katalin-Trencsnyi-Photography-Lilla-Khor_profile-8x61-150x150.jpg\" class=\"pt-cv-thumbnail\" alt=\"\" srcset=\"https:\/\/www.critical-stages.org\/10\/wp-content\/uploads\/sites\/12\/2016\/04\/Katalin-Trencsnyi-Photography-Lilla-Khor_profile-8x61-150x150.jpg 150w, https:\/\/www.critical-stages.org\/10\/wp-content\/uploads\/sites\/12\/2016\/04\/Katalin-Trencsnyi-Photography-Lilla-Khor_profile-8x61-270x270.jpg 270w, https:\/\/www.critical-stages.org\/10\/wp-content\/uploads\/sites\/12\/2016\/04\/Katalin-Trencsnyi-Photography-Lilla-Khor_profile-8x61-230x230.jpg 230w\" sizes=\"auto, (max-width: 150px) 100vw, 150px\" data-attachment-id=\"105\" data-permalink=\"https:\/\/www.critical-stages.org\/10\/dramaturgy-and-mise-en-scene\/katalin-trencsnyi-photography-lilla-khor_profile-8x61\/\" data-orig-file=\"https:\/\/www.critical-stages.org\/10\/wp-content\/uploads\/sites\/12\/2016\/04\/Katalin-Trencsnyi-Photography-Lilla-Khor_profile-8x61.jpg\" data-orig-size=\"800,533\" data-comments-opened=\"1\" data-image-meta=\"{&quot;aperture&quot;:&quot;0&quot;,&quot;credit&quot;:&quot;&quot;,&quot;camera&quot;:&quot;&quot;,&quot;caption&quot;:&quot;&quot;,&quot;created_timestamp&quot;:&quot;0&quot;,&quot;copyright&quot;:&quot;&quot;,&quot;focal_length&quot;:&quot;0&quot;,&quot;iso&quot;:&quot;0&quot;,&quot;shutter_speed&quot;:&quot;0&quot;,&quot;title&quot;:&quot;&quot;,&quot;orientation&quot;:&quot;0&quot;}\" data-image-title=\"Katalin-Trencsnyi-Photography-Lilla-Khor_profile-8&amp;#215;61\" data-image-description=\"\" data-image-caption=\"&lt;p&gt;Katalin Trencs\u00e9nyi \u00a9 Lilla Kho\u00f3r&lt;\/p&gt;\n\" data-medium-file=\"https:\/\/www.critical-stages.org\/10\/wp-content\/uploads\/sites\/12\/2016\/04\/Katalin-Trencsnyi-Photography-Lilla-Khor_profile-8x61-300x200.jpg\" data-large-file=\"https:\/\/www.critical-stages.org\/10\/wp-content\/uploads\/sites\/12\/2016\/04\/Katalin-Trencsnyi-Photography-Lilla-Khor_profile-8x61.jpg\" \/><\/a>\n<h4 class=\"pt-cv-title\"><a href=\"https:\/\/www.critical-stages.org\/10\/dramaturgy-and-mise-en-scene\/\" class=\"_self\" target=\"_self\" >Dramaturgy and mise en sc\u00e8ne<\/a><\/h4><\/div><\/div>\n<div class=\"col-md-6 col-sm-6 col-xs-12 pt-cv-content-item pt-cv-1-col\" ><div class='pt-cv-ifield'><a href=\"https:\/\/www.critical-stages.org\/10\/the-play-of-regie\/\" class=\"_self pt-cv-href-thumbnail pt-cv-thumb-default\" target=\"_self\" ><img loading=\"lazy\" decoding=\"async\" width=\"150\" height=\"150\" src=\"https:\/\/www.critical-stages.org\/10\/wp-content\/uploads\/sites\/12\/2016\/04\/Boe2-8x6-150x150.jpg\" class=\"pt-cv-thumbnail\" alt=\"\" srcset=\"https:\/\/www.critical-stages.org\/10\/wp-content\/uploads\/sites\/12\/2016\/04\/Boe2-8x6-150x150.jpg 150w, https:\/\/www.critical-stages.org\/10\/wp-content\/uploads\/sites\/12\/2016\/04\/Boe2-8x6-270x270.jpg 270w, https:\/\/www.critical-stages.org\/10\/wp-content\/uploads\/sites\/12\/2016\/04\/Boe2-8x6-230x230.jpg 230w\" sizes=\"auto, (max-width: 150px) 100vw, 150px\" data-attachment-id=\"115\" data-permalink=\"https:\/\/www.critical-stages.org\/10\/the-play-of-regie\/boe2-8x6\/\" data-orig-file=\"https:\/\/www.critical-stages.org\/10\/wp-content\/uploads\/sites\/12\/2016\/04\/Boe2-8x6.jpg\" data-orig-size=\"272,358\" data-comments-opened=\"1\" data-image-meta=\"{&quot;aperture&quot;:&quot;0&quot;,&quot;credit&quot;:&quot;&quot;,&quot;camera&quot;:&quot;&quot;,&quot;caption&quot;:&quot;&quot;,&quot;created_timestamp&quot;:&quot;0&quot;,&quot;copyright&quot;:&quot;&quot;,&quot;focal_length&quot;:&quot;0&quot;,&quot;iso&quot;:&quot;0&quot;,&quot;shutter_speed&quot;:&quot;0&quot;,&quot;title&quot;:&quot;&quot;,&quot;orientation&quot;:&quot;0&quot;}\" data-image-title=\"Boe2-8&amp;#215;6\" data-image-description=\"\" data-image-caption=\"\" data-medium-file=\"https:\/\/www.critical-stages.org\/10\/wp-content\/uploads\/sites\/12\/2016\/04\/Boe2-8x6-228x300.jpg\" data-large-file=\"https:\/\/www.critical-stages.org\/10\/wp-content\/uploads\/sites\/12\/2016\/04\/Boe2-8x6.jpg\" \/><\/a>\n<h4 class=\"pt-cv-title\"><a href=\"https:\/\/www.critical-stages.org\/10\/the-play-of-regie\/\" class=\"_self\" target=\"_self\" >The Play of Regie<\/a><\/h4><\/div><\/div>\n<div class=\"col-md-6 col-sm-6 col-xs-12 pt-cv-content-item pt-cv-1-col\" ><div class='pt-cv-ifield'><a href=\"https:\/\/www.critical-stages.org\/10\/reflexions-sur-la-mise-en-scene-contemporaine\/\" class=\"_self pt-cv-href-thumbnail pt-cv-thumb-default\" target=\"_self\" ><img loading=\"lazy\" decoding=\"async\" width=\"150\" height=\"150\" src=\"https:\/\/www.critical-stages.org\/10\/wp-content\/uploads\/sites\/12\/2016\/04\/Pavis-150x150.jpg\" class=\"pt-cv-thumbnail\" alt=\"\" srcset=\"https:\/\/www.critical-stages.org\/10\/wp-content\/uploads\/sites\/12\/2016\/04\/Pavis-150x150.jpg 150w, https:\/\/www.critical-stages.org\/10\/wp-content\/uploads\/sites\/12\/2016\/04\/Pavis-270x270.jpg 270w, https:\/\/www.critical-stages.org\/10\/wp-content\/uploads\/sites\/12\/2016\/04\/Pavis-230x230.jpg 230w\" sizes=\"auto, (max-width: 150px) 100vw, 150px\" data-attachment-id=\"36\" data-permalink=\"https:\/\/www.critical-stages.org\/10\/give-advice-be-a-political-journalist-%e2%94%81-interview-with-finnish-dramaturge-juha-pekka-hotinen\/pavis\/\" data-orig-file=\"https:\/\/www.critical-stages.org\/10\/wp-content\/uploads\/sites\/12\/2016\/04\/Pavis.jpg\" data-orig-size=\"531,800\" data-comments-opened=\"1\" data-image-meta=\"{&quot;aperture&quot;:&quot;0&quot;,&quot;credit&quot;:&quot;&quot;,&quot;camera&quot;:&quot;&quot;,&quot;caption&quot;:&quot;&quot;,&quot;created_timestamp&quot;:&quot;0&quot;,&quot;copyright&quot;:&quot;&quot;,&quot;focal_length&quot;:&quot;0&quot;,&quot;iso&quot;:&quot;0&quot;,&quot;shutter_speed&quot;:&quot;0&quot;,&quot;title&quot;:&quot;&quot;,&quot;orientation&quot;:&quot;0&quot;}\" data-image-title=\"Pavis\" data-image-description=\"\" data-image-caption=\"\" data-medium-file=\"https:\/\/www.critical-stages.org\/10\/wp-content\/uploads\/sites\/12\/2016\/04\/Pavis-199x300.jpg\" data-large-file=\"https:\/\/www.critical-stages.org\/10\/wp-content\/uploads\/sites\/12\/2016\/04\/Pavis.jpg\" \/><\/a>\n<h4 class=\"pt-cv-title\"><a href=\"https:\/\/www.critical-stages.org\/10\/reflexions-sur-la-mise-en-scene-contemporaine\/\" class=\"_self\" target=\"_self\" >R\u00e9flexions sur la mise en sc\u00e8ne contemporaine<\/a><\/h4><\/div><\/div><\/div><\/div><\/div>\n","protected":false},"excerpt":{"rendered":"<p>Patrice Pavis[1] O\u00f9 en est la notion de mise en sc\u00e8ne aujourd\u2019hui ? Est-elle encore utile pour caract\u00e9riser les productions, performances ou actions sc\u00e9niques ? Peut-on encore utiliser cette notion venue du dix-neuvi\u00e8me si\u00e8cle, con\u00e7ue pour observer le passage d\u2019un<\/p>\n","protected":false},"author":1,"featured_media":0,"parent":0,"menu_order":0,"comment_status":"closed","ping_status":"closed","template":"","meta":{"jetpack_post_was_ever_published":false,"footnotes":""},"class_list":["post-84","page","type-page","status-publish","hentry","","tg-column-two"],"jetpack_sharing_enabled":true,"jetpack_shortlink":"https:\/\/wp.me\/P7qGU1-1m","_links":{"self":[{"href":"https:\/\/www.critical-stages.org\/10\/wp-json\/wp\/v2\/pages\/84","targetHints":{"allow":["GET"]}}],"collection":[{"href":"https:\/\/www.critical-stages.org\/10\/wp-json\/wp\/v2\/pages"}],"about":[{"href":"https:\/\/www.critical-stages.org\/10\/wp-json\/wp\/v2\/types\/page"}],"author":[{"embeddable":true,"href":"https:\/\/www.critical-stages.org\/10\/wp-json\/wp\/v2\/users\/1"}],"replies":[{"embeddable":true,"href":"https:\/\/www.critical-stages.org\/10\/wp-json\/wp\/v2\/comments?post=84"}],"version-history":[{"count":0,"href":"https:\/\/www.critical-stages.org\/10\/wp-json\/wp\/v2\/pages\/84\/revisions"}],"wp:attachment":[{"href":"https:\/\/www.critical-stages.org\/10\/wp-json\/wp\/v2\/media?parent=84"}],"curies":[{"name":"wp","href":"https:\/\/api.w.org\/{rel}","templated":true}]}}