{"id":382,"date":"2016-04-10T13:57:25","date_gmt":"2016-04-10T13:57:25","guid":{"rendered":"https:\/\/www.critical-stages.org\/10\/?page_id=382"},"modified":"2021-03-07T17:18:58","modified_gmt":"2021-03-07T17:18:58","slug":"editorial-board","status":"publish","type":"page","link":"https:\/\/www.critical-stages.org\/10\/editorial-board\/","title":{"rendered":"Editorial Board"},"content":{"rendered":"<h4 style=\"text-align: center;\">Editor-in-Chief<\/h4>\n<p style=\"text-align: center;\"><img loading=\"lazy\" decoding=\"async\" data-attachment-id=\"289\" data-permalink=\"https:\/\/www.critical-stages.org\/10\/eugene-onegin-an-ordinary-miracle\/bc6338b58f-8x6\/\" data-orig-file=\"https:\/\/www.critical-stages.org\/10\/wp-content\/uploads\/sites\/12\/2016\/04\/bc6338b58f-8x6.jpg\" data-orig-size=\"400,267\" data-comments-opened=\"1\" data-image-meta=\"{&quot;aperture&quot;:&quot;0&quot;,&quot;credit&quot;:&quot;&quot;,&quot;camera&quot;:&quot;&quot;,&quot;caption&quot;:&quot;&quot;,&quot;created_timestamp&quot;:&quot;0&quot;,&quot;copyright&quot;:&quot;&quot;,&quot;focal_length&quot;:&quot;0&quot;,&quot;iso&quot;:&quot;0&quot;,&quot;shutter_speed&quot;:&quot;0&quot;,&quot;title&quot;:&quot;&quot;,&quot;orientation&quot;:&quot;0&quot;}\" data-image-title=\"bc6338b58f-8&amp;#215;6\" data-image-description=\"\" data-image-caption=\"&lt;p&gt;A crowd scene from &amp;#8220;Eugene Onegin,&amp;#8221; by Rimas Tuminas.&lt;\/p&gt;\n\" data-medium-file=\"https:\/\/www.critical-stages.org\/10\/wp-content\/uploads\/sites\/12\/2016\/04\/bc6338b58f-8x6-300x200.jpg\" data-large-file=\"https:\/\/www.critical-stages.org\/10\/wp-content\/uploads\/sites\/12\/2016\/04\/bc6338b58f-8x6.jpg\" class=\"alignnone wp-image-289\" src=\"https:\/\/www.critical-stages.org\/1\/wp-content\/uploads\/sites\/3\/2016\/02\/1262063964.jpg\" alt=\"1262063964\" width=\"140\" height=\"198\" \/><\/p>\n<p style=\"text-align: center;\"><strong>Yun-Cheol Kim<\/strong><br \/>\nPresident, International Association of Theatre Critics<\/p>\n<hr \/>\n<h4 style=\"text-align: center;\">Co-Editors<\/h4>\n<p style=\"text-align: center;\"><img loading=\"lazy\" decoding=\"async\" data-attachment-id=\"245\" data-permalink=\"https:\/\/www.critical-stages.org\/10\/crime-but-not-much-punishment-in-bratislava\/9_rechnitz_photo-andrej-balco-8x6\/\" data-orig-file=\"https:\/\/www.critical-stages.org\/10\/wp-content\/uploads\/sites\/12\/2016\/04\/9_Rechnitz_photo-Andrej-Balco-8x6.jpg\" data-orig-size=\"800,533\" data-comments-opened=\"1\" data-image-meta=\"{&quot;aperture&quot;:&quot;0&quot;,&quot;credit&quot;:&quot;&quot;,&quot;camera&quot;:&quot;&quot;,&quot;caption&quot;:&quot;&quot;,&quot;created_timestamp&quot;:&quot;0&quot;,&quot;copyright&quot;:&quot;&quot;,&quot;focal_length&quot;:&quot;0&quot;,&quot;iso&quot;:&quot;0&quot;,&quot;shutter_speed&quot;:&quot;0&quot;,&quot;title&quot;:&quot;&quot;,&quot;orientation&quot;:&quot;0&quot;}\" data-image-title=\"9_Rechnitz_photo-Andrej-Balco-8&amp;#215;6\" data-image-description=\"\" data-image-caption=\"&lt;p&gt;David Jarab&amp;#8217;s production of Elfriede Jelinek&amp;#8217;s &amp;#8220;Rechnitz: the Exterminating Angel&amp;#8221; for the Drama Department of the Slovak National Theatre, Bratislava, which was awarded the Grand Prix of the international jury chaired by Ian Herbert. Photo by Andrej Balco&lt;\/p&gt;\n\" data-medium-file=\"https:\/\/www.critical-stages.org\/10\/wp-content\/uploads\/sites\/12\/2016\/04\/9_Rechnitz_photo-Andrej-Balco-8x6-300x200.jpg\" data-large-file=\"https:\/\/www.critical-stages.org\/10\/wp-content\/uploads\/sites\/12\/2016\/04\/9_Rechnitz_photo-Andrej-Balco-8x6.jpg\" class=\"alignnone wp-image-245\" src=\"https:\/\/www.critical-stages.org\/12\/wp-content\/uploads\/sites\/2\/2015\/12\/Lissa-RenaudHeadshotCS12.jpg\" width=\"140\" height=\"166\" \/><br \/>\n<strong>Lissa Tyler Renaud<\/strong><br \/>\nEnglish language Director and scholar, U.S.<\/p>\n<p style=\"text-align: center;\"><img loading=\"lazy\" decoding=\"async\" class=\"alignnone size-full wp-image-617\" src=\"https:\/\/www.critical-stages.org\/12\/wp-content\/uploads\/sites\/2\/2015\/12\/vais.jpg\" alt=\"\" width=\"140\" height=\"188\" \/><br \/>\n<strong>Michel Va\u00efs<\/strong><br \/>\nFrench language Critic, Canada<\/p>\n<hr \/>\n<h4 style=\"text-align: center;\">Editors<\/h4>\n<table class=\"editors\" width=\"754\">\n<tbody>\n<tr>\n<td align=\"center\" width=\"350\">\u00a0<img loading=\"lazy\" decoding=\"async\" data-attachment-id=\"395\" data-permalink=\"https:\/\/www.critical-stages.org\/10\/editorial-board\/mark_brown\/\" data-orig-file=\"https:\/\/www.critical-stages.org\/10\/wp-content\/uploads\/sites\/12\/2016\/04\/Mark_Brown.jpg\" data-orig-size=\"140,180\" data-comments-opened=\"1\" data-image-meta=\"{&quot;aperture&quot;:&quot;0&quot;,&quot;credit&quot;:&quot;&quot;,&quot;camera&quot;:&quot;&quot;,&quot;caption&quot;:&quot;&quot;,&quot;created_timestamp&quot;:&quot;0&quot;,&quot;copyright&quot;:&quot;&quot;,&quot;focal_length&quot;:&quot;0&quot;,&quot;iso&quot;:&quot;0&quot;,&quot;shutter_speed&quot;:&quot;0&quot;,&quot;title&quot;:&quot;&quot;,&quot;orientation&quot;:&quot;0&quot;}\" data-image-title=\"Mark_Brown\" data-image-description=\"\" data-image-caption=\"\" data-medium-file=\"https:\/\/www.critical-stages.org\/10\/wp-content\/uploads\/sites\/12\/2016\/04\/Mark_Brown.jpg\" data-large-file=\"https:\/\/www.critical-stages.org\/10\/wp-content\/uploads\/sites\/12\/2016\/04\/Mark_Brown.jpg\" class=\"alignnone size-full wp-image-395\" src=\"https:\/\/www.critical-stages.org\/10\/wp-content\/uploads\/sites\/12\/2016\/04\/Mark_Brown.jpg\" alt=\"\" width=\"140\" height=\"180\" \/><br \/>\n<strong>Mark Brown<\/strong><br \/>\nTheatre Critic, U.K.<\/td>\n<td align=\"center\" width=\"350\"><img loading=\"lazy\" decoding=\"async\" class=\"alignnone size-full wp-image-303\" src=\"https:\/\/www.critical-stages.org\/1\/wp-content\/uploads\/sites\/3\/2016\/02\/1264638117.jpg\" alt=\"1264638117\" width=\"140\" height=\"169\" \/><br \/>\n<strong>Randy Gener<\/strong><br \/>\nCritic, U.S.<\/td>\n<\/tr>\n<tr>\n<td align=\"center\" width=\"350\"><strong><img loading=\"lazy\" decoding=\"async\" class=\"alignnone size-full wp-image-604\" src=\"https:\/\/www.critical-stages.org\/12\/wp-content\/uploads\/sites\/2\/2015\/12\/GUAY2.jpg\" alt=\"\" width=\"140\" height=\"188\" \/><br \/>\nHerv\u00e9 Guay<\/strong><br \/>\nAcademic and critic, Canada<\/td>\n<td align=\"center\" width=\"350\"><img loading=\"lazy\" decoding=\"async\" class=\"alignnone size-full wp-image-304\" src=\"https:\/\/www.critical-stages.org\/1\/wp-content\/uploads\/sites\/3\/2016\/02\/1258837276.jpg\" alt=\"1258837276\" width=\"140\" height=\"187\" \/><br \/>\n<strong>Matti Linnavuori<\/strong><br \/>\nCritic, Finland<\/td>\n<\/tr>\n<tr>\n<td align=\"center\" width=\"350\"><img loading=\"lazy\" decoding=\"async\" data-attachment-id=\"301\" data-permalink=\"https:\/\/www.critical-stages.org\/10\/contours-of-losses-in-sarajevo\/per-saramess-photo-3-8x6\/\" data-orig-file=\"https:\/\/www.critical-stages.org\/10\/wp-content\/uploads\/sites\/12\/2016\/04\/PER-saramess-photo-3-8x6.jpg\" data-orig-size=\"800,534\" data-comments-opened=\"1\" data-image-meta=\"{&quot;aperture&quot;:&quot;0&quot;,&quot;credit&quot;:&quot;&quot;,&quot;camera&quot;:&quot;&quot;,&quot;caption&quot;:&quot;&quot;,&quot;created_timestamp&quot;:&quot;0&quot;,&quot;copyright&quot;:&quot;&quot;,&quot;focal_length&quot;:&quot;0&quot;,&quot;iso&quot;:&quot;0&quot;,&quot;shutter_speed&quot;:&quot;0&quot;,&quot;title&quot;:&quot;&quot;,&quot;orientation&quot;:&quot;0&quot;}\" data-image-title=\"PER-saramess-photo-3-8&amp;#215;6\" data-image-description=\"\" data-image-caption=\"&lt;p&gt;Jakov appears from amidst the carefully seated spectators in the Serbian &amp;#8220;Seagull.&amp;#8221; Photo by Velija Hasanbegovi\u0107&lt;\/p&gt;\n\" data-medium-file=\"https:\/\/www.critical-stages.org\/10\/wp-content\/uploads\/sites\/12\/2016\/04\/PER-saramess-photo-3-8x6-300x200.jpg\" data-large-file=\"https:\/\/www.critical-stages.org\/10\/wp-content\/uploads\/sites\/12\/2016\/04\/PER-saramess-photo-3-8x6.jpg\" class=\"alignnone size-full wp-image-301\" src=\"https:\/\/www.critical-stages.org\/1\/wp-content\/uploads\/sites\/3\/2016\/02\/1335278817.jpg\" alt=\"1335278817\" width=\"140\" height=\"185\" \/><br \/>\n<strong>Tomasz Milkowski<\/strong><br \/>\nCritic, Poland<\/td>\n<td align=\"center\" width=\"350\"><img loading=\"lazy\" decoding=\"async\" class=\"alignnone size-full wp-image-607\" src=\"https:\/\/www.critical-stages.org\/12\/wp-content\/uploads\/sites\/2\/2015\/12\/Manabu_Noda.jpg\" alt=\"\" width=\"140\" height=\"188\" \/><br \/>\n<strong>Manabu Noda<\/strong><br \/>\nAcademic and Critic,\u00a0Japan<\/td>\n<\/tr>\n<tr>\n<td align=\"center\" width=\"350\"><img loading=\"lazy\" decoding=\"async\" data-attachment-id=\"299\" data-permalink=\"https:\/\/www.critical-stages.org\/10\/contours-of-losses-in-sarajevo\/per-saramess-photo-6-8x6\/\" data-orig-file=\"https:\/\/www.critical-stages.org\/10\/wp-content\/uploads\/sites\/12\/2016\/04\/PER-saramess-photo-6-8x6.jpg\" data-orig-size=\"800,533\" data-comments-opened=\"1\" data-image-meta=\"{&quot;aperture&quot;:&quot;0&quot;,&quot;credit&quot;:&quot;&quot;,&quot;camera&quot;:&quot;&quot;,&quot;caption&quot;:&quot;&quot;,&quot;created_timestamp&quot;:&quot;0&quot;,&quot;copyright&quot;:&quot;&quot;,&quot;focal_length&quot;:&quot;0&quot;,&quot;iso&quot;:&quot;0&quot;,&quot;shutter_speed&quot;:&quot;0&quot;,&quot;title&quot;:&quot;&quot;,&quot;orientation&quot;:&quot;0&quot;}\" data-image-title=\"PER-saramess-photo-6-8&amp;#215;6\" data-image-description=\"\" data-image-caption=\"&lt;p&gt;Jasma Duri\u010di\u0107 (right) as Arkadina in &amp;#8220;The Seagull.&amp;#8221;  Photo by Velija Hasanbegovi\u0107&lt;\/p&gt;\n\" data-medium-file=\"https:\/\/www.critical-stages.org\/10\/wp-content\/uploads\/sites\/12\/2016\/04\/PER-saramess-photo-6-8x6-300x200.jpg\" data-large-file=\"https:\/\/www.critical-stages.org\/10\/wp-content\/uploads\/sites\/12\/2016\/04\/PER-saramess-photo-6-8x6.jpg\" class=\"alignnone size-full wp-image-299\" src=\"https:\/\/www.critical-stages.org\/1\/wp-content\/uploads\/sites\/3\/2016\/02\/1203812788.jpg\" alt=\"1203812788\" width=\"140\" height=\"197\" \/><br \/>\n<strong>Rodolfo Obr\u00e9gon<\/strong><br \/>\nCritic, Mexico<\/td>\n<td align=\"center\" width=\"350\"><img loading=\"lazy\" decoding=\"async\" class=\"alignnone size-full wp-image-621\" src=\"https:\/\/www.critical-stages.org\/12\/wp-content\/uploads\/sites\/2\/2015\/12\/aLudmila-Patlanjoglu-8x6-1.jpg\" alt=\"\" width=\"140\" height=\"186\" \/><br \/>\n<strong>Ludmila Pantlanjoglou<\/strong><br \/>\nAcademic and Critic,\u00a0Romania<\/td>\n<\/tr>\n<tr>\n<td align=\"center\" width=\"350\"><img loading=\"lazy\" decoding=\"async\" class=\"alignnone size-full wp-image-411\" src=\"https:\/\/www.critical-stages.org\/4\/wp-content\/uploads\/sites\/6\/2016\/02\/1015915192.jpg\" alt=\"1015915192\" width=\"140\" height=\"197\" \/><br \/>\n<strong>Savas Patsalidis<\/strong>,<br \/>\nAcademic and Critic, Greece<\/td>\n<td align=\"center\" width=\"350\"><img loading=\"lazy\" decoding=\"async\" class=\"alignnone size-full wp-image-613\" src=\"https:\/\/www.critical-stages.org\/12\/wp-content\/uploads\/sites\/2\/2015\/12\/Patrice_Pavis.jpg\" alt=\"\" width=\"140\" height=\"188\" \/><br \/>\n<strong>Patrice Pavis<\/strong><br \/>\nTheoretician, France<\/td>\n<\/tr>\n<tr>\n<td align=\"center\" width=\"350\"><img loading=\"lazy\" decoding=\"async\" data-attachment-id=\"297\" data-permalink=\"https:\/\/www.critical-stages.org\/10\/contours-of-losses-in-sarajevo\/per-saramess-photo-4-8x6\/\" data-orig-file=\"https:\/\/www.critical-stages.org\/10\/wp-content\/uploads\/sites\/12\/2016\/04\/PER-saramess-photo-4-8x6.jpg\" data-orig-size=\"800,533\" data-comments-opened=\"1\" data-image-meta=\"{&quot;aperture&quot;:&quot;0&quot;,&quot;credit&quot;:&quot;&quot;,&quot;camera&quot;:&quot;&quot;,&quot;caption&quot;:&quot;&quot;,&quot;created_timestamp&quot;:&quot;0&quot;,&quot;copyright&quot;:&quot;&quot;,&quot;focal_length&quot;:&quot;0&quot;,&quot;iso&quot;:&quot;0&quot;,&quot;shutter_speed&quot;:&quot;0&quot;,&quot;title&quot;:&quot;&quot;,&quot;orientation&quot;:&quot;0&quot;}\" data-image-title=\"PER-saramess-photo-4-8&amp;#215;6\" data-image-description=\"\" data-image-caption=\"&lt;p&gt;Acrobatic acting hanging from the ceiling in &amp;#8220;The Secrets of Raspberry Jam.&amp;#8221; Photo by Velija Hasanbegovi\u0107&lt;\/p&gt;\n\" data-medium-file=\"https:\/\/www.critical-stages.org\/10\/wp-content\/uploads\/sites\/12\/2016\/04\/PER-saramess-photo-4-8x6-300x200.jpg\" data-large-file=\"https:\/\/www.critical-stages.org\/10\/wp-content\/uploads\/sites\/12\/2016\/04\/PER-saramess-photo-4-8x6.jpg\" class=\"alignnone size-full wp-image-297\" src=\"https:\/\/www.critical-stages.org\/1\/wp-content\/uploads\/sites\/3\/2016\/02\/1109361498.jpg\" alt=\"1109361498\" width=\"140\" height=\"181\" \/><br \/>\n<strong>Don Rubin<\/strong><br \/>\nAcademic and critic, Canada<\/td>\n<td align=\"center\" width=\"350\"><img loading=\"lazy\" decoding=\"async\" data-attachment-id=\"213\" data-permalink=\"https:\/\/www.critical-stages.org\/10\/a-sad-comedy-dressed-in-white\/shakespeare-2-8x6\/\" data-orig-file=\"https:\/\/www.critical-stages.org\/10\/wp-content\/uploads\/sites\/12\/2016\/04\/shakespeare-2-8x6.jpg\" data-orig-size=\"800,533\" data-comments-opened=\"1\" data-image-meta=\"{&quot;aperture&quot;:&quot;0&quot;,&quot;credit&quot;:&quot;&quot;,&quot;camera&quot;:&quot;&quot;,&quot;caption&quot;:&quot;&quot;,&quot;created_timestamp&quot;:&quot;0&quot;,&quot;copyright&quot;:&quot;&quot;,&quot;focal_length&quot;:&quot;0&quot;,&quot;iso&quot;:&quot;0&quot;,&quot;shutter_speed&quot;:&quot;0&quot;,&quot;title&quot;:&quot;&quot;,&quot;orientation&quot;:&quot;0&quot;}\" data-image-title=\"shakespeare-2-8&amp;#215;6\" data-image-description=\"\" data-image-caption=\"&lt;p&gt;Matanat Atakishiyeva as Sarah Bernhardt (left) enjoys the company of Slash-13 (Anar Heybatov).&lt;\/p&gt;\n\" data-medium-file=\"https:\/\/www.critical-stages.org\/10\/wp-content\/uploads\/sites\/12\/2016\/04\/shakespeare-2-8x6-300x200.jpg\" data-large-file=\"https:\/\/www.critical-stages.org\/10\/wp-content\/uploads\/sites\/12\/2016\/04\/shakespeare-2-8x6.jpg\" class=\"alignnone wp-image-213\" src=\"https:\/\/www.critical-stages.org\/1\/wp-content\/uploads\/sites\/3\/2016\/02\/Serodio-224x300.jpg\" alt=\"Serodio\" width=\"140\" height=\"187\" \/><br \/>\n<strong>Maria Helena Serodio<\/strong><br \/>\nAcademic and critic, Portugal<\/td>\n<\/tr>\n<tr>\n<td align=\"center\" width=\"350\"><img loading=\"lazy\" decoding=\"async\" class=\"alignnone size-full wp-image-608\" src=\"https:\/\/www.critical-stages.org\/12\/wp-content\/uploads\/sites\/2\/2015\/12\/Maria_Shevtsova.jpg\" alt=\"\" width=\"140\" height=\"184\" \/><br \/>\n<strong>Maria Shevtsova<\/strong><br \/>\nAcademic, U.K.<\/td>\n<td align=\"center\" width=\"350\"><img loading=\"lazy\" decoding=\"async\" class=\"alignnone size-full wp-image-410\" src=\"https:\/\/www.critical-stages.org\/4\/wp-content\/uploads\/sites\/6\/2016\/02\/Halima_Tahan.jpg\" alt=\"Halima_Tahan\" width=\"140\" height=\"176\" \/><br \/>\n<strong>Halima Tahan<\/strong><br \/>\nCritic, Argentina<\/td>\n<\/tr>\n<tr>\n<td align=\"center\" width=\"350\"><strong><img loading=\"lazy\" decoding=\"async\" class=\"alignnone size-full wp-image-409\" src=\"https:\/\/www.critical-stages.org\/4\/wp-content\/uploads\/sites\/6\/2016\/02\/Andrea_Tompa.jpg\" alt=\"Andrea_Tompa\" width=\"140\" height=\"191\" \/><br \/>\nAndrea Tompa<\/strong> (Hungary\/Hongrie)<br \/>\nAcademic &amp; Critic<\/td>\n<td align=\"center\" width=\"350\"><img loading=\"lazy\" decoding=\"async\" class=\"alignnone wp-image-408\" src=\"https:\/\/www.critical-stages.org\/4\/wp-content\/uploads\/sites\/6\/2016\/02\/1373055400.jpg\" alt=\"1373055400\" width=\"140\" height=\"198\" \/><br \/>\n<strong>Louise Vigeant<\/strong><br \/>\nAcademic and Critic, Quebec, Canada<\/td>\n<\/tr>\n<\/tbody>\n<\/table>\n","protected":false},"excerpt":{"rendered":"<p>Editor-in-Chief Yun-Cheol Kim President, International Association of Theatre Critics Co-Editors Lissa Tyler Renaud English language Director and scholar, U.S. Michel Va\u00efs French language Critic, Canada Editors \u00a0 Mark Brown Theatre Critic, U.K. Randy Gener Critic, U.S. Herv\u00e9 Guay Academic and<\/p>\n","protected":false},"author":1,"featured_media":0,"parent":0,"menu_order":0,"comment_status":"closed","ping_status":"closed","template":"","meta":{"jetpack_post_was_ever_published":false,"footnotes":""},"class_list":["post-382","page","type-page","status-publish","hentry","","tg-column-two"],"jetpack_sharing_enabled":true,"jetpack_shortlink":"https:\/\/wp.me\/P7qGU1-6a","_links":{"self":[{"href":"https:\/\/www.critical-stages.org\/10\/wp-json\/wp\/v2\/pages\/382","targetHints":{"allow":["GET"]}}],"collection":[{"href":"https:\/\/www.critical-stages.org\/10\/wp-json\/wp\/v2\/pages"}],"about":[{"href":"https:\/\/www.critical-stages.org\/10\/wp-json\/wp\/v2\/types\/page"}],"author":[{"embeddable":true,"href":"https:\/\/www.critical-stages.org\/10\/wp-json\/wp\/v2\/users\/1"}],"replies":[{"embeddable":true,"href":"https:\/\/www.critical-stages.org\/10\/wp-json\/wp\/v2\/comments?post=382"}],"version-history":[{"count":1,"href":"https:\/\/www.critical-stages.org\/10\/wp-json\/wp\/v2\/pages\/382\/revisions"}],"predecessor-version":[{"id":609,"href":"https:\/\/www.critical-stages.org\/10\/wp-json\/wp\/v2\/pages\/382\/revisions\/609"}],"wp:attachment":[{"href":"https:\/\/www.critical-stages.org\/10\/wp-json\/wp\/v2\/media?parent=382"}],"curies":[{"name":"wp","href":"https:\/\/api.w.org\/{rel}","templated":true}]}}