{"id":349,"date":"2016-04-10T13:00:51","date_gmt":"2016-04-10T13:00:51","guid":{"rendered":"https:\/\/www.critical-stages.org\/10\/?page_id=349"},"modified":"2021-02-16T14:55:54","modified_gmt":"2021-02-16T14:55:54","slug":"contents","status":"publish","type":"page","link":"https:\/\/www.critical-stages.org\/10\/","title":{"rendered":"Contents"},"content":{"rendered":"<h1>Table of Contents<\/h1>\n<p><a href=\"https:\/\/www.critical-stages.org\/10\/editorial\/\">Editorial<\/a> | <a href=\"https:\/\/www.critical-stages.org\/10\/editorial-2\/\">\u00c9ditorial<\/a><br \/>\nYun-Cheol Kim (Korea)<\/p>\n<hr \/>\n<h5><a href=\"https:\/\/www.critical-stages.org\/10\/editorial-note\/\"><span style=\"color: #ff9933;\">Interviews: Theatre Practitioners on Criticism<\/span><\/a><\/h5>\n<p>Section Editor: <strong>Yun-Cheol Kim<\/strong><\/p>\n<p><a href=\"https:\/\/www.critical-stages.org\/10\/editorial-note\/\">Editorial Note<\/a><br \/>\nYun-Cheol Kim (Korea)<\/p>\n<p><a href=\"https:\/\/www.critical-stages.org\/10\/give-advice-be-a-political-journalist-%e2%94%81-interview-with-finnish-dramaturge-juha-pekka-hotinen\/\">Give Advice! Be a Political Journalist! \u2501 Interview with Finnish dramaturge Juha-Pekka Hotinen<\/a><br \/>\nMatti Linnavuori (Finland)<\/p>\n<p><a href=\"https:\/\/www.critical-stages.org\/10\/new-media-an-energetic-virtual-conference-%e2%94%81-interview-with-ellen-margolis-playwright-director-chair-of-theatre-pacific-university\/\">New Media: An Energetic Virtual Conference? \u2501 Interview with Ellen Margolis, playwright, director; Chair of Theatre, Pacific University<\/a><br \/>\nLissa Tyler Renaud (U.S.)<\/p>\n<p><a href=\"https:\/\/www.critical-stages.org\/10\/contributing-to-the-culture-%e2%94%81-interview-with-tony-taccone-artistic-director-berkeley-repertory-theatre-playwright\/\">Contributing to the Culture \u2501 Interview with Tony Taccone, Artistic Director, Berkeley Repertory Theatre; playwright<\/a><br \/>\nLissa Tyler Renaud (U.S.)<\/p>\n<p><a href=\"https:\/\/www.critical-stages.org\/10\/a-la-recherche-du-regard-pluriel-%e2%94%81-entretien-avec-yannis-leontaris\/\">A la recherche du regard pluriel \u2501 Entretien avec Yannis Leontaris<\/a><br \/>\nSavas Patsalidis (Gr\u00e8ce)<\/p>\n<p><a href=\"https:\/\/www.critical-stages.org\/10\/mats-ek-on-criticism-%e2%94%81-interview-with-choreographer-and-director-mats-ek\/\">Mats Ek: On Criticism \u2501 Interview with choreographer and director Mats Ek<\/a><br \/>\nMargareta S\u00f6renson (Sweden)<\/p>\n<p><a href=\"https:\/\/www.critical-stages.org\/10\/our-critics-are-confounded-and-resigned-%e2%94%81-interview-with-robert-alfoldi-ex-director-of-the-hungarian-national-theatre-actor-director\/\">Our Critics are Confounded and Resigned \u2501 Interview with R\u00f3bert Alf\u00f6ldi, ex-director of the Hungarian National Theatre, actor, director<\/a><br \/>\nJudit Cs\u00e1ki (Hungary)<\/p>\n<p><a href=\"https:\/\/www.critical-stages.org\/10\/interview-with-jean-lambert-wild-director-of-comedie-de-caen\/\">Interview with Jean Lambert-wild, director of Com\u00e9die de Caen<\/a><br \/>\nYun-Cheol Kim (Korea)<\/p>\n<p><a href=\"https:\/\/www.critical-stages.org\/10\/interview-with-jonathan-mills-director-of-edinburgh-international-festival\/\">Interview with Jonathan Mills, director of Edinburgh International Festival<\/a><br \/>\nYun-Cheol Kim (Korea)<\/p>\n<p><a href=\"https:\/\/www.critical-stages.org\/10\/theatre-forms-the-core-around-which-dialogue-develops-interview-with-oriza-hirata\/\">\u201cTheatre forms the core around which dialogue develops\u201d\u2014 Interview with Oriza Hirata<\/a><br \/>\nManabu Noda (Japan)<\/p>\n<p><a href=\"https:\/\/www.critical-stages.org\/10\/quatre-questions-a-robert-lepage-sur-la-critique\/\">Quatre questions \u00e0 Robert Lepage sur la critique<\/a><br \/>\nMichel Va\u00efs (Canada)<\/p>\n<hr \/>\n<h5><span style=\"color: #ff9933;\"><a style=\"color: #ff9933;\" href=\"https:\/\/www.critical-stages.org\/10\/dossier-sur-la-mise-en-scene\/\">Special Topic: mise en sc\u00e8ne<\/a><\/span><\/h5>\n<p>Section Editor: <strong>Patrice Pavis<\/strong><\/p>\n<p><a href=\"https:\/\/www.critical-stages.org\/10\/dossier-sur-la-mise-en-scene\/\">Dossier sur la mise en sc\u00e8ne<\/a><br \/>\nPatrice Pavis (France)<\/p>\n<p><a href=\"https:\/\/www.critical-stages.org\/10\/mise-en-scene-et-temps\/\">Mise en sc\u00e8ne et temps : La mise en sc\u00e8ne du temps de Jacques Lassalle<\/a><br \/>\nManuel Garcia-Martinez (Spain)<\/p>\n<p><a href=\"https:\/\/www.critical-stages.org\/10\/arithmetique-theatrale-lauteur-et-le-metteur-en-scene\/\">Arithm\u00e9tique th\u00e9\u00e2trale : l\u2019auteur et le metteur en sc\u00e8ne<\/a><br \/>\nKonstantin Iliev (Bulgaria)<\/p>\n<p><a href=\"https:\/\/www.critical-stages.org\/10\/mise-en-scene-becketts-field-of-memory\/\">Mise en sc\u00e8ne: Beckett\u2019s \u201cField of Memory\u201d<\/a><br \/>\nMischa Twitchin (U.K.)<\/p>\n<p><a href=\"https:\/\/www.critical-stages.org\/10\/sur-limpact-de-la-video-dans-les-dernieres-mises-en-scene-de-krystian-lupa-la-question-du-screen-test\/\">Sur l\u2019impact de la vid\u00e9o dans les derni\u00e8res mises en sc\u00e8ne de Krystian Lupa. La question du screen test<\/a><br \/>\nIzabella Pluta (France)<\/p>\n<p><a href=\"https:\/\/www.critical-stages.org\/10\/coming-up-for-air-directors-afterword\/\">Coming Up for Air: Director\u2019s Afterword<\/a><br \/>\nLee Young-Seok (Korea)<\/p>\n<p><a href=\"https:\/\/www.critical-stages.org\/10\/dramaturgy-and-mise-en-scene\/\">Dramaturgy and mise en sc\u00e8ne<\/a><br \/>\nKatalin Trencs\u00e9nyi (Hungary)<\/p>\n<p><a href=\"https:\/\/www.critical-stages.org\/10\/the-play-of-regie\/\">The Play of Regie: Some Notes on a New Theory of Regie, Prompted by Contemporary Directions in German \u201cDirectors\u2019 Theatre\u201d<\/a><br \/>\nPeter M. Boenisch (Germany)<\/p>\n<p><a href=\"https:\/\/www.critical-stages.org\/10\/reflexions-sur-la-mise-en-scene-contemporaine\/\">R\u00e9flexions sur la mise en sc\u00e8ne contemporaine<\/a><br \/>\nPatrice Pavis (France)<\/p>\n<hr \/>\n<h5><span style=\"color: #ff9933;\"><a style=\"color: #ff9933;\" href=\"https:\/\/www.critical-stages.org\/10\/editorial-le-theatre-francophone-postcolonial\/\">Essays<\/a><\/span><\/h5>\n<p>Section Editor: <strong>Ivan Medenica<\/strong><\/p>\n<p><a href=\"https:\/\/www.critical-stages.org\/10\/editorial-le-theatre-francophone-postcolonial\/\">Editorial : Le th\u00e9\u00e2tre francophone postcolonial<\/a><br \/>\nIvan Medenica (Serbia)<\/p>\n<p><a href=\"https:\/\/www.critical-stages.org\/10\/quelques-aspects-neocolonialistes-de-la-francophonie-theatrale\/\">Quelques aspects n\u00e9ocolonialistes de la francophonie th\u00e9\u00e2trale<\/a><br \/>\nIr\u00e8ne Sadowska-Guillon (France)<\/p>\n<p><a href=\"https:\/\/www.critical-stages.org\/10\/lart-de-dealer-avec-le-diable\/\">L\u2019art de dealer avec le diable \u2013 Entretien avec Dieudonn\u00e9 Niangouna, artiste associ\u00e9 du Festival d\u2019Avignon 2013<\/a><br \/>\nIr\u00e8ne Sadowska-Guillon (France)<\/p>\n<p><a href=\"https:\/\/www.critical-stages.org\/10\/manifestations-francophones\/\">Manifestations francophones<\/a><br \/>\nJean-Pierre Han (France)<\/p>\n<p><a href=\"https:\/\/www.critical-stages.org\/10\/theatre-caraibe-le-repertoire-projet-sur-la-dramaturgie-postcoloniale-de-la-caraibe\/\">Th\u00e9\u00e2tre Cara\u00efbe \u2013 Le R\u00e9pertoire : Projet sur la dramaturgie postcoloniale de la Cara\u00efbe<\/a><br \/>\nAlvina Ruprecht (Canada)<\/p>\n<p><a href=\"https:\/\/www.critical-stages.org\/10\/les-tensions-en-jeu-les-theories-postcoloniales-et-le-theatre-quebecois\/\">Les tensions en jeu : les th\u00e9ories postcoloniales et le th\u00e9\u00e2tre qu\u00e9b\u00e9cois<\/a><br \/>\nTanya D\u00e9ry-Obin (Canada)<\/p>\n<p><a href=\"https:\/\/www.critical-stages.org\/10\/un-theatre-sous-haute-tension\/\">Un th\u00e9\u00e2tre sous haute tension<\/a><br \/>\nGeorges Banu (Romania)<\/p>\n<hr \/>\n<h5><span style=\"color: #ff9933;\"><a style=\"color: #ff9933;\" href=\"https:\/\/www.critical-stages.org\/10\/editorial-note-reviewing-in-the-age-of-the-new-empire\/\">Conference Papers<\/a><\/span><\/h5>\n<p>Section Editor: <strong>Savas Patsalidis<\/strong><\/p>\n<p><a href=\"https:\/\/www.critical-stages.org\/10\/editorial-note-reviewing-in-the-age-of-the-new-empire\/\">Editorial Note: Reviewing in the Age of the New Empire<\/a><br \/>\nSavas Patsalidis (Greece)<\/p>\n<p><a href=\"https:\/\/www.critical-stages.org\/10\/the-critic-waves-goodbye-to-the-middle-class\/\">The Critic Waves Goodbye to the Middle Class<\/a><br \/>\nMatti Linnavuori (Finland)<\/p>\n<p><a href=\"https:\/\/www.critical-stages.org\/10\/reinventing-theater-criticism-an-intensification-of-the-possibility-of-truth\/\">Reinventing Theater Criticism: An Intensification of the Possibility of Truth<\/a><br \/>\nCristina Modreanu (Romania)<\/p>\n<p><a href=\"https:\/\/www.critical-stages.org\/10\/arent-you-even-dead-yet-theatre-criticism-and-cultural-ownership\/\">\u201cAren\u2019t you even dead yet?\u201d \u2501 Theatre Criticism and Cultural Ownership<\/a><br \/>\nManabu Noda (Japan)<\/p>\n<hr \/>\n<h5><span style=\"color: #ff9933;\"><a style=\"color: #ff9933;\" href=\"https:\/\/www.critical-stages.org\/10\/editorial-note-theatre-follows-football\/\">Performance Reviews <\/a><\/span><\/h5>\n<p>Section Editor: <strong>Matti Linnavuori<\/strong><\/p>\n<p><a href=\"https:\/\/www.critical-stages.org\/10\/editorial-note-theatre-follows-football\/\">Editorial Note: Theatre Follows Football<\/a><br \/>\nMatti Linnavuori (Finland)<\/p>\n<p><a href=\"https:\/\/www.critical-stages.org\/10\/cet-amour-sacre-du-ballon-rond\/\">Cet amour sacr\u00e9 du ballon rond<\/a><br \/>\nIr\u00e8ne Sadowska-Guillon (France)<\/p>\n<p><a href=\"https:\/\/www.critical-stages.org\/10\/girlpower-and-horsepower-in-german-theatre\/\">Girlpower and Horsepower in German Theatre<\/a><br \/>\nIsabella Rothberg (Finland)<\/p>\n<p><a href=\"https:\/\/www.critical-stages.org\/10\/an-insight-into-the-transgender-community-in-india\/\">An Insight into the Transgender Community in India<\/a><br \/>\nAjay Joshi (India)<\/p>\n<p><a href=\"https:\/\/www.critical-stages.org\/10\/georgian-unity-in-the-diversity-of-show-forms\/\">Georgian Unity in the Diversity of Show Forms<\/a><br \/>\nMaria Z\u0103rnescu (Romania)<\/p>\n<p><a href=\"https:\/\/www.critical-stages.org\/10\/lessor-du-theatre-en-azerbaidjan\/\">L\u2019essor du th\u00e9\u00e2tre en Azerba\u00efdjan<\/a><br \/>\nMichel Va\u00efs (Canada)<\/p>\n<p><a href=\"https:\/\/www.critical-stages.org\/10\/a-sad-comedy-dressed-in-white\/\">A Sad Comedy, Dressed in White<\/a><br \/>\nMaryam Alizade (Azerbaijan)<\/p>\n<p><a href=\"https:\/\/www.critical-stages.org\/10\/sofi-oksanens-doves-take-a-surprising-twist\/\">Sofi Oksanen\u2019s Doves Take a Surprising Twist<\/a><br \/>\nAnneli Saro (Estonia)<\/p>\n<p><a href=\"https:\/\/www.critical-stages.org\/10\/after-us-the-deluge-apres-nous-le-deluge\/\">After Us, the Deluge \/ Apr\u00e8s nous, le d\u00e9luge<\/a><br \/>\nSoila Lehtonen (Finland)<\/p>\n<p><a href=\"https:\/\/www.critical-stages.org\/10\/guns-and-rocknroll-in-tehran\/\">Guns and Rock\u2019n\u2019roll in Tehran<\/a><br \/>\nMehrdad Rayani-Maksous (Iran)<\/p>\n<p><a href=\"https:\/\/www.critical-stages.org\/10\/crime-but-not-much-punishment-in-bratislava\/\">Crime, But Not Much Punishment in Bratislava<\/a><br \/>\nIan Herbert (U.K.)<\/p>\n<p><a href=\"https:\/\/www.critical-stages.org\/10\/an-elite-festival-national-companies-play-their-classics\/\">An Elite Festival: National Companies Play their Classics<\/a><br \/>\nLudmila Patlanjoglu (Romania)<\/p>\n<p><a href=\"https:\/\/www.critical-stages.org\/10\/swedish-word-games-and-identity-dramas\/\">Swedish Word Games and Identity Dramas<\/a><br \/>\nHalima Tahan Ferreyra (Argentina)<\/p>\n<p><a href=\"https:\/\/www.critical-stages.org\/10\/fear-and-responsibility-eat-moscow\/\">Fear and Responsibility Eat Moscow<\/a><br \/>\nChristine Matvienko (Russia)<\/p>\n<p><a href=\"https:\/\/www.critical-stages.org\/10\/eugene-onegin-an-ordinary-miracle\/\">Eugene Onegin: An Ordinary Miracle<\/a><br \/>\nEmiliya Dementsova (Russia)<\/p>\n<p><a href=\"https:\/\/www.critical-stages.org\/10\/contours-of-losses-in-sarajevo\/\">Contours of Losses in Sarajevo<\/a><br \/>\nZala Dobov\u0161ek (Slovenia) and Matti Linnavuori (Finland)<\/p>\n<p><a href=\"https:\/\/www.critical-stages.org\/10\/a-fitting-tribute-to-joaquim-benite\/\">A Fitting Tribute to Joaquim Benite<\/a><br \/>\nMark Brown (U.K.)<\/p>\n<p><a href=\"https:\/\/www.critical-stages.org\/10\/metteur-en-scene-et-auteur-une-confusion-risquee\/\">Metteur en sc\u00e8ne et auteur, une confusion risqu\u00e9e<\/a><br \/>\nSelim Lander (Martinique)<\/p>\n<p><a href=\"https:\/\/www.critical-stages.org\/10\/everything-old-is-new-again\/\">Everything Old is New Again<\/a><br \/>\nWendy Rosenfield (U.S.)<\/p>\n<hr \/>\n<h5><span style=\"color: #ff9933;\"><a style=\"color: #ff9933;\" href=\"https:\/\/www.critical-stages.org\/10\/book-reviews\/\">Book Reviews<\/a><\/span><\/h5>\n<p>Section Editor: <strong>Don Rubin<\/strong><\/p>\n<p><a href=\"https:\/\/www.critical-stages.org\/10\/refereeing-the-muses-a-theater-criticismarts-journalism-primer\/\">Refereeing the Muses: A Theater Criticism\/Arts Journalism Primer, By Bob Abelman and Cheryl Kushner, 271 pp. New York and Frankfurt: Peter Lang<\/a><br \/>\nDon Rubin (Canada)<\/p>\n<p><a href=\"https:\/\/www.critical-stages.org\/10\/moliere-on-stage-whats-so-funny\/\">Moli\u00e8re On Stage: What\u2019s So Funny?, By Robert W. Goldsby, 222 pp. New York and London: Anthem Press<\/a><br \/>\nDavid Littlejohn (U.S.)<\/p>\n<p><a href=\"https:\/\/www.critical-stages.org\/10\/yevgeny-vakhtangov-a-critical-portrait\/\">Yevgeny Vakhtangov: A Critical Portrait, By Andrei Malaev-Babel, 278 pp. London and New York: Routledge<\/a><br \/>\nNikolai Pesochinsky (Russia)<\/p>\n<p><a href=\"https:\/\/www.critical-stages.org\/10\/politiques-du-spectateur-les-enjeux-du-theatre-politique-aujourdhui\/\">Politiques du spectateur : Les enjeux du th\u00e9\u00e2tre politique aujourd\u2019hui, Par Olivier Neveux, 275 p. Paris : La D\u00e9couverte<\/a><br \/>\nPhilippe Rouyer (France)<\/p>\n<p><a href=\"https:\/\/www.critical-stages.org\/10\/performing-exile-performing-self\/\">Performing Exile, Performing Self, By Yana Meerzon, 350 pp. London: Palgrave Macmillan<\/a><br \/>\nAlvina Ruprecht (Canada)<\/p>\n<p><a href=\"https:\/\/www.critical-stages.org\/10\/flucht-nach-vorne-gesprochene-autobiografie-und-materialien\/\">Flucht nach vorne. Gesprochene Autobiografie und Materialien, by Andrzej Wirth, Spector Books Leipzig, 2013.<\/a><br \/>\nPatrice Pavis (France)<\/p>\n","protected":false},"excerpt":{"rendered":"<p>Table of Contents Editorial | \u00c9ditorial Yun-Cheol Kim (Korea) Interviews: Theatre Practitioners on Criticism Section Editor: Yun-Cheol Kim Editorial Note Yun-Cheol Kim (Korea) Give Advice! Be a Political Journalist! \u2501 Interview with Finnish dramaturge Juha-Pekka Hotinen Matti Linnavuori (Finland) New<\/p>\n","protected":false},"author":1,"featured_media":0,"parent":0,"menu_order":0,"comment_status":"closed","ping_status":"closed","template":"","meta":{"jetpack_post_was_ever_published":false,"footnotes":""},"class_list":["post-349","page","type-page","status-publish","hentry","","tg-column-two"],"jetpack_sharing_enabled":true,"jetpack_shortlink":"https:\/\/wp.me\/P7qGU1-5D","_links":{"self":[{"href":"https:\/\/www.critical-stages.org\/10\/wp-json\/wp\/v2\/pages\/349","targetHints":{"allow":["GET"]}}],"collection":[{"href":"https:\/\/www.critical-stages.org\/10\/wp-json\/wp\/v2\/pages"}],"about":[{"href":"https:\/\/www.critical-stages.org\/10\/wp-json\/wp\/v2\/types\/page"}],"author":[{"embeddable":true,"href":"https:\/\/www.critical-stages.org\/10\/wp-json\/wp\/v2\/users\/1"}],"replies":[{"embeddable":true,"href":"https:\/\/www.critical-stages.org\/10\/wp-json\/wp\/v2\/comments?post=349"}],"version-history":[{"count":3,"href":"https:\/\/www.critical-stages.org\/10\/wp-json\/wp\/v2\/pages\/349\/revisions"}],"predecessor-version":[{"id":604,"href":"https:\/\/www.critical-stages.org\/10\/wp-json\/wp\/v2\/pages\/349\/revisions\/604"}],"wp:attachment":[{"href":"https:\/\/www.critical-stages.org\/10\/wp-json\/wp\/v2\/media?parent=349"}],"curies":[{"name":"wp","href":"https:\/\/api.w.org\/{rel}","templated":true}]}}