{"id":7,"date":"2016-01-31T12:47:33","date_gmt":"2016-01-31T12:47:33","guid":{"rendered":"https:\/\/www.critical-stages.org\/1\/?page_id=7"},"modified":"2016-01-31T14:09:43","modified_gmt":"2016-01-31T14:09:43","slug":"editorial","status":"publish","type":"page","link":"https:\/\/www.critical-stages.org\/1\/editorial\/","title":{"rendered":"Editorial\/\u00c9ditorial"},"content":{"rendered":"<p style=\"text-align: right;\" align=\"center\">\u00ab Dieu le veut, l\u2019Homme le r\u00eave, le travail na\u00eet \u00bb<br \/>\n(Deus quer, o homem sonha, a obra nasce)<\/p>\n<p style=\"text-align: left;\" align=\"center\"><strong>Maria Helena Ser\u00f4dio<\/strong><\/p>\n<p><img loading=\"lazy\" decoding=\"async\" class=\"alignnone size-full wp-image-31\" src=\"https:\/\/www.critical-stages.org\/1\/wp-content\/uploads\/sites\/3\/2016\/01\/2_Serodio.jpg\" alt=\"2_Serodio\" width=\"178\" height=\"236\" \/><\/p>\n<p>En citant le po\u00e8te moderniste Fernando Pessoa (de son volume de po\u00e9sie <i>Mensagem \u2013 <em>Message<\/em>, 1930)<\/i>, je veux simplement tracer un lien portugais avec l\u2019id\u00e9e pr\u00e9cieuse qui a r\u00e9uni un groupe de critiques \u2013 dans le cadre de l\u2019Association internationale des critiques de th\u00e9\u00e2tre \u2013 autour du projet d\u2019une revue \u00e0 para\u00eetre en 2009. <em>Sc\u00e8nes critiques<\/em>, nous l\u2019esp\u00e9rons, offrira deux fois par an des articles stimulants, une information actuelle et une critique comp\u00e9tente sur le th\u00e9\u00e2tre et les arts du spectacle vivant en g\u00e9n\u00e9ral.<\/p>\n<p>C\u2019est peu apr\u00e8s avoir endoss\u00e9 ses fonctions de pr\u00e9sident de l\u2019AICT que Yun-Cheol Kim a pr\u00e9sent\u00e9 son projet de lancer une revue Web dont l\u2019objectif premier serait de fournir un lieu d\u2019expression pour une critique offrant des r\u00e9flexions pratiques et th\u00e9oriques provenant de divers points de vue g\u00e9ographiques, culturels et esth\u00e9tiques. Dans le m\u00eame esprit \u0153cum\u00e9nique, et dans le droit fil des objectifs de l\u2019AICT et de cette revue, Yun-Cheol Kim a propos\u00e9 des noms pour former le comit\u00e9 \u00e9ditorial : ceux de gens de diverses nationalit\u00e9s, d\u2019\u00e2ges, de parcours et d\u2019expertise vari\u00e9s.<\/p>\n<p>J\u2019ai eu le grand plaisir, \u00e0 titre de r\u00e9dactrice en chef, de diriger ce num\u00e9ro en r\u00e9unissant les g\u00e9n\u00e9reuses contributions de critiques du monde entier. Certains articles proviennent directement d\u2019activit\u00e9s importantes organis\u00e9es par l\u2019AICT, comme ce fut le cas du colloque de Toronto, au Canada, propos\u00e9 et pr\u00e9sid\u00e9 par Don Rubin, sur le Commentaire th\u00e9\u00e2tral. Ainsi, la premi\u00e8re section r\u00e9unit des articles p\u00e9n\u00e9trants de Ravi Chaturvedi, Peter Szaffko et Michael Handelzalts, qui suivent les r\u00e9flexions personnelles sur leur profession par Don Rubin et Ian Herbert.<\/p>\n<p>Le Prix Thalie \u2013 d\u00e9cern\u00e9 \u00e0 Eric Bentley au congr\u00e8s de l\u2019AICT \u00e0 S\u00e9oul, en Cor\u00e9e \u2013 constituait l\u2019\u00e9tincelle qui a pouss\u00e9 Randy Gener \u00e0 obtenir de Bentley une confession \u00e0 saveur proustienne. Le c\u00e9l\u00e8bre th\u00e9oricien a ind\u00e9niablement marqu\u00e9 plusieurs g\u00e9n\u00e9rations de critiques de th\u00e9\u00e2tre et de chercheurs dans le monde.<br \/>\n\u00c0 nouveau dans le cadre de l\u2019AICT, mais cette fois \u00e0 Wroclaw, en Pologne, un colloque sur l\u2019h\u00e9ritage de Grotowski, coordonn\u00e9 par Tomasz Milkowski, nous permet de publier ici une entrevue avec la grande actrice Maja Komorowska, ainsi qu\u2019une pr\u00e9sentation passionnante de la compagnie th\u00e9\u00e2trale polonaise Teatr Pie\u015b\u0144 Kozla, par Mark Brown.<\/p>\n<p>Au moment de c\u00e9l\u00e9brer le centenaire d\u2019Ionesco, nous avons re\u00e7u des comptes rendus des premi\u00e8res mises en sc\u00e8ne de ses pi\u00e8ces au Mexique (par Rodolfo Obreg\u00f3n) et au Portugal (par Sebastiana Fadda). D\u2019Afrique du Sud, Veronika Baxter explique ce que c&#8217;est que de jouer s\u00e9rieusement avec Augusto Boal, le grand metteur en sc\u00e8ne br\u00e9silien r\u00e9cemment disparu.<\/p>\n<p>Nous avons pr\u00e9vu de courtes entrevues pour pr\u00e9senter des auteurs et des sc\u00e9nographes venant de pays et de parcours divers, mais seulement trois \u00e9taient pr\u00eates pour ce num\u00e9ro : une entrevue de Jos\u00e9 Maria Vieira Mendes (auteur) et une de Marta Carreiras (sc\u00e9nographe) par Rita Martins, ainsi qu\u2019une autre de Yun-Taek Lee par Bangock Kim.<\/p>\n<p>Faisant le compte rendu du <em>Journal<\/em> <em>de Lars Noren<\/em>, qui vient de para\u00eetre, Matti Linnavuori y a trouv\u00e9 les r\u00e9flexions captivantes d\u2019un auteur sur la critique et, associant th\u00e9\u00e2tre et philosophie, Patrice Pavis, habile \u00e0 rassembler des perspectives diff\u00e9rentes, tisse l\u2019id\u00e9e d\u2019un point de rencontre irr\u00e9sistible entre les deux disciplines avec une argumentation logique et un itin\u00e9raire de paysages qu\u2019il a lui-m\u00eame photographi\u00e9s.<\/p>\n<p>Comme le soutenait Yun-Cheol Kim, la critique de th\u00e9\u00e2tre est indispensable dans une revue comme celle-ci, aussi ai-je le plaisir, en tant que responsable de ce num\u00e9ro, de constater le nombre impressionnant et la qualit\u00e9 des critiques que nous publions ici. Des analyses aussi \u00e9vocatrices que stimulantes nous sont parvenues de divers pays, d\u00e9montrant l\u2019habilet\u00e9 remarquable des critiques \u00e0 rendre compte et \u00e9valuer les spectacles : Robert Creig (d\u2019Afrique du Sud) Alvina Ruprecht (du Qu\u00e9bec), Ir\u00e8ne Sadowska-Guillon (de France), Savas Patsalidis (de Gr\u00e8ce), Kwon Kyoung-Hee (de Cor\u00e9e du Sud) Tomasz Milkowski (de Pologne), Vivian Martinez (de Cuba) et Patrice Pavis (ici, d\u2019Allemagne) offrent d\u2019excellents exemples de comptes rendus de spectacles.<\/p>\n<p>Quant \u00e0 la derni\u00e8re section de ce num\u00e9ro, nous voulons garder \u00e0 l\u2019esprit le fait que <em>Sc\u00e8nes critiques<\/em> est \u2013 selon le v\u0153u unanime du Comit\u00e9 de r\u00e9daction \u2013 un p\u00e9riodique con\u00e7u par des critiques de th\u00e9\u00e2tre, surtout \u00e0 l\u2019intention des critiques, r\u00e9ceptif et redevable \u00e0 ceux-ci. \u00c0 cette fin, j\u2019ai pens\u00e9 recourir \u00e0 trois autres communications sur la critique pr\u00e9sent\u00e9es \u00e0 Toronto, ajoutant ainsi de nouvelles voix au d\u00e9bat sur l\u2019histoire de la critique de th\u00e9\u00e2tre dans d\u2019autres pays : le Royaume Uni (par l\u2019ancien pr\u00e9sident de l\u2019AICT John Elsom)<strong>,<\/strong> le Japon (par Manabu Noda) et la Cor\u00e9e du Sud (par le pr\u00e9sident de l\u2019AICT Yun-Cheol Kim).<br \/>\n\u00c0 l\u2019\u00e9vidence, ce num\u00e9ro est une premi\u00e8re exp\u00e9rience, mais, malgr\u00e9 les difficult\u00e9s inh\u00e9rentes \u00e0 sa r\u00e9alisation, je suis persuad\u00e9e que les prochains num\u00e9ros contiendront de grandes am\u00e9liorations gr\u00e2ce aux commentaires que nous esp\u00e9rons recevoir partout, et surtout gr\u00e2ce \u00e0 la collaboration de nouveaux critiques et chercheurs \u2013 jeunes et moins jeunes \u2013 qui voudront se joindre \u00e0 nous.<\/p>\n<p>\u00c0 Yun-Cheol Kim, je dois le privil\u00e8ge d\u2019avoir \u00e9t\u00e9 responsable de ce num\u00e9ro et j\u2019esp\u00e8re avoir au moins r\u00e9pondu \u00e0 certaines de ses attentes. Aux membres du Comit\u00e9 \u00e9ditorial, \u00e0 Lissa Renaud et \u00e0 tous les auteurs et r\u00e9viseurs, je suis redevable de m\u2019avoir avertie des probl\u00e8mes \u00e0 venir : leurs conseils prudents quant \u00e0 des erreurs possibles, leur g\u00e9n\u00e9reux soutien b\u00e9n\u00e9vole pour \u00e9tablir des contacts et r\u00e9viser les textes et, sur un plan global, toutes ces voix rassembl\u00e9es ont fait de ce premier num\u00e9ro une aventure collective audacieuse r\u00e9unissant des r\u00e9flexions et des images venant de seize pays r\u00e9partis sur quatre continents. Mes plus chaleureux remerciements \u00e0 ceux qui m\u2019ont le mieux soutenue dans mon travail \u00e9ditorial : Michel Va\u00efs, Herv\u00e9 Guay, Manabu Noda, Maria Shevtsova, Mark Brown et Temple Hauptfleisch. Je ne les remercierai jamais assez !<\/p>\n<p>Malgr\u00e9 tous les efforts qu\u2019il a fallu consentir pour ce processus \u00e9ditorial, il est vrai qu\u2019en constater le r\u00e9sultat constitue pour moi une exp\u00e9rience magnifique et enrichissante.<\/p>\n","protected":false},"excerpt":{"rendered":"<p>\u00ab Dieu le veut, l\u2019Homme le r\u00eave, le travail na\u00eet \u00bb (Deus quer, o homem sonha, a obra nasce) Maria Helena Ser\u00f4dio En citant le po\u00e8te moderniste Fernando Pessoa (de son volume de po\u00e9sie Mensagem \u2013 Message, 1930), je veux<\/p>\n","protected":false},"author":1,"featured_media":0,"parent":0,"menu_order":0,"comment_status":"closed","ping_status":"closed","template":"","meta":{"jetpack_post_was_ever_published":false,"footnotes":""},"class_list":["post-7","page","type-page","status-publish","hentry","","tg-column-two"],"jetpack_sharing_enabled":true,"jetpack_shortlink":"https:\/\/wp.me\/P7d79A-7","_links":{"self":[{"href":"https:\/\/www.critical-stages.org\/1\/wp-json\/wp\/v2\/pages\/7","targetHints":{"allow":["GET"]}}],"collection":[{"href":"https:\/\/www.critical-stages.org\/1\/wp-json\/wp\/v2\/pages"}],"about":[{"href":"https:\/\/www.critical-stages.org\/1\/wp-json\/wp\/v2\/types\/page"}],"author":[{"embeddable":true,"href":"https:\/\/www.critical-stages.org\/1\/wp-json\/wp\/v2\/users\/1"}],"replies":[{"embeddable":true,"href":"https:\/\/www.critical-stages.org\/1\/wp-json\/wp\/v2\/comments?post=7"}],"version-history":[{"count":0,"href":"https:\/\/www.critical-stages.org\/1\/wp-json\/wp\/v2\/pages\/7\/revisions"}],"wp:attachment":[{"href":"https:\/\/www.critical-stages.org\/1\/wp-json\/wp\/v2\/media?parent=7"}],"curies":[{"name":"wp","href":"https:\/\/api.w.org\/{rel}","templated":true}]}}