{"id":362,"date":"2016-02-06T14:47:32","date_gmt":"2016-02-06T14:47:32","guid":{"rendered":"https:\/\/www.critical-stages.org\/1\/?page_id=362"},"modified":"2016-02-06T14:47:32","modified_gmt":"2016-02-06T14:47:32","slug":"reviews","status":"publish","type":"page","link":"https:\/\/www.critical-stages.org\/1\/reviews\/","title":{"rendered":"Reviews"},"content":{"rendered":"<div class=\"pt-cv-wrapper\"><div class=\"pt-cv-view pt-cv-grid pt-cv-colsys\" id=\"pt-cv-view-8efe0675d0\"><div data-id=\"pt-cv-page-1\" class=\"pt-cv-page\" data-cvc=\"2\"><div class=\"col-md-6 col-sm-6 col-xs-12 pt-cv-content-item pt-cv-1-col\" ><div class='pt-cv-ifield'><a href=\"https:\/\/www.critical-stages.org\/1\/lorsque-le-quebec-et-la-martinique-se-croisent-le-collier-dhelene\/\" class=\"_self pt-cv-href-thumbnail pt-cv-thumb-default\" target=\"_self\" ><img loading=\"lazy\" decoding=\"async\" width=\"150\" height=\"150\" src=\"https:\/\/www.critical-stages.org\/1\/wp-content\/uploads\/sites\/3\/2016\/02\/Author-Alvina-Rubrecht-Jamaica-150x150.jpg\" class=\"pt-cv-thumbnail\" alt=\"\" srcset=\"https:\/\/www.critical-stages.org\/1\/wp-content\/uploads\/sites\/3\/2016\/02\/Author-Alvina-Rubrecht-Jamaica-150x150.jpg 150w, https:\/\/www.critical-stages.org\/1\/wp-content\/uploads\/sites\/3\/2016\/02\/Author-Alvina-Rubrecht-Jamaica-270x270.jpg 270w, https:\/\/www.critical-stages.org\/1\/wp-content\/uploads\/sites\/3\/2016\/02\/Author-Alvina-Rubrecht-Jamaica-230x230.jpg 230w\" sizes=\"auto, (max-width: 150px) 100vw, 150px\" \/><\/a>\n<h4 class=\"pt-cv-title\"><a href=\"https:\/\/www.critical-stages.org\/1\/lorsque-le-quebec-et-la-martinique-se-croisent-le-collier-dhelene\/\" class=\"_self\" target=\"_self\" >Lorsque le Qu\u00e9bec et la Martinique se croisent : Le Collier d\u2019H\u00e9l\u00e8ne<\/a><\/h4><\/div><\/div>\n<div class=\"col-md-6 col-sm-6 col-xs-12 pt-cv-content-item pt-cv-1-col\" ><div class='pt-cv-ifield'><a href=\"https:\/\/www.critical-stages.org\/1\/the-good-news-noahs-ark-the-new-end-of-europe\/\" class=\"_self pt-cv-href-thumbnail pt-cv-thumb-default\" target=\"_self\" ><img loading=\"lazy\" decoding=\"async\" width=\"150\" height=\"150\" src=\"https:\/\/www.critical-stages.org\/1\/wp-content\/uploads\/sites\/3\/2016\/01\/Tomasz-Milkowski_b-150x150.jpg\" class=\"pt-cv-thumbnail\" alt=\"\" srcset=\"https:\/\/www.critical-stages.org\/1\/wp-content\/uploads\/sites\/3\/2016\/01\/Tomasz-Milkowski_b-150x150.jpg 150w, https:\/\/www.critical-stages.org\/1\/wp-content\/uploads\/sites\/3\/2016\/01\/Tomasz-Milkowski_b-270x270.jpg 270w, https:\/\/www.critical-stages.org\/1\/wp-content\/uploads\/sites\/3\/2016\/01\/Tomasz-Milkowski_b-230x230.jpg 230w\" sizes=\"auto, (max-width: 150px) 100vw, 150px\" \/><\/a>\n<h4 class=\"pt-cv-title\"><a href=\"https:\/\/www.critical-stages.org\/1\/the-good-news-noahs-ark-the-new-end-of-europe\/\" class=\"_self\" target=\"_self\" >The Good News: Noah&#8217;s Ark: The New End of Europe<\/a><\/h4><\/div><\/div>\n<div class=\"col-md-6 col-sm-6 col-xs-12 pt-cv-content-item pt-cv-1-col\" ><div class='pt-cv-ifield'><a href=\"https:\/\/www.critical-stages.org\/1\/estorino-dreams-of-another-american-medea-medea-suena-corinto\/\" class=\"_self pt-cv-href-thumbnail pt-cv-thumb-default\" target=\"_self\" ><img loading=\"lazy\" decoding=\"async\" width=\"150\" height=\"150\" src=\"https:\/\/www.critical-stages.org\/1\/wp-content\/uploads\/sites\/3\/2016\/02\/Vivian-Tabares-150x150.jpg\" class=\"pt-cv-thumbnail\" alt=\"\" srcset=\"https:\/\/www.critical-stages.org\/1\/wp-content\/uploads\/sites\/3\/2016\/02\/Vivian-Tabares-150x150.jpg 150w, https:\/\/www.critical-stages.org\/1\/wp-content\/uploads\/sites\/3\/2016\/02\/Vivian-Tabares-270x270.jpg 270w, https:\/\/www.critical-stages.org\/1\/wp-content\/uploads\/sites\/3\/2016\/02\/Vivian-Tabares-230x230.jpg 230w\" sizes=\"auto, (max-width: 150px) 100vw, 150px\" \/><\/a>\n<h4 class=\"pt-cv-title\"><a href=\"https:\/\/www.critical-stages.org\/1\/estorino-dreams-of-another-american-medea-medea-suena-corinto\/\" class=\"_self\" target=\"_self\" >Estorino dreams of another American Medea: Medea sue\u00f1a Corinto<\/a><\/h4><\/div><\/div>\n<div class=\"col-md-6 col-sm-6 col-xs-12 pt-cv-content-item pt-cv-1-col\" ><div class='pt-cv-ifield'><a href=\"https:\/\/www.critical-stages.org\/1\/domestic-silences-exposed-learner-husband\/\" class=\"_self pt-cv-href-thumbnail pt-cv-thumb-default\" target=\"_self\" ><img loading=\"lazy\" decoding=\"async\" width=\"150\" height=\"150\" src=\"https:\/\/www.critical-stages.org\/1\/wp-content\/uploads\/sites\/3\/2016\/02\/1015649974-150x150.jpg\" class=\"pt-cv-thumbnail\" alt=\"\" srcset=\"https:\/\/www.critical-stages.org\/1\/wp-content\/uploads\/sites\/3\/2016\/02\/1015649974-150x150.jpg 150w, https:\/\/www.critical-stages.org\/1\/wp-content\/uploads\/sites\/3\/2016\/02\/1015649974-270x270.jpg 270w, https:\/\/www.critical-stages.org\/1\/wp-content\/uploads\/sites\/3\/2016\/02\/1015649974-230x230.jpg 230w\" sizes=\"auto, (max-width: 150px) 100vw, 150px\" \/><\/a>\n<h4 class=\"pt-cv-title\"><a href=\"https:\/\/www.critical-stages.org\/1\/domestic-silences-exposed-learner-husband\/\" class=\"_self\" target=\"_self\" >Domestic silences exposed: Learner Husband<\/a><\/h4><\/div><\/div>\n<div class=\"col-md-6 col-sm-6 col-xs-12 pt-cv-content-item pt-cv-1-col\" ><div class='pt-cv-ifield'><a href=\"https:\/\/www.critical-stages.org\/1\/norens-diary-gives-critics-a-lesson-or-two\/\" class=\"_self pt-cv-href-thumbnail pt-cv-thumb-default\" target=\"_self\" ><img loading=\"lazy\" decoding=\"async\" width=\"140\" height=\"150\" src=\"https:\/\/www.critical-stages.org\/1\/wp-content\/uploads\/sites\/3\/2016\/02\/1258837276-140x150.jpg\" class=\"pt-cv-thumbnail\" alt=\"\" \/><\/a>\n<h4 class=\"pt-cv-title\"><a href=\"https:\/\/www.critical-stages.org\/1\/norens-diary-gives-critics-a-lesson-or-two\/\" class=\"_self\" target=\"_self\" >Nor\u00e9n&#8217;s diary gives critics a lesson or two<\/a><\/h4><\/div><\/div>\n<div class=\"col-md-6 col-sm-6 col-xs-12 pt-cv-content-item pt-cv-1-col\" ><div class='pt-cv-ifield'><a href=\"https:\/\/www.critical-stages.org\/1\/war-over-the-persians\/\" class=\"_self pt-cv-href-thumbnail pt-cv-thumb-default\" target=\"_self\" ><img loading=\"lazy\" decoding=\"async\" width=\"140\" height=\"150\" src=\"https:\/\/www.critical-stages.org\/1\/wp-content\/uploads\/sites\/3\/2016\/02\/Patsalidis-140x150.jpeg\" class=\"pt-cv-thumbnail\" alt=\"\" \/><\/a>\n<h4 class=\"pt-cv-title\"><a href=\"https:\/\/www.critical-stages.org\/1\/war-over-the-persians\/\" class=\"_self\" target=\"_self\" >\u201cWar\u201d Over The Persians<\/a><\/h4><\/div><\/div>\n<div class=\"col-md-6 col-sm-6 col-xs-12 pt-cv-content-item pt-cv-1-col\" ><div class='pt-cv-ifield'><a href=\"https:\/\/www.critical-stages.org\/1\/le-plaisir-de-jouer-avec-virtuosite-leichtes-spiel-neun-personen-einer-frau\/\" class=\"_self pt-cv-href-thumbnail pt-cv-thumb-default\" target=\"_self\" ><img loading=\"lazy\" decoding=\"async\" width=\"150\" height=\"150\" src=\"https:\/\/www.critical-stages.org\/1\/wp-content\/uploads\/sites\/3\/2016\/02\/Pavis-150x150.jpg\" class=\"pt-cv-thumbnail\" alt=\"\" \/><\/a>\n<h4 class=\"pt-cv-title\"><a href=\"https:\/\/www.critical-stages.org\/1\/le-plaisir-de-jouer-avec-virtuosite-leichtes-spiel-neun-personen-einer-frau\/\" class=\"_self\" target=\"_self\" >Le plaisir de jouer avec virtuosit\u00e9: Leichtes Spiel. Neun Personen einer Frau<\/a><\/h4><\/div><\/div>\n<div class=\"col-md-6 col-sm-6 col-xs-12 pt-cv-content-item pt-cv-1-col\" ><div class='pt-cv-ifield'><a href=\"https:\/\/www.critical-stages.org\/1\/lecon-magistrale-decriture-scenique-le-garcon-du-dernier-rang-el-chico-de-la-ultima-fila\/\" class=\"_self pt-cv-href-thumbnail pt-cv-thumb-default\" target=\"_self\" ><img loading=\"lazy\" decoding=\"async\" width=\"150\" height=\"150\" src=\"https:\/\/www.critical-stages.org\/1\/wp-content\/uploads\/sites\/3\/2016\/02\/Guillon-150x150.jpg\" class=\"pt-cv-thumbnail\" alt=\"\" \/><\/a>\n<h4 class=\"pt-cv-title\"><a href=\"https:\/\/www.critical-stages.org\/1\/lecon-magistrale-decriture-scenique-le-garcon-du-dernier-rang-el-chico-de-la-ultima-fila\/\" class=\"_self\" target=\"_self\" >Le\u00e7on magistrale d&#8217;\u00e9criture sc\u00e9nique : Le gar\u00e7on du dernier rang (El chico de la ultima fila)<\/a><\/h4><\/div><\/div>\n<div class=\"col-md-6 col-sm-6 col-xs-12 pt-cv-content-item pt-cv-1-col\" ><div class='pt-cv-ifield'><a href=\"https:\/\/www.critical-stages.org\/1\/images-and-a-popular-emotionalism-peer-gynt\/\" class=\"_self pt-cv-href-thumbnail pt-cv-thumb-default\" target=\"_self\" ><img loading=\"lazy\" decoding=\"async\" width=\"150\" height=\"150\" src=\"https:\/\/www.critical-stages.org\/1\/wp-content\/uploads\/sites\/3\/2016\/02\/1257901273-150x150.jpg\" class=\"pt-cv-thumbnail\" alt=\"\" srcset=\"https:\/\/www.critical-stages.org\/1\/wp-content\/uploads\/sites\/3\/2016\/02\/1257901273-150x150.jpg 150w, https:\/\/www.critical-stages.org\/1\/wp-content\/uploads\/sites\/3\/2016\/02\/1257901273-270x270.jpg 270w, https:\/\/www.critical-stages.org\/1\/wp-content\/uploads\/sites\/3\/2016\/02\/1257901273-230x230.jpg 230w\" sizes=\"auto, (max-width: 150px) 100vw, 150px\" \/><\/a>\n<h4 class=\"pt-cv-title\"><a href=\"https:\/\/www.critical-stages.org\/1\/images-and-a-popular-emotionalism-peer-gynt\/\" class=\"_self\" target=\"_self\" >Images and a Popular Emotionalism: Peer Gynt<\/a><\/h4><\/div><\/div><\/div><\/div><\/div>\n","protected":false},"excerpt":{"rendered":"","protected":false},"author":1,"featured_media":0,"parent":0,"menu_order":0,"comment_status":"closed","ping_status":"closed","template":"","meta":{"jetpack_post_was_ever_published":false,"footnotes":""},"class_list":["post-362","page","type-page","status-publish","hentry","","tg-column-two"],"jetpack_sharing_enabled":true,"jetpack_shortlink":"https:\/\/wp.me\/P7d79A-5Q","_links":{"self":[{"href":"https:\/\/www.critical-stages.org\/1\/wp-json\/wp\/v2\/pages\/362","targetHints":{"allow":["GET"]}}],"collection":[{"href":"https:\/\/www.critical-stages.org\/1\/wp-json\/wp\/v2\/pages"}],"about":[{"href":"https:\/\/www.critical-stages.org\/1\/wp-json\/wp\/v2\/types\/page"}],"author":[{"embeddable":true,"href":"https:\/\/www.critical-stages.org\/1\/wp-json\/wp\/v2\/users\/1"}],"replies":[{"embeddable":true,"href":"https:\/\/www.critical-stages.org\/1\/wp-json\/wp\/v2\/comments?post=362"}],"version-history":[{"count":0,"href":"https:\/\/www.critical-stages.org\/1\/wp-json\/wp\/v2\/pages\/362\/revisions"}],"wp:attachment":[{"href":"https:\/\/www.critical-stages.org\/1\/wp-json\/wp\/v2\/media?parent=362"}],"curies":[{"name":"wp","href":"https:\/\/api.w.org\/{rel}","templated":true}]}}